{"id":59891,"date":"2024-04-02T11:55:23","date_gmt":"2024-04-02T09:55:23","guid":{"rendered":"https:\/\/invest-in-albania.org\/?page_id=59891"},"modified":"2024-04-02T11:55:28","modified_gmt":"2024-04-02T09:55:28","slug":"esternalizzazione-dellevasione-degli-ordini","status":"publish","type":"page","link":"https:\/\/invest-in-albania.org\/it\/servizi-di-outsourcing-bpo\/esternalizzazione-dellevasione-degli-ordini\/","title":{"rendered":"Esternalizzazione dell&#8217;evasione degli ordini"},"content":{"rendered":"\n<figure class=\"wp-block-image size-full is-resized\"><img loading=\"lazy\" decoding=\"async\" width=\"800\" height=\"800\" src=\"https:\/\/invest-in-albania.org\/wp-content\/uploads\/order-fulfillment-1.png\" alt=\"Order Fulfillment Graph\" class=\"wp-image-44783\" style=\"width:680px;height:680px\" srcset=\"https:\/\/invest-in-albania.org\/wp-content\/uploads\/order-fulfillment-1.png 800w, https:\/\/invest-in-albania.org\/wp-content\/uploads\/order-fulfillment-1-300x300.png 300w, https:\/\/invest-in-albania.org\/wp-content\/uploads\/order-fulfillment-1-768x768.png 768w, https:\/\/invest-in-albania.org\/wp-content\/uploads\/order-fulfillment-1-600x600.png 600w\" sizes=\"(max-width: 800px) 100vw, 800px\" \/><\/figure>\n\n\n\n<h2 class=\"wp-block-heading\"><strong>Che cos&#8217;\u00e8 l&#8217;evasione degli ordini?<\/strong><\/h2>\n\n\n\n<p>L&#8217;evasione degli ordini \u00e8 il processo di ricezione degli ordini, elaborazione e consegna dei prodotti ai clienti. Pu\u00f2 anche includere l&#8217;elaborazione dei resi e la riorganizzazione dei registri, detta anche elaborazione degli ordini.<\/p>\n\n\n\n<p>In senso lato, l&#8217;evasione degli ordini \u00e8 tutto ci\u00f2 che accade dopo che un cliente effettua un ordine fino al momento in cui lo riceve. Le aziende possono gestire l&#8217;evasione degli ordini internamente, esternalizzarla a terzi, effettuare spedizioni in contrassegno o combinare i metodi.<\/p>\n\n\n\n<h2 class=\"wp-block-heading\"><strong>Servizi di presa in carico degli ordini<\/strong><\/h2>\n\n\n\n<p>Nowadays a customer wants to inquire thoroughly before placing an order so order taking services have been introduced so as to ensure customer satisfaction. Order taking is of great help for companies especially when their products and services are found to be typical and complicated.<\/p>\n\n\n\n<p>Il pi\u00f9 delle volte le aziende assumono un servizio di back-office BPO per occuparsi meglio del servizio di presa in carico degli ordini. Ci\u00f2 \u00e8 particolarmente utile quando il prodotto \u00e8 un po&#8217; complicato o necessita di una spiegazione per alcuni dei suoi componenti. Alcuni dei servizi offerti da queste aziende in outsourcing per quanto riguarda la presa in carico degli ordini avvengono tramite telefono (linee verdi), online, fax, e-mail, cercapersone, ecc. Alcuni dei servizi di presa in carico degli ordini offerti da queste aziende sono:<\/p>\n\n\n\n<ul>\n<li>Reportistica personalizzata sulle chiamate<\/li>\n\n\n\n<li>Servizio 24\/7<\/li>\n\n\n\n<li>Connessione protetta<\/li>\n\n\n\n<li>Funzionalit\u00e0 di instradamento delle chiamate in entrata di livello superiore, che includono l&#8217;overflow delle chiamate e la selezione automatica dei menu<\/li>\n\n\n\n<li>Garantire un servizio di qualit\u00e0 e una chiusura delle vendite efficiente<\/li>\n\n\n\n<li>Gestione economica di grandi volumi di chiamate<\/li>\n\n\n\n<li>Gestione di alti volumi di chiamate e di diversi cataloghi di prodotti<\/li>\n\n\n\n<li>Rapidit\u00e0 di esecuzione<\/li>\n\n\n\n<li>Superare i sistemi di ordinazione automatica, aggiungendo un tocco personale e la fiducia dei clienti.<\/li>\n\n\n\n<li>Risposta alle chiamate per conto dell&#8217;azienda cliente<\/li>\n<\/ul>\n\n\n\n<h2 class=\"wp-block-heading\"><strong>Che cos&#8217;\u00e8 un fornitore di servizi di evasione degli ordini?<\/strong><\/h2>\n\n\n\n<p>I fornitori di servizi di evasione degli ordini essenzialmente immagazzinano le vostre merci (cio\u00e8 i vostri prodotti) ed evadono gli ordini per vostro conto (che possono provenire da acquirenti in negozio o da clienti online). A tal fine, i servizi di evasione integrano il loro software con il vostro negozio di e-commerce per semplificare l&#8217;intero processo di evasione.<\/p>\n\n\n\n<p>Una volta ricevuto l&#8217;ordine, raccolgono, imballano e preparano il prodotto per la spedizione. I fornitori di servizi di evasione coordinano e programmano anche il ritiro delle spedizioni con vettori come FedEx, UPS e USPS. In genere, i fornitori di servizi di evasione addebitano una tariffa mensile fissa per lo stoccaggio. Poi, una volta spedito l&#8217;ordine, addebitano ulteriori costi.<\/p>\n\n\n\n<h2 class=\"wp-block-heading\"><strong>Vantaggi dell&#8217;outsourcing dell&#8217;evasione degli ordini<\/strong><\/h2>\n\n\n\n<p>Le aziende nuove e in crescita scelgono spesso di esternalizzare l&#8217;evasione degli ordini. Mentre le aziende pi\u00f9 consolidate trovano che avere le operazioni all&#8217;interno dell&#8217;azienda offra un maggiore controllo e possa aiutarle a risparmiare sui costi di evasione degli ordini.<\/p>\n\n\n\n<p><strong>Libera il tempo<\/strong><\/p>\n\n\n\n<p>La gestione dell&#8217;evasione degli ordini da parte di un&#8217;altra persona libera un&#8217;enorme quantit\u00e0 di tempo per potersi concentrare su altri aspetti della propria attivit\u00e0.<\/p>\n\n\n\n<p><strong>Riduzione dei costi di spedizione<\/strong><\/p>\n\n\n\n<p>La maggior parte dei servizi di evasione degli ordini ha tariffe di spedizione scontate per i volumi, che vengono trasferite al cliente.<\/p>\n\n\n\n<p><strong>Consegna rapida<\/strong><\/p>\n\n\n\n<p>Molte societ\u00e0 di evasione hanno pi\u00f9 magazzini per garantire consegne rapide e tariffe basse.<\/p>\n\n\n\n<p><strong>Flessibilit\u00e0 di crescita<\/strong><\/p>\n\n\n\n<p>L&#8217;utilizzo di un partner per l&#8217;evasione degli ordini rende pi\u00f9 facile gestire i picchi di vendita o i rallentamenti in modo economicamente vantaggioso.<\/p>\n\n\n\n<p><strong>Migliorare il servizio clienti<\/strong><\/p>\n\n\n\n<p>Molti fornitori di servizi di evasione degli ordini offrono un&#8217;assistenza 24 ore su 24, 7 giorni su 7, tramite e-mail o telefono. Questo include la possibilit\u00e0 di eseguire facilmente resi, cambi e rimborsi.<\/p>\n\n\n\n<p><strong>Estensione del raggio d&#8217;azione<\/strong><\/p>\n\n\n\n<p>Molte aziende di evasione ordini in outsourcing dispongono di una struttura in grado di spedire e consegnare gli ordini in qualsiasi parte del mondo. Potete utilizzare la loro piattaforma globale per estendere la vostra portata e crescere in nuovi e pi\u00f9 grandi mercati.<\/p>\n","protected":false},"excerpt":{"rendered":"<p>Che cos&#8217;\u00e8 l&#8217;evasione degli ordini? L&#8217;evasione degli ordini \u00e8 il processo di ricezione degli ordini, elaborazione e consegna dei prodotti ai clienti. Pu\u00f2 anche includere l&#8217;elaborazione dei resi e la riorganizzazione dei registri, detta anche elaborazione degli ordini. In senso lato, l&#8217;evasione degli ordini \u00e8 tutto ci\u00f2 che accade dopo che un cliente effettua un [&hellip;]<\/p>\n","protected":false},"author":2,"featured_media":44786,"parent":59672,"menu_order":18,"comment_status":"closed","ping_status":"closed","template":"","meta":{"_uag_custom_page_level_css":"","_genesis_hide_title":false,"_genesis_hide_breadcrumbs":false,"_genesis_hide_singular_image":false,"_genesis_hide_footer_widgets":false,"_genesis_custom_body_class":"","_genesis_custom_post_class":"","_genesis_layout":"","_themeisle_gutenberg_block_has_review":false,"footnotes":""},"featured_image_src":"https:\/\/invest-in-albania.org\/wp-content\/uploads\/order-fulfillment-1-600x400.png","featured_image_src_square":"https:\/\/invest-in-albania.org\/wp-content\/uploads\/order-fulfillment-1-600x600.png","uagb_featured_image_src":{"full":["https:\/\/invest-in-albania.org\/wp-content\/uploads\/order-fulfillment-1.png",800,800,false],"thumbnail":["https:\/\/invest-in-albania.org\/wp-content\/uploads\/order-fulfillment-1-280x195.png",280,195,true],"medium":["https:\/\/invest-in-albania.org\/wp-content\/uploads\/order-fulfillment-1-300x300.png",300,300,true],"medium_large":["https:\/\/invest-in-albania.org\/wp-content\/uploads\/order-fulfillment-1-768x768.png",768,768,true],"large":["https:\/\/invest-in-albania.org\/wp-content\/uploads\/order-fulfillment-1.png",800,800,false],"1536x1536":["https:\/\/invest-in-albania.org\/wp-content\/uploads\/order-fulfillment-1.png",800,800,false],"2048x2048":["https:\/\/invest-in-albania.org\/wp-content\/uploads\/order-fulfillment-1.png",800,800,false],"single-featured-image":["https:\/\/invest-in-albania.org\/wp-content\/uploads\/order-fulfillment-1-800x385.png",800,385,true],"blog-featured-image":["https:\/\/invest-in-albania.org\/wp-content\/uploads\/order-fulfillment-1-680x290.png",680,290,true],"home-featured":["https:\/\/invest-in-albania.org\/wp-content\/uploads\/order-fulfillment-1-380x570.png",380,570,true],"gb-block-post-grid-landscape":["https:\/\/invest-in-albania.org\/wp-content\/uploads\/order-fulfillment-1-600x400.png",600,400,true],"gb-block-post-grid-square":["https:\/\/invest-in-albania.org\/wp-content\/uploads\/order-fulfillment-1-600x600.png",600,600,true]},"uagb_author_info":{"display_name":"Vjollca Shehu","author_link":"https:\/\/invest-in-albania.org\/it\/author\/iia\/"},"uagb_comment_info":0,"uagb_excerpt":"Che cos&#8217;\u00e8 l&#8217;evasione degli ordini? L&#8217;evasione degli ordini \u00e8 il processo di ricezione degli ordini, elaborazione e consegna dei prodotti ai clienti. Pu\u00f2 anche includere l&#8217;elaborazione dei resi e la riorganizzazione dei registri, detta anche elaborazione degli ordini. In senso lato, l&#8217;evasione degli ordini \u00e8 tutto ci\u00f2 che accade dopo che un cliente effettua un&hellip;","_links":{"self":[{"href":"https:\/\/invest-in-albania.org\/it\/wp-json\/wp\/v2\/pages\/59891"}],"collection":[{"href":"https:\/\/invest-in-albania.org\/it\/wp-json\/wp\/v2\/pages"}],"about":[{"href":"https:\/\/invest-in-albania.org\/it\/wp-json\/wp\/v2\/types\/page"}],"author":[{"embeddable":true,"href":"https:\/\/invest-in-albania.org\/it\/wp-json\/wp\/v2\/users\/2"}],"replies":[{"embeddable":true,"href":"https:\/\/invest-in-albania.org\/it\/wp-json\/wp\/v2\/comments?post=59891"}],"version-history":[{"count":1,"href":"https:\/\/invest-in-albania.org\/it\/wp-json\/wp\/v2\/pages\/59891\/revisions"}],"predecessor-version":[{"id":59892,"href":"https:\/\/invest-in-albania.org\/it\/wp-json\/wp\/v2\/pages\/59891\/revisions\/59892"}],"up":[{"embeddable":true,"href":"https:\/\/invest-in-albania.org\/it\/wp-json\/wp\/v2\/pages\/59672"}],"wp:featuredmedia":[{"embeddable":true,"href":"https:\/\/invest-in-albania.org\/it\/wp-json\/wp\/v2\/media\/44786"}],"wp:attachment":[{"href":"https:\/\/invest-in-albania.org\/it\/wp-json\/wp\/v2\/media?parent=59891"}],"curies":[{"name":"wp","href":"https:\/\/api.w.org\/{rel}","templated":true}]}}