{"id":59886,"date":"2024-04-02T11:41:40","date_gmt":"2024-04-02T09:41:40","guid":{"rendered":"https:\/\/invest-in-albania.org\/?page_id=59886"},"modified":"2024-04-02T11:49:20","modified_gmt":"2024-04-02T09:49:20","slug":"live-chat-unterstutzungsdienste","status":"publish","type":"page","link":"https:\/\/invest-in-albania.org\/it\/servizi-di-outsourcing-bpo\/live-chat-unterstutzungsdienste\/","title":{"rendered":"Live-Chat-Unterst\u00fctzungsdienste"},"content":{"rendered":"\n<figure class=\"wp-block-image size-full\"><img loading=\"lazy\" decoding=\"async\" width=\"800\" height=\"800\" src=\"https:\/\/invest-in-albania.org\/wp-content\/uploads\/live-chat-support.png\" alt=\"Live Chat Support Services\" class=\"wp-image-44715\" srcset=\"https:\/\/invest-in-albania.org\/wp-content\/uploads\/live-chat-support.png 800w, https:\/\/invest-in-albania.org\/wp-content\/uploads\/live-chat-support-300x300.png 300w, https:\/\/invest-in-albania.org\/wp-content\/uploads\/live-chat-support-768x768.png 768w, https:\/\/invest-in-albania.org\/wp-content\/uploads\/live-chat-support-600x600.png 600w\" sizes=\"(max-width: 800px) 100vw, 800px\" \/><\/figure>\n\n\n\n<h2 class=\"wp-block-heading\"><b>Che cos&#8217;\u00e8 l&#8217;assistenza via chat?<\/b><\/h2>\n\n\n\n<p>Se gestite un&#8217;attivit\u00e0 di e-commerce, che offre prodotti o servizi in vendita online, il supporto di live chat \u00e8 l&#8217;assistenza, tramite un software installato, offerta dall&#8217;azienda ai clienti in merito alle domande o ai dubbi che potrebbero avere su questi prodotti o servizi. Il supporto live chat fa parte del servizio clienti, per facilitare la comunicazione tra il sito web e i clienti e il processo di acquisto online.<\/p>\n\n\n\n<p>Il supporto di chat dal vivo \u00e8 una delle tecnologie in pi\u00f9 rapida crescita al giorno d&#8217;oggi, in quanto aiuta l&#8217;attivit\u00e0 di e-commerce a diventare pi\u00f9 efficiente e redditizia. Tutto ci\u00f2 che dovete fare \u00e8 installare e iscrivervi alla piattaforma di live chat sul vostro sito web, e poi la comunicazione tra gli agenti di live chat e i clienti avr\u00e0 inizio.<\/p>\n\n\n\n<p>L&#8217;aspetto positivo dell&#8217;assistenza tramite live chat rispetto all&#8217;assistenza telefonica o via e-mail, ad esempio, \u00e8 che con la live chat sapete sempre quante persone sono presenti sul vostro sito web, il numero di persone online, se hanno gi\u00e0 fatto affari con voi in passato, conoscete i loro nomi, cosa hanno acquistato in precedenza, ecc.<\/p>\n\n\n\n<p>Secondo un&#8217;indagine di e-Digital Customer Service Benchmark, il 73% degli utenti \u00e8 soddisfatto del supporto offerto dalle aziende online tramite live chat rispetto ad altri canali di comunicazione come il telefono o l&#8217;e-mail, quindi nella maggior parte dei casi la live chat \u00e8 una piattaforma vincente.<\/p>\n\n\n\n<h2 class=\"wp-block-heading\"><b>Vantaggi dell&#8217;esternalizzazione dell&#8217;assistenza live chat agli esperti tecnici<\/b><\/h2>\n\n\n\n<p><strong>Costruiscono relazioni forti con i clienti<\/strong><\/p>\n\n\n\n<p>Sappiamo tutti che per avere successo nella vostra attivit\u00e0 dovrete seguire il motto &#8220;I clienti sono i re&#8221;. Pertanto, la costruzione di un forte rapporto con i vostri clienti aumenter\u00e0 il numero di visitatori di ritorno e la popolarit\u00e0 attraverso il passaparola.<\/p>\n\n\n\n<p><strong>Possono risolvere piccoli problemi<\/strong><\/p>\n\n\n\n<p>Avere un agente di chat con un minimo di esperienza tecnica avr\u00e0 un impatto positivo sulla vostra azienda, in quanto sar\u00e0 in grado di fornire soluzioni a problemi minori attraverso la chat. Pertanto, prima di esternalizzare l&#8217;assistenza via chat, assicuratevi che gli agenti che state assumendo siano in grado di gestire i problemi minori che si verificano ripetutamente e di migliorare le loro competenze per risolvere il problema molto pi\u00f9 rapidamente.<\/p>\n\n\n\n<p><strong>Risposta rapida<\/strong><\/p>\n\n\n\n<p>Si desidera fornire ai clienti risposte rapide e accurate e non farli aspettare. Gli agenti di assistenza live chat in outsourcing devono essere in grado di gestire le chat in modo tale da rispondere alla maggior parte delle richieste con risposte accurate. Questo risultato pu\u00f2 essere raggiunto solo se gli agenti vengono formati a sufficienza attraverso le politiche aziendali e se conoscono a fondo i prodotti e i servizi offerti dalla vostra azienda.<\/p>\n\n\n\n<p><strong>Capacit\u00e0 di convertire i clienti<\/strong><\/p>\n\n\n\n<p>Solo una persona esperta \u00e8 in grado di capire le esigenze dei diversi tipi di clienti e di convertirli in clienti. Deve essere in grado di guidare il cliente nell&#8217;acquisto tramite una live chat, risolvendo le sue richieste e fornendo suggerimenti in base alle sue esigenze.<\/p>\n\n\n\n<p><strong>Registri di chat trasparenti<\/strong><\/p>\n\n\n\n<p>Un registro di chat trasparente consente di migliorare le competenze degli agenti di chat e di sviluppare nuove idee. In questo modo sarete sempre al corrente di ci\u00f2 che accade in chat, dei feedback e delle aspettative dei clienti nei confronti dell&#8217;azienda e terrete traccia dei problemi pi\u00f9 comuni che si presentano in live chat.<\/p>\n\n\n\n<p><strong>Sono disponibili 24 ore su 24, 7 giorni su 7<\/strong><\/p>\n\n\n\n<p>Se siete un venditore di livello internazionale, vorreste che il vostro servizio di chat funzionasse 24 ore su 24, 7 giorni su 7, poich\u00e9 i vostri clienti potrebbero collegarsi da qualsiasi luogo e in qualsiasi momento. Per questo motivo, dovreste scegliere agenti di live chat in outsourcing che siano sempre disponibili per guidare i clienti e rispondere alle loro domande.<\/p>\n\n\n\n<p><strong>Sanno leggere i clienti<\/strong><\/p>\n\n\n\n<p>L&#8217;agente di live chat deve essere in grado di vendere un determinato prodotto, consigliandolo ai clienti e convertendoli in modo corretto all&#8217;acquisto. Questo pu\u00f2 essere fatto comprendendo ogni tipo di cliente, le sue esigenze e suggerendo prodotti e servizi che possano soddisfare le sue necessit\u00e0.<\/p>\n","protected":false},"excerpt":{"rendered":"<p>Che cos&#8217;\u00e8 l&#8217;assistenza via chat? Se gestite un&#8217;attivit\u00e0 di e-commerce, che offre prodotti o servizi in vendita online, il supporto di live chat \u00e8 l&#8217;assistenza, tramite un software installato, offerta dall&#8217;azienda ai clienti in merito alle domande o ai dubbi che potrebbero avere su questi prodotti o servizi. Il supporto live chat fa parte del [&hellip;]<\/p>\n","protected":false},"author":2,"featured_media":44718,"parent":59672,"menu_order":17,"comment_status":"closed","ping_status":"closed","template":"","meta":{"_uag_custom_page_level_css":"","_genesis_hide_title":false,"_genesis_hide_breadcrumbs":false,"_genesis_hide_singular_image":false,"_genesis_hide_footer_widgets":false,"_genesis_custom_body_class":"","_genesis_custom_post_class":"","_genesis_layout":"","_themeisle_gutenberg_block_has_review":false,"footnotes":""},"featured_image_src":"https:\/\/invest-in-albania.org\/wp-content\/uploads\/live-chat-support-600x400.png","featured_image_src_square":"https:\/\/invest-in-albania.org\/wp-content\/uploads\/live-chat-support-600x600.png","uagb_featured_image_src":{"full":["https:\/\/invest-in-albania.org\/wp-content\/uploads\/live-chat-support.png",800,800,false],"thumbnail":["https:\/\/invest-in-albania.org\/wp-content\/uploads\/live-chat-support-280x195.png",280,195,true],"medium":["https:\/\/invest-in-albania.org\/wp-content\/uploads\/live-chat-support-300x300.png",300,300,true],"medium_large":["https:\/\/invest-in-albania.org\/wp-content\/uploads\/live-chat-support-768x768.png",768,768,true],"large":["https:\/\/invest-in-albania.org\/wp-content\/uploads\/live-chat-support.png",800,800,false],"1536x1536":["https:\/\/invest-in-albania.org\/wp-content\/uploads\/live-chat-support.png",800,800,false],"2048x2048":["https:\/\/invest-in-albania.org\/wp-content\/uploads\/live-chat-support.png",800,800,false],"single-featured-image":["https:\/\/invest-in-albania.org\/wp-content\/uploads\/live-chat-support-800x385.png",800,385,true],"blog-featured-image":["https:\/\/invest-in-albania.org\/wp-content\/uploads\/live-chat-support-680x290.png",680,290,true],"home-featured":["https:\/\/invest-in-albania.org\/wp-content\/uploads\/live-chat-support-380x570.png",380,570,true],"gb-block-post-grid-landscape":["https:\/\/invest-in-albania.org\/wp-content\/uploads\/live-chat-support-600x400.png",600,400,true],"gb-block-post-grid-square":["https:\/\/invest-in-albania.org\/wp-content\/uploads\/live-chat-support-600x600.png",600,600,true]},"uagb_author_info":{"display_name":"Vjollca Shehu","author_link":"https:\/\/invest-in-albania.org\/it\/author\/iia\/"},"uagb_comment_info":0,"uagb_excerpt":"Che cos&#8217;\u00e8 l&#8217;assistenza via chat? Se gestite un&#8217;attivit\u00e0 di e-commerce, che offre prodotti o servizi in vendita online, il supporto di live chat \u00e8 l&#8217;assistenza, tramite un software installato, offerta dall&#8217;azienda ai clienti in merito alle domande o ai dubbi che potrebbero avere su questi prodotti o servizi. Il supporto live chat fa parte del&hellip;","_links":{"self":[{"href":"https:\/\/invest-in-albania.org\/it\/wp-json\/wp\/v2\/pages\/59886"}],"collection":[{"href":"https:\/\/invest-in-albania.org\/it\/wp-json\/wp\/v2\/pages"}],"about":[{"href":"https:\/\/invest-in-albania.org\/it\/wp-json\/wp\/v2\/types\/page"}],"author":[{"embeddable":true,"href":"https:\/\/invest-in-albania.org\/it\/wp-json\/wp\/v2\/users\/2"}],"replies":[{"embeddable":true,"href":"https:\/\/invest-in-albania.org\/it\/wp-json\/wp\/v2\/comments?post=59886"}],"version-history":[{"count":2,"href":"https:\/\/invest-in-albania.org\/it\/wp-json\/wp\/v2\/pages\/59886\/revisions"}],"predecessor-version":[{"id":59889,"href":"https:\/\/invest-in-albania.org\/it\/wp-json\/wp\/v2\/pages\/59886\/revisions\/59889"}],"up":[{"embeddable":true,"href":"https:\/\/invest-in-albania.org\/it\/wp-json\/wp\/v2\/pages\/59672"}],"wp:featuredmedia":[{"embeddable":true,"href":"https:\/\/invest-in-albania.org\/it\/wp-json\/wp\/v2\/media\/44718"}],"wp:attachment":[{"href":"https:\/\/invest-in-albania.org\/it\/wp-json\/wp\/v2\/media?parent=59886"}],"curies":[{"name":"wp","href":"https:\/\/api.w.org\/{rel}","templated":true}]}}