{"id":59880,"date":"2024-04-02T11:17:40","date_gmt":"2024-04-02T09:17:40","guid":{"rendered":"https:\/\/invest-in-albania.org\/?page_id=59880"},"modified":"2024-04-02T11:31:40","modified_gmt":"2024-04-02T09:31:40","slug":"outsourcing-per-i-servizi-finanziari","status":"publish","type":"page","link":"https:\/\/invest-in-albania.org\/it\/servizi-di-outsourcing-bpo\/outsourcing-per-i-servizi-finanziari\/","title":{"rendered":"Outsourcing per i servizi finanziari"},"content":{"rendered":"\n<figure class=\"wp-block-image size-full\"><img loading=\"lazy\" decoding=\"async\" width=\"800\" height=\"800\" src=\"https:\/\/invest-in-albania.org\/wp-content\/uploads\/financial-services.png\" alt=\"Financial Services Outsourcing\" class=\"wp-image-44723\" srcset=\"https:\/\/invest-in-albania.org\/wp-content\/uploads\/financial-services.png 800w, https:\/\/invest-in-albania.org\/wp-content\/uploads\/financial-services-300x300.png 300w, https:\/\/invest-in-albania.org\/wp-content\/uploads\/financial-services-768x768.png 768w, https:\/\/invest-in-albania.org\/wp-content\/uploads\/financial-services-600x600.png 600w\" sizes=\"(max-width: 800px) 100vw, 800px\" \/><\/figure>\n\n\n\n<h2 class=\"wp-block-heading\"><b>Cosa sono i servizi finanziari?<\/b><\/h2>\n\n\n\n<p>I servizi finanziari sono i servizi offerti dalle industrie finanziarie. Queste industrie comprendono un&#8217;ampia gamma di organizzazioni che si occupano di gestione del denaro. Tali organizzazioni sono: banche centrali, societ\u00e0 di carte di credito, compagnie di assicurazione, associazioni di risparmio e prestito, societ\u00e0 di brokeraggio, societ\u00e0 di investimento, societ\u00e0 di mutui, cooperative di credito e alcune organizzazioni sponsorizzate dal governo.<\/p>\n\n\n\n<p>Le aziende e le organizzazioni di tutto il mondo ricorrono sempre pi\u00f9 spesso a terzi per svolgere le attivit\u00e0 finanziarie che le aziende stesse avrebbero normalmente intrapreso.<\/p>\n\n\n\n<h2 class=\"wp-block-heading\"><b>Vantaggi dell&#8217;outsourcing dei servizi finanziari:<\/b><\/h2>\n\n\n\n<p>Nessun costo aggiuntivo<\/p>\n\n\n\n<p>Non ci sono benefici da pagare. Quando si esternalizzano funzioni finanziarie, come la contabilit\u00e0 e le buste paga, si paga il risultato in base al lavoro svolto. Non si devono pagare i giorni di malattia, le ferie, l&#8217;assicurazione medica o le prestazioni pensionistiche. La semplice riduzione di questi tipi di benefit pu\u00f2 contribuire a un impatto immediato sul bilancio.<\/p>\n\n\n\n<p>Siete voi a decidere<\/p>\n\n\n\n<p>Pagate solo ci\u00f2 che vi serve. Quando strutturate l&#8217;accordo con il fornitore di outsourcing, definite i tipi di servizi di cui avete bisogno. Che si tratti di 20 ore settimanali o di 50 ore settimanali, i termini di pagamento si baseranno sulle vostre esigenze specifiche e uniche.<\/p>\n\n\n\n<p>Riduzione dei costi<\/p>\n\n\n\n<p>Si riducono i costi generali. Quando si ricorre a una societ\u00e0 di outsourcing, il fornitore \u00e8 responsabile dell&#8217;accensione dei telefoni, del pagamento delle bollette dell&#8217;energia, dell&#8217;allestimento dei cubicoli, dell&#8217;acquisto delle attrezzature per ufficio e del pagamento dell&#8217;affitto. Se \u00e8 vero che questi costi vengono trasferiti al cliente, \u00e8 anche vero che vengono condivisi tra tutti i clienti del fornitore, per cui la vostra quota rimane molto pi\u00f9 bassa rispetto a quella che avreste fornendo questi elementi nella vostra sede.<\/p>\n\n\n\n<p>Sono esperti in quello che fanno<\/p>\n\n\n\n<p>Avete accesso agli esperti di cui avete bisogno. Una societ\u00e0 finanziaria che fornisce servizi di outsourcing \u00e8 specializzata in una sola cosa: la finanza! Sia che dobbiate affrontare un problema di contabilit\u00e0 o che abbiate esigenze particolari, potrete trovare le competenze necessarie per soddisfare le vostre esigenze specifiche.<\/p>\n\n\n\n<p>Sono sempre aggiornati<\/p>\n\n\n\n<p>Le migliori pratiche vengono messe al servizio del cliente. Una societ\u00e0 finanziaria deve essere sempre aggiornata sulle ultime tendenze finanziarie, sulle pratiche commerciali e sui requisiti governativi. I fornitori sanno esattamente quali tipi di pratiche funzionano meglio per servire al meglio i loro clienti.<\/p>\n\n\n\n<p>Dispongono della tecnologia pi\u00f9 recente<\/p>\n\n\n\n<p>La tecnologia e il software migliori sono a vostra disposizione. Una societ\u00e0 finanziaria investe nella migliore tecnologia e nei migliori software disponibili per essere la pi\u00f9 competitiva sul mercato. Questo tipo di investimento ha senso per la societ\u00e0 finanziaria perch\u00e9 la finanza \u00e8 l&#8217;attivit\u00e0 principale. Per le aziende in cui la finanza non \u00e8 la funzione principale, questo tipo di investimento in infrastrutture non ha senso.<\/p>\n\n\n\n<p>Sono sempre disponibili<\/p>\n\n\n\n<p>L&#8217;intero team \u00e8 al vostro servizio. Utilizzando un fornitore, non avrete solo uno o due dipendenti, ma un team che lavora per soddisfare le vostre esigenze. Se una persona va in vacanza, il vostro servizio personalizzato non deve fermarsi per tutta la settimana fino al suo ritorno. Al contrario, avrete persone a vostra disposizione quando ne avrete bisogno.<\/p>\n\n\n\n<p>Possono assumere nuovo personale per voi<\/p>\n\n\n\n<p>Avete la scalabilit\u00e0. Supponiamo che siano in arrivo dei progetti temporanei che richiedano un aumento del personale a breve termine. \u00c8 sufficiente comunicare in anticipo al vostro fornitore le vostre esigenze e quest&#8217;ultimo potr\u00e0 assicurarsi che abbiate il numero di persone necessarie per soddisfare questa richiesta temporanea. Inoltre, con la crescita dell&#8217;azienda, non \u00e8 necessario dedicare tempo e fatica al processo di assunzione. Il fornitore in outsourcing pu\u00f2 far sapere al cliente che le sue esigenze sono cambiate e permettergli di adattarsi in modo rapido e semplice al nuovo carico di lavoro.<\/p>\n\n\n\n<p>Flessibilit\u00e0<\/p>\n\n\n\n<p>Avete una disponibilit\u00e0 flessibile. Non tutte le attivit\u00e0 commerciali si svolgono dalle 8 alle 17. A volte la vostra attivit\u00e0 richiede la disponibilit\u00e0 di qualcuno in un secondo o terzo turno. Invece di preoccuparvi di assumere personale extra e di assumere supervisori extra per gestire il personale, il vostro fornitore in outsourcing si assicurer\u00e0 che abbiate personale nelle ore in cui ne avete bisogno.<\/p>\n\n\n\n<p>Potete concentrarvi sul vostro core business<\/p>\n\n\n\n<p>Infine, ma non per questo meno importante, con una societ\u00e0 di servizi finanziari in outsourcing potrete dedicare il vostro tempo alla vostra attivit\u00e0 principale. L&#8217;outsourcing significa negoziare le vostre esigenze finanziarie, definire un piano per gestire le attivit\u00e0 quotidiane e poi fare un passo indietro e lasciare che il vostro fornitore di fiducia si occupi delle attivit\u00e0 finanziarie della vostra azienda. In questo modo potrete dedicare il vostro tempo e le vostre energie alla costruzione della vostra azienda o organizzazione.<\/p>\n","protected":false},"excerpt":{"rendered":"<p>Cosa sono i servizi finanziari? I servizi finanziari sono i servizi offerti dalle industrie finanziarie. Queste industrie comprendono un&#8217;ampia gamma di organizzazioni che si occupano di gestione del denaro. Tali organizzazioni sono: banche centrali, societ\u00e0 di carte di credito, compagnie di assicurazione, associazioni di risparmio e prestito, societ\u00e0 di brokeraggio, societ\u00e0 di investimento, societ\u00e0 di [&hellip;]<\/p>\n","protected":false},"author":2,"featured_media":44726,"parent":59672,"menu_order":16,"comment_status":"closed","ping_status":"closed","template":"","meta":{"_uag_custom_page_level_css":"","_genesis_hide_title":false,"_genesis_hide_breadcrumbs":false,"_genesis_hide_singular_image":false,"_genesis_hide_footer_widgets":false,"_genesis_custom_body_class":"","_genesis_custom_post_class":"","_genesis_layout":"","_themeisle_gutenberg_block_has_review":false,"footnotes":""},"featured_image_src":"https:\/\/invest-in-albania.org\/wp-content\/uploads\/financial-services-600x400.png","featured_image_src_square":"https:\/\/invest-in-albania.org\/wp-content\/uploads\/financial-services-600x600.png","uagb_featured_image_src":{"full":["https:\/\/invest-in-albania.org\/wp-content\/uploads\/financial-services.png",800,800,false],"thumbnail":["https:\/\/invest-in-albania.org\/wp-content\/uploads\/financial-services-280x195.png",280,195,true],"medium":["https:\/\/invest-in-albania.org\/wp-content\/uploads\/financial-services-300x300.png",300,300,true],"medium_large":["https:\/\/invest-in-albania.org\/wp-content\/uploads\/financial-services-768x768.png",768,768,true],"large":["https:\/\/invest-in-albania.org\/wp-content\/uploads\/financial-services.png",800,800,false],"1536x1536":["https:\/\/invest-in-albania.org\/wp-content\/uploads\/financial-services.png",800,800,false],"2048x2048":["https:\/\/invest-in-albania.org\/wp-content\/uploads\/financial-services.png",800,800,false],"single-featured-image":["https:\/\/invest-in-albania.org\/wp-content\/uploads\/financial-services-800x385.png",800,385,true],"blog-featured-image":["https:\/\/invest-in-albania.org\/wp-content\/uploads\/financial-services-680x290.png",680,290,true],"home-featured":["https:\/\/invest-in-albania.org\/wp-content\/uploads\/financial-services-380x570.png",380,570,true],"gb-block-post-grid-landscape":["https:\/\/invest-in-albania.org\/wp-content\/uploads\/financial-services-600x400.png",600,400,true],"gb-block-post-grid-square":["https:\/\/invest-in-albania.org\/wp-content\/uploads\/financial-services-600x600.png",600,600,true]},"uagb_author_info":{"display_name":"Vjollca Shehu","author_link":"https:\/\/invest-in-albania.org\/it\/author\/iia\/"},"uagb_comment_info":0,"uagb_excerpt":"Cosa sono i servizi finanziari? I servizi finanziari sono i servizi offerti dalle industrie finanziarie. Queste industrie comprendono un&#8217;ampia gamma di organizzazioni che si occupano di gestione del denaro. Tali organizzazioni sono: banche centrali, societ\u00e0 di carte di credito, compagnie di assicurazione, associazioni di risparmio e prestito, societ\u00e0 di brokeraggio, societ\u00e0 di investimento, societ\u00e0 di&hellip;","_links":{"self":[{"href":"https:\/\/invest-in-albania.org\/it\/wp-json\/wp\/v2\/pages\/59880"}],"collection":[{"href":"https:\/\/invest-in-albania.org\/it\/wp-json\/wp\/v2\/pages"}],"about":[{"href":"https:\/\/invest-in-albania.org\/it\/wp-json\/wp\/v2\/types\/page"}],"author":[{"embeddable":true,"href":"https:\/\/invest-in-albania.org\/it\/wp-json\/wp\/v2\/users\/2"}],"replies":[{"embeddable":true,"href":"https:\/\/invest-in-albania.org\/it\/wp-json\/wp\/v2\/comments?post=59880"}],"version-history":[{"count":1,"href":"https:\/\/invest-in-albania.org\/it\/wp-json\/wp\/v2\/pages\/59880\/revisions"}],"predecessor-version":[{"id":59882,"href":"https:\/\/invest-in-albania.org\/it\/wp-json\/wp\/v2\/pages\/59880\/revisions\/59882"}],"up":[{"embeddable":true,"href":"https:\/\/invest-in-albania.org\/it\/wp-json\/wp\/v2\/pages\/59672"}],"wp:featuredmedia":[{"embeddable":true,"href":"https:\/\/invest-in-albania.org\/it\/wp-json\/wp\/v2\/media\/44726"}],"wp:attachment":[{"href":"https:\/\/invest-in-albania.org\/it\/wp-json\/wp\/v2\/media?parent=59880"}],"curies":[{"name":"wp","href":"https:\/\/api.w.org\/{rel}","templated":true}]}}