{"id":59875,"date":"2024-04-02T08:22:53","date_gmt":"2024-04-02T06:22:53","guid":{"rendered":"https:\/\/invest-in-albania.org\/?page_id=59875"},"modified":"2024-04-02T08:22:58","modified_gmt":"2024-04-02T06:22:58","slug":"servizi-di-fissazione-degli-appuntamenti","status":"publish","type":"page","link":"https:\/\/invest-in-albania.org\/it\/servizi-di-outsourcing-bpo\/servizi-di-fissazione-degli-appuntamenti\/","title":{"rendered":"Servizi di fissazione degli appuntamenti"},"content":{"rendered":"\n<figure class=\"wp-block-image size-full\"><img loading=\"lazy\" decoding=\"async\" width=\"800\" height=\"800\" src=\"https:\/\/invest-in-albania.org\/wp-content\/uploads\/appointment-setting.png\" alt=\"Appointment setting\" class=\"wp-image-44729\" srcset=\"https:\/\/invest-in-albania.org\/wp-content\/uploads\/appointment-setting.png 800w, https:\/\/invest-in-albania.org\/wp-content\/uploads\/appointment-setting-300x300.png 300w, https:\/\/invest-in-albania.org\/wp-content\/uploads\/appointment-setting-768x768.png 768w, https:\/\/invest-in-albania.org\/wp-content\/uploads\/appointment-setting-600x600.png 600w\" sizes=\"(max-width: 800px) 100vw, 800px\" \/><\/figure>\n\n\n\n<h2 class=\"wp-block-heading\"><b>Che cos&#8217;\u00e8 la fissazione di un appuntamento?<\/b><\/h2>\n\n\n\n<p>La fissazione di appuntamenti \u00e8 la capacit\u00e0 di fissare appuntamenti faccia a faccia con futuri clienti in materia di vendite e marketing. Trovare le persone qualificate per farlo non \u00e8 un compito facile, inoltre impegnare i propri dipendenti per fissare tali appuntamenti potrebbe essere costoso per l&#8217;azienda, oltre che una perdita di tempo. Ecco perch\u00e9 affidare ad altri professionisti o aziende i servizi di fissazione degli appuntamenti fa risparmiare tempo e denaro.<\/p>\n\n\n\n<p>Inoltre, gli esperti esternalizzati sanno come scegliere le persone o le aziende giuste per effettuare colloqui di vendita seri, in quanto hanno maggiore esperienza e conoscenza in questo campo. In definitiva, queste agenzie di telemarketing sono in grado di far s\u00ec che il primo importante incontro di vendita avvenga.<\/p>\n\n\n\n<h2 class=\"wp-block-heading\"><span style=\"font-weight: 400;\">I servizi di fissazione degli appuntamenti possono essere tra gli altri:<\/span><\/h2>\n\n\n\n<ul>\n<li>Business to Business (B2B)<\/li>\n\n\n\n<li>Vendite di tecnologia<\/li>\n\n\n\n<li>Scenari per il telemarketing e liste per il telemarketing<\/li>\n\n\n\n<li>Conferenze o dimostrazioni sul web<\/li>\n\n\n\n<li>Programmi di registrazione alle conferenze<\/li>\n\n\n\n<li>Raccolta e pulizia dei dati<\/li>\n\n\n\n<li>Registrazioni a eventi<\/li>\n\n\n\n<li>Appuntamenti per dirigenti<\/li>\n\n\n\n<li>Contatti nel settore sanitario<\/li>\n\n\n\n<li>Mutui, ecc.<\/li>\n<\/ul>\n\n\n\n<h2 class=\"wp-block-heading\"><b>Vantaggi dell&#8217;esternalizzazione dei servizi di fissazione degli appuntamenti a una societ\u00e0 di telemarketing professionale:<\/b><\/h2>\n\n\n\n<h3 class=\"wp-block-heading\"><span style=\"font-weight: 400;\">Accelera le vendite<\/span><\/h3>\n\n\n\n<p>Se i vostri venditori fissano da soli gli appuntamenti, potrebbero impiegare met\u00e0 del loro tempo solo per generare incontri, lasciando solo l&#8217;altra met\u00e0 per chiudere la vendita in un incontro faccia a faccia. L&#8217;esternalizzazione della fissazione degli appuntamenti consente di utilizzare meglio il tempo delle vostre forze di vendita a costo fisso.<\/p>\n\n\n\n<h3 class=\"wp-block-heading\"><span style=\"font-weight: 400;\">Lavora con un elenco qualificato di clienti potenziali<\/span><\/h3>\n\n\n\n<p><span style=\"font-weight: 400;\">Una buona societ\u00e0 di telemarketing raccoglier\u00e0, analizzer\u00e0 e dar\u00e0 priorit\u00e0 ai dati rilevanti, in modo da raggiungere direttamente le persone giuste interessate al vostro prodotto o servizio. Ci\u00f2 si ottiene grazie a una buona pianificazione e alla comprensione del vostro mercato target e della vostra proposta.<\/span><\/p>\n\n\n\n<h3 class=\"wp-block-heading\"><span style=\"font-weight: 400;\">\u00c8 economicamente vantaggioso<\/span><\/h3>\n\n\n\n<p><span style=\"font-weight: 400;\">Avere un team di telemarketing dedicato, che genera un flusso costante di appuntamenti qualificati, \u00e8 pi\u00f9 conveniente rispetto al personale di vendita sul campo che svolge questo ruolo. Inoltre, esternalizzando l&#8217;attivit\u00e0 di fissazione degli appuntamenti, vedrete un chiaro e forte ritorno sull&#8217;investimento grazie alla concentrazione su questo elemento del processo di vendita.<\/span><\/p>\n\n\n\n<h3 class=\"wp-block-heading\"><span style=\"font-weight: 400;\">Mantiene la personalit\u00e0 del marchio<\/span><\/h3>\n\n\n\n<p>Alcune aziende temono che l&#8217;esternalizzazione della fissazione degli appuntamenti a terzi possa portare a uno scollamento del marchio, della cultura e dei messaggi chiave. Dopo tutto, nessuno vuole essere interrotto da una societ\u00e0 di telemarketing. In effetti, un elemento chiave \u00e8 la formazione degli operatori di telemarketing per garantire una profonda immersione ed empatia con il cliente, lavorando a stretto contatto con quest&#8217;ultimo fin dall&#8217;inizio per comprenderne realmente l&#8217;attivit\u00e0 e gli obiettivi.<\/p>\n\n\n\n<h3 class=\"wp-block-heading\"><span style=\"font-weight: 400;\">Utilizza il giusto set di competenze<\/span><\/h3>\n\n\n\n<p>Non tutti i venditori sono fatti allo stesso modo. Alcuni sono pi\u00f9 bravi al telefono, altri sono pi\u00f9 bravi quando incontrano i clienti di persona. Un&#8217;azienda di telemarketing pu\u00f2 aiutare a ottenere i migliori risultati perch\u00e9 impiega telemarketer professionisti che possono chiamare e fissare appuntamenti su base giornaliera e conoscono le tecniche necessarie per ottenere appuntamenti qualificati.<\/p>\n\n\n\n<h3 class=\"wp-block-heading\"><span style=\"font-weight: 400;\">Scala le esigenze dell&#8217;azienda<\/span><\/h3>\n\n\n\n<p>Una societ\u00e0 di telemarketing \u00e8 in grado di scalare i propri servizi in base alle esigenze delle vostre aspirazioni commerciali e ai vincoli di budget. Se volete iniziare con un piccolo gruppo di potenziali clienti e vedere i risultati prima di ampliare il vostro raggio d&#8217;azione, una societ\u00e0 di telemarketing pu\u00f2 scalare i suoi servizi di conseguenza. Questo aspetto \u00e8 fondamentale, soprattutto per le startup.<\/p>\n","protected":false},"excerpt":{"rendered":"<p>Che cos&#8217;\u00e8 la fissazione di un appuntamento? La fissazione di appuntamenti \u00e8 la capacit\u00e0 di fissare appuntamenti faccia a faccia con futuri clienti in materia di vendite e marketing. Trovare le persone qualificate per farlo non \u00e8 un compito facile, inoltre impegnare i propri dipendenti per fissare tali appuntamenti potrebbe essere costoso per l&#8217;azienda, oltre [&hellip;]<\/p>\n","protected":false},"author":2,"featured_media":44732,"parent":59672,"menu_order":15,"comment_status":"closed","ping_status":"closed","template":"","meta":{"_uag_custom_page_level_css":"","_genesis_hide_title":false,"_genesis_hide_breadcrumbs":false,"_genesis_hide_singular_image":false,"_genesis_hide_footer_widgets":false,"_genesis_custom_body_class":"","_genesis_custom_post_class":"","_genesis_layout":"","_themeisle_gutenberg_block_has_review":false,"footnotes":""},"featured_image_src":"https:\/\/invest-in-albania.org\/wp-content\/uploads\/appointment-setting-600x400.png","featured_image_src_square":"https:\/\/invest-in-albania.org\/wp-content\/uploads\/appointment-setting-600x600.png","uagb_featured_image_src":{"full":["https:\/\/invest-in-albania.org\/wp-content\/uploads\/appointment-setting.png",800,800,false],"thumbnail":["https:\/\/invest-in-albania.org\/wp-content\/uploads\/appointment-setting-280x195.png",280,195,true],"medium":["https:\/\/invest-in-albania.org\/wp-content\/uploads\/appointment-setting-300x300.png",300,300,true],"medium_large":["https:\/\/invest-in-albania.org\/wp-content\/uploads\/appointment-setting-768x768.png",768,768,true],"large":["https:\/\/invest-in-albania.org\/wp-content\/uploads\/appointment-setting.png",800,800,false],"1536x1536":["https:\/\/invest-in-albania.org\/wp-content\/uploads\/appointment-setting.png",800,800,false],"2048x2048":["https:\/\/invest-in-albania.org\/wp-content\/uploads\/appointment-setting.png",800,800,false],"single-featured-image":["https:\/\/invest-in-albania.org\/wp-content\/uploads\/appointment-setting-800x385.png",800,385,true],"blog-featured-image":["https:\/\/invest-in-albania.org\/wp-content\/uploads\/appointment-setting-680x290.png",680,290,true],"home-featured":["https:\/\/invest-in-albania.org\/wp-content\/uploads\/appointment-setting-380x570.png",380,570,true],"gb-block-post-grid-landscape":["https:\/\/invest-in-albania.org\/wp-content\/uploads\/appointment-setting-600x400.png",600,400,true],"gb-block-post-grid-square":["https:\/\/invest-in-albania.org\/wp-content\/uploads\/appointment-setting-600x600.png",600,600,true]},"uagb_author_info":{"display_name":"Vjollca Shehu","author_link":"https:\/\/invest-in-albania.org\/it\/author\/iia\/"},"uagb_comment_info":0,"uagb_excerpt":"Che cos&#8217;\u00e8 la fissazione di un appuntamento? La fissazione di appuntamenti \u00e8 la capacit\u00e0 di fissare appuntamenti faccia a faccia con futuri clienti in materia di vendite e marketing. Trovare le persone qualificate per farlo non \u00e8 un compito facile, inoltre impegnare i propri dipendenti per fissare tali appuntamenti potrebbe essere costoso per l&#8217;azienda, oltre&hellip;","_links":{"self":[{"href":"https:\/\/invest-in-albania.org\/it\/wp-json\/wp\/v2\/pages\/59875"}],"collection":[{"href":"https:\/\/invest-in-albania.org\/it\/wp-json\/wp\/v2\/pages"}],"about":[{"href":"https:\/\/invest-in-albania.org\/it\/wp-json\/wp\/v2\/types\/page"}],"author":[{"embeddable":true,"href":"https:\/\/invest-in-albania.org\/it\/wp-json\/wp\/v2\/users\/2"}],"replies":[{"embeddable":true,"href":"https:\/\/invest-in-albania.org\/it\/wp-json\/wp\/v2\/comments?post=59875"}],"version-history":[{"count":1,"href":"https:\/\/invest-in-albania.org\/it\/wp-json\/wp\/v2\/pages\/59875\/revisions"}],"predecessor-version":[{"id":59876,"href":"https:\/\/invest-in-albania.org\/it\/wp-json\/wp\/v2\/pages\/59875\/revisions\/59876"}],"up":[{"embeddable":true,"href":"https:\/\/invest-in-albania.org\/it\/wp-json\/wp\/v2\/pages\/59672"}],"wp:featuredmedia":[{"embeddable":true,"href":"https:\/\/invest-in-albania.org\/it\/wp-json\/wp\/v2\/media\/44732"}],"wp:attachment":[{"href":"https:\/\/invest-in-albania.org\/it\/wp-json\/wp\/v2\/media?parent=59875"}],"curies":[{"name":"wp","href":"https:\/\/api.w.org\/{rel}","templated":true}]}}