{"id":59860,"date":"2024-04-02T07:56:46","date_gmt":"2024-04-02T05:56:46","guid":{"rendered":"https:\/\/invest-in-albania.org\/?page_id=59860"},"modified":"2024-04-02T08:02:17","modified_gmt":"2024-04-02T06:02:17","slug":"conversione-dati-in-outsourcing","status":"publish","type":"page","link":"https:\/\/invest-in-albania.org\/it\/servizi-di-outsourcing-bpo\/conversione-dati-in-outsourcing\/","title":{"rendered":"Conversione dati in outsourcing"},"content":{"rendered":"\n<h2 class=\"wp-block-heading\"><img loading=\"lazy\" decoding=\"async\" class=\"wp-image-41797 size-medium alignnone\" src=\"http:\/\/new.invest-in-albania.org\/wp-content\/uploads\/data-2-300x221.png\" alt=\"\" width=\"300\" height=\"221\" srcset=\"https:\/\/invest-in-albania.org\/wp-content\/uploads\/data-2-300x221.png 300w, https:\/\/invest-in-albania.org\/wp-content\/uploads\/data-2-1024x753.png 1024w, https:\/\/invest-in-albania.org\/wp-content\/uploads\/data-2-768x565.png 768w, https:\/\/invest-in-albania.org\/wp-content\/uploads\/data-2-580x426.png 580w, https:\/\/invest-in-albania.org\/wp-content\/uploads\/data-2-860x632.png 860w, https:\/\/invest-in-albania.org\/wp-content\/uploads\/data-2-1160x853.png 1160w, https:\/\/invest-in-albania.org\/wp-content\/uploads\/data-2.png 1280w\" sizes=\"(max-width: 300px) 100vw, 300px\" \/><\/h2>\n\n\n\n<h2 class=\"wp-block-heading\"><strong>Che cos&#8217;\u00e8 la conversione dei dati?<\/strong><\/h2>\n\n\n\n<p>La conversione dei dati \u00e8 il processo di conversione di tutti i dati manuali in formato digitale. Man mano che un&#8217;organizzazione progredisce, il suo database cresce con lo stock di dati immensi e diversi accumulati nel corso degli anni. Non pu\u00f2 separarsi da questi dati e informazioni, perch\u00e9 sono fondamentali per i riferimenti futuri, la revisione contabile, la contabilit\u00e0 e la guida funzionale.<\/p>\n\n\n\n<p>L&#8217;azienda pu\u00f2 utilizzare il processo di conversione dei dati per snellire i dati organizzativi e migliorarne l&#8217;accesso e la condivisione attraverso un database strutturato. Aiuta a identificare i dati ridondanti e a segregarli. L&#8217;esercizio di digitalizzazione aiuta anche a categorizzare i dati in base alla loro importanza, all&#8217;anno, alla sezione o alla natura dell&#8217;utilizzo.<\/p>\n\n\n\n<p>La conversione dei dati in formato digitale migliora le possibilit\u00e0 di archiviazione e ne previene la perdita. I dati digitalizzati possono essere salvati su computer o server, consentendo un migliore utilizzo dello spazio in ufficio. L&#8217;archiviazione elettronica offre anche migliori opzioni di sicurezza grazie a un accesso limitato e a una gestione efficace dei dati a costi contenuti. Inoltre, i dati possono essere condivisi facilmente e rapidamente su computer di rete. Migliora anche l&#8217;accessibilit\u00e0. \u00c8 possibile cercare e accedere facilmente ai dati digitali rispetto a libri e riviste.<\/p>\n\n\n\n<p>La conversione dei dati offre il modo migliore per gestire, mantenere e utilizzare i dati di un&#8217;organizzazione. Consente di sviluppare l&#8217;archiviazione e la condivisione dei dati, riducendo al minimo la possibilit\u00e0 di perdita degli stessi. La conversione dei dati \u00e8 una delle aree del campo dell&#8217;inserimento dati che sta emergendo come servizio in forte crescita. L&#8217;outsourcing dei servizi di conversione dei dati \u00e8 una priorit\u00e0 per molte aziende globali.<\/p>\n\n\n\n<p>La conversione dei dati pu\u00f2 essere effettuata in questi formati digitali:<\/p>\n\n\n\n<p>Conversione PDF<\/p>\n\n\n\n<p>Conversione di documenti<\/p>\n\n\n\n<p>Conversione di Word<\/p>\n\n\n\n<p>Conversione della gestione elettronica dei documenti (conversione EDM)<\/p>\n\n\n\n<p>Conversione XML<\/p>\n\n\n\n<p>Conversione di libri elettronici<\/p>\n\n\n\n<p>Conversione HTML<\/p>\n\n\n\n<p>Conversione SGML<\/p>\n\n\n\n<p>Conversione catalogo<\/p>\n\n\n\n<h2 class=\"wp-block-heading\">&nbsp;<\/h2>\n\n\n\n<h2 class=\"wp-block-heading\"><strong>Vantaggi della conversione dei dati<\/strong><\/h2>\n\n\n\n<p>La conversione dei dati ha molti vantaggi e i principali riguardano l&#8217;archiviazione dei dati in formato elettronico.<\/p>\n\n\n\n<ul>\n<li>Conversione di dati da un formato non strutturato a uno elettronico. Si tratta di una forma di conversione del formato dei dati. Questo aiuta a strutturare i dati in informazioni coerenti e significative.<\/li>\n\n\n\n<li>Aggregazione dei dati da fonti tradizionali, come i formati cartacei e basati su file, a formati digitali. La conversione dell&#8217;inserimento dei dati evita cos\u00ec la perdita di dati per qualsiasi organizzazione.<\/li>\n\n\n\n<li>Conversione di immagini digitali che consente di memorizzare le immagini in un formato digitale. Viene utilizzata per l&#8217;identificazione e il riconoscimento delle persone e dei loro documenti.<\/li>\n\n\n\n<li>Conversione di documenti PDF in formati MS Word e viceversa. Questo \u00e8 uno dei servizi offerti per la conversione dei libri ed \u00e8 considerato un enorme vantaggio nel mondo dell&#8217;editoria.<\/li>\n<\/ul>\n\n\n\n<h2 class=\"wp-block-heading\"><strong>Perch\u00e9 esternalizzare la conversione dei dati?<\/strong><\/h2>\n\n\n\n<p>La conversione dei dati pu\u00f2 essere affidata a un fornitore terzo per ridurre i costi e garantire tempi rapidi. Ci sono molte buone ragioni per farlo. Alcuni di questi sono:<\/p>\n\n\n\n<ul>\n<li>Costo-efficacia<\/li>\n<\/ul>\n\n\n\n<p>L&#8217;outsourcing della conversione dei dati presenta evidenti vantaggi in termini di costi, grazie alla disponibilit\u00e0 di manodopera altamente qualificata a prezzi accessibili.<\/p>\n\n\n\n<ul>\n<li>Convertite facilmente tutti i documenti in formati digitali<\/li>\n<\/ul>\n\n\n\n<p>\u00c8 possibile convertire i dati da qualsiasi formato si disponga in uno elettronico in modo semplice ed efficace affidandosi ai servizi di outsourcing.<\/p>\n\n\n\n<ul>\n<li>Risparmiare sulle risorse<\/li>\n<\/ul>\n\n\n\n<p>L&#8217;outsourcing della conversione dei dati consente di evitare l&#8217;assunzione di risorse altrimenti costose nel proprio Paese. Ci\u00f2 \u00e8 dovuto al differenziale salariale tra i Paesi occidentali e quelli pi\u00f9 poveri.<\/p>\n","protected":false},"excerpt":{"rendered":"<p>Che cos&#8217;\u00e8 la conversione dei dati? La conversione dei dati \u00e8 il processo di conversione di tutti i dati manuali in formato digitale. Man mano che un&#8217;organizzazione progredisce, il suo database cresce con lo stock di dati immensi e diversi accumulati nel corso degli anni. Non pu\u00f2 separarsi da questi dati e informazioni, perch\u00e9 sono [&hellip;]<\/p>\n","protected":false},"author":2,"featured_media":41800,"parent":59672,"menu_order":13,"comment_status":"closed","ping_status":"closed","template":"","meta":{"_uag_custom_page_level_css":"","_genesis_hide_title":false,"_genesis_hide_breadcrumbs":false,"_genesis_hide_singular_image":false,"_genesis_hide_footer_widgets":false,"_genesis_custom_body_class":"","_genesis_custom_post_class":"","_genesis_layout":"","_themeisle_gutenberg_block_has_review":false,"footnotes":""},"featured_image_src":"https:\/\/invest-in-albania.org\/wp-content\/uploads\/data-2.png","featured_image_src_square":"https:\/\/invest-in-albania.org\/wp-content\/uploads\/data-2.png","uagb_featured_image_src":{"full":["https:\/\/invest-in-albania.org\/wp-content\/uploads\/data-2.png",1280,941,false],"thumbnail":["https:\/\/invest-in-albania.org\/wp-content\/uploads\/data-2-280x195.png",280,195,true],"medium":["https:\/\/invest-in-albania.org\/wp-content\/uploads\/data-2-300x221.png",300,221,true],"medium_large":["https:\/\/invest-in-albania.org\/wp-content\/uploads\/data-2-768x565.png",768,565,true],"large":["https:\/\/invest-in-albania.org\/wp-content\/uploads\/data-2-1024x753.png",1024,753,true],"1536x1536":["https:\/\/invest-in-albania.org\/wp-content\/uploads\/data-2.png",1280,941,false],"2048x2048":["https:\/\/invest-in-albania.org\/wp-content\/uploads\/data-2.png",1280,941,false],"single-featured-image":["https:\/\/invest-in-albania.org\/wp-content\/uploads\/data-2.png",524,385,false],"blog-featured-image":["https:\/\/invest-in-albania.org\/wp-content\/uploads\/data-2.png",394,290,false],"home-featured":["https:\/\/invest-in-albania.org\/wp-content\/uploads\/data-2.png",380,279,false],"gb-block-post-grid-landscape":["https:\/\/invest-in-albania.org\/wp-content\/uploads\/data-2.png",544,400,false],"gb-block-post-grid-square":["https:\/\/invest-in-albania.org\/wp-content\/uploads\/data-2.png",600,441,false]},"uagb_author_info":{"display_name":"Vjollca Shehu","author_link":"https:\/\/invest-in-albania.org\/it\/author\/iia\/"},"uagb_comment_info":0,"uagb_excerpt":"Che cos&#8217;\u00e8 la conversione dei dati? La conversione dei dati \u00e8 il processo di conversione di tutti i dati manuali in formato digitale. Man mano che un&#8217;organizzazione progredisce, il suo database cresce con lo stock di dati immensi e diversi accumulati nel corso degli anni. Non pu\u00f2 separarsi da questi dati e informazioni, perch\u00e9 sono&hellip;","_links":{"self":[{"href":"https:\/\/invest-in-albania.org\/it\/wp-json\/wp\/v2\/pages\/59860"}],"collection":[{"href":"https:\/\/invest-in-albania.org\/it\/wp-json\/wp\/v2\/pages"}],"about":[{"href":"https:\/\/invest-in-albania.org\/it\/wp-json\/wp\/v2\/types\/page"}],"author":[{"embeddable":true,"href":"https:\/\/invest-in-albania.org\/it\/wp-json\/wp\/v2\/users\/2"}],"replies":[{"embeddable":true,"href":"https:\/\/invest-in-albania.org\/it\/wp-json\/wp\/v2\/comments?post=59860"}],"version-history":[{"count":2,"href":"https:\/\/invest-in-albania.org\/it\/wp-json\/wp\/v2\/pages\/59860\/revisions"}],"predecessor-version":[{"id":59863,"href":"https:\/\/invest-in-albania.org\/it\/wp-json\/wp\/v2\/pages\/59860\/revisions\/59863"}],"up":[{"embeddable":true,"href":"https:\/\/invest-in-albania.org\/it\/wp-json\/wp\/v2\/pages\/59672"}],"wp:featuredmedia":[{"embeddable":true,"href":"https:\/\/invest-in-albania.org\/it\/wp-json\/wp\/v2\/media\/41800"}],"wp:attachment":[{"href":"https:\/\/invest-in-albania.org\/it\/wp-json\/wp\/v2\/media?parent=59860"}],"curies":[{"name":"wp","href":"https:\/\/api.w.org\/{rel}","templated":true}]}}