{"id":59829,"date":"2024-03-25T10:34:01","date_gmt":"2024-03-25T09:34:01","guid":{"rendered":"https:\/\/invest-in-albania.org\/?page_id=59829"},"modified":"2024-03-25T23:16:51","modified_gmt":"2024-03-25T22:16:51","slug":"servizi-di-trascrizione-di-podcast","status":"publish","type":"page","link":"https:\/\/invest-in-albania.org\/it\/servizi-di-outsourcing-bpo\/servizi-di-trascrizione\/servizi-di-trascrizione-di-podcast\/","title":{"rendered":"Servizi di trascrizione di podcast"},"content":{"rendered":"\n<h2 class=\"wp-block-heading\"><strong>Che cos&#8217;\u00e8 la trascrizione di un podcast?<\/strong><\/h2>\n\n\n\n<p>Nell&#8217;era digitale, quando qualcuno ha gi\u00e0 un podcast, l&#8217;obiettivo principale \u00e8 raggiungere il maggior numero possibile di ascoltatori e abbonati (o follower). Ma i motori di ricerca non riescono a includere efficacemente i file audio, video e altri file multimediali nei primi risultati di ricerca (basandosi principalmente sui metadati e sul testo che accompagna i media). Cosa succederebbe se convertiste tutti i vostri podcast in testo trascritto? Vi aprireste alla possibilit\u00e0 che i motori di ricerca vi includano nelle loro ricerche top, rendendo il vostro podcast facilmente accessibile.<\/p>\n\n\n\n<p>La trascrizione \u00e8 il formato stampato o scritto di un video, di un audio, ecc. By transcribing the podcast, you are adding to your audio or video a text too, which can help in reaching a bigger audience, therefore gaining more subscribers (or followers). La trascrizione di un podcast consente di essere facilmente trovati da un gruppo mirato di persone attraverso i motori di ricerca, pi\u00f9 di quanto non avvenga con l&#8217;audio o il video.<\/p>\n\n\n\n<h2 class=\"wp-block-heading\"><strong>Tipi di servizi di trascrizione di podcast<\/strong><\/h2>\n\n\n\n<p>Trascrizione di conferenze webcast.<\/p>\n\n\n\n<p>Trascrizione di webcast di ricerca.<\/p>\n\n\n\n<p>Trascrizione di interviste.<\/p>\n\n\n\n<p>Trascrizione di podcast audio\/video.<\/p>\n\n\n\n<p>Trascrizione di procedimenti legali.<\/p>\n\n\n\n<p>Multi-participant Webcast Transcription.<\/p>\n\n\n\n<p>Section 508 Complaints Webcast Transcription.<\/p>\n\n\n\n<p>Trascrizione di eventi sportivi, ecc<\/p>\n\n\n\n<h2 class=\"wp-block-heading\"><\/h2>\n\n\n\n<h2 class=\"wp-block-heading\"><strong>Perch\u00e9 \u00e8 importante trascrivere i servizi Podcast?<\/strong><\/h2>\n\n\n<div class=\"wp-block-image\">\n<figure class=\"alignright\"><img loading=\"lazy\" decoding=\"async\" width=\"280\" height=\"195\" src=\"http:\/\/new.invest-in-albania.org\/wp-content\/uploads\/podcast-280x195.jpg\" alt=\"\" class=\"wp-image-30091\"\/><\/figure><\/div>\n\n\n<p><strong>Ottenere pi\u00f9 SEO<\/strong><\/p>\n\n\n\n<p>I contenuti audio o video sono pi\u00f9 difficili da trovare sui motori di ricerca rispetto al testo. Trascrivere i podcast significherebbe effettivamente per il proprietario generare pi\u00f9 traffico verso il sito web, poich\u00e9 il testo diventa facilmente ricercabile, raggiungendo cos\u00ec un maggior numero di persone. \u00c8 probabile che le persone si imbattano nei podcast trascritti mentre navigano sul web in relazione ai contenuti che i podcast offrono. I motori di ricerca rilevano le parole chiave e rendono il podcast facilmente accessibile al gruppo target.<\/p>\n\n\n\n<p><strong>Contenuto<\/strong><\/p>\n\n\n\n<p>Pu\u00f2 capitare che l&#8217;individuo non sia in grado di decidere cosa inserire nel blog. La trascrizione pu\u00f2 essere copiata, incollata e si crea un blog istantaneo, senza spazio per i pensieri. Si pu\u00f2 anche utilizzare la trascrizione del podcast per creare contenuti per newsletter o numerosi articoli brevi in un breve periodo di tempo.<\/p>\n\n\n\n<p><strong>Creare prodotti dalle trascrizioni<\/strong><\/p>\n\n\n\n<p>Se si dispone di poche trascrizioni, \u00e8 essenziale creare un e-book. Questo crea una buona quantit\u00e0 di entrate per la persona e pi\u00f9 modi possibili per generare entrate dal podcast.<\/p>\n\n\n\n<p><strong>Attirare un vasto pubblico<\/strong><\/p>\n\n\n\n<p>Anche se molte persone preferiscono guardare un video o ascoltare l&#8217;audio, ci sono ancora molti che preferiscono leggere il testo. Potrebbero essere di fretta o non avere abbastanza tempo per ascoltare l&#8217;intero programma, ad esempio. Ma la lettura dei contenuti pu\u00f2 ridurre e far risparmiare tempo.<\/p>\n\n\n\n<p><strong>Riferimento<\/strong><\/p>\n\n\n\n<p>Quando si hanno diversi podcast, l&#8217;individuo pu\u00f2 ricordare di aver detto qualcosa ma non \u00e8 in grado di ricordare di quale podcast si trattava. Questo potrebbe costringere la persona a passare alcune ore a cercare il podcast giusto per poter fare un riferimento. Con una trascrizione, l&#8217;individuo deve semplicemente cercare nel testo usando parole chiave o riferimenti, il che pu\u00f2 richiedere solo un minuto.<\/p>\n\n\n\n<p><strong>\u00c8 utile per chi ha problemi di udito<\/strong><\/p>\n\n\n\n<p>Alcune persone con problemi di udito o sorde preferiscono leggere il testo. \u00c8 in questo caso che il podcast con trascrizione viene in aiuto, rendendolo accessibile anche a chi ha problemi di udito e non vuole comunque perdersi il podcast.<\/p>\n","protected":false},"excerpt":{"rendered":"<p>Che cos&#8217;\u00e8 la trascrizione di un podcast? Nell&#8217;era digitale, quando qualcuno ha gi\u00e0 un podcast, l&#8217;obiettivo principale \u00e8 raggiungere il maggior numero possibile di ascoltatori e abbonati (o follower). Ma i motori di ricerca non riescono a includere efficacemente i file audio, video e altri file multimediali nei primi risultati di ricerca (basandosi principalmente sui [&hellip;]<\/p>\n","protected":false},"author":2,"featured_media":0,"parent":59821,"menu_order":0,"comment_status":"closed","ping_status":"closed","template":"","meta":{"_uag_custom_page_level_css":"","_genesis_hide_title":false,"_genesis_hide_breadcrumbs":false,"_genesis_hide_singular_image":false,"_genesis_hide_footer_widgets":false,"_genesis_custom_body_class":"","_genesis_custom_post_class":"","_genesis_layout":"","_themeisle_gutenberg_block_has_review":false,"footnotes":""},"featured_image_src":null,"featured_image_src_square":null,"uagb_featured_image_src":{"full":false,"thumbnail":false,"medium":false,"medium_large":false,"large":false,"1536x1536":false,"2048x2048":false,"single-featured-image":false,"blog-featured-image":false,"home-featured":false,"gb-block-post-grid-landscape":false,"gb-block-post-grid-square":false},"uagb_author_info":{"display_name":"Vjollca Shehu","author_link":"https:\/\/invest-in-albania.org\/it\/author\/iia\/"},"uagb_comment_info":0,"uagb_excerpt":"Che cos&#8217;\u00e8 la trascrizione di un podcast? Nell&#8217;era digitale, quando qualcuno ha gi\u00e0 un podcast, l&#8217;obiettivo principale \u00e8 raggiungere il maggior numero possibile di ascoltatori e abbonati (o follower). Ma i motori di ricerca non riescono a includere efficacemente i file audio, video e altri file multimediali nei primi risultati di ricerca (basandosi principalmente sui&hellip;","_links":{"self":[{"href":"https:\/\/invest-in-albania.org\/it\/wp-json\/wp\/v2\/pages\/59829"}],"collection":[{"href":"https:\/\/invest-in-albania.org\/it\/wp-json\/wp\/v2\/pages"}],"about":[{"href":"https:\/\/invest-in-albania.org\/it\/wp-json\/wp\/v2\/types\/page"}],"author":[{"embeddable":true,"href":"https:\/\/invest-in-albania.org\/it\/wp-json\/wp\/v2\/users\/2"}],"replies":[{"embeddable":true,"href":"https:\/\/invest-in-albania.org\/it\/wp-json\/wp\/v2\/comments?post=59829"}],"version-history":[{"count":3,"href":"https:\/\/invest-in-albania.org\/it\/wp-json\/wp\/v2\/pages\/59829\/revisions"}],"predecessor-version":[{"id":59835,"href":"https:\/\/invest-in-albania.org\/it\/wp-json\/wp\/v2\/pages\/59829\/revisions\/59835"}],"up":[{"embeddable":true,"href":"https:\/\/invest-in-albania.org\/it\/wp-json\/wp\/v2\/pages\/59821"}],"wp:attachment":[{"href":"https:\/\/invest-in-albania.org\/it\/wp-json\/wp\/v2\/media?parent=59829"}],"curies":[{"name":"wp","href":"https:\/\/api.w.org\/{rel}","templated":true}]}}