{"id":59816,"date":"2024-03-21T22:41:12","date_gmt":"2024-03-21T21:41:12","guid":{"rendered":"https:\/\/invest-in-albania.org\/?page_id=59816"},"modified":"2024-03-21T22:41:20","modified_gmt":"2024-03-21T21:41:20","slug":"outsourcing-delle-risorse-umane","status":"publish","type":"page","link":"https:\/\/invest-in-albania.org\/it\/servizi-di-outsourcing-bpo\/outsourcing-delle-risorse-umane\/","title":{"rendered":"Outsourcing delle risorse umane"},"content":{"rendered":"<div class=\"wp-block-image\">\n<figure class=\"alignright\"><img loading=\"lazy\" decoding=\"async\" width=\"1024\" height=\"683\" src=\"http:\/\/new.invest-in-albania.org\/wp-content\/uploads\/HR-1024x683.jpg\" alt=\"\" class=\"wp-image-40824\" srcset=\"https:\/\/invest-in-albania.org\/wp-content\/uploads\/HR-1024x683.jpg 1024w, https:\/\/invest-in-albania.org\/wp-content\/uploads\/HR-300x200.jpg 300w, https:\/\/invest-in-albania.org\/wp-content\/uploads\/HR-768x512.jpg 768w, https:\/\/invest-in-albania.org\/wp-content\/uploads\/HR-580x387.jpg 580w, https:\/\/invest-in-albania.org\/wp-content\/uploads\/HR-860x574.jpg 860w, https:\/\/invest-in-albania.org\/wp-content\/uploads\/HR-1160x774.jpg 1160w, https:\/\/invest-in-albania.org\/wp-content\/uploads\/HR.jpg 1280w\" sizes=\"(max-width: 1024px) 100vw, 1024px\" \/><\/figure><\/div>\n\n\n<p>La gestione delle risorse umane \u00e8 un servizio molto importante per le aziende e le istituzioni amministrative, senza il quale una serie di funzioni rimangono inutilizzate nelle operazioni aziendali quotidiane. L&#8217;outsourcing, in quanto processo, aiuta le funzioni HR a concludere molti lavori che potrebbero richiedere tempo e denaro all&#8217;interno dell&#8217;azienda. In termini di breve e lungo periodo, l&#8217;outsourcing delle risorse umane apporta valori aggiunti all&#8217;intera azienda, con nuove aree di progetto e versioni aggiornate di nuove procedure legali.<br>Servizi HR in outsourcing<\/p>\n\n\n\n<h3 class=\"wp-block-heading\">Alcuni degli importanti servizi di gestione delle risorse umane che vengono svolti dalle societ\u00e0 offshore sono:<\/h3>\n\n\n\n<p>conformit\u00e0 legale<br>mantenimento dei fascicoli e dei rapporti periodici<br>sviluppo della formazione e degli stage<br>buste paga dei dipendenti<br>documentazione fiscale<\/p>\n\n\n\n<p>La riduzione dei rischi e dei costi sono i fattori chiave che rendono i servizi di outsourcing delle risorse umane il miglior modo possibile per consentire alle aziende di ridurre le proprie responsabilit\u00e0 in tutti i servizi sopra citati. Oggi le grandi aziende che hanno un numero elevato di dipendenti insistono nel creare un proprio dipartimento amministrativo per le risorse umane, a causa delle numerose procedure e per assicurarsi che tutto ci\u00f2 che accade nel reclutamento, nella formazione, nella preparazione dei documenti, nelle buste paga, nelle tasse e nelle assicurazioni sanitarie possa essere facilmente raggiungibile da altre directory di gestione.<br>Motivi per esternalizzare il dipartimento HR<\/p>\n\n\n\n<h3 class=\"wp-block-heading\">I cinque motivi pi\u00f9 importanti che rendono l&#8217;outsourcing dei servizi HR un gioco vincente sono:<\/h3>\n\n\n\n<ul>\n<li>Efficienza dei costi per non assumere ulteriore forza lavoro all&#8217;interno dell&#8217;azienda<\/li>\n\n\n\n<li>Offre ai dipendenti tempo e spazio supplementari per concentrarsi sullo sviluppo del prodotto.<\/li>\n\n\n\n<li>Ottenere servizi professionali senza preparare formazione, stage, specializzazioni, ecc.<\/li>\n\n\n\n<li>Rende trasparente il processo di reclutamento dei talenti, senza tener conto di amicizie o legami di parentela.<\/li>\n\n\n\n<li>Aggiornamento su strumenti e tecnologie per ogni nuovo prodotto sul mercato<\/li>\n<\/ul>\n\n\n\n<p>Inoltre, l&#8217;outsourcing \u00e8 un processo che rende l&#8217;organizzazione o l&#8217;azienda pi\u00f9 competitiva e apporta valore all&#8217;insieme dei servizi forniti. Naturalmente, deve essere fatto attraverso partnership di terze parti molto sicure e con linee di interesse molto serie. I dipartimenti delle risorse umane occupano una percentuale molto alta nel settore dell&#8217;outsourcing, circa il 50% delle pi\u00f9 grandi aziende del mondo ha deciso di rivolgersi all&#8217;estero per i motivi sopra citati. Con la fornitura di servizi in outsourcing, l&#8217;azienda ha la possibilit\u00e0 di assumere dipendenti non fissi, o addirittura un intero reparto, che lavorer\u00e0 in base al conteggio delle ore, piuttosto che su base giornaliera. \u00c8 estremamente importante per le fasi di sviluppo di questo millennio che le aziende cerchino opportunit\u00e0 di cooperazione esterne e colgano le possibilit\u00e0 pi\u00f9 redditizie del mercato.<br>Inoltre, le buste paga sono un ottimo servizio da esternalizzare per le grandi aziende e nella maggior parte dei casi rientrano nel dipartimento delle risorse umane. Tre sono le pi\u00f9 importanti societ\u00e0 di servizi di payroll con un grande potenziale di outsourcing:<\/p>\n\n\n\n<p>La prima \u00e8 costituita dai fornitori di servizi di payroll (&#8220;PSP&#8221;). Un PSP prepara le dichiarazioni fiscali dei salari utilizzando il numero di identificazione del datore di lavoro (EIN).<br>In secondo luogo, gli agenti dichiaranti (RA). Un RA prepara le dichiarazioni dei salari utilizzando l&#8217;EIN del datore di lavoro, le firma per il datore di lavoro e le archivia.<br>In terzo luogo, ci sono le cosiddette organizzazioni professionali dei datori di lavoro (&#8220;PEO&#8221;). Una PEO prepara le dichiarazioni dei salari utilizzando il proprio EIN, firma e archivia le dichiarazioni.<\/p>\n\n\n\n<p>Tutti questi tipi di fornitori di servizi garantiscono vari servizi per le buste paga senza dover mantenere dipendenti aggiuntivi nelle vostre aziende o spendere tempo e denaro per formarli di tanto in tanto.<\/p>\n\n\n\n<p>In sintesi, l&#8217;esternalizzazione dei servizi per le risorse umane \u00e8 uno dei settori preferiti dalle aziende che oggi tendono a rivolgersi all&#8217;estero. I vantaggi sono in termini finanziari, di capitale umano, di acquisizione di conoscenze, di scambio di esperienze e di sviluppo professionale. Tuttavia, \u00e8 anche un punto di responsabilit\u00e0 che non pu\u00f2 essere trascurato, in cui una forte affidabilit\u00e0 della partnership \u00e8 la chiave per entrambe le parti per allocare i loro profitti in numeri positivi. L&#8217;outsourcing dei servizi HR pu\u00f2 cambiare per sempre l&#8217;intera concezione dell&#8217;azienda e pu\u00f2 anche segnare le file pi\u00f9 alte nel fare affari all&#8217;interno o all&#8217;esterno dei confini dello Stato, all&#8217;interno o all&#8217;esterno dell&#8217;edificio aziendale.<\/p>\n","protected":false},"excerpt":{"rendered":"<p>La gestione delle risorse umane \u00e8 un servizio molto importante per le aziende e le istituzioni amministrative, senza il quale una serie di funzioni rimangono inutilizzate nelle operazioni aziendali quotidiane. L&#8217;outsourcing, in quanto processo, aiuta le funzioni HR a concludere molti lavori che potrebbero richiedere tempo e denaro all&#8217;interno dell&#8217;azienda. In termini di breve e [&hellip;]<\/p>\n","protected":false},"author":2,"featured_media":40827,"parent":59672,"menu_order":10,"comment_status":"closed","ping_status":"closed","template":"","meta":{"_uag_custom_page_level_css":"","_genesis_hide_title":false,"_genesis_hide_breadcrumbs":false,"_genesis_hide_singular_image":false,"_genesis_hide_footer_widgets":false,"_genesis_custom_body_class":"","_genesis_custom_post_class":"","_genesis_layout":"","_themeisle_gutenberg_block_has_review":false,"footnotes":""},"featured_image_src":"https:\/\/invest-in-albania.org\/wp-content\/uploads\/HR.jpg","featured_image_src_square":"https:\/\/invest-in-albania.org\/wp-content\/uploads\/HR.jpg","uagb_featured_image_src":{"full":["https:\/\/invest-in-albania.org\/wp-content\/uploads\/HR.jpg",1280,854,false],"thumbnail":["https:\/\/invest-in-albania.org\/wp-content\/uploads\/HR-280x195.jpg",280,195,true],"medium":["https:\/\/invest-in-albania.org\/wp-content\/uploads\/HR-300x200.jpg",300,200,true],"medium_large":["https:\/\/invest-in-albania.org\/wp-content\/uploads\/HR-768x512.jpg",768,512,true],"large":["https:\/\/invest-in-albania.org\/wp-content\/uploads\/HR-1024x683.jpg",1024,683,true],"1536x1536":["https:\/\/invest-in-albania.org\/wp-content\/uploads\/HR.jpg",1280,854,false],"2048x2048":["https:\/\/invest-in-albania.org\/wp-content\/uploads\/HR.jpg",1280,854,false],"single-featured-image":["https:\/\/invest-in-albania.org\/wp-content\/uploads\/HR.jpg",577,385,false],"blog-featured-image":["https:\/\/invest-in-albania.org\/wp-content\/uploads\/HR.jpg",435,290,false],"home-featured":["https:\/\/invest-in-albania.org\/wp-content\/uploads\/HR.jpg",380,254,false],"gb-block-post-grid-landscape":["https:\/\/invest-in-albania.org\/wp-content\/uploads\/HR.jpg",600,400,false],"gb-block-post-grid-square":["https:\/\/invest-in-albania.org\/wp-content\/uploads\/HR.jpg",600,400,false]},"uagb_author_info":{"display_name":"Vjollca Shehu","author_link":"https:\/\/invest-in-albania.org\/it\/author\/iia\/"},"uagb_comment_info":0,"uagb_excerpt":"La gestione delle risorse umane \u00e8 un servizio molto importante per le aziende e le istituzioni amministrative, senza il quale una serie di funzioni rimangono inutilizzate nelle operazioni aziendali quotidiane. L&#8217;outsourcing, in quanto processo, aiuta le funzioni HR a concludere molti lavori che potrebbero richiedere tempo e denaro all&#8217;interno dell&#8217;azienda. In termini di breve e&hellip;","_links":{"self":[{"href":"https:\/\/invest-in-albania.org\/it\/wp-json\/wp\/v2\/pages\/59816"}],"collection":[{"href":"https:\/\/invest-in-albania.org\/it\/wp-json\/wp\/v2\/pages"}],"about":[{"href":"https:\/\/invest-in-albania.org\/it\/wp-json\/wp\/v2\/types\/page"}],"author":[{"embeddable":true,"href":"https:\/\/invest-in-albania.org\/it\/wp-json\/wp\/v2\/users\/2"}],"replies":[{"embeddable":true,"href":"https:\/\/invest-in-albania.org\/it\/wp-json\/wp\/v2\/comments?post=59816"}],"version-history":[{"count":1,"href":"https:\/\/invest-in-albania.org\/it\/wp-json\/wp\/v2\/pages\/59816\/revisions"}],"predecessor-version":[{"id":59819,"href":"https:\/\/invest-in-albania.org\/it\/wp-json\/wp\/v2\/pages\/59816\/revisions\/59819"}],"up":[{"embeddable":true,"href":"https:\/\/invest-in-albania.org\/it\/wp-json\/wp\/v2\/pages\/59672"}],"wp:featuredmedia":[{"embeddable":true,"href":"https:\/\/invest-in-albania.org\/it\/wp-json\/wp\/v2\/media\/40827"}],"wp:attachment":[{"href":"https:\/\/invest-in-albania.org\/it\/wp-json\/wp\/v2\/media?parent=59816"}],"curies":[{"name":"wp","href":"https:\/\/api.w.org\/{rel}","templated":true}]}}