{"id":59812,"date":"2024-03-21T22:26:34","date_gmt":"2024-03-21T21:26:34","guid":{"rendered":"https:\/\/invest-in-albania.org\/?page_id=59812"},"modified":"2024-03-21T22:26:40","modified_gmt":"2024-03-21T21:26:40","slug":"outsourcing-del-back-office","status":"publish","type":"page","link":"https:\/\/invest-in-albania.org\/it\/servizi-di-outsourcing-bpo\/outsourcing-del-back-office\/","title":{"rendered":"Outsourcing del back office"},"content":{"rendered":"\n<figure class=\"wp-block-image size-full\"><img loading=\"lazy\" decoding=\"async\" width=\"800\" height=\"800\" src=\"https:\/\/invest-in-albania.org\/wp-content\/uploads\/backoffice.png\" alt=\"Backoffice Cover Image\" class=\"wp-image-44736\" srcset=\"https:\/\/invest-in-albania.org\/wp-content\/uploads\/backoffice.png 800w, https:\/\/invest-in-albania.org\/wp-content\/uploads\/backoffice-300x300.png 300w, https:\/\/invest-in-albania.org\/wp-content\/uploads\/backoffice-768x768.png 768w, https:\/\/invest-in-albania.org\/wp-content\/uploads\/backoffice-600x600.png 600w\" sizes=\"(max-width: 800px) 100vw, 800px\" \/><\/figure>\n\n\n\n<h2 class=\"wp-block-heading\"><b>Che cos&#8217;\u00e8 il back office?<\/b><\/h2>\n\n\n\n<p>Il back-office \u00e8 la parte di un&#8217;azienda costituita da personale amministrativo e di supporto che non si rivolge ai clienti. Il back-office \u00e8 l&#8217;opposto del front-office che ha a che fare direttamente con i clienti.<\/p>\n\n\n\n<p>Le funzioni possono comprendere: pianificazione, gestione dell&#8217;inventario, liquidazioni, autorizzazioni, tenuta dei registri, risorse umane, contabilit\u00e0, servizi informatici, logistica, ecc.<\/p>\n\n\n\n<p>Ad esempio, un&#8217;azienda o una societ\u00e0 \u00e8 suddivisa in tre parti: il front-office (assistenza ai clienti), il middle-office (gestione del rischio) e il back-office (servizi amministrativi e di supporto).<\/p>\n\n\n\n<p>Il back office \u00e8 quella parte di personale che non genera ricavi per l&#8217;azienda (al contrario) ma svolge le operazioni di gestione, aiutando al contempo il front office nelle sue mansioni.<\/p>\n\n\n\n<h2 class=\"wp-block-heading\"><b>Outsourcing del back office<\/b><\/h2>\n\n\n\n<p><span style=\"font-weight: 400;\">Con la crescente richiesta di essere competitivi a livello globale, le aziende devono trovare il modo di ridurre i costi operativi. Ecco perch\u00e9 le aziende ricorrono all&#8217;esternalizzazione del back office assumendo appaltatori e consulenti offshore, dove il costo della manodopera \u00e8 pi\u00f9 basso rispetto all&#8217;ufficio interno o al proprio Paese in generale.<\/span><\/p>\n\n\n\n<p><span style=\"font-weight: 400;\">Alcune delle mansioni di back office che vengono maggiormente esternalizzate sono:<\/span><\/p>\n\n\n\n<ul>\n<li><span style=\"font-weight: 400;\">Risorse umane<\/span><\/li>\n\n\n\n<li><span style=\"font-weight: 400;\">Servizi di contabilit\u00e0 e finanza<\/span><\/li>\n\n\n\n<li><span style=\"font-weight: 400;\">Codifica ed elaborazione dati<\/span><\/li>\n\n\n\n<li><span style=\"font-weight: 400;\">Sportelli di supporto, ecc.<\/span><\/li>\n<\/ul>\n\n\n\n<h2 class=\"wp-block-heading\"><b>Vantaggi dell&#8217;outsourcing del back office<\/b><\/h2>\n\n\n\n<p>La decisione di esternalizzare le funzioni di back office comporta una serie di potenziali vantaggi. Come gi\u00e0 detto, il motivo principale \u00e8 la riduzione dei costi. Con un&#8217;azienda esterna che si occupa delle funzioni di supporto amministrativo, l&#8217;azienda risparmia il costo dello spazio, delle attrezzature e del personale che altrimenti potrebbe essere svolto all&#8217;interno dell&#8217;azienda, ma a un prezzo elevato.<\/p>\n\n\n\n<p>Inoltre, l&#8217;azienda ha l&#8217;opportunit\u00e0 di acquisire esperienza da queste societ\u00e0 esterne in aspetti dell&#8217;attivit\u00e0 in cui non \u00e8 esperta. Questo \u00e8 un vantaggio, perch\u00e9 non tutte le aziende possono permettersi di tenere in organico esperti contabili, ma potrebbero permettersi le tariffe applicate da un fornitore di back office in outsourcing.<\/p>\n\n\n\n<p>L&#8217;outsourcing del back office consente inoltre ai proprietari di concentrare le proprie risorse e la propria attenzione sulla gestione interna. La produttivit\u00e0 dell&#8217;azienda e la gestione delle risorse vengono cos\u00ec potenziate, rendendo questa attivit\u00e0 molto redditizia.<\/p>\n","protected":false},"excerpt":{"rendered":"<p>Che cos&#8217;\u00e8 il back office? Il back-office \u00e8 la parte di un&#8217;azienda costituita da personale amministrativo e di supporto che non si rivolge ai clienti. Il back-office \u00e8 l&#8217;opposto del front-office che ha a che fare direttamente con i clienti. Le funzioni possono comprendere: pianificazione, gestione dell&#8217;inventario, liquidazioni, autorizzazioni, tenuta dei registri, risorse umane, contabilit\u00e0, [&hellip;]<\/p>\n","protected":false},"author":2,"featured_media":44739,"parent":59672,"menu_order":9,"comment_status":"closed","ping_status":"closed","template":"","meta":{"_uag_custom_page_level_css":"","_genesis_hide_title":false,"_genesis_hide_breadcrumbs":false,"_genesis_hide_singular_image":false,"_genesis_hide_footer_widgets":false,"_genesis_custom_body_class":"","_genesis_custom_post_class":"","_genesis_layout":"","_themeisle_gutenberg_block_has_review":false,"footnotes":""},"featured_image_src":"https:\/\/invest-in-albania.org\/wp-content\/uploads\/backoffice-600x400.png","featured_image_src_square":"https:\/\/invest-in-albania.org\/wp-content\/uploads\/backoffice-600x600.png","uagb_featured_image_src":{"full":["https:\/\/invest-in-albania.org\/wp-content\/uploads\/backoffice.png",800,800,false],"thumbnail":["https:\/\/invest-in-albania.org\/wp-content\/uploads\/backoffice-280x195.png",280,195,true],"medium":["https:\/\/invest-in-albania.org\/wp-content\/uploads\/backoffice-300x300.png",300,300,true],"medium_large":["https:\/\/invest-in-albania.org\/wp-content\/uploads\/backoffice-768x768.png",768,768,true],"large":["https:\/\/invest-in-albania.org\/wp-content\/uploads\/backoffice.png",800,800,false],"1536x1536":["https:\/\/invest-in-albania.org\/wp-content\/uploads\/backoffice.png",800,800,false],"2048x2048":["https:\/\/invest-in-albania.org\/wp-content\/uploads\/backoffice.png",800,800,false],"single-featured-image":["https:\/\/invest-in-albania.org\/wp-content\/uploads\/backoffice-800x385.png",800,385,true],"blog-featured-image":["https:\/\/invest-in-albania.org\/wp-content\/uploads\/backoffice-680x290.png",680,290,true],"home-featured":["https:\/\/invest-in-albania.org\/wp-content\/uploads\/backoffice-380x570.png",380,570,true],"gb-block-post-grid-landscape":["https:\/\/invest-in-albania.org\/wp-content\/uploads\/backoffice-600x400.png",600,400,true],"gb-block-post-grid-square":["https:\/\/invest-in-albania.org\/wp-content\/uploads\/backoffice-600x600.png",600,600,true]},"uagb_author_info":{"display_name":"Vjollca Shehu","author_link":"https:\/\/invest-in-albania.org\/it\/author\/iia\/"},"uagb_comment_info":0,"uagb_excerpt":"Che cos&#8217;\u00e8 il back office? Il back-office \u00e8 la parte di un&#8217;azienda costituita da personale amministrativo e di supporto che non si rivolge ai clienti. Il back-office \u00e8 l&#8217;opposto del front-office che ha a che fare direttamente con i clienti. Le funzioni possono comprendere: pianificazione, gestione dell&#8217;inventario, liquidazioni, autorizzazioni, tenuta dei registri, risorse umane, contabilit\u00e0,&hellip;","_links":{"self":[{"href":"https:\/\/invest-in-albania.org\/it\/wp-json\/wp\/v2\/pages\/59812"}],"collection":[{"href":"https:\/\/invest-in-albania.org\/it\/wp-json\/wp\/v2\/pages"}],"about":[{"href":"https:\/\/invest-in-albania.org\/it\/wp-json\/wp\/v2\/types\/page"}],"author":[{"embeddable":true,"href":"https:\/\/invest-in-albania.org\/it\/wp-json\/wp\/v2\/users\/2"}],"replies":[{"embeddable":true,"href":"https:\/\/invest-in-albania.org\/it\/wp-json\/wp\/v2\/comments?post=59812"}],"version-history":[{"count":1,"href":"https:\/\/invest-in-albania.org\/it\/wp-json\/wp\/v2\/pages\/59812\/revisions"}],"predecessor-version":[{"id":59813,"href":"https:\/\/invest-in-albania.org\/it\/wp-json\/wp\/v2\/pages\/59812\/revisions\/59813"}],"up":[{"embeddable":true,"href":"https:\/\/invest-in-albania.org\/it\/wp-json\/wp\/v2\/pages\/59672"}],"wp:featuredmedia":[{"embeddable":true,"href":"https:\/\/invest-in-albania.org\/it\/wp-json\/wp\/v2\/media\/44739"}],"wp:attachment":[{"href":"https:\/\/invest-in-albania.org\/it\/wp-json\/wp\/v2\/media?parent=59812"}],"curies":[{"name":"wp","href":"https:\/\/api.w.org\/{rel}","templated":true}]}}