{"id":59792,"date":"2024-03-05T13:27:49","date_gmt":"2024-03-05T12:27:49","guid":{"rendered":"https:\/\/invest-in-albania.org\/?page_id=59792"},"modified":"2024-03-05T13:27:53","modified_gmt":"2024-03-05T12:27:53","slug":"inserimento-dati-immobiliari","status":"publish","type":"page","link":"https:\/\/invest-in-albania.org\/it\/servizi-di-outsourcing-bpo\/outsourcing-dellinserimento-dati\/inserimento-dati-immobiliari\/","title":{"rendered":"Inserimento dati immobiliari"},"content":{"rendered":"\n<h2 class=\"wp-block-heading\">Che cos&#8217;\u00e8 l&#8217;inserimento di dati immobiliari?<\/h2>\n\n\n\n<p>Il settore immobiliare \u00e8 oggi un campo di attivit\u00e0 fiorente. Chi opera in questo settore sar\u00e0 sicuramente d&#8217;accordo con il fatto che i loro uffici vengono spesso sommersi ogni giorno da dati generati da documenti legali, dichiarazioni di valutazione degli immobili, vendite e informazioni sulle commissioni che aggiungono le ultime propriet\u00e0 non commerciali o commerciali in vendita o in affitto, nonch\u00e9 l&#8217;aggiornamento del database su base regolare, insieme a numerosi altri documenti rilevanti per il settore immobiliare. Questi dati devono essere elaborati nel modo giusto per aiutare le procedure aziendali.<\/p>\n\n\n\n<h2 class=\"wp-block-heading\"><img loading=\"lazy\" decoding=\"async\" class=\"alignleft wp-image-40850 size-cmsmasters-project-masonry-thumb\" src=\"http:\/\/new.invest-in-albania.org\/wp-content\/uploads\/real-estate-data-580x326.png\" alt=\"\" width=\"580\" height=\"326\" srcset=\"https:\/\/invest-in-albania.org\/wp-content\/uploads\/real-estate-data-580x326.png 580w, https:\/\/invest-in-albania.org\/wp-content\/uploads\/real-estate-data-300x169.png 300w, https:\/\/invest-in-albania.org\/wp-content\/uploads\/real-estate-data-1024x576.png 1024w, https:\/\/invest-in-albania.org\/wp-content\/uploads\/real-estate-data-768x432.png 768w, https:\/\/invest-in-albania.org\/wp-content\/uploads\/real-estate-data-860x484.png 860w, https:\/\/invest-in-albania.org\/wp-content\/uploads\/real-estate-data-1160x653.png 1160w, https:\/\/invest-in-albania.org\/wp-content\/uploads\/real-estate-data.png 1280w\" sizes=\"(max-width: 580px) 100vw, 580px\" \/><\/h2>\n\n\n\n<h2 class=\"wp-block-heading\"><strong>Servizi di inserimento dati immobiliari<\/strong><\/h2>\n\n\n\n<p>Inserimento dati per consolidare le informazioni su acquirenti e venditori<\/p>\n\n\n\n<p>Gestione delle pratiche immobiliari e dei documenti legali<\/p>\n\n\n\n<p>Creazione di nuovi database<\/p>\n\n\n\n<p>Preparazione di documenti legali<\/p>\n\n\n\n<p>Inserimento dei dati relativi alle valutazioni non commerciali e commerciali<\/p>\n\n\n\n<p>Inserimento dei dati relativi alle vendite<\/p>\n\n\n\n<p>Inserimento di dati relativi alle assicurazioni e alle imposte<\/p>\n\n\n\n<p>Inserimento di dati da copie cartacee<\/p>\n\n\n\n<p>Acquisizione di dati<\/p>\n\n\n\n<p>Inserimento dati online e offline<\/p>\n\n\n\n<p>Estrazione dei dati<\/p>\n\n\n\n<p>Elaborazione dei dati<\/p>\n\n\n\n<p>Gestione dei dati<\/p>\n\n\n\n<h2 class=\"wp-block-heading\">&nbsp;<\/h2>\n\n\n\n<h2 class=\"wp-block-heading\">Vantaggi dell&#8217;outsourcing dell&#8217;inserimento dei dati immobiliari<\/h2>\n\n\n\n<p>Le agenzie in outsourcing che si occupano di servizi di inserimento dati immobiliari hanno un elevato grado di competenza professionale e possono occuparsi di tutto il lavoro di backup e di supporto, mentre voi vi concentrate sulle attivit\u00e0 pi\u00f9 importanti direttamente collegate alla crescita e allo sviluppo del business. Alcuni dei vantaggi dell&#8217;outsourcing dell&#8217;inserimento dei dati immobiliari sono:<\/p>\n\n\n\n<p><strong>Risparmiare sulle spese operative<\/strong><\/p>\n\n\n\n<p>Il settore immobiliare presenta molti aspetti e avere dirigenti altamente pagati che si occupano di ogni piccolo aspetto dell&#8217;attivit\u00e0 vi coster\u00e0 un bel po&#8217;. Se a ci\u00f2 si aggiungono gli ingenti investimenti necessari in hardware e software per tenere traccia dell&#8217;ampia portata della vostra attivit\u00e0, si pu\u00f2 stimare il numero di costi ricorrenti necessari solo per mantenere l&#8217;attivit\u00e0 in funzione. Tutto questo pu\u00f2 essere ottenuto a una frazione della spesa semplicemente affidando il lavoro all&#8217;inserimento dei dati immobiliari.<\/p>\n\n\n\n<p>Nel mondo competitivo del settore immobiliare, qualsiasi ritardo nel processo decisionale pu\u00f2 far s\u00ec che i vostri concorrenti prendano il controllo di ci\u00f2 che avrebbe dovuto essere vostro. Questo \u00e8 ci\u00f2 che sicuramente non accadr\u00e0 se optate per l&#8217;outsourcing. La finalizzazione dettagliata del progetto e tutte le informazioni necessarie saranno sul vostro tavolo prima di quanto vi aspettiate, soprattutto a causa delle differenze di fuso orario tra la vostra sede e quella dell&#8217;agenzia in outsourcing.<\/p>\n\n\n\n<p><strong>Misure di sicurezza rigorose<\/strong><\/p>\n\n\n\n<p>Potete essere certi che tutti i vostri dati e le informazioni aziendali riservate sono assolutamente al sicuro. Queste agenzie dispongono di misure di sicurezza che garantiscono la segretezza.<\/p>\n\n\n\n<p><strong>Servizi di acquisizione dati<\/strong><\/p>\n\n\n\n<p>Tutte le informazioni relative ai documenti legali e di propriet\u00e0, ai dati dei clienti esistenti e potenziali, ai rapporti fiscali e allo storico delle vendite saranno estratte e archiviate sistematicamente. Potrete attingere al database in qualsiasi momento, sia per pianificare strategie future che per analizzare e conoscere le vostre transazioni passate. In questo modo potrete valutare le tendenze del settore e prendere decisioni di conseguenza. I dati saranno estratti con successo indipendentemente dal fatto che provengano da documenti scannerizzati o da siti web.<\/p>\n\n\n\n<p><strong>Indicizzazione e scansione dei documenti<\/strong><\/p>\n\n\n\n<p>Con enormi database e innumerevoli documenti da elaborare, \u00e8 necessario disporre di sistemi in grado di recuperare rapidamente anche i dati pi\u00f9 piccoli per facilitare il processo decisionale. Alcuni dei documenti importanti che possono essere scansionati e indicizzati e tenuti pronti per un facile accesso sono le richieste di mutuo, i contratti di vendita e di acquisto e gli accordi di garanzia.<\/p>\n\n\n\n<p><strong>Servizi di elaborazione delle immagini<\/strong><\/p>\n\n\n\n<p>Uno dei fondamenti dell&#8217;attivit\u00e0 immobiliare \u00e8 la pubblicit\u00e0 dei progetti. Foto appariscenti e di grande effetto sono il primo passo per catturare l&#8217;attenzione dei potenziali clienti. La maggior parte delle agenzie di inserimento dati immobiliari dispone di editor fotografici che offrono servizi di elaborazione delle immagini in blocco, che saranno consegnati rapidamente ogni volta che lo si richiede.<\/p>\n","protected":false},"excerpt":{"rendered":"<p>Che cos&#8217;\u00e8 l&#8217;inserimento di dati immobiliari? Il settore immobiliare \u00e8 oggi un campo di attivit\u00e0 fiorente. Chi opera in questo settore sar\u00e0 sicuramente d&#8217;accordo con il fatto che i loro uffici vengono spesso sommersi ogni giorno da dati generati da documenti legali, dichiarazioni di valutazione degli immobili, vendite e informazioni sulle commissioni che aggiungono le [&hellip;]<\/p>\n","protected":false},"author":2,"featured_media":40853,"parent":59774,"menu_order":1,"comment_status":"closed","ping_status":"closed","template":"","meta":{"_uag_custom_page_level_css":"","_genesis_hide_title":false,"_genesis_hide_breadcrumbs":false,"_genesis_hide_singular_image":false,"_genesis_hide_footer_widgets":false,"_genesis_custom_body_class":"","_genesis_custom_post_class":"","_genesis_layout":"","_themeisle_gutenberg_block_has_review":false,"footnotes":""},"featured_image_src":"https:\/\/invest-in-albania.org\/wp-content\/uploads\/real-estate-data.png","featured_image_src_square":"https:\/\/invest-in-albania.org\/wp-content\/uploads\/real-estate-data.png","uagb_featured_image_src":{"full":["https:\/\/invest-in-albania.org\/wp-content\/uploads\/real-estate-data.png",1280,720,false],"thumbnail":["https:\/\/invest-in-albania.org\/wp-content\/uploads\/real-estate-data-280x195.png",280,195,true],"medium":["https:\/\/invest-in-albania.org\/wp-content\/uploads\/real-estate-data-300x169.png",300,169,true],"medium_large":["https:\/\/invest-in-albania.org\/wp-content\/uploads\/real-estate-data-768x432.png",768,432,true],"large":["https:\/\/invest-in-albania.org\/wp-content\/uploads\/real-estate-data-1024x576.png",1024,576,true],"1536x1536":["https:\/\/invest-in-albania.org\/wp-content\/uploads\/real-estate-data.png",1280,720,false],"2048x2048":["https:\/\/invest-in-albania.org\/wp-content\/uploads\/real-estate-data.png",1280,720,false],"single-featured-image":["https:\/\/invest-in-albania.org\/wp-content\/uploads\/real-estate-data.png",684,385,false],"blog-featured-image":["https:\/\/invest-in-albania.org\/wp-content\/uploads\/real-estate-data.png",516,290,false],"home-featured":["https:\/\/invest-in-albania.org\/wp-content\/uploads\/real-estate-data.png",380,214,false],"gb-block-post-grid-landscape":["https:\/\/invest-in-albania.org\/wp-content\/uploads\/real-estate-data.png",600,338,false],"gb-block-post-grid-square":["https:\/\/invest-in-albania.org\/wp-content\/uploads\/real-estate-data.png",600,338,false]},"uagb_author_info":{"display_name":"Vjollca Shehu","author_link":"https:\/\/invest-in-albania.org\/it\/author\/iia\/"},"uagb_comment_info":0,"uagb_excerpt":"Che cos&#8217;\u00e8 l&#8217;inserimento di dati immobiliari? Il settore immobiliare \u00e8 oggi un campo di attivit\u00e0 fiorente. Chi opera in questo settore sar\u00e0 sicuramente d&#8217;accordo con il fatto che i loro uffici vengono spesso sommersi ogni giorno da dati generati da documenti legali, dichiarazioni di valutazione degli immobili, vendite e informazioni sulle commissioni che aggiungono le&hellip;","_links":{"self":[{"href":"https:\/\/invest-in-albania.org\/it\/wp-json\/wp\/v2\/pages\/59792"}],"collection":[{"href":"https:\/\/invest-in-albania.org\/it\/wp-json\/wp\/v2\/pages"}],"about":[{"href":"https:\/\/invest-in-albania.org\/it\/wp-json\/wp\/v2\/types\/page"}],"author":[{"embeddable":true,"href":"https:\/\/invest-in-albania.org\/it\/wp-json\/wp\/v2\/users\/2"}],"replies":[{"embeddable":true,"href":"https:\/\/invest-in-albania.org\/it\/wp-json\/wp\/v2\/comments?post=59792"}],"version-history":[{"count":1,"href":"https:\/\/invest-in-albania.org\/it\/wp-json\/wp\/v2\/pages\/59792\/revisions"}],"predecessor-version":[{"id":59793,"href":"https:\/\/invest-in-albania.org\/it\/wp-json\/wp\/v2\/pages\/59792\/revisions\/59793"}],"up":[{"embeddable":true,"href":"https:\/\/invest-in-albania.org\/it\/wp-json\/wp\/v2\/pages\/59774"}],"wp:featuredmedia":[{"embeddable":true,"href":"https:\/\/invest-in-albania.org\/it\/wp-json\/wp\/v2\/media\/40853"}],"wp:attachment":[{"href":"https:\/\/invest-in-albania.org\/it\/wp-json\/wp\/v2\/media?parent=59792"}],"curies":[{"name":"wp","href":"https:\/\/api.w.org\/{rel}","templated":true}]}}