{"id":59788,"date":"2024-03-05T13:06:49","date_gmt":"2024-03-05T12:06:49","guid":{"rendered":"https:\/\/invest-in-albania.org\/?page_id=59788"},"modified":"2024-03-05T13:07:37","modified_gmt":"2024-03-05T12:07:37","slug":"outsourcing-dellelaborazione-dati","status":"publish","type":"page","link":"https:\/\/invest-in-albania.org\/it\/servizi-di-outsourcing-bpo\/outsourcing-dellinserimento-dati\/outsourcing-dellelaborazione-dati\/","title":{"rendered":"Outsourcing dell&#8217;elaborazione dati"},"content":{"rendered":"\n<h2 class=\"wp-block-heading\"><img loading=\"lazy\" decoding=\"async\" class=\"wp-image-41808 size-cmsmasters-square-thumb alignnone\" src=\"http:\/\/new.invest-in-albania.org\/wp-content\/uploads\/data-processing-360x360.png\" alt=\"\" width=\"360\" height=\"360\" srcset=\"https:\/\/invest-in-albania.org\/wp-content\/uploads\/data-processing-360x360.png 360w, https:\/\/invest-in-albania.org\/wp-content\/uploads\/data-processing-70x70.png 70w, https:\/\/invest-in-albania.org\/wp-content\/uploads\/data-processing-250x250.png 250w\" sizes=\"(max-width: 360px) 100vw, 360px\" \/><\/h2>\n\n\n\n<h2 class=\"wp-block-heading\"><b>Che cos&#8217;\u00e8 l&#8217;elaborazione dei dati?<\/b><\/h2>\n\n\n\n<p>L&#8217;elaborazione dei dati \u00e8 il processo di conversione dei dati grezzi in informazioni significative. La conversione dei dati per raggiungere il risultato finale, ottenere informazioni, passa attraverso diverse fasi. In altre parole, si pu\u00f2 considerare l&#8217;elaborazione delle informazioni.<\/p>\n\n\n\n<p>I dati vengono manipolati per produrre risultati che portano alla risoluzione di un problema o al miglioramento di una situazione esistente. Simile a un processo di produzione, segue un ciclo in cui l&#8217;input (dati grezzi) viene alimentato da un processo (sistemi informatici) per produrre output (informazioni).<\/p>\n\n\n\n<p>In genere, le organizzazioni utilizzano i sistemi informatici per eseguire una serie di operazioni sui dati per presentare, interpretare o ottenere informazioni. Il processo comprende attivit\u00e0 come l&#8217;inserimento dei dati, il riepilogo, il calcolo, l&#8217;archiviazione, ecc. Un output utile e informativo viene presentato in varie forme appropriate come diagrammi, relazioni, grafici, ecc.<\/p>\n\n\n\n<h2 class=\"wp-block-heading\"><b>Le fasi del ciclo di elaborazione dei dati<\/b><\/h2>\n\n\n\n<p>Raccolta<\/p>\n\n\n\n<p>Preparazione<\/p>\n\n\n\n<p>Inserimento<\/p>\n\n\n\n<p>Elaborazione<\/p>\n\n\n\n<p>Output e interpretazione<\/p>\n\n\n\n<p>Conservazione<\/p>\n\n\n\n<h2 class=\"wp-block-heading\"><b>Metodi di elaborazione dei dati per via elettronica<\/b><\/h2>\n\n\n\n<p><strong>Elaborazione per lotti<\/strong><\/p>\n\n\n\n<p>L&#8217;elaborazione in lotti \u00e8 un metodo in cui le informazioni da organizzare vengono suddivise in gruppi per consentire un&#8217;elaborazione efficiente e sequenziale. L&#8217;elaborazione online \u00e8 un metodo che utilizza connessioni a Internet e apparecchiature direttamente collegate a un computer. \u00c8 utilizzato principalmente per la registrazione e la ricerca di informazioni.<\/p>\n\n\n\n<p>L&#8217;elaborazione in tempo reale \u00e8 una tecnica in grado di rispondere quasi immediatamente a vari segnali per acquisire ed elaborare le informazioni. L&#8217;elaborazione distribuita \u00e8 comunemente utilizzata da stazioni di lavoro remote collegate a una grande stazione di lavoro o server centrale. I bancomat sono un buon esempio di questo metodo di elaborazione dei dati.<\/p>\n\n\n\n<p><strong>Elaborazione online<\/strong><\/p>\n\n\n\n<p>\u00c8 un metodo che utilizza connessioni Internet e apparecchiature collegate direttamente a un computer. Ci\u00f2 consente di memorizzare i dati in un luogo e di utilizzarli in un luogo completamente diverso. Il cloud computing pu\u00f2 essere considerato un esempio che utilizza questo tipo di elaborazione. Viene utilizzato principalmente per la registrazione e la ricerca di informazioni.<\/p>\n\n\n\n<p><strong>Elaborazione in tempo reale<\/strong><\/p>\n\n\n\n<p>Questa tecnica pu\u00f2 rispondere quasi immediatamente a vari segnali per acquisire ed elaborare informazioni. Queste tecniche comportano un&#8217;elevata manutenzione e costi iniziali, dovuti alla tecnologia e alla potenza di calcolo molto avanzate. Il tempo risparmiato \u00e8 massimo in questo caso, poich\u00e9 l&#8217;output \u00e8 visibile in tempo reale. Ad esempio, nelle transazioni bancarie<\/p>\n\n\n\n<p><strong>Elaborazione distribuita<\/strong><\/p>\n\n\n\n<p>Questo metodo \u00e8 comunemente utilizzato da stazioni di lavoro remote collegate a una grande stazione di lavoro o server centrale. I bancomat sono un buon esempio di questo metodo di elaborazione dei dati. Tutte le macchine finali funzionano con un software fisso situato in un luogo particolare e utilizzano esattamente le stesse informazioni e serie di istruzioni.<\/p>\n\n\n\n<h2 class=\"wp-block-heading\"><b>Vantaggi dell&#8217;outsourcing dell&#8217;elaborazione dati<\/b><\/h2>\n\n\n\n<p><strong>Migliora l&#8217;efficienza aziendale<\/strong><\/p>\n\n\n\n<p>Tutte le informazioni ottenute da diverse fonti di dati devono essere convertite in una variet\u00e0 di formati adatti che possono essere utilizzati dalle aziende. Il processo di elaborazione dei dati consiste in diverse fasi, che devono essere gestite con precisione e abilit\u00e0.<\/p>\n\n\n\n<p>Un fornitore di servizi di offshoring esperto pu\u00f2 eseguire questo compito in modo efficiente, con controlli accurati in ogni fase. Indipendentemente dalla fonte, sar\u00e0 in grado di convertirla in un formato personalizzato e leggibile, adatto alle esigenze della vostra organizzazione.<\/p>\n\n\n\n<p><strong>Potete concentrarvi sugli obiettivi aziendali principali<\/strong><\/p>\n\n\n\n<p>L&#8217;elaborazione interna dei dati richiede un notevole investimento in termini di fondi, risorse, personale e attrezzature, destinato ad aumentare con l&#8217;aumentare della quantit\u00e0 di dati generati. Inoltre, sar\u00e0 una perdita per l&#8217;organizzazione se, in qualsiasi momento, si render\u00e0 necessario un ridimensionamento. Un approccio molto pi\u00f9 conveniente \u00e8 quello di affidare il processo a un esperto, che pu\u00f2 scalare in base alle vostre esigenze senza alcun problema.<\/p>\n\n\n\n<p>Poich\u00e9 dispongono di servizi di elaborazione dati dedicati e competenti, si occuperanno di questo compito mentre voi potrete concentrarvi sul mercato competitivo. L&#8217;esternalizzazione di questo compito non fondamentale a un fornitore di servizi di elaborazione dati esperto aiuterebbe le aziende a fare ci\u00f2 che sono effettivamente tenute a fare: prendere decisioni critiche e intraprendere le azioni necessarie che causano la crescita dell&#8217;azienda e contribuiscono alle entrate.<\/p>\n\n\n\n<p><b>I dati sono organizzati e archiviati in modo sicuro<\/b><\/p>\n\n\n\n<p><span style=\"font-weight: 400;\">I servizi di elaborazione dati di alta qualit\u00e0 garantiscono che i dati vengano organizzati e archiviati in modo sicuro. In questo modo si riduce la perdita di dati e si garantisce che i dati siano accessibili per l&#8217;analisi. Senza un&#8217;adeguata elaborazione dei dati, i dati non strutturati possono essere facilmente persi nelle profondit\u00e0 dei database di archiviazione.<\/span><\/p>\n\n\n\n<p>Leggi anche: <a href=\"https:\/\/invest-in-albania.org\/outsourcing\/services\/data-entry\/\" target=\"_blank\" rel=\"noopener\">Data Entry Outsourcing<\/a><br><a href=\"https:\/\/invest-in-albania.org\/outsourcing\/services\/data-entry\/real-estate-data-entry\/\" target=\"_blank\" rel=\"noopener\">Real Estate Data Entry<\/a><br><a href=\"https:\/\/invest-in-albania.org\/outsourcing\/services\/data-conversion-outsourcing\/\" target=\"_blank\" rel=\"noopener\">Data Conversion Outsourcing<\/a><br><a href=\"https:\/\/invest-in-albania.org\/outsourcing\/the-big-role-of-data-and-why-to-outsource-it\/\" target=\"_blank\" rel=\"noopener\">The Big Role of Data and why to Outsource It?<\/a><\/p>\n","protected":false},"excerpt":{"rendered":"<p>Che cos&#8217;\u00e8 l&#8217;elaborazione dei dati? L&#8217;elaborazione dei dati \u00e8 il processo di conversione dei dati grezzi in informazioni significative. La conversione dei dati per raggiungere il risultato finale, ottenere informazioni, passa attraverso diverse fasi. In altre parole, si pu\u00f2 considerare l&#8217;elaborazione delle informazioni. I dati vengono manipolati per produrre risultati che portano alla risoluzione di [&hellip;]<\/p>\n","protected":false},"author":2,"featured_media":41811,"parent":59774,"menu_order":0,"comment_status":"closed","ping_status":"closed","template":"","meta":{"_uag_custom_page_level_css":"","_genesis_hide_title":false,"_genesis_hide_breadcrumbs":false,"_genesis_hide_singular_image":false,"_genesis_hide_footer_widgets":false,"_genesis_custom_body_class":"","_genesis_custom_post_class":"","_genesis_layout":"","_themeisle_gutenberg_block_has_review":false,"footnotes":""},"featured_image_src":"https:\/\/invest-in-albania.org\/wp-content\/uploads\/data-processing.png","featured_image_src_square":"https:\/\/invest-in-albania.org\/wp-content\/uploads\/data-processing.png","uagb_featured_image_src":{"full":["https:\/\/invest-in-albania.org\/wp-content\/uploads\/data-processing.png",1280,1074,false],"thumbnail":["https:\/\/invest-in-albania.org\/wp-content\/uploads\/data-processing-280x195.png",280,195,true],"medium":["https:\/\/invest-in-albania.org\/wp-content\/uploads\/data-processing-300x252.png",300,252,true],"medium_large":["https:\/\/invest-in-albania.org\/wp-content\/uploads\/data-processing-768x644.png",768,644,true],"large":["https:\/\/invest-in-albania.org\/wp-content\/uploads\/data-processing-1024x859.png",1024,859,true],"1536x1536":["https:\/\/invest-in-albania.org\/wp-content\/uploads\/data-processing.png",1280,1074,false],"2048x2048":["https:\/\/invest-in-albania.org\/wp-content\/uploads\/data-processing.png",1280,1074,false],"single-featured-image":["https:\/\/invest-in-albania.org\/wp-content\/uploads\/data-processing.png",459,385,false],"blog-featured-image":["https:\/\/invest-in-albania.org\/wp-content\/uploads\/data-processing.png",346,290,false],"home-featured":["https:\/\/invest-in-albania.org\/wp-content\/uploads\/data-processing.png",380,319,false],"gb-block-post-grid-landscape":["https:\/\/invest-in-albania.org\/wp-content\/uploads\/data-processing.png",477,400,false],"gb-block-post-grid-square":["https:\/\/invest-in-albania.org\/wp-content\/uploads\/data-processing.png",600,503,false]},"uagb_author_info":{"display_name":"Vjollca Shehu","author_link":"https:\/\/invest-in-albania.org\/it\/author\/iia\/"},"uagb_comment_info":0,"uagb_excerpt":"Che cos&#8217;\u00e8 l&#8217;elaborazione dei dati? L&#8217;elaborazione dei dati \u00e8 il processo di conversione dei dati grezzi in informazioni significative. La conversione dei dati per raggiungere il risultato finale, ottenere informazioni, passa attraverso diverse fasi. In altre parole, si pu\u00f2 considerare l&#8217;elaborazione delle informazioni. I dati vengono manipolati per produrre risultati che portano alla risoluzione di&hellip;","_links":{"self":[{"href":"https:\/\/invest-in-albania.org\/it\/wp-json\/wp\/v2\/pages\/59788"}],"collection":[{"href":"https:\/\/invest-in-albania.org\/it\/wp-json\/wp\/v2\/pages"}],"about":[{"href":"https:\/\/invest-in-albania.org\/it\/wp-json\/wp\/v2\/types\/page"}],"author":[{"embeddable":true,"href":"https:\/\/invest-in-albania.org\/it\/wp-json\/wp\/v2\/users\/2"}],"replies":[{"embeddable":true,"href":"https:\/\/invest-in-albania.org\/it\/wp-json\/wp\/v2\/comments?post=59788"}],"version-history":[{"count":1,"href":"https:\/\/invest-in-albania.org\/it\/wp-json\/wp\/v2\/pages\/59788\/revisions"}],"predecessor-version":[{"id":59789,"href":"https:\/\/invest-in-albania.org\/it\/wp-json\/wp\/v2\/pages\/59788\/revisions\/59789"}],"up":[{"embeddable":true,"href":"https:\/\/invest-in-albania.org\/it\/wp-json\/wp\/v2\/pages\/59774"}],"wp:featuredmedia":[{"embeddable":true,"href":"https:\/\/invest-in-albania.org\/it\/wp-json\/wp\/v2\/media\/41811"}],"wp:attachment":[{"href":"https:\/\/invest-in-albania.org\/it\/wp-json\/wp\/v2\/media?parent=59788"}],"curies":[{"name":"wp","href":"https:\/\/api.w.org\/{rel}","templated":true}]}}