{"id":59780,"date":"2024-03-04T10:08:34","date_gmt":"2024-03-04T09:08:34","guid":{"rendered":"https:\/\/invest-in-albania.org\/?page_id=59780"},"modified":"2024-03-04T17:38:13","modified_gmt":"2024-03-04T16:38:13","slug":"outsourcing-del-marketing-online","status":"publish","type":"page","link":"https:\/\/invest-in-albania.org\/it\/servizi-di-outsourcing-bpo\/outsourcing-del-marketing-online\/","title":{"rendered":"Outsourcing del marketing online"},"content":{"rendered":"<div class=\"wp-block-image\">\n<figure class=\"alignright\"><img loading=\"lazy\" decoding=\"async\" width=\"1024\" height=\"838\" src=\"http:\/\/new.invest-in-albania.org\/wp-content\/uploads\/online-marketing-1024x838.jpg\" alt=\"\" class=\"wp-image-40929\" srcset=\"https:\/\/invest-in-albania.org\/wp-content\/uploads\/online-marketing-1024x838.jpg 1024w, https:\/\/invest-in-albania.org\/wp-content\/uploads\/online-marketing-300x245.jpg 300w, https:\/\/invest-in-albania.org\/wp-content\/uploads\/online-marketing-768x628.jpg 768w, https:\/\/invest-in-albania.org\/wp-content\/uploads\/online-marketing-580x474.jpg 580w, https:\/\/invest-in-albania.org\/wp-content\/uploads\/online-marketing-860x703.jpg 860w, https:\/\/invest-in-albania.org\/wp-content\/uploads\/online-marketing-1160x949.jpg 1160w, https:\/\/invest-in-albania.org\/wp-content\/uploads\/online-marketing.jpg 1280w\" sizes=\"(max-width: 1024px) 100vw, 1024px\" \/><\/figure><\/div>\n\n\n<p>Il marketing \u00e8 uno dei pilastri pi\u00f9 importanti di un piano aziendale di successo. \u00c8 in grado di creare un ambiente diversificato per il rapporto prodotto-cliente e per varie strategie innovative in arrivo. Molte aziende nel mercato globale stanno creando una nuova era di outsourcing dei servizi di marketing, per una serie di motivi.<\/p>\n\n\n\n<p>Erik Huberman, esperto di marketing di successo, spiega che la tendenza all&#8217;esternalizzazione dei servizi di marketing \u00e8 importante per raggiungere cicli aziendali veloci. Sottolinea che il ruolo centrale di ogni azienda \u00e8 quello di essere esperta e di lasciare tutto ci\u00f2 che non \u00e8 specializzato nelle mani dei migliori team possibili. Il marketing \u00e8 oggi molto costoso, richiede molto tempo, energia e competenze specifiche nel settore del prodotto. Tuttavia, esternalizzando il programma ad altre aziende specializzate, ci assicuriamo nuove e strategiche partnership con agenzie che offrono molteplici canali professionali.<\/p>\n\n\n\n<h2 class=\"wp-block-heading\">Fattori chiave per iniziare a esternalizzare il reparto marketing<\/h2>\n\n\n\n<p>Huberman ha messo in luce quattro vantaggi specifici dell&#8217;esternalizzazione delle operazioni di marketing ad altri specialisti terzi:<\/p>\n\n\n\n<p><strong>Costo finanziario<\/strong><br>\u2022 \u00c8 efficiente dal punto di vista dei costi non investire nella creazione di un intero reparto marketing, in cui potrebbero mancare molte funzionalit\u00e0 in quanto non si \u00e8 specialisti del settore, mentre l&#8217;assunzione di un&#8217;agenzia di outsourcing ridurr\u00e0 non solo i costi salariali dei vostri dipendenti, ma anche il loro investimento nel valore aggiunto del capitale umano.<br><br><strong>Accesso<\/strong><br>\u2022 Even after outsourcing your marketing department, you have full access to your data, learnings also, with no extra fees hidden.<br><br><strong>Tempo<br><\/strong>\u2022 Il tempo \u00e8 denaro, quindi affidando agli specialisti i compiti che conoscono a menadito si evita di assumere qualcuno come dipendente interno dell&#8217;azienda.<br><br><strong>Esperienza<\/strong><br>\u2022 Il team di prodotto principale acquisir\u00e0 molta esperienza dalle agenzie di outsourcing e incontrer\u00e0 nuove opportunit\u00e0.\nAttivit\u00e0 di marketing in outsourcing.<br>Marketing Outsourced Activities<\/p>\n\n\n\n<p>Diversi tipi di funzioni nel campo del marketing sono gestiti da partner di outsourcing in paesi offshore o da altre agenzie locali di terzi all&#8217;interno dei confini dello Stato. Alcuni di questi servizi, pubblicati nella prestigiosa<a href=\"https:\/\/hbr.org\/magazine\" rel=\"noopener\">Harvard Business School magazine<\/a> sono:<br><br><strong>Operazioni<\/strong><br>\u2022 Gestione del sito web<br>\u2022 Centri di contatto o call center<br>\u2022 Gestione dei database<br>\u2022 Gestione del programma e controllo delle e-mail<br><br><strong>Sviluppo del programma<\/strong><br>\u2022 Gestione dei lead<br>\u2022 Campagna di sviluppo della leadership<br>\u2022 Progettazione integrata del programma<br><strong><br>Analisi dei dati<\/strong><br>\u2022 Analisi delle prestazioni<br>\u2022 Analisi del marchio e del prodotto<br>\u2022 Comportamento del consumatore<br><br><strong>Esperienza del cliente<br><\/strong>\u2022 Diversa gestione dell&#8217;esperienza del cliente<\/p>\n\n\n\n<p>La rivista Harvard Business School spiega anche i fattori pi\u00f9 importanti dell&#8217;intero processo. Due sono i motivi pi\u00f9 importanti per ricorrere all&#8217;outsourcing: il primo \u00e8 che si pu\u00f2 risparmiare denaro e migliorare la qualit\u00e0 del prodotto. Una delle pi\u00f9 grandi societ\u00e0 di consegna degli Stati Uniti, American Express, ha migliorato il servizio clienti e tagliato fino al 30% del costo per ogni cliente consegnando le operazioni di call center in India. In secondo luogo, con l&#8217;outsourcing le aziende e le organizzazioni possono fornire una professionalit\u00e0 di marketing essenziale per il cervello sinistro. La gestione dei database dei clienti e l&#8217;analisi della gestione dei prodotti sono le caratteristiche pi\u00f9 importanti di questo secondo aspetto.<\/p>\n\n\n\n<p>In conclusione, l&#8217;esternalizzazione dei servizi di marketing \u00e8 una decisione importante per ogni azienda, perch\u00e9 pu\u00f2 avere esiti molto positivi, ma pu\u00f2 trasformarsi in un serio problema se si collabora con agenzie non professionali. Finch\u00e9 troverete delle mani esperte per portare avanti i servizi parziali della vostra azienda, ci saranno sempre dei risultati e dei punti di successo. La ricerca sul campo incoraggia l&#8217;outsourcing perch\u00e9 ha aumentato le entrate nei bilanci delle aziende, soprattutto quando si tratta di servizi senza tecnicismi come azione principale.<\/p>\n","protected":false},"excerpt":{"rendered":"<p>Il marketing \u00e8 uno dei pilastri pi\u00f9 importanti di un piano aziendale di successo. \u00c8 in grado di creare un ambiente diversificato per il rapporto prodotto-cliente e per varie strategie innovative in arrivo. Molte aziende nel mercato globale stanno creando una nuova era di outsourcing dei servizi di marketing, per una serie di motivi. Erik [&hellip;]<\/p>\n","protected":false},"author":2,"featured_media":40932,"parent":59672,"menu_order":7,"comment_status":"closed","ping_status":"closed","template":"","meta":{"_uag_custom_page_level_css":"","_genesis_hide_title":false,"_genesis_hide_breadcrumbs":false,"_genesis_hide_singular_image":false,"_genesis_hide_footer_widgets":false,"_genesis_custom_body_class":"","_genesis_custom_post_class":"","_genesis_layout":"","_themeisle_gutenberg_block_has_review":false,"footnotes":""},"featured_image_src":"https:\/\/invest-in-albania.org\/wp-content\/uploads\/online-marketing.jpg","featured_image_src_square":"https:\/\/invest-in-albania.org\/wp-content\/uploads\/online-marketing.jpg","uagb_featured_image_src":{"full":["https:\/\/invest-in-albania.org\/wp-content\/uploads\/online-marketing.jpg",1280,1047,false],"thumbnail":["https:\/\/invest-in-albania.org\/wp-content\/uploads\/online-marketing-280x195.jpg",280,195,true],"medium":["https:\/\/invest-in-albania.org\/wp-content\/uploads\/online-marketing-300x245.jpg",300,245,true],"medium_large":["https:\/\/invest-in-albania.org\/wp-content\/uploads\/online-marketing-768x628.jpg",768,628,true],"large":["https:\/\/invest-in-albania.org\/wp-content\/uploads\/online-marketing-1024x838.jpg",1024,838,true],"1536x1536":["https:\/\/invest-in-albania.org\/wp-content\/uploads\/online-marketing.jpg",1280,1047,false],"2048x2048":["https:\/\/invest-in-albania.org\/wp-content\/uploads\/online-marketing.jpg",1280,1047,false],"single-featured-image":["https:\/\/invest-in-albania.org\/wp-content\/uploads\/online-marketing.jpg",471,385,false],"blog-featured-image":["https:\/\/invest-in-albania.org\/wp-content\/uploads\/online-marketing.jpg",355,290,false],"home-featured":["https:\/\/invest-in-albania.org\/wp-content\/uploads\/online-marketing.jpg",380,311,false],"gb-block-post-grid-landscape":["https:\/\/invest-in-albania.org\/wp-content\/uploads\/online-marketing.jpg",489,400,false],"gb-block-post-grid-square":["https:\/\/invest-in-albania.org\/wp-content\/uploads\/online-marketing.jpg",600,491,false]},"uagb_author_info":{"display_name":"Vjollca Shehu","author_link":"https:\/\/invest-in-albania.org\/it\/author\/iia\/"},"uagb_comment_info":0,"uagb_excerpt":"Il marketing \u00e8 uno dei pilastri pi\u00f9 importanti di un piano aziendale di successo. \u00c8 in grado di creare un ambiente diversificato per il rapporto prodotto-cliente e per varie strategie innovative in arrivo. Molte aziende nel mercato globale stanno creando una nuova era di outsourcing dei servizi di marketing, per una serie di motivi. Erik&hellip;","_links":{"self":[{"href":"https:\/\/invest-in-albania.org\/it\/wp-json\/wp\/v2\/pages\/59780"}],"collection":[{"href":"https:\/\/invest-in-albania.org\/it\/wp-json\/wp\/v2\/pages"}],"about":[{"href":"https:\/\/invest-in-albania.org\/it\/wp-json\/wp\/v2\/types\/page"}],"author":[{"embeddable":true,"href":"https:\/\/invest-in-albania.org\/it\/wp-json\/wp\/v2\/users\/2"}],"replies":[{"embeddable":true,"href":"https:\/\/invest-in-albania.org\/it\/wp-json\/wp\/v2\/comments?post=59780"}],"version-history":[{"count":2,"href":"https:\/\/invest-in-albania.org\/it\/wp-json\/wp\/v2\/pages\/59780\/revisions"}],"predecessor-version":[{"id":59784,"href":"https:\/\/invest-in-albania.org\/it\/wp-json\/wp\/v2\/pages\/59780\/revisions\/59784"}],"up":[{"embeddable":true,"href":"https:\/\/invest-in-albania.org\/it\/wp-json\/wp\/v2\/pages\/59672"}],"wp:featuredmedia":[{"embeddable":true,"href":"https:\/\/invest-in-albania.org\/it\/wp-json\/wp\/v2\/media\/40932"}],"wp:attachment":[{"href":"https:\/\/invest-in-albania.org\/it\/wp-json\/wp\/v2\/media?parent=59780"}],"curies":[{"name":"wp","href":"https:\/\/api.w.org\/{rel}","templated":true}]}}