{"id":59774,"date":"2024-03-02T16:41:09","date_gmt":"2024-03-02T15:41:09","guid":{"rendered":"https:\/\/invest-in-albania.org\/?page_id=59774"},"modified":"2024-03-02T16:41:15","modified_gmt":"2024-03-02T15:41:15","slug":"outsourcing-dellinserimento-dati","status":"publish","type":"page","link":"https:\/\/invest-in-albania.org\/it\/servizi-di-outsourcing-bpo\/outsourcing-dellinserimento-dati\/","title":{"rendered":"Outsourcing dell&#8217;inserimento dati"},"content":{"rendered":"\n<figure class=\"wp-block-image size-full\"><img loading=\"lazy\" decoding=\"async\" width=\"800\" height=\"800\" src=\"https:\/\/invest-in-albania.org\/wp-content\/uploads\/data-entry.png\" alt=\"Data Entry Outsourcing Cover Image\" class=\"wp-image-44748\" srcset=\"https:\/\/invest-in-albania.org\/wp-content\/uploads\/data-entry.png 800w, https:\/\/invest-in-albania.org\/wp-content\/uploads\/data-entry-300x300.png 300w, https:\/\/invest-in-albania.org\/wp-content\/uploads\/data-entry-768x768.png 768w, https:\/\/invest-in-albania.org\/wp-content\/uploads\/data-entry-600x600.png 600w\" sizes=\"(max-width: 800px) 100vw, 800px\" \/><\/figure>\n\n\n\n<h2 class=\"wp-block-heading\">Il potere dei dati<\/h2>\n\n\n\n<p>I dati sono essenziali per le operazioni commerciali e ogni imprenditore di successo lo sa. Anche una startup composta da una sola persona pu\u00f2 generare dati preziosi. I dati aiutano non solo a gestire le varie operazioni, ma anche a capire i mercati e i clienti e a prendere decisioni. Pertanto, i dati devono essere precisi e reperibili. Tutte le aziende attive da pi\u00f9 di un anno, che hanno una presenza online attraverso un sito web o i social media o che hanno informazioni dai propri clienti possono utilizzare i dati per incrementare la crescita aziendale.<\/p>\n\n\n\n<p>Poich\u00e9 si tratta di un processo che contiene documenti vitali per qualsiasi azienda e il loro mantenimento \u00e8 fondamentale per l&#8217;esecuzione delle transazioni, il processo decisionale e l&#8217;assistenza ai clienti, le piccole e grandi imprese decidono di collaborare con societ\u00e0 che forniscono servizi professionali di inserimento dati.<\/p>\n\n\n\n<h3 class=\"wp-block-heading\"><strong>Le mansioni di inserimento dati comprendono principalmente:<\/strong><\/h3>\n\n\n\n<p>Trasferimento di informazioni dalla carta, come documenti scannerizzati, immagini, cataloghi, a file di computer o database;<br>Dattilografia di dati raccolti direttamente dai clienti;<br>Creazione di fogli di calcolo accurati con un grande volume di cifre.<\/p>\n\n\n\n<p>Per eseguire tutti questi processi attraverso la digitazione manuale \u00e8 necessaria una manodopera professionale. L&#8217;inserimento dei dati \u00e8 un lavoro eccellente per i lavoratori a distanza, mentre per le aziende che cercano una forza lavoro superiore a quella di una singola persona, le societ\u00e0 di outsourcing sono l&#8217;opzione migliore.<\/p>\n\n\n\n<h2 class=\"wp-block-heading\">Inserimento dati online e offline<\/h2>\n\n\n\n<p>L&#8217;inserimento di dati si divide in due categorie principali: l&#8217;inserimento di dati online e offline. La connessione a Internet \u00e8 l&#8217;elemento che fa la differenza tra queste due categorie. \u00c8 necessaria per accedere al database o all&#8217;archivio in cui sono memorizzate le informazioni.<\/p>\n\n\n\n<p>Le informazioni possono essere raccolte da fonti online o da copie cartacee\/morbide e archiviate in un database o in un archivio che necessita di una connessione a Internet per essere consultato. Gli addetti a queste mansioni possono gestire diversi processi come la digitazione, l&#8217;estrazione di dati, la pulizia, l&#8217;estrazione di dati e la ricerca online. In Albania, i principali utilizzi dell&#8217;inserimento dati online comprendono l&#8217;inserimento di informazioni sui prodotti nei siti web di e-commerce, la compilazione di moduli online, l&#8217;annotazione e l&#8217;etichettatura di dati online, l&#8217;etichettatura di immagini, l&#8217;aggiornamento del CRM, ecc.<\/p>\n\n\n\n<p>L&#8217;inserimento di dati online \u00e8 stato utilizzato per la prima volta negli Stati Uniti nel 1960, soprattutto per scopi governativi e militari. I vantaggi dell&#8217;inserimento dati online sono legati ai costi ridotti sia per le aziende che per i clienti, alla facilit\u00e0 di reperimento delle informazioni, alla migliore gestione dei database e alla tecnologia.<\/p>\n\n\n\n<p><strong>Inserimento dati offline<\/strong><\/p>\n\n\n\n<p>I servizi di inserimento dati offline sono necessari per tutte le aziende che hanno bisogno di aggiornare le informazioni in moduli o database offline o di acquisire dati da fonti diverse come moduli, rapporti, documenti vari e inserirli in formati di file offline. I servizi di inserimento dati offline pi\u00f9 comuni includono:<\/p>\n\n\n\n<ul>\n<li>Inserimento di biglietti da visita<\/li>\n\n\n\n<li>Compilazione ed elaborazione di moduli<\/li>\n\n\n\n<li>Acquisizione dati<\/li>\n\n\n\n<li>Inserimento di reclami assicurativi, etichette, e-book<\/li>\n\n\n\n<li>Moduli fiscali<\/li>\n\n\n\n<li>Sondaggi<\/li>\n\n\n\n<li>Fatture e ricevute<\/li>\n<\/ul>\n\n\n\n<h3 class=\"wp-block-heading\">Alcuni dei servizi maggiormente esternalizzati di inserimento dati online e offline sono:<\/h3>\n\n\n\n<ul>\n<li>Fatturazione medica<\/li>\n\n\n\n<li>Inserimento dati in Excel<\/li>\n\n\n\n<li>Inserimento dei sinistri assicurativi<\/li>\n\n\n\n<li>Immissione dati in PDF<\/li>\n\n\n\n<li>Inserimento dati in Excel<\/li>\n\n\n\n<li>Inserimento in MS Access<\/li>\n\n\n\n<li>Immissione dei dati del sondaggio<\/li>\n\n\n\n<li>Inserimento a mano<\/li>\n\n\n\n<li>Inserimento dei dati del catalogo<\/li>\n\n\n\n<li>Elaborazione dell&#8217;ordine<\/li>\n\n\n\n<li>Inserimento dati immagine<\/li>\n<\/ul>\n\n\n\n<p>Le aziende che necessitano di molta documentazione cartacea hanno la necessit\u00e0 di affidare parte dell&#8217;inserimento dati a partner terzi. L&#8217;intero processo richiede molto tempo e lavoro, quindi le aziende hanno deciso di uscire dai limiti amministrativi dell&#8217;azienda e di trasferire la responsabilit\u00e0 al settore specifico dell&#8217;inserimento dati. Contabilit\u00e0, economia, statistica, astrazione e indicizzazione, estrazione di dati e digitalizzazione di documenti.<\/p>\n\n\n\n<h2 class=\"wp-block-heading\">Perch\u00e9 le aziende decidono di esternalizzare l&#8217;inserimento dei dati<\/h2>\n\n\n\n<p>Per dare risalto ai vantaggi pi\u00f9 importanti dell&#8217;outsourcing, ecco alcuni di essi. Naturalmente, questi non sono tutti i vantaggi:<\/p>\n\n\n\n<ul>\n<li>Accesso attraverso un ampio bacino di manodopera qualificata, processi e tecnologia<\/li>\n\n\n\n<li>Riduce i costi di capitale dell&#8217;infrastruttura<\/li>\n\n\n\n<li>Lasciando il tempo di concentrarsi sulle attivit\u00e0 principali della vostra azienda.<\/li>\n\n\n\n<li>Garantire la massima precisione e servizi di alta qualit\u00e0<\/li>\n\n\n\n<li>Tempi rapidi per l&#8217;inserimento dei dati<\/li>\n\n\n\n<li>Schema di prezzo vantaggioso che riduce al minimo i costi di budget<\/li>\n\n\n\n<li>Risparmiate il 60% sui costi operativi<\/li>\n\n\n\n<li>Procedere con normative rapide e soddisfazione dei consumatori<\/li>\n\n\n\n<li>Back-up e emergenza<\/li>\n\n\n\n<li>Know-how e supporto<\/li>\n\n\n\n<li>Precisione<\/li>\n\n\n\n<li>Utilizzo di tecnologie e software avanzati<\/li>\n\n\n\n<li>Sicurezza dei dati<\/li>\n<\/ul>\n\n\n\n<h2 class=\"wp-block-heading\">L&#8217;outsourcing dell&#8217;inserimento dati non \u00e8 uguale dappertutto<\/h2>\n\n\n\n<p>L&#8217;outsourcing dell&#8217;inserimento dei dati non sar\u00e0 lo stesso per ogni azienda che assumerete perch\u00e9 tutte danno indicazioni diverse e consigli per la gestione dei processi per il loro lavoro. In altre parole, le diverse aziende attuano politiche diverse per mantenere il corso del loro lavoro, e forniscono anche diversi servizi in base alla capacit\u00e0 dell&#8217;azienda che li richiede. Dando credito alle societ\u00e0 di outsourcing per la condivisione di alcuni lavori nell&#8217;organizzazione, ci sar\u00e0 spazio e produttivit\u00e0 per l&#8217;intera organizzazione.<\/p>\n\n\n\n<p>Parlando in termini reali, non c&#8217;\u00e8 bisogno di personale e nemmeno di dipartimenti aggiuntivi organizzati per occuparsi di enormi &#8220;montagne&#8221; di scartoffie, calcoli e gestione dei dati ogni giorno, ma al loro posto le aziende devono affidarsi a esperti e forza lavoro dedicata.<\/p>\n\n\n\n<p>L&#8217;inserimento dei dati \u00e8 un processo che richiede molta responsabilit\u00e0 e fiducia per una relazione come quella tra consumatore e prodotto e viceversa, per cui deve essere aggiunto con decisione alle liste importanti. \u00c8 un&#8217;opportunit\u00e0 preziosa, un utile regalo di questo nuovo millennio, per le aziende e le organizzazioni, avere la possibilit\u00e0 di avere molteplici possibilit\u00e0 di scegliere i loro lavori di gruppo al di fuori dei loro edifici amministrativi.<\/p>\n\n\n\n<p>In questo modo, il mercato mondiale sta diventando enormemente &#8220;senza fili&#8221; per le risorse che si vogliono esplorare per i propri benefici, per i benefici della societ\u00e0 mondiale. Al giorno d&#8217;oggi, pensare e agire a livello locale \u00e8 di corto respiro, mentre l&#8217;intera societ\u00e0 sta diventando globale.<\/p>\n\n\n\n<h2 class=\"wp-block-heading\">Dove esternalizzare l&#8217;inserimento dati?<\/h2>\n\n\n\n<p>La risposta a questa domanda \u00e8 soggettiva, poich\u00e9 tutto dipende dalle esigenze specifiche del venditore. L&#8217;ubicazione, le fasce orarie, l&#8217;economicit\u00e0, l&#8217;esperienza del fornitore, le certificazioni, l&#8217;infrastruttura e il know-how possono essere tra le principali considerazioni da fare quando si cerca un fornitore di servizi professionali di inserimento dati. D&#8217;altra parte, questi servizi non richiedono spesso una forza lavoro altamente qualificata. Le competenze chiave per un impiegato addetto all&#8217;inserimento dei dati comprendono la conoscenza di base del software, una buona scrittura e comunicazione, pazienza e concentrazione e buone capacit\u00e0 di battitura.<\/p>\n\n\n\n<p>Se siete alla ricerca di un partner affidabile per l&#8217;outsourcing dei servizi di inserimento dati, le aziende albanesi possono essere una scelta ottimale per voi. Garantiscono un servizio di alta qualit\u00e0 al miglior prezzo rispetto ad altri Paesi europei. Se desiderate maggiori informazioni, compilate il modulo sottostante.<\/p>\n\n\n\n<p>Leggi anche: <a href=\"https:\/\/invest-in-albania.org\/outsourcing\/services\/data-entry\/real-estate-data-entry\/\" target=\"_blank\" rel=\"noopener\">Real Estate Data Entry<\/a><br><a href=\"https:\/\/invest-in-albania.org\/outsourcing\/services\/data-conversion-outsourcing\/\" target=\"_blank\" rel=\"noopener\">Data Conversion Outsourcing<\/a><br><a href=\"https:\/\/invest-in-albania.org\/outsourcing\/the-big-role-of-data-and-why-to-outsource-it\/\" target=\"_blank\" rel=\"noopener\">The Big Role of Data and why to Outsource It?<\/a><br><a href=\"https:\/\/invest-in-albania.org\/outsourcing\/services\/data-entry\/data-processing-outsourcing\/\" target=\"_blank\" rel=\"noopener\">Data Processing Outsourcing<\/a><\/p>\n","protected":false},"excerpt":{"rendered":"<p>Il potere dei dati I dati sono essenziali per le operazioni commerciali e ogni imprenditore di successo lo sa. Anche una startup composta da una sola persona pu\u00f2 generare dati preziosi. I dati aiutano non solo a gestire le varie operazioni, ma anche a capire i mercati e i clienti e a prendere decisioni. Pertanto, [&hellip;]<\/p>\n","protected":false},"author":2,"featured_media":44751,"parent":59672,"menu_order":6,"comment_status":"closed","ping_status":"closed","template":"","meta":{"_uag_custom_page_level_css":"","_genesis_hide_title":false,"_genesis_hide_breadcrumbs":false,"_genesis_hide_singular_image":false,"_genesis_hide_footer_widgets":false,"_genesis_custom_body_class":"","_genesis_custom_post_class":"","_genesis_layout":"","_themeisle_gutenberg_block_has_review":false,"footnotes":""},"featured_image_src":"https:\/\/invest-in-albania.org\/wp-content\/uploads\/data-entry-600x400.png","featured_image_src_square":"https:\/\/invest-in-albania.org\/wp-content\/uploads\/data-entry-600x600.png","uagb_featured_image_src":{"full":["https:\/\/invest-in-albania.org\/wp-content\/uploads\/data-entry.png",800,800,false],"thumbnail":["https:\/\/invest-in-albania.org\/wp-content\/uploads\/data-entry-280x195.png",280,195,true],"medium":["https:\/\/invest-in-albania.org\/wp-content\/uploads\/data-entry-300x300.png",300,300,true],"medium_large":["https:\/\/invest-in-albania.org\/wp-content\/uploads\/data-entry-768x768.png",768,768,true],"large":["https:\/\/invest-in-albania.org\/wp-content\/uploads\/data-entry.png",800,800,false],"1536x1536":["https:\/\/invest-in-albania.org\/wp-content\/uploads\/data-entry.png",800,800,false],"2048x2048":["https:\/\/invest-in-albania.org\/wp-content\/uploads\/data-entry.png",800,800,false],"single-featured-image":["https:\/\/invest-in-albania.org\/wp-content\/uploads\/data-entry-800x385.png",800,385,true],"blog-featured-image":["https:\/\/invest-in-albania.org\/wp-content\/uploads\/data-entry-680x290.png",680,290,true],"home-featured":["https:\/\/invest-in-albania.org\/wp-content\/uploads\/data-entry-380x570.png",380,570,true],"gb-block-post-grid-landscape":["https:\/\/invest-in-albania.org\/wp-content\/uploads\/data-entry-600x400.png",600,400,true],"gb-block-post-grid-square":["https:\/\/invest-in-albania.org\/wp-content\/uploads\/data-entry-600x600.png",600,600,true]},"uagb_author_info":{"display_name":"Vjollca Shehu","author_link":"https:\/\/invest-in-albania.org\/it\/author\/iia\/"},"uagb_comment_info":0,"uagb_excerpt":"Il potere dei dati I dati sono essenziali per le operazioni commerciali e ogni imprenditore di successo lo sa. Anche una startup composta da una sola persona pu\u00f2 generare dati preziosi. I dati aiutano non solo a gestire le varie operazioni, ma anche a capire i mercati e i clienti e a prendere decisioni. Pertanto,&hellip;","_links":{"self":[{"href":"https:\/\/invest-in-albania.org\/it\/wp-json\/wp\/v2\/pages\/59774"}],"collection":[{"href":"https:\/\/invest-in-albania.org\/it\/wp-json\/wp\/v2\/pages"}],"about":[{"href":"https:\/\/invest-in-albania.org\/it\/wp-json\/wp\/v2\/types\/page"}],"author":[{"embeddable":true,"href":"https:\/\/invest-in-albania.org\/it\/wp-json\/wp\/v2\/users\/2"}],"replies":[{"embeddable":true,"href":"https:\/\/invest-in-albania.org\/it\/wp-json\/wp\/v2\/comments?post=59774"}],"version-history":[{"count":1,"href":"https:\/\/invest-in-albania.org\/it\/wp-json\/wp\/v2\/pages\/59774\/revisions"}],"predecessor-version":[{"id":59775,"href":"https:\/\/invest-in-albania.org\/it\/wp-json\/wp\/v2\/pages\/59774\/revisions\/59775"}],"up":[{"embeddable":true,"href":"https:\/\/invest-in-albania.org\/it\/wp-json\/wp\/v2\/pages\/59672"}],"wp:featuredmedia":[{"embeddable":true,"href":"https:\/\/invest-in-albania.org\/it\/wp-json\/wp\/v2\/media\/44751"}],"wp:attachment":[{"href":"https:\/\/invest-in-albania.org\/it\/wp-json\/wp\/v2\/media?parent=59774"}],"curies":[{"name":"wp","href":"https:\/\/api.w.org\/{rel}","templated":true}]}}