{"id":59766,"date":"2024-03-02T10:51:35","date_gmt":"2024-03-02T09:51:35","guid":{"rendered":"https:\/\/invest-in-albania.org\/?page_id=59766"},"modified":"2024-03-02T10:51:40","modified_gmt":"2024-03-02T09:51:40","slug":"outsourcing-di-sviluppo-software-e-web","status":"publish","type":"page","link":"https:\/\/invest-in-albania.org\/it\/servizi-di-outsourcing-bpo\/outsourcing-di-sviluppo-software-e-web\/","title":{"rendered":"Outsourcing di sviluppo software e web"},"content":{"rendered":"\n<p>Una delle nuove tendenze in crescita dell&#8217;outsourcing \u00e8 rappresentata dallo sviluppo web e software. Questi due diversi processi hanno creato una nuova prospettiva per le agenzie di outsourcing. Le aziende specializzate, che operano in diversi angoli del mondo, hanno sviluppato la loro offerta di servizi a livello internazionale e hanno costruito una rete in cui numerose aziende interessate allo sviluppo web, al di fuori dei confini nazionali, forniscono i loro servizi necessari. Creare una partnership di fiducia per servizi che hanno un enorme impatto sul futuro della vostra attivit\u00e0 \u00e8 l&#8217;azione principale che ogni azienda deve compiere fin dall&#8217;inizio. \u00c8 necessario effettuare una ricerca professionale su tre aspetti distinti: perch\u00e9, dove e a chi dare la responsabilit\u00e0 del servizio.<\/p>\n\n\n\n<p>Tuttavia, i servizi che non soffrono di una lunga distanza tra le imprese che cooperano, come lo sviluppo di web e software, possono stabilire relazioni vantaggiose a lungo termine a seconda dei servizi appaltati. Esistono importanti contratti di cooperazione in outsourcing per lo sviluppo web e software:<br>\u2022 Fornitura di servizi a tempo indeterminato, quando i contratti sono esterni all&#8217;azienda ma con prospettiva di filiale a vita<br>\u2022 Temporary service provides, when contracts are made for periodic terms, depending on the company portfolio<br>\u2022 Fornitura di servizi una tantum, quando i contratti vengono stipulati per servizi una volta sola e mai pi\u00f9.<\/p>\n\n\n\n<p>Le ragioni pi\u00f9 importanti per esternalizzare questi servizi sono enormi in proporzione alla capacit\u00e0 delle aziende di controllare il budget. Le esperienze di tutte le aziende che hanno deciso di esternalizzare lo sviluppo del web e del software in paesi e agenzie che sono professionalmente orientati verso questi settori specifici sono estremamente positive. Secondo un articolo del WallStreet Journal, l&#8217;outsourcing \u00e8 un bene per l&#8217;America, perch\u00e9 questo processo porta numerosi benefici che danno fiato all&#8217;economia aziendale. Paul Craig Roberts, ex funzionario del Tesoro dell&#8217;amministrazione Reagan ed economista del lato dell&#8217;offerta, si oppone ai noti contradditori dell&#8217;outsourcing, i signori Roberts e Schumer, sottolineando la grande importanza che questo processo ha nell&#8217;economia dello Stato americano, a parte i problemi dei lavoratori sfollati.<\/p>\n\n\n\n<p>Tipi di servizi di sviluppo web e software in outsourcing.<\/p>\n\n\n\n<p>Alcuni dei servizi pi\u00f9 esternalizzati nello sviluppo web e software sono:<\/p>\n\n\n\n<ul>\n<li>Siti web di e-commerce, compresi quelli B2C e B2B<\/li>\n\n\n\n<li>Sistemi CRM che hanno integrato applicazioni web e servizi online<\/li>\n\n\n\n<li>Servizi di sviluppo clienti per applicazioni online<\/li>\n\n\n\n<li>Siti web e sistemi di contabilit\u00e0 integrati<\/li>\n\n\n\n<li>Funzioni organizzative e media digitali<\/li>\n\n\n\n<li>Servizi di backend e frontend<\/li>\n\n\n\n<li>Gestione degli eventi e personalizzazione del calendario<\/li>\n\n\n\n<li>EIP (Portali informativi aziendali)<\/li>\n\n\n\n<li>Apprendimento elettronico in un software o in un sito web<\/li>\n\n\n\n<li>Statistiche e analisi online<\/li>\n\n\n\n<li>Difficolt\u00e0 tecniche e di apprendimento<\/li>\n\n\n\n<li>Innovazione di nuove tecnologie<\/li>\n<\/ul>\n\n\n\n<p>I migliori servizi di sviluppo web e software in outsourcing migliorano la qualit\u00e0 dell&#8217;azienda perch\u00e9 raggiungono le migliori agenzie di cooperazione in tutto il mondo. Inoltre, indica al cliente le migliori opportunit\u00e0 sul mercato. In questo sistema capitalistico competitivo, il tempo e il denaro sono i due beni pi\u00f9 importanti del mercato, eppure entrambi sono indirettamente violati dalle aziende che non si dedicano all&#8217;outsourcing, soprattutto nei servizi che non richiedono rischi o collaborazioni difficili.<\/p>\n","protected":false},"excerpt":{"rendered":"<p>Una delle nuove tendenze in crescita dell&#8217;outsourcing \u00e8 rappresentata dallo sviluppo web e software. Questi due diversi processi hanno creato una nuova prospettiva per le agenzie di outsourcing. Le aziende specializzate, che operano in diversi angoli del mondo, hanno sviluppato la loro offerta di servizi a livello internazionale e hanno costruito una rete in cui [&hellip;]<\/p>\n","protected":false},"author":2,"featured_media":0,"parent":59672,"menu_order":5,"comment_status":"closed","ping_status":"closed","template":"","meta":{"_uag_custom_page_level_css":"","_genesis_hide_title":false,"_genesis_hide_breadcrumbs":false,"_genesis_hide_singular_image":false,"_genesis_hide_footer_widgets":false,"_genesis_custom_body_class":"","_genesis_custom_post_class":"","_genesis_layout":"","_themeisle_gutenberg_block_has_review":false,"footnotes":""},"featured_image_src":null,"featured_image_src_square":null,"uagb_featured_image_src":{"full":false,"thumbnail":false,"medium":false,"medium_large":false,"large":false,"1536x1536":false,"2048x2048":false,"single-featured-image":false,"blog-featured-image":false,"home-featured":false,"gb-block-post-grid-landscape":false,"gb-block-post-grid-square":false},"uagb_author_info":{"display_name":"Vjollca Shehu","author_link":"https:\/\/invest-in-albania.org\/it\/author\/iia\/"},"uagb_comment_info":0,"uagb_excerpt":"Una delle nuove tendenze in crescita dell&#8217;outsourcing \u00e8 rappresentata dallo sviluppo web e software. Questi due diversi processi hanno creato una nuova prospettiva per le agenzie di outsourcing. Le aziende specializzate, che operano in diversi angoli del mondo, hanno sviluppato la loro offerta di servizi a livello internazionale e hanno costruito una rete in cui&hellip;","_links":{"self":[{"href":"https:\/\/invest-in-albania.org\/it\/wp-json\/wp\/v2\/pages\/59766"}],"collection":[{"href":"https:\/\/invest-in-albania.org\/it\/wp-json\/wp\/v2\/pages"}],"about":[{"href":"https:\/\/invest-in-albania.org\/it\/wp-json\/wp\/v2\/types\/page"}],"author":[{"embeddable":true,"href":"https:\/\/invest-in-albania.org\/it\/wp-json\/wp\/v2\/users\/2"}],"replies":[{"embeddable":true,"href":"https:\/\/invest-in-albania.org\/it\/wp-json\/wp\/v2\/comments?post=59766"}],"version-history":[{"count":1,"href":"https:\/\/invest-in-albania.org\/it\/wp-json\/wp\/v2\/pages\/59766\/revisions"}],"predecessor-version":[{"id":59768,"href":"https:\/\/invest-in-albania.org\/it\/wp-json\/wp\/v2\/pages\/59766\/revisions\/59768"}],"up":[{"embeddable":true,"href":"https:\/\/invest-in-albania.org\/it\/wp-json\/wp\/v2\/pages\/59672"}],"wp:attachment":[{"href":"https:\/\/invest-in-albania.org\/it\/wp-json\/wp\/v2\/media?parent=59766"}],"curies":[{"name":"wp","href":"https:\/\/api.w.org\/{rel}","templated":true}]}}