{"id":59741,"date":"2024-03-01T21:41:22","date_gmt":"2024-03-01T20:41:22","guid":{"rendered":"https:\/\/invest-in-albania.org\/?page_id=59741"},"modified":"2024-03-01T21:50:02","modified_gmt":"2024-03-01T20:50:02","slug":"qual-e-limportanza-dei-servizi-abilitati-dalle-tic","status":"publish","type":"page","link":"https:\/\/invest-in-albania.org\/it\/servizi-di-outsourcing-bpo\/outsourcing-del-supporto-it\/qual-e-limportanza-dei-servizi-abilitati-dalle-tic\/","title":{"rendered":"Qual \u00e8 l&#8217;importanza dei servizi abilitati dalle TIC?"},"content":{"rendered":"<div class=\"wp-block-image\">\n<figure class=\"alignright\"><img loading=\"lazy\" decoding=\"async\" width=\"1024\" height=\"456\" src=\"http:\/\/new.invest-in-albania.org\/wp-content\/uploads\/devops-1024x456.jpg\" alt=\"\" class=\"wp-image-41913\" srcset=\"https:\/\/invest-in-albania.org\/wp-content\/uploads\/devops-1024x456.jpg 1024w, https:\/\/invest-in-albania.org\/wp-content\/uploads\/devops-300x134.jpg 300w, https:\/\/invest-in-albania.org\/wp-content\/uploads\/devops-768x342.jpg 768w, https:\/\/invest-in-albania.org\/wp-content\/uploads\/devops-580x258.jpg 580w, https:\/\/invest-in-albania.org\/wp-content\/uploads\/devops-860x383.jpg 860w, https:\/\/invest-in-albania.org\/wp-content\/uploads\/devops-1160x517.jpg 1160w, https:\/\/invest-in-albania.org\/wp-content\/uploads\/devops.jpg 1280w\" sizes=\"(max-width: 1024px) 100vw, 1024px\" \/><\/figure><\/div>\n\n\n<p><\/p>\n\n\n\n<p>Lo sfruttamento del potenziale dei settori delle tecnologie dell&#8217;informazione e della comunicazione (TIC) per promuovere l&#8217;innovazione e la crescita economica \u00e8 considerato uno dei sette pilastri dell&#8217;Agenda digitale europea. Sono diversi i motivi per cui le TIC sono importanti agli occhi dell&#8217;Unione Europea. Internet e gli investimenti nelle TIC contribuiscono al PIL e alla produttivit\u00e0 e creano pi\u00f9 posti di lavoro. Tuttavia, in Europa manca oltre 1 milione di specialisti in TIC. I servizi basati sulle TIC possono stimolare la crescita economica e l&#8217;occupazione in tutti i Paesi che possono diventare una destinazione di outsourcing nearshore delle TIC per le aziende dell&#8217;UE che hanno bisogno di localizzare i servizi.<br>Essendo un elemento essenziale nel modello di business delle grandi aziende internazionali che operano su scala globale, i servizi basati sulle TIC hanno un ruolo chiave nel definire l&#8217;attrattiva di un Paese come destinazione di outsourcing.<\/p>\n\n\n\n<h3 class=\"wp-block-heading\">Perch\u00e9 le TIC sono importanti?<\/h3>\n\n\n\n<p>Da un punto di vista sociale ed economico, le TIC sono importanti non solo per lo sviluppo economico di un determinato Paese, ma anche per creare migliori opportunit\u00e0 di lavoro e mercati del lavoro innovativi, nonch\u00e9 per costruire capacit\u00e0. Oltre a creare nuovi posti di lavoro, il settore consente ai dipendenti di migliorare le proprie competenze.<br>Tecnicamente parlando, le TIC sono tecnologie di uso generale. Ad oggi, le tecnologie informatiche e l&#8217;elettricit\u00e0 sono le pi\u00f9 importanti e sono utilizzate in tutti i settori e le industrie. Pertanto, le TIC portano cambiamenti sociali, creano pi\u00f9 scelte, aumentano la connettivit\u00e0, sviluppano competenze per un&#8217;economia globalizzata (persino la Corea del Nord esternalizza la propria forza lavoro),<\/p>\n\n\n<h3 class=\"wp-block-heading\">Settori<\/h3>\n\n\n\n\n\n<p>Telecomunicazioni<br>Servizi informatici<br>Servizi di vendita e marketing<br>Servizi di informazione<br>Servizi assicurativi e finanziari<br>Servizi di gestione amministrativa e di back-office, call center<br>Servizi di concessione di licenze<br>Ingegneria<br>Istruzione e formazione<br>Royalties e diritti di licenza<br>Servizi culturali e ricreativi personali<\/p>\n\n\n\n<p>Il potenziale di trasformazione in un centro per l&#8217;outsourcing di servizi IT e ICT?<br>Accesso ai professionisti dell&#8217;ICT<br>Attrattiva finanziaria<br>Capacit\u00e0 e disponibilit\u00e0 delle persone<br>Ambiente commerciale<\/p>\n\n\n\n<h3 class=\"wp-block-heading\">Come utilizzare al meglio le TIC?<\/h3>\n\n\n\n<p>Secondo la Banca Mondiale (BM), ci sono cinque raccomandazioni che i responsabili politici dovrebbero prendere in considerazione per rafforzare il ruolo delle TIC sull&#8217;occupazione e sul cambiamento sociale<\/p>\n\n\n\n<p>HCS: Sistema di capitale umano, ovvero fornire alla forza lavoro le competenze necessarie in materia di TIC.<br>Connettivit\u00e0 onnipresente alle TIC<br>Sistemi finanziari<br>Sistemi sociali<br>Sistemi normativi<\/p>\n","protected":false},"excerpt":{"rendered":"<p>Lo sfruttamento del potenziale dei settori delle tecnologie dell&#8217;informazione e della comunicazione (TIC) per promuovere l&#8217;innovazione e la crescita economica \u00e8 considerato uno dei sette pilastri dell&#8217;Agenda digitale europea. Sono diversi i motivi per cui le TIC sono importanti agli occhi dell&#8217;Unione Europea. Internet e gli investimenti nelle TIC contribuiscono al PIL e alla produttivit\u00e0 [&hellip;]<\/p>\n","protected":false},"author":2,"featured_media":41916,"parent":59733,"menu_order":0,"comment_status":"closed","ping_status":"closed","template":"","meta":{"_uag_custom_page_level_css":"","_genesis_hide_title":false,"_genesis_hide_breadcrumbs":false,"_genesis_hide_singular_image":false,"_genesis_hide_footer_widgets":false,"_genesis_custom_body_class":"","_genesis_custom_post_class":"","_genesis_layout":"","_themeisle_gutenberg_block_has_review":false,"footnotes":""},"featured_image_src":"https:\/\/invest-in-albania.org\/wp-content\/uploads\/devops.jpg","featured_image_src_square":"https:\/\/invest-in-albania.org\/wp-content\/uploads\/devops.jpg","uagb_featured_image_src":{"full":["https:\/\/invest-in-albania.org\/wp-content\/uploads\/devops.jpg",1280,570,false],"thumbnail":["https:\/\/invest-in-albania.org\/wp-content\/uploads\/devops-280x195.jpg",280,195,true],"medium":["https:\/\/invest-in-albania.org\/wp-content\/uploads\/devops-300x134.jpg",300,134,true],"medium_large":["https:\/\/invest-in-albania.org\/wp-content\/uploads\/devops-768x342.jpg",768,342,true],"large":["https:\/\/invest-in-albania.org\/wp-content\/uploads\/devops-1024x456.jpg",1024,456,true],"1536x1536":["https:\/\/invest-in-albania.org\/wp-content\/uploads\/devops.jpg",1280,570,false],"2048x2048":["https:\/\/invest-in-albania.org\/wp-content\/uploads\/devops.jpg",1280,570,false],"single-featured-image":["https:\/\/invest-in-albania.org\/wp-content\/uploads\/devops.jpg",865,385,false],"blog-featured-image":["https:\/\/invest-in-albania.org\/wp-content\/uploads\/devops.jpg",651,290,false],"home-featured":["https:\/\/invest-in-albania.org\/wp-content\/uploads\/devops.jpg",380,169,false],"gb-block-post-grid-landscape":["https:\/\/invest-in-albania.org\/wp-content\/uploads\/devops.jpg",600,267,false],"gb-block-post-grid-square":["https:\/\/invest-in-albania.org\/wp-content\/uploads\/devops.jpg",600,267,false]},"uagb_author_info":{"display_name":"Vjollca Shehu","author_link":"https:\/\/invest-in-albania.org\/it\/author\/iia\/"},"uagb_comment_info":0,"uagb_excerpt":"Lo sfruttamento del potenziale dei settori delle tecnologie dell&#8217;informazione e della comunicazione (TIC) per promuovere l&#8217;innovazione e la crescita economica \u00e8 considerato uno dei sette pilastri dell&#8217;Agenda digitale europea. Sono diversi i motivi per cui le TIC sono importanti agli occhi dell&#8217;Unione Europea. Internet e gli investimenti nelle TIC contribuiscono al PIL e alla produttivit\u00e0&hellip;","_links":{"self":[{"href":"https:\/\/invest-in-albania.org\/it\/wp-json\/wp\/v2\/pages\/59741"}],"collection":[{"href":"https:\/\/invest-in-albania.org\/it\/wp-json\/wp\/v2\/pages"}],"about":[{"href":"https:\/\/invest-in-albania.org\/it\/wp-json\/wp\/v2\/types\/page"}],"author":[{"embeddable":true,"href":"https:\/\/invest-in-albania.org\/it\/wp-json\/wp\/v2\/users\/2"}],"replies":[{"embeddable":true,"href":"https:\/\/invest-in-albania.org\/it\/wp-json\/wp\/v2\/comments?post=59741"}],"version-history":[{"count":3,"href":"https:\/\/invest-in-albania.org\/it\/wp-json\/wp\/v2\/pages\/59741\/revisions"}],"predecessor-version":[{"id":59750,"href":"https:\/\/invest-in-albania.org\/it\/wp-json\/wp\/v2\/pages\/59741\/revisions\/59750"}],"up":[{"embeddable":true,"href":"https:\/\/invest-in-albania.org\/it\/wp-json\/wp\/v2\/pages\/59733"}],"wp:featuredmedia":[{"embeddable":true,"href":"https:\/\/invest-in-albania.org\/it\/wp-json\/wp\/v2\/media\/41916"}],"wp:attachment":[{"href":"https:\/\/invest-in-albania.org\/it\/wp-json\/wp\/v2\/media?parent=59741"}],"curies":[{"name":"wp","href":"https:\/\/api.w.org\/{rel}","templated":true}]}}