{"id":59729,"date":"2024-03-01T21:10:28","date_gmt":"2024-03-01T20:10:28","guid":{"rendered":"https:\/\/invest-in-albania.org\/?page_id=59729"},"modified":"2024-03-01T21:10:33","modified_gmt":"2024-03-01T20:10:33","slug":"i-settori-che-esternalizzano-di-piu","status":"publish","type":"page","link":"https:\/\/invest-in-albania.org\/it\/servizi-di-outsourcing-bpo\/i-settori-che-esternalizzano-di-piu\/","title":{"rendered":"I settori che esternalizzano di pi\u00f9"},"content":{"rendered":"<div class=\"wp-block-image\">\n<figure class=\"aligncenter\"><img loading=\"lazy\" decoding=\"async\" width=\"1024\" height=\"683\" src=\"http:\/\/new.invest-in-albania.org\/wp-content\/uploads\/hotel-1-1024x683.jpg\" alt=\"\" class=\"wp-image-41892\" srcset=\"https:\/\/invest-in-albania.org\/wp-content\/uploads\/hotel-1-1024x683.jpg 1024w, https:\/\/invest-in-albania.org\/wp-content\/uploads\/hotel-1-300x200.jpg 300w, https:\/\/invest-in-albania.org\/wp-content\/uploads\/hotel-1-768x512.jpg 768w, https:\/\/invest-in-albania.org\/wp-content\/uploads\/hotel-1-580x387.jpg 580w, https:\/\/invest-in-albania.org\/wp-content\/uploads\/hotel-1-860x574.jpg 860w, https:\/\/invest-in-albania.org\/wp-content\/uploads\/hotel-1-1160x774.jpg 1160w, https:\/\/invest-in-albania.org\/wp-content\/uploads\/hotel-1.jpg 1280w\" sizes=\"(max-width: 1024px) 100vw, 1024px\" \/><\/figure><\/div>\n\n\n<p>Dalle startup alle grandi aziende, il modello di outsourcing viene applicato come metodo che aiuta l&#8217;organizzazione a crescere e a scalare. Tuttavia, ci sono settori specifici che prevalgono nelle tendenze globali dell&#8217;outsourcing. Le industrie con grandi spese di capitale, grandi volumi di transazioni giornaliere e informazioni esternalizzano maggiormente le loro funzioni aziendali.<br>Oltre ai fattori sopra citati, le industrie che delegano i loro processi aziendali a organizzazioni partner lo fanno per i seguenti motivi:<br>Efficienza dei costi<br>Mancanza di capacit\u00e0 organizzative<br>Concentrazione sulle funzioni principali<br>Accesso a competenze e talenti<\/p>\n\n\n\n<p>I diversi settori industriali fanno i loro calcoli e definiscono quale reparto, se esternalizzato, apporterebbe maggiori benefici alle organizzazioni sia in termini di valore che di efficienza dei costi.<\/p>\n\n\n\n<p><strong>IT<\/strong><br>Le tendenze globali dell&#8217;outsourcing confermano che i servizi IT sono in cima alla lista delle funzioni aziendali esternalizzate. Al giorno d&#8217;oggi, ogni azienda o organizzazione deve incorporare capacit\u00e0 tecnologiche per poter prosperare in mercati altamente competitivi.<\/p>\n\n\n\n<p><strong>Assistenza sanitaria<\/strong><br>L&#8217;outsourcing aiuta il settore sanitario a fornire un&#8217;assistenza di qualit\u00e0 ai pazienti. Il settore non solo affronta le sfide in corso, ma pu\u00f2 anche prevenire i problemi futuri. L&#8217;analisi dei big data sta plasmando il settore sanitario. I dati medici vengono raccolti, archiviati, digitalizzati e condivisi tra professionisti. Le PBO consentono di gestire grandi quantit\u00e0 di dati in modo semplice. Tutti i dati raccolti e gli algoritmi specifici possono fare previsioni sulle condizioni mediche, sul trattamento dei pazienti e sulle cure successive.<\/p>\n\n\n\n<p><strong>I settori dell&#8217;ospitalit\u00e0 e dei viaggi<\/strong><br>Questi due settori sono in rapida crescita grazie alla domanda dei clienti. Allo stesso tempo, la concorrenza \u00e8 in aumento. L&#8217;ambiente di lavoro nel settore dell&#8217;ospitalit\u00e0 e dei viaggi \u00e8 ora caratterizzato dalla connettivit\u00e0 online, dall&#8217;assistenza e dalla comunicazione istantanea. Le BPO aiutano i clienti in vari segmenti del settore, come le prenotazioni, le conferme, la gestione dei reclami, le richieste di informazioni sui bagagli, il rintracciamento, ecc.<\/p>\n\n\n\n<p><strong>Finanza e contabilit\u00e0<\/strong><br>I BPO che si occupano di questi processi comprendono membri del team altamente qualificati e specializzati in contabilit\u00e0, revisione contabile e altre funzioni finanziarie. L&#8217;esperienza ha dimostrato i vantaggi che le aziende ottengono quando queste funzioni non sono gestite internamente.<\/p>\n\n\n\n<p><strong>Legge<\/strong><br>Non tutte le aziende hanno il lusso di occuparsi di un progetto complesso che richiede molto tempo per essere completato. Perch\u00e9 farlo, quando c&#8217;\u00e8 sempre la possibilit\u00e0 di subappaltare i servizi legali a piccole aziende che possono farlo a costi inferiori. I servizi legali comportano spese ingenti quando vengono svolti internamente.<\/p>\n\n\n\n<p><strong>Vendite e marketing<\/strong><br>Questo settore \u00e8 costituito da un mix di talento, tecnologia e pratiche di vendita consolidate. Professionisti dislocati in tutto il mondo si occupano delle esigenze aziendali, supportando le organizzazioni che riorganizzano o espandono i loro dipartimenti di marketing. Marketing digitale, SEO, pubblicit\u00e0, presenza online e gestione dei social media, analisi e ricerca di dati sono un must nei settori di vendita e marketing.<\/p>\n\n\n\n<p>Numerose aziende in tutto il mondo cercano fornitori che si occupino di queste funzioni. Le modalit\u00e0 e i luoghi di ricerca dipendono da requisiti quali l&#8217;ubicazione, il nearshore\/offshore, il fuso orario, l&#8217;affinit\u00e0 culturale, l&#8217;et\u00e0 della forza lavoro, l&#8217;esperienza, il quadro giuridico, ecc. Se siete alla ricerca di una destinazione BPO, l&#8217;Albania pu\u00f2 essere una delle migliori opzioni. Il settore \u00e8 in crescita nel Paese e la vostra azienda potrebbe trarne vantaggio in vari modi.<\/p>\n","protected":false},"excerpt":{"rendered":"<p>Dalle startup alle grandi aziende, il modello di outsourcing viene applicato come metodo che aiuta l&#8217;organizzazione a crescere e a scalare. Tuttavia, ci sono settori specifici che prevalgono nelle tendenze globali dell&#8217;outsourcing. Le industrie con grandi spese di capitale, grandi volumi di transazioni giornaliere e informazioni esternalizzano maggiormente le loro funzioni aziendali.Oltre ai fattori sopra [&hellip;]<\/p>\n","protected":false},"author":2,"featured_media":41895,"parent":59672,"menu_order":3,"comment_status":"closed","ping_status":"closed","template":"","meta":{"_uag_custom_page_level_css":"","_genesis_hide_title":false,"_genesis_hide_breadcrumbs":false,"_genesis_hide_singular_image":false,"_genesis_hide_footer_widgets":false,"_genesis_custom_body_class":"","_genesis_custom_post_class":"","_genesis_layout":"","_themeisle_gutenberg_block_has_review":false,"footnotes":""},"featured_image_src":"https:\/\/invest-in-albania.org\/wp-content\/uploads\/hotel-1.jpg","featured_image_src_square":"https:\/\/invest-in-albania.org\/wp-content\/uploads\/hotel-1.jpg","uagb_featured_image_src":{"full":["https:\/\/invest-in-albania.org\/wp-content\/uploads\/hotel-1.jpg",1280,854,false],"thumbnail":["https:\/\/invest-in-albania.org\/wp-content\/uploads\/hotel-1-280x195.jpg",280,195,true],"medium":["https:\/\/invest-in-albania.org\/wp-content\/uploads\/hotel-1-300x200.jpg",300,200,true],"medium_large":["https:\/\/invest-in-albania.org\/wp-content\/uploads\/hotel-1-768x512.jpg",768,512,true],"large":["https:\/\/invest-in-albania.org\/wp-content\/uploads\/hotel-1-1024x683.jpg",1024,683,true],"1536x1536":["https:\/\/invest-in-albania.org\/wp-content\/uploads\/hotel-1.jpg",1280,854,false],"2048x2048":["https:\/\/invest-in-albania.org\/wp-content\/uploads\/hotel-1.jpg",1280,854,false],"single-featured-image":["https:\/\/invest-in-albania.org\/wp-content\/uploads\/hotel-1.jpg",577,385,false],"blog-featured-image":["https:\/\/invest-in-albania.org\/wp-content\/uploads\/hotel-1.jpg",435,290,false],"home-featured":["https:\/\/invest-in-albania.org\/wp-content\/uploads\/hotel-1.jpg",380,254,false],"gb-block-post-grid-landscape":["https:\/\/invest-in-albania.org\/wp-content\/uploads\/hotel-1.jpg",600,400,false],"gb-block-post-grid-square":["https:\/\/invest-in-albania.org\/wp-content\/uploads\/hotel-1.jpg",600,400,false]},"uagb_author_info":{"display_name":"Vjollca Shehu","author_link":"https:\/\/invest-in-albania.org\/it\/author\/iia\/"},"uagb_comment_info":0,"uagb_excerpt":"Dalle startup alle grandi aziende, il modello di outsourcing viene applicato come metodo che aiuta l&#8217;organizzazione a crescere e a scalare. Tuttavia, ci sono settori specifici che prevalgono nelle tendenze globali dell&#8217;outsourcing. Le industrie con grandi spese di capitale, grandi volumi di transazioni giornaliere e informazioni esternalizzano maggiormente le loro funzioni aziendali.Oltre ai fattori sopra&hellip;","_links":{"self":[{"href":"https:\/\/invest-in-albania.org\/it\/wp-json\/wp\/v2\/pages\/59729"}],"collection":[{"href":"https:\/\/invest-in-albania.org\/it\/wp-json\/wp\/v2\/pages"}],"about":[{"href":"https:\/\/invest-in-albania.org\/it\/wp-json\/wp\/v2\/types\/page"}],"author":[{"embeddable":true,"href":"https:\/\/invest-in-albania.org\/it\/wp-json\/wp\/v2\/users\/2"}],"replies":[{"embeddable":true,"href":"https:\/\/invest-in-albania.org\/it\/wp-json\/wp\/v2\/comments?post=59729"}],"version-history":[{"count":1,"href":"https:\/\/invest-in-albania.org\/it\/wp-json\/wp\/v2\/pages\/59729\/revisions"}],"predecessor-version":[{"id":59731,"href":"https:\/\/invest-in-albania.org\/it\/wp-json\/wp\/v2\/pages\/59729\/revisions\/59731"}],"up":[{"embeddable":true,"href":"https:\/\/invest-in-albania.org\/it\/wp-json\/wp\/v2\/pages\/59672"}],"wp:featuredmedia":[{"embeddable":true,"href":"https:\/\/invest-in-albania.org\/it\/wp-json\/wp\/v2\/media\/41895"}],"wp:attachment":[{"href":"https:\/\/invest-in-albania.org\/it\/wp-json\/wp\/v2\/media?parent=59729"}],"curies":[{"name":"wp","href":"https:\/\/api.w.org\/{rel}","templated":true}]}}