{"id":59714,"date":"2024-03-01T20:47:53","date_gmt":"2024-03-01T19:47:53","guid":{"rendered":"https:\/\/invest-in-albania.org\/?page_id=59714"},"modified":"2024-03-01T20:47:57","modified_gmt":"2024-03-01T19:47:57","slug":"outsourcing-del-servizio-clienti","status":"publish","type":"page","link":"https:\/\/invest-in-albania.org\/it\/servizi-di-outsourcing-bpo\/outsourcing-del-servizio-clienti\/","title":{"rendered":"Outsourcing del servizio clienti"},"content":{"rendered":"\n<figure class=\"wp-block-image size-full\"><img loading=\"lazy\" decoding=\"async\" width=\"800\" height=\"800\" src=\"https:\/\/invest-in-albania.org\/wp-content\/uploads\/customer-service-1.png\" alt=\"\" class=\"wp-image-44755\" srcset=\"https:\/\/invest-in-albania.org\/wp-content\/uploads\/customer-service-1.png 800w, https:\/\/invest-in-albania.org\/wp-content\/uploads\/customer-service-1-300x300.png 300w, https:\/\/invest-in-albania.org\/wp-content\/uploads\/customer-service-1-768x768.png 768w, https:\/\/invest-in-albania.org\/wp-content\/uploads\/customer-service-1-600x600.png 600w\" sizes=\"(max-width: 800px) 100vw, 800px\" \/><\/figure>\n\n\n\n<h2 class=\"wp-block-heading\">I motivi per cui dovreste prendere in considerazione l&#8217;outsourcing dei clienti<\/h2>\n\n\n\n<p>Ogni azienda in crescita ha un volume crescente di clienti. Questo \u00e8 un bene, ma quando un&#8217;azienda non fornisce un buon servizio clienti \u00e8 destinata a perdere i suoi clienti. Un servizio clienti scadente pu\u00f2 danneggiare un&#8217;azienda in diversi modi, tra cui la reputazione, i contatti, la produttivit\u00e0 e i profitti.<\/p>\n\n\n\n<p>D&#8217;altra parte, uno dei fattori che aiutano la crescita di una buona azienda \u00e8 legato alle ottime relazioni con i clienti. Questo aiuta l&#8217;azienda a comprendere le esigenze dei clienti e a soddisfarle in modo adeguato. Si tratta di una situazione vantaggiosa per tutti, poich\u00e9 si traduce in clienti soddisfatti e in maggiori profitti per l&#8217;azienda.<\/p>\n\n\n\n<p>Ricordate che il vostro cliente vi ha scelto tra centinaia di altre aziende che offrono lo stesso prodotto o servizio. Ci\u00f2 significa che si aspettano il miglior servizio quando hanno una domanda. Se non riuscite a soddisfare le loro aspettative, riceverete almeno una recensione negativa. Quest&#8217;ultima ha un forte impatto sulle decisioni di acquisto delle persone.<\/p>\n\n\n\n<p>Tutti questi elementi sottolineano l&#8217;importanza di avere clienti soddisfatti sia per le piccole che per le grandi aziende. Per molti anni, le aziende con un&#8217;ampia base di clienti hanno affidato i loro servizi ai partner di outsourcing. Lo fanno grazie al servizio qualificato che questi fornitori offrono.<\/p>\n\n\n\n<p>L&#8217;outsourcing del servizio clienti \u00e8 uno dei principali servizi esternalizzati. \u00c8 conveniente e richiede competenze linguistiche e informatiche di alto livello. D&#8217;altra parte, l&#8217;outsourcing aiuta il venditore a ridurre i costi relativi alla gestione delle risorse umane, ai benefit per i dipendenti, alle attrezzature, agli spazi per gli uffici, ecc. Inoltre, le societ\u00e0 di outsourcing formano i propri dipendenti e si assicurano che abbiano tutte le competenze necessarie per il lavoro.<\/p>\n\n\n\n<h2 class=\"wp-block-heading\">Competenze fondamentali per un ottimo servizio clienti<\/h2>\n\n\n\n<ul>\n<li>Buon ascolto<\/li>\n\n\n\n<li>Comunicazione chiara<\/li>\n\n\n\n<li>Atteggiamento positivo<\/li>\n\n\n\n<li>Empatia<\/li>\n\n\n\n<li>Buon senso dell&#8217;umorismo<\/li>\n\n\n\n<li>Risoluzione dei conflitti<\/li>\n\n\n\n<li>Pazienza<\/li>\n\n\n\n<li>Leggere facilmente le persone<\/li>\n<\/ul>\n\n\n\n<p>Oltre a un team preparato e dotato delle competenze sopra citate e di molto altro ancora, le societ\u00e0 di outsourcing offrono un altro grande vantaggio, le opportunit\u00e0 di espansione regionale o globale. I fornitori terzi forniscono servizi in pi\u00f9 di due lingue.<\/p>\n\n\n\n<p>Le aziende europee di outsourcing servono un ampio mercato che parla almeno sei delle lingue commerciali pi\u00f9 utili al mondo. Altri fattori importanti per la scelta di un&#8217;azienda europea di outsourcing sono i fusi orari, l&#8217;affinit\u00e0 culturale, i dipendenti altamente qualificati e molti altri vantaggi.<\/p>\n\n\n\n<p>L&#8217;outsourcing del servizio clienti \u00e8 anche un&#8217;opzione per le esigenze stagionali o legate al tempo.<br>Le aziende che si occupano di viaggi vedono aumentare le esigenze di assistenza ai clienti durante determinate stagioni. Molte altre richiedono un servizio clienti 24 ore su 24 attraverso un&#8217;assistenza multicanale. Le aziende di outsourcing lo rendono possibile a costi inferiori.<\/p>\n","protected":false},"excerpt":{"rendered":"<p>I motivi per cui dovreste prendere in considerazione l&#8217;outsourcing dei clienti Ogni azienda in crescita ha un volume crescente di clienti. Questo \u00e8 un bene, ma quando un&#8217;azienda non fornisce un buon servizio clienti \u00e8 destinata a perdere i suoi clienti. Un servizio clienti scadente pu\u00f2 danneggiare un&#8217;azienda in diversi modi, tra cui la reputazione, [&hellip;]<\/p>\n","protected":false},"author":2,"featured_media":44758,"parent":59672,"menu_order":2,"comment_status":"closed","ping_status":"closed","template":"","meta":{"_uag_custom_page_level_css":"","_genesis_hide_title":false,"_genesis_hide_breadcrumbs":false,"_genesis_hide_singular_image":false,"_genesis_hide_footer_widgets":false,"_genesis_custom_body_class":"","_genesis_custom_post_class":"","_genesis_layout":"","_themeisle_gutenberg_block_has_review":false,"footnotes":""},"featured_image_src":"https:\/\/invest-in-albania.org\/wp-content\/uploads\/customer-service-1-600x400.png","featured_image_src_square":"https:\/\/invest-in-albania.org\/wp-content\/uploads\/customer-service-1-600x600.png","uagb_featured_image_src":{"full":["https:\/\/invest-in-albania.org\/wp-content\/uploads\/customer-service-1.png",800,800,false],"thumbnail":["https:\/\/invest-in-albania.org\/wp-content\/uploads\/customer-service-1-280x195.png",280,195,true],"medium":["https:\/\/invest-in-albania.org\/wp-content\/uploads\/customer-service-1-300x300.png",300,300,true],"medium_large":["https:\/\/invest-in-albania.org\/wp-content\/uploads\/customer-service-1-768x768.png",768,768,true],"large":["https:\/\/invest-in-albania.org\/wp-content\/uploads\/customer-service-1.png",800,800,false],"1536x1536":["https:\/\/invest-in-albania.org\/wp-content\/uploads\/customer-service-1.png",800,800,false],"2048x2048":["https:\/\/invest-in-albania.org\/wp-content\/uploads\/customer-service-1.png",800,800,false],"single-featured-image":["https:\/\/invest-in-albania.org\/wp-content\/uploads\/customer-service-1-800x385.png",800,385,true],"blog-featured-image":["https:\/\/invest-in-albania.org\/wp-content\/uploads\/customer-service-1-680x290.png",680,290,true],"home-featured":["https:\/\/invest-in-albania.org\/wp-content\/uploads\/customer-service-1-380x570.png",380,570,true],"gb-block-post-grid-landscape":["https:\/\/invest-in-albania.org\/wp-content\/uploads\/customer-service-1-600x400.png",600,400,true],"gb-block-post-grid-square":["https:\/\/invest-in-albania.org\/wp-content\/uploads\/customer-service-1-600x600.png",600,600,true]},"uagb_author_info":{"display_name":"Vjollca Shehu","author_link":"https:\/\/invest-in-albania.org\/it\/author\/iia\/"},"uagb_comment_info":0,"uagb_excerpt":"I motivi per cui dovreste prendere in considerazione l&#8217;outsourcing dei clienti Ogni azienda in crescita ha un volume crescente di clienti. Questo \u00e8 un bene, ma quando un&#8217;azienda non fornisce un buon servizio clienti \u00e8 destinata a perdere i suoi clienti. Un servizio clienti scadente pu\u00f2 danneggiare un&#8217;azienda in diversi modi, tra cui la reputazione,&hellip;","_links":{"self":[{"href":"https:\/\/invest-in-albania.org\/it\/wp-json\/wp\/v2\/pages\/59714"}],"collection":[{"href":"https:\/\/invest-in-albania.org\/it\/wp-json\/wp\/v2\/pages"}],"about":[{"href":"https:\/\/invest-in-albania.org\/it\/wp-json\/wp\/v2\/types\/page"}],"author":[{"embeddable":true,"href":"https:\/\/invest-in-albania.org\/it\/wp-json\/wp\/v2\/users\/2"}],"replies":[{"embeddable":true,"href":"https:\/\/invest-in-albania.org\/it\/wp-json\/wp\/v2\/comments?post=59714"}],"version-history":[{"count":1,"href":"https:\/\/invest-in-albania.org\/it\/wp-json\/wp\/v2\/pages\/59714\/revisions"}],"predecessor-version":[{"id":59718,"href":"https:\/\/invest-in-albania.org\/it\/wp-json\/wp\/v2\/pages\/59714\/revisions\/59718"}],"up":[{"embeddable":true,"href":"https:\/\/invest-in-albania.org\/it\/wp-json\/wp\/v2\/pages\/59672"}],"wp:featuredmedia":[{"embeddable":true,"href":"https:\/\/invest-in-albania.org\/it\/wp-json\/wp\/v2\/media\/44758"}],"wp:attachment":[{"href":"https:\/\/invest-in-albania.org\/it\/wp-json\/wp\/v2\/media?parent=59714"}],"curies":[{"name":"wp","href":"https:\/\/api.w.org\/{rel}","templated":true}]}}