{"id":59675,"date":"2024-02-29T00:08:56","date_gmt":"2024-02-28T23:08:56","guid":{"rendered":"https:\/\/invest-in-albania.org\/?page_id=59675"},"modified":"2024-02-29T00:09:03","modified_gmt":"2024-02-28T23:09:03","slug":"outsourcing-it","status":"publish","type":"page","link":"https:\/\/invest-in-albania.org\/it\/servizi-di-outsourcing-bpo\/outsourcing-it\/","title":{"rendered":"Outsourcing IT"},"content":{"rendered":"\n<figure class=\"wp-block-image size-full\"><img loading=\"lazy\" decoding=\"async\" width=\"800\" height=\"800\" src=\"https:\/\/invest-in-albania.org\/wp-content\/uploads\/it-services.png\" alt=\"IT services outsourcing graph\" class=\"wp-image-44774\" srcset=\"https:\/\/invest-in-albania.org\/wp-content\/uploads\/it-services.png 800w, https:\/\/invest-in-albania.org\/wp-content\/uploads\/it-services-300x300.png 300w, https:\/\/invest-in-albania.org\/wp-content\/uploads\/it-services-768x768.png 768w, https:\/\/invest-in-albania.org\/wp-content\/uploads\/it-services-600x600.png 600w\" sizes=\"(max-width: 800px) 100vw, 800px\" \/><\/figure>\n\n\n\n<p>Al giorno d&#8217;oggi \u00e8 difficile e improduttivo mantenere un insieme di tutte le strutture manageriali in un tetto aziendale unificato. L&#8217;esternalizzazione di alcune delle principali funzioni aziendali porta le grandi imprese in un nuovo spettro di efficienza. Consegnare le proprie esigenze al di fuori dei confini nazionali, o ad altre aziende locali specializzate, non significa affatto, come la tendenza americana tende a sottolineare, che la responsabilit\u00e0 di quel settore specifico vada in un settore lasciato in disparte. Al contrario, il manager che cerca di cogliere il meglio dei propri servizi altrove e di tagliare alcuni costi del cliente dal prodotto, d\u00e0 all&#8217;azienda la possibilit\u00e0 di crescere con maggiori risparmi monetari e risorse di capitale.<\/p>\n\n\n\n<p>L&#8217;outsourcing dei servizi IT, nel quadro pi\u00f9 ampio dell&#8217;intero processo, presenta alcuni vantaggi diretti per le aziende e le organizzazioni orientate al business:<\/p>\n\n\n\n<h2 class=\"wp-block-heading has-text-align-center\"><strong>1. Costi dei dipendenti<\/strong><\/h2>\n\n\n<div class=\"wp-block-image\">\n<figure class=\"aligncenter\"><img loading=\"lazy\" decoding=\"async\" width=\"300\" height=\"201\" src=\"http:\/\/new.invest-in-albania.org\/wp-content\/uploads\/cost-labor-300x201.jpg\" alt=\"cost\" class=\"wp-image-36574\" srcset=\"https:\/\/invest-in-albania.org\/wp-content\/uploads\/cost-labor-300x201.jpg 300w, https:\/\/invest-in-albania.org\/wp-content\/uploads\/cost-labor-1024x685.jpg 1024w, https:\/\/invest-in-albania.org\/wp-content\/uploads\/cost-labor-768x514.jpg 768w, https:\/\/invest-in-albania.org\/wp-content\/uploads\/cost-labor-1536x1027.jpg 1536w, https:\/\/invest-in-albania.org\/wp-content\/uploads\/cost-labor-580x388.jpg 580w, https:\/\/invest-in-albania.org\/wp-content\/uploads\/cost-labor-860x575.jpg 860w, https:\/\/invest-in-albania.org\/wp-content\/uploads\/cost-labor-1160x776.jpg 1160w, https:\/\/invest-in-albania.org\/wp-content\/uploads\/cost-labor.jpg 1920w\" sizes=\"(max-width: 300px) 100vw, 300px\" \/><\/figure><\/div>\n\n\n<p><br>\u2013 Trasformare le variabili dei costi fissi dei dipendenti dei servizi IT in costi relativi a seconda dei diversi tipi di servizi pu\u00f2 far risparmiare all&#8217;azienda l&#8217;enorme quantit\u00e0 di denaro speso per la formazione, gli stage, i salari extra, le tasse e le assicurazioni, i piani pensionistici, ecc.<\/p>\n\n\n\n<h2 class=\"wp-block-heading has-text-align-center\"><strong>2. Concentrarsi sulle funzioni principali<\/strong><\/h2>\n\n\n<div class=\"wp-block-image\">\n<figure class=\"aligncenter\"><img loading=\"lazy\" decoding=\"async\" width=\"300\" height=\"218\" src=\"http:\/\/new.invest-in-albania.org\/wp-content\/uploads\/teamwork-300x218.png\" alt=\"teamwork\" class=\"wp-image-36564\" srcset=\"https:\/\/invest-in-albania.org\/wp-content\/uploads\/teamwork-300x218.png 300w, https:\/\/invest-in-albania.org\/wp-content\/uploads\/teamwork-1024x743.png 1024w, https:\/\/invest-in-albania.org\/wp-content\/uploads\/teamwork-768x557.png 768w, https:\/\/invest-in-albania.org\/wp-content\/uploads\/teamwork-580x421.png 580w, https:\/\/invest-in-albania.org\/wp-content\/uploads\/teamwork-860x624.png 860w, https:\/\/invest-in-albania.org\/wp-content\/uploads\/teamwork-1160x842.png 1160w, https:\/\/invest-in-albania.org\/wp-content\/uploads\/teamwork.png 1280w\" sizes=\"(max-width: 300px) 100vw, 300px\" \/><\/figure><\/div>\n\n\n<p class=\"has-text-align-left\">\u2013 Gestire le funzioni principali della vostra azienda e non cercare di stabilire ogni singolo dipartimento nel vostro piano aziendale, \u00e8 l&#8217;ambito in cui l&#8217;outsourcing pu\u00f2 aiutarvi a districarvi in molti settori difficili. Quale potrebbe essere il rapporto dei servizi informatici in un&#8217;azienda di caff\u00e8, in un&#8217;impresa di costruzioni, in un&#8217;azienda farmaceutica, in un&#8217;organizzazione di movimento sociale, ecc. Pu\u00f2 solo distrarre il focus e spostare l&#8217;attenzione dal nucleo centrale.<\/p>\n\n\n\n<ul>\n<li>Fornisce efficienza e piani pi\u00f9 direttamente correlati per l&#8217;ottimizzazione futura dei prodotti. Ci\u00f2 significa che maggiore \u00e8 l&#8217;attenzione ai singoli aspetti per la crescita del prodotto, maggiori sono i risultati dell&#8217;azienda.<\/li>\n<\/ul>\n\n\n\n<h2 class=\"wp-block-heading has-text-align-center\"><strong>3. Partner professionali di outsourcing<\/strong><\/h2>\n\n\n<div class=\"wp-block-image\">\n<figure class=\"aligncenter size-large is-resized\"><img loading=\"lazy\" decoding=\"async\" width=\"1024\" height=\"683\" src=\"https:\/\/invest-in-albania.org\/wp-content\/uploads\/fa9b57hffnm-1-1024x683.jpg\" alt=\"people sitting on chair in front of computer monitor\" class=\"wp-image-44635\" style=\"width:472px;height:342px\" srcset=\"https:\/\/invest-in-albania.org\/wp-content\/uploads\/fa9b57hffnm-1-1024x683.jpg 1024w, https:\/\/invest-in-albania.org\/wp-content\/uploads\/fa9b57hffnm-1-300x200.jpg 300w, https:\/\/invest-in-albania.org\/wp-content\/uploads\/fa9b57hffnm-1-768x512.jpg 768w, https:\/\/invest-in-albania.org\/wp-content\/uploads\/fa9b57hffnm-1-1536x1024.jpg 1536w, https:\/\/invest-in-albania.org\/wp-content\/uploads\/fa9b57hffnm-1-600x400.jpg 600w, https:\/\/invest-in-albania.org\/wp-content\/uploads\/fa9b57hffnm-1.jpg 1600w\" sizes=\"(max-width: 1024px) 100vw, 1024px\" \/><\/figure><\/div>\n\n\n<p>\u2013 I servizi di outsourcing che non fanno parte delle funzioni principali non hanno solo un vantaggio finanziario, ma anche i risultati professionali che possono essere ottenuti dagli specialisti della societ\u00e0 di outsourcing.<br><br>\u2013 Forniscono rapidi trend di sviluppo e forme di orientamento commerciale molto aggiornate, perch\u00e9 non solo sono esclusivamente specializzati, ma anche guidati dalle loro appassionate aspettative di carriera quotidiane.<br><br>\u2013 La riduzione delle decisioni rischiose \u00e8 uno dei fattori pi\u00f9 importanti dell&#8217;esternalizzazione dei servizi IT attraverso i migliori professionisti del mercato. Sono le persone giuste che sanno, per il bene delle loro molteplici attivit\u00e0 di gestione, cosa \u00e8 giusto e cosa \u00e8 sbagliato nei diversi periodi dei vostri cicli.<\/p>\n\n\n\n<h2 class=\"wp-block-heading has-text-align-center\"><strong>4. Mancanza di risorse necessarie<\/strong><\/h2>\n\n\n<div class=\"wp-block-image\">\n<figure class=\"aligncenter\"><img loading=\"lazy\" decoding=\"async\" width=\"300\" height=\"217\" src=\"http:\/\/new.invest-in-albania.org\/wp-content\/uploads\/talent-300x217.jpg\" alt=\"talent\" class=\"wp-image-36569\" srcset=\"https:\/\/invest-in-albania.org\/wp-content\/uploads\/talent-300x217.jpg 300w, https:\/\/invest-in-albania.org\/wp-content\/uploads\/talent-768x556.jpg 768w, https:\/\/invest-in-albania.org\/wp-content\/uploads\/talent-580x420.jpg 580w, https:\/\/invest-in-albania.org\/wp-content\/uploads\/talent-860x623.jpg 860w, https:\/\/invest-in-albania.org\/wp-content\/uploads\/talent.jpg 910w\" sizes=\"(max-width: 300px) 100vw, 300px\" \/><\/figure><\/div>\n\n\n<p><br>\u2013 La maggior parte delle nuove imprese si trova ad affrontare, nella fase iniziale, una grande carenza di servizi informatici di qualit\u00e0, che non consente loro di avere una seconda possibilit\u00e0 se non quella di farsi da parte con le grandi aziende specializzate in informatica.<br><br>\u2013 Quando si ha poco denaro da investire nella logistica e nel capitale umano, \u00e8 ragionevole spostare il focus dei servizi necessari su un altro partner, in modo da esternalizzare ci\u00f2 che non ci si pu\u00f2 permettere attraverso un&#8217;azienda ben strutturata.<\/p>\n\n\n\n<h2 class=\"wp-block-heading has-text-align-center\"><strong>5. Creare fondi di capitale e renderli disponibili per i grandi progetti.<\/strong><\/h2>\n\n\n<div class=\"wp-block-image\">\n<figure class=\"aligncenter\"><img loading=\"lazy\" decoding=\"async\" width=\"300\" height=\"180\" src=\"http:\/\/new.invest-in-albania.org\/wp-content\/uploads\/cost-300x180.jpg\" alt=\"\" class=\"wp-image-36554\" srcset=\"https:\/\/invest-in-albania.org\/wp-content\/uploads\/cost-300x180.jpg 300w, https:\/\/invest-in-albania.org\/wp-content\/uploads\/cost-1024x614.jpg 1024w, https:\/\/invest-in-albania.org\/wp-content\/uploads\/cost-768x461.jpg 768w, https:\/\/invest-in-albania.org\/wp-content\/uploads\/cost-1536x922.jpg 1536w, https:\/\/invest-in-albania.org\/wp-content\/uploads\/cost-580x348.jpg 580w, https:\/\/invest-in-albania.org\/wp-content\/uploads\/cost-860x516.jpg 860w, https:\/\/invest-in-albania.org\/wp-content\/uploads\/cost-1160x696.jpg 1160w, https:\/\/invest-in-albania.org\/wp-content\/uploads\/cost.jpg 1920w\" sizes=\"(max-width: 300px) 100vw, 300px\" \/><\/figure><\/div>\n\n\n<p><br>\u2013 Quest&#8217;ultimo punto, ma non meno importante, aiuta gli imprenditori ad allocare le proprie risorse in nuove aree di sviluppo per i loro prodotti, piuttosto che perdere tempo ed energie cercando di creare reparti specifici al di fuori dell&#8217;obiettivo principale. Inoltre, l&#8217;outsourcing pu\u00f2 essere un fatto preliminare del nuovo millennio.<\/p>\n\n\n\n<p>Facendo un confronto con il mercato e le funzionalit\u00e0 economiche, \u00e8 essenziale prendere in considerazione molti dei pilastri finanziari, che sono guidati con successo dall&#8217;outsourcing. Un esempio parallelo, che potrei fare qui, \u00e8 strettamente legato agli orientamenti economici degli Stati e alle regolamentazioni del mercato. Inoltre, non c&#8217;\u00e8 mercato al mondo che possa sopravvivere realizzando da s\u00e9 tutte le funzioni, e nemmeno azienda, per cui si andr\u00e0 inevitabilmente incontro a una dura distruzione. Perch\u00e9? Perch\u00e9 in un&#8217;economia stabile i cicli sono affidati a istituzioni centrali specializzate, che possono produrre il massimo da un singolo processo. Se ripercorriamo nella storia il problema di fare tutto sotto lo stesso tetto, abbiamo in mente i sistemi totalitari che hanno fallito nella loro crescita economica perch\u00e9 hanno deciso di produrre tutto da soli, la famosa teoria del &#8220;Dall&#8217;ago all&#8217;aereo&#8221;.<\/p>\n\n\n\n<p>La maggior parte delle aziende vuole avere le proprie spese fisse, in rapporti settimanali o mensili, ma non tutti i compiti o le funzioni di un&#8217;azienda hanno spese chiare, molte di esse nascondono spese diverse. L&#8217;outsourcing \u00e8 una forma di mantenimento di spese regolari e di rapporti dettagliati per queste aziende che chiedono politiche monetarie e fiscali rigorose all&#8217;interno della societ\u00e0.<\/p>\n\n\n\n<h2 class=\"wp-block-heading\"><strong>Ci sono anche alcuni svantaggi nel mettere sotto pressione le aziende di outsourcing e l&#8217;intero processo.<\/strong><\/h2>\n\n\n\n<p>1. Alcune funzioni specifiche dell&#8217;IT non sono facilmente esternalizzabili.<br>\u2013 Le funzioni dettagliate dei servizi IT non sono facilmente esternalizzabili perch\u00e9 possono richiedere un aggiornamento periodico giornaliero o molte volte al giorno.<br>2. C&#8217;\u00e8 il rischio di perdere il controllo<br>\u2013 A meno che non assumiate un dipendente di sorveglianza, specializzato in servizi IT, sotto lo stesso tetto aziendale, potreste essere a rischio per i vostri dati riservati.<br>3. Altri dipendenti attraversano momenti di difficolt\u00e0 quando vedono il loro lavoro trasferito<br>\u2013 Questo \u00e8 un aspetto che pu\u00f2 influenzare i dipendenti quando vedono il loro lavoro andare in un posto lontano.<\/p>\n\n\n\n<p>In conclusione, quando si richiede l&#8217;esternalizzazione dei servizi IT, \u00e8 necessario prendere in considerazione una serie di passaggi. Il partner per i servizi onshore o offshore \u00e8 un punto chiave che richiede particolare attenzione fin dall&#8217;inizio. Tuttavia, quando si sceglie un partner terzo per l&#8217;esternalizzazione dei servizi IT, il modo migliore per farlo \u00e8 fare una ricerca di mercato affidabile sulle migliori aziende possibili che vi offriranno il miglior servizio e l&#8217;opportunit\u00e0 di una maggiore competitivit\u00e0 sul mercato in cui vi siete posizionati.<\/p>\n\n\n\n<p>L&#8217;outsourcing \u00e8 importante anche per le grandi opportunit\u00e0 che offre alle piccole e grandi imprese. Inoltre, le piccole imprese hanno il grande vantaggio di poter beneficiare di agenzie specializzate in servizi IT pi\u00f9 grandi, poich\u00e9 non possono permettersi di sostenere le varie spese per la creazione di un nuovo reparto IT.<\/p>\n\n\n\n<p>La difficolt\u00e0 dei fusi orari e dei problematici turni giorno-notte per le aziende che devono mantenere un servizio 24 ore su 24, 7 giorni su 7, \u00e8 uno dei principali fattori che favoriscono l&#8217;offshoring dei servizi IT in Paesi con fuso orario opposto; ad esempio, durante il giorno i vostri dipendenti locali si occupano dei servizi e durante la notte questi vengono trasferiti come servizio di outsourcing in India o in Europa, a seconda di dove avete ubicato la vostra sede centrale.<\/p>\n","protected":false},"excerpt":{"rendered":"<p>Al giorno d&#8217;oggi \u00e8 difficile e improduttivo mantenere un insieme di tutte le strutture manageriali in un tetto aziendale unificato. L&#8217;esternalizzazione di alcune delle principali funzioni aziendali porta le grandi imprese in un nuovo spettro di efficienza. Consegnare le proprie esigenze al di fuori dei confini nazionali, o ad altre aziende locali specializzate, non significa [&hellip;]<\/p>\n","protected":false},"author":2,"featured_media":44777,"parent":59672,"menu_order":0,"comment_status":"closed","ping_status":"closed","template":"","meta":{"_uag_custom_page_level_css":"","_genesis_hide_title":false,"_genesis_hide_breadcrumbs":false,"_genesis_hide_singular_image":false,"_genesis_hide_footer_widgets":false,"_genesis_custom_body_class":"","_genesis_custom_post_class":"","_genesis_layout":"","_themeisle_gutenberg_block_has_review":false,"footnotes":""},"featured_image_src":"https:\/\/invest-in-albania.org\/wp-content\/uploads\/it-services-600x400.png","featured_image_src_square":"https:\/\/invest-in-albania.org\/wp-content\/uploads\/it-services-600x600.png","uagb_featured_image_src":{"full":["https:\/\/invest-in-albania.org\/wp-content\/uploads\/it-services.png",800,800,false],"thumbnail":["https:\/\/invest-in-albania.org\/wp-content\/uploads\/it-services-280x195.png",280,195,true],"medium":["https:\/\/invest-in-albania.org\/wp-content\/uploads\/it-services-300x300.png",300,300,true],"medium_large":["https:\/\/invest-in-albania.org\/wp-content\/uploads\/it-services-768x768.png",768,768,true],"large":["https:\/\/invest-in-albania.org\/wp-content\/uploads\/it-services.png",800,800,false],"1536x1536":["https:\/\/invest-in-albania.org\/wp-content\/uploads\/it-services.png",800,800,false],"2048x2048":["https:\/\/invest-in-albania.org\/wp-content\/uploads\/it-services.png",800,800,false],"single-featured-image":["https:\/\/invest-in-albania.org\/wp-content\/uploads\/it-services-800x385.png",800,385,true],"blog-featured-image":["https:\/\/invest-in-albania.org\/wp-content\/uploads\/it-services-680x290.png",680,290,true],"home-featured":["https:\/\/invest-in-albania.org\/wp-content\/uploads\/it-services-380x570.png",380,570,true],"gb-block-post-grid-landscape":["https:\/\/invest-in-albania.org\/wp-content\/uploads\/it-services-600x400.png",600,400,true],"gb-block-post-grid-square":["https:\/\/invest-in-albania.org\/wp-content\/uploads\/it-services-600x600.png",600,600,true]},"uagb_author_info":{"display_name":"Vjollca Shehu","author_link":"https:\/\/invest-in-albania.org\/it\/author\/iia\/"},"uagb_comment_info":0,"uagb_excerpt":"Al giorno d&#8217;oggi \u00e8 difficile e improduttivo mantenere un insieme di tutte le strutture manageriali in un tetto aziendale unificato. L&#8217;esternalizzazione di alcune delle principali funzioni aziendali porta le grandi imprese in un nuovo spettro di efficienza. Consegnare le proprie esigenze al di fuori dei confini nazionali, o ad altre aziende locali specializzate, non significa&hellip;","_links":{"self":[{"href":"https:\/\/invest-in-albania.org\/it\/wp-json\/wp\/v2\/pages\/59675"}],"collection":[{"href":"https:\/\/invest-in-albania.org\/it\/wp-json\/wp\/v2\/pages"}],"about":[{"href":"https:\/\/invest-in-albania.org\/it\/wp-json\/wp\/v2\/types\/page"}],"author":[{"embeddable":true,"href":"https:\/\/invest-in-albania.org\/it\/wp-json\/wp\/v2\/users\/2"}],"replies":[{"embeddable":true,"href":"https:\/\/invest-in-albania.org\/it\/wp-json\/wp\/v2\/comments?post=59675"}],"version-history":[{"count":1,"href":"https:\/\/invest-in-albania.org\/it\/wp-json\/wp\/v2\/pages\/59675\/revisions"}],"predecessor-version":[{"id":59676,"href":"https:\/\/invest-in-albania.org\/it\/wp-json\/wp\/v2\/pages\/59675\/revisions\/59676"}],"up":[{"embeddable":true,"href":"https:\/\/invest-in-albania.org\/it\/wp-json\/wp\/v2\/pages\/59672"}],"wp:featuredmedia":[{"embeddable":true,"href":"https:\/\/invest-in-albania.org\/it\/wp-json\/wp\/v2\/media\/44777"}],"wp:attachment":[{"href":"https:\/\/invest-in-albania.org\/it\/wp-json\/wp\/v2\/media?parent=59675"}],"curies":[{"name":"wp","href":"https:\/\/api.w.org\/{rel}","templated":true}]}}