{"id":59672,"date":"2024-02-28T23:45:45","date_gmt":"2024-02-28T22:45:45","guid":{"rendered":"https:\/\/invest-in-albania.org\/?page_id=59672"},"modified":"2024-02-28T23:45:50","modified_gmt":"2024-02-28T22:45:50","slug":"servizi-di-outsourcing-bpo","status":"publish","type":"page","link":"https:\/\/invest-in-albania.org\/it\/servizi-di-outsourcing-bpo\/","title":{"rendered":"Servizi di outsourcing BPO"},"content":{"rendered":"\n<figure class=\"wp-block-image size-full\"><img loading=\"lazy\" decoding=\"async\" width=\"800\" height=\"800\" src=\"https:\/\/invest-in-albania.org\/wp-content\/uploads\/bpo-outsourcing-services.png\" alt=\"BPO Outsourcing Services Cover Image\" class=\"wp-image-44761\" srcset=\"https:\/\/invest-in-albania.org\/wp-content\/uploads\/bpo-outsourcing-services.png 800w, https:\/\/invest-in-albania.org\/wp-content\/uploads\/bpo-outsourcing-services-300x300.png 300w, https:\/\/invest-in-albania.org\/wp-content\/uploads\/bpo-outsourcing-services-768x768.png 768w, https:\/\/invest-in-albania.org\/wp-content\/uploads\/bpo-outsourcing-services-600x600.png 600w\" sizes=\"(max-width: 800px) 100vw, 800px\" \/><\/figure>\n\n\n\n<h2 class=\"wp-block-heading\">Che cos&#8217;\u00e8 il BPO Outsourcing?<\/h2>\n\n\n\n<p>L&#8217;outsourcing \u00e8 un accordo in cui un&#8217;azienda assume un&#8217;altra azienda come responsabile di un&#8217;attivit\u00e0 pianificata o esistente che \u00e8 o potrebbe essere svolta internamente, e talvolta comporta il trasferimento di dipendenti e beni da un&#8217;azienda all&#8217;altra.<\/p>\n\n\n\n<p>Con la globalizzazione delle imprese, \u00e8 diventato necessario richiedere servizi ai professionisti che possono svolgere il loro lavoro dalle loro sedi, espandendo l&#8217;attivit\u00e0, incassando pi\u00f9 ricavi e migliorando le prestazioni dell&#8217;azienda. \u00c8 qui che entrano in gioco le societ\u00e0 di outsourcing, che in pratica prestano la loro esperienza e le loro capacit\u00e0 alla vostra azienda offrendo servizi che rendono il lavoro efficiente e pi\u00f9 facile.<\/p>\n\n\n\n<p>I servizi di outsourcing possono essere forniti onshore (all&#8217;interno del proprio Paese), nearshore (in un Paese vicino) o offshore (in un Paese lontano). Molte aziende stanno elaborando piani per esternalizzare il lavoro in sedi offshore, come modo per ridurre i costi. Molte aziende oggi basano il loro business plan e il loro reddito esclusivamente sui fornitori di servizi esterni, che a volte richiedono grandi volumi di lavoro. Secondo alcuni esperti, l&#8217;outsourcing non \u00e8 solo un modo per ridurre i costi, ma anche un modello commerciale di successo.<\/p>\n\n\n\n<h2 class=\"wp-block-heading\">Elenco di tutti i servizi<\/h2>\n\n\n\n<h2 class=\"wp-block-heading\"><a href=\"https:\/\/invest-in-albania.org\/outsourcing\/services\/call-center\/\">Servizi di call center<\/a><\/h2>\n\n\n\n<p>L&#8217;outsourcing del call center consiste nell&#8217;affidare a una societ\u00e0 esterna il ruolo di fornitore di call center nel paese ospitante. L&#8217;azienda esterna si occuper\u00e0 di formare e assumere i dipendenti che forniranno i diversi servizi di assistenza telefonica ai clienti (come operazioni bancarie, carte di credito, acquisto di biglietti, help desk tecnico, ecc.), oltre a fornire il software e l&#8217;infrastruttura per gestire le operazioni quotidiane. \u00c8 considerato uno dei servizi di outsourcing di maggior successo a livello mondiale.<\/p>\n\n\n\n<h2 class=\"wp-block-heading\"><a href=\"https:\/\/invest-in-albania.org\/outsourcing\/services\/transcription\/\">Outsourcing dei servizi di trascrizione<\/a><\/h2>\n\n\n\n<p>La trascrizione \u00e8 il processo di conversione di audio o video in testo. Anche se sembra semplice, pu\u00f2 essere un processo noioso e lungo, soprattutto quando si tratta di trascrivere file di ore. Anche gli audio e i video di bassa qualit\u00e0 possono essere difficili da convertire in testo, soprattutto se non si \u00e8 abituati a questo processo.<\/p>\n\n\n\n<p>L&#8217;esternalizzazione dei servizi di trascrizione a un fornitore di servizi esperto e qualificato non solo consente di svolgere il lavoro nel pi\u00f9 breve tempo possibile, ma vi risparmia anche il fastidio di dover esaminare pi\u00f9 volte i file audio e video. Inoltre, vi consente di utilizzare meglio il vostro tempo e le vostre energie. \u00c8 il metodo pi\u00f9 comune di esternalizzazione utilizzato dagli studi legali, dalle societ\u00e0 immobiliari e da diverse aziende in generale.<\/p>\n\n\n\n<p>L&#8217;outsourcing delle risorse umane consiste nell&#8217;assunzione di societ\u00e0 per la gestione delle funzioni del personale. Ci\u00f2 include l&#8217;amministrazione dei piani di assistenza sanitaria, dei piani di pensionamento e dell&#8217;assicurazione contro gli infortuni sul lavoro.<\/p>\n\n\n\n<p>Comprende anche l&#8217;assunzione, la formazione e le competenze legali. Le aziende pi\u00f9 piccole li ingaggiano per amministrare le buste paga, pagare le tasse sul lavoro e gestire i rischi. L&#8217;utilizzo di un servizio esterno di risorse umane o di collocamento per la gestione dei benefici per i dipendenti \u00e8 una soluzione intelligente, in quanto deve essere sempre aggiornato sui pi\u00f9 recenti standard occupazionali e sulle leggi in vigore.<\/p>\n\n\n\n<h2 class=\"wp-block-heading\"><a href=\"https:\/\/invest-in-albania.org\/outsourcing\/services\/online-marketing\/\">Outsourcing del marketing<\/a><\/h2>\n\n\n\n<p>La maggior parte delle aziende sono strutturate per offrire i propri prodotti e servizi, ma spesso non sono formate per essere editori di content marketing. In questo caso, una forte strategia di marketing \u00e8 importante per il successo di un&#8217;azienda. Tuttavia, pu\u00f2 essere un compito scoraggiante per chi gestisce un&#8217;azienda e allo stesso tempo deve eseguire strategie di marketing. Chiedere l&#8217;aiuto di fornitori di marketing in outsourcing pu\u00f2 aiutare l&#8217;azienda a raggiungere il suo obiettivo di marketing. Possono aiutare a creare il miglior piano di marketing adatto a una determinata azienda, eliminando gli errori e risparmiando tempo e denaro.<\/p>\n\n\n\n<h2 class=\"wp-block-heading\"><a href=\"https:\/\/invest-in-albania.org\/outsourcing\/services\/data-entry\/\">Outsourcing dell&#8217;inserimento dati<\/a><\/h2>\n\n\n\n<p>Le attivit\u00e0 di inserimento dati (come l&#8217;elaborazione degli ordini, la catalogazione, la scansione e l&#8217;indicizzazione) sono perfettamente adatte all&#8217;outsourcing. Un&#8217;azienda pu\u00f2 facilmente assumere un team in outsourcing per eseguire quasi tutte le attivit\u00e0 di inserimento dati immaginabili e portare a termine il lavoro con un&#8217;adeguata precisione.<\/p>\n\n\n\n<p>L&#8217;unico caso in cui un&#8217;azienda dovrebbe esitare un po&#8217; quando si tratta di esternalizzare i propri progetti di inserimento dati \u00e8 quando le informazioni coinvolte sono piuttosto sensibili. Le aziende sono ragionevolmente caute nel trasmettere i dati dei clienti, come numeri di identificazione e carte di credito, ai team in outsourcing. Tuttavia, le preoccupazioni etiche, come la fuga di informazioni riservate, vengono affrontate prima che le aziende decidano di esternalizzare il lavoro. Sia il venditore che il fornitore firmano accordi di non divulgazione che impediscono loro di rivelare informazioni a terzi.<\/p>\n\n\n\n<h2 class=\"wp-block-heading\"><a href=\"https:\/\/invest-in-albania.org\/outsourcing\/services\/software-and-web-development\/\">Outsourcing di sviluppo software e web<\/a><\/h2>\n\n\n\n<p>L&#8217;outsourcing dello sviluppo software descrive essenzialmente la situazione in cui un&#8217;organizzazione sceglie di assumere un programmatore terzo per offrire servizi legati allo sviluppo del software. Affidando i processi aziendali essenziali a un fornitore di servizi specializzato, le aziende sono in grado di gestire anche le attivit\u00e0 pi\u00f9 complesse.<\/p>\n\n\n\n<p>Lo sviluppo web definisce un&#8217;attivit\u00e0 che sviluppa il sito web online di un&#8217;azienda o di una societ\u00e0. Dalla met\u00e0 degli anni &#8217;90, quando \u00e8 iniziata l&#8217;esplosione del web mondiale (internet), lo sviluppo di siti web \u00e8 diventato il settore in pi\u00f9 rapida crescita al mondo. Per le piccole, medie e soprattutto grandi aziende internazionali \u00e8 diventato necessario sviluppare i propri siti web, per essere in contatto con i propri clienti 24 ore su 24, 7 giorni su 7, e viceversa, per i clienti che vogliono tenersi aggiornati sulle informazioni e sui prodotti dell&#8217;azienda. Per questo le aziende hanno bisogno di una societ\u00e0 di outsourcing o di programmatori che si occupino dei loro siti web e dei loro software, che non solo mantengano il sito ma lo aggiornino regolarmente. Si risparmia tempo ed \u00e8 economicamente vantaggioso.<\/p>\n\n\n\n<h2 class=\"wp-block-heading\"><a href=\"https:\/\/invest-in-albania.org\/outsourcing\/services\/it\/\">Outsourcing IT<\/a><\/h2>\n\n\n\n<p>L&#8217;outsourcing IT \u00e8 un termine utilizzato per descrivere la pratica di affidare a risorse esterne tutte o parte delle funzioni IT (Information Technology) di un&#8217;organizzazione. Un&#8217;azienda pu\u00f2 ricorrere all&#8217;outsourcing IT per tutti i tipi di funzioni, dall&#8217;infrastruttura alla manutenzione e al supporto IT. Ad esempio, un&#8217;impresa potrebbe esternalizzare la gestione dell&#8217;IT perch\u00e9 \u00e8 pi\u00f9 economico appaltare a una terza parte che creare un proprio team di gestione IT interno.<\/p>\n\n\n\n<h2 class=\"wp-block-heading\"><a href=\"https:\/\/invest-in-albania.org\/outsourcing\/services\/it-support\/\">Outsourcing del supporto IT<\/a><\/h2>\n\n\n\n<p>L&#8217;assistenza informatica in outsourcing pu\u00f2 essere una soluzione efficace in termini di tempo e di costi per le esigenze digitali di un&#8217;azienda. A seconda delle dimensioni dell&#8217;azienda, \u00e8 possibile esternalizzare parzialmente o completamente l&#8217;assistenza IT. Le piccole aziende di solito traggono il massimo vantaggio dall&#8217;esternalizzazione completa dell&#8217;assistenza IT. Questo comporta l&#8217;assunzione di un&#8217;agenzia esterna per la gestione dei sistemi informatici, assicurando che tutti gli aggiornamenti siano effettuati, che le misure di sicurezza siano implementate e che tutti i dati siano archiviati e sottoposti a backup in modo sicuro. Le aziende possono anche optare per l&#8217;esternalizzazione parziale, che prevede l&#8217;assunzione di un singolo specialista o di un piccolo team e l&#8217;impiego di un servizio di assistenza informatica professionale. L&#8217;outsourcing parziale pu\u00f2 anche assumere la forma di una distribuzione dei compiti IT. Ai team interni viene affidata la responsabilit\u00e0 di alcuni aspetti della manutenzione del sistema, mentre altri compiti vengono assegnati al servizio di assistenza IT.<\/p>\n\n\n\n<h2 class=\"wp-block-heading\"><a href=\"https:\/\/invest-in-albania.org\/outsourcing\/services\/virtual-assistant\/\">Assistente virtuale in outsourcing<\/a><\/h2>\n\n\n\n<p>Un assistente virtuale (o VA) \u00e8 di solito un professionista autonomo che fornisce assistenza amministrativa, tecnica o sociale ai clienti a distanza da un ufficio a casa. L&#8217;assunzione di un assistente virtuale \u00e8 economica perch\u00e9 si tratta di un contraente indipendente che non ha bisogno di spazi per l&#8217;ufficio come un dipendente locale, n\u00e9 di attrezzature o forniture. Vengono pagati solo per il loro lavoro produttivo, riducendo cos\u00ec i costi dell&#8217;azienda che li assume. Possono lavorare fino a dove la tecnologia lo consente, purch\u00e9 dispongano di mezzi di comunicazione per tenersi in contatto con i loro partner commerciali e le loro mansioni variano da assistenti esecutivi per amministratori delegati con un&#8217;agenda molto fitta a segretari legali, direttori d&#8217;ufficio, supervisori, assistenti immobiliari, ecc.<\/p>\n\n\n\n<h2 class=\"wp-block-heading\"><a href=\"https:\/\/invest-in-albania.org\/outsourcing\/services\/customer-service\/\">Outsourcing del servizio clienti<\/a><\/h2>\n\n\n\n<p>Parte integrante del successo di un&#8217;azienda sono i suoi clienti: pi\u00f9 sono numerosi, meglio \u00e8 per l&#8217;azienda. Il servizio clienti (o assistenza clienti) aiuta a risolvere le domande o le preoccupazioni che un cliente potrebbe avere riguardo a un prodotto o a un servizio offerto da un&#8217;azienda. L&#8217;assistenza ai clienti richiede tempo, ed \u00e8 per questo che l&#8217;assunzione di un servizio clienti in outsourcing pu\u00f2 aiutare un&#8217;azienda a crescere soddisfacendo le esigenze e le richieste di un numero sempre maggiore di clienti. Allo stesso tempo, se si cerca di coprire da soli l&#8217;assistenza ai clienti, ci si pu\u00f2 ritrovare a trascurare altre aree essenziali della propria attivit\u00e0, come le vendite, il marketing e le attivit\u00e0 aziendali principali. Un eccellente fornitore di assistenza clienti comprende il valore di un buon rapporto tra cliente e azienda. \u00c8 specializzato nella gestione di un&#8217;ampia base di clienti in qualsiasi momento e attraverso diversi canali.<\/p>\n","protected":false},"excerpt":{"rendered":"<p>Che cos&#8217;\u00e8 il BPO Outsourcing? L&#8217;outsourcing \u00e8 un accordo in cui un&#8217;azienda assume un&#8217;altra azienda come responsabile di un&#8217;attivit\u00e0 pianificata o esistente che \u00e8 o potrebbe essere svolta internamente, e talvolta comporta il trasferimento di dipendenti e beni da un&#8217;azienda all&#8217;altra. Con la globalizzazione delle imprese, \u00e8 diventato necessario richiedere servizi ai professionisti che possono [&hellip;]<\/p>\n","protected":false},"author":2,"featured_media":44764,"parent":0,"menu_order":0,"comment_status":"closed","ping_status":"closed","template":"","meta":{"_uag_custom_page_level_css":"","_genesis_hide_title":false,"_genesis_hide_breadcrumbs":false,"_genesis_hide_singular_image":false,"_genesis_hide_footer_widgets":false,"_genesis_custom_body_class":"","_genesis_custom_post_class":"","_genesis_layout":"","_themeisle_gutenberg_block_has_review":false,"footnotes":""},"featured_image_src":"https:\/\/invest-in-albania.org\/wp-content\/uploads\/bpo-outsourcing-services-600x400.png","featured_image_src_square":"https:\/\/invest-in-albania.org\/wp-content\/uploads\/bpo-outsourcing-services-600x600.png","uagb_featured_image_src":{"full":["https:\/\/invest-in-albania.org\/wp-content\/uploads\/bpo-outsourcing-services.png",800,800,false],"thumbnail":["https:\/\/invest-in-albania.org\/wp-content\/uploads\/bpo-outsourcing-services-280x195.png",280,195,true],"medium":["https:\/\/invest-in-albania.org\/wp-content\/uploads\/bpo-outsourcing-services-300x300.png",300,300,true],"medium_large":["https:\/\/invest-in-albania.org\/wp-content\/uploads\/bpo-outsourcing-services-768x768.png",768,768,true],"large":["https:\/\/invest-in-albania.org\/wp-content\/uploads\/bpo-outsourcing-services.png",800,800,false],"1536x1536":["https:\/\/invest-in-albania.org\/wp-content\/uploads\/bpo-outsourcing-services.png",800,800,false],"2048x2048":["https:\/\/invest-in-albania.org\/wp-content\/uploads\/bpo-outsourcing-services.png",800,800,false],"single-featured-image":["https:\/\/invest-in-albania.org\/wp-content\/uploads\/bpo-outsourcing-services-800x385.png",800,385,true],"blog-featured-image":["https:\/\/invest-in-albania.org\/wp-content\/uploads\/bpo-outsourcing-services-680x290.png",680,290,true],"home-featured":["https:\/\/invest-in-albania.org\/wp-content\/uploads\/bpo-outsourcing-services-380x570.png",380,570,true],"gb-block-post-grid-landscape":["https:\/\/invest-in-albania.org\/wp-content\/uploads\/bpo-outsourcing-services-600x400.png",600,400,true],"gb-block-post-grid-square":["https:\/\/invest-in-albania.org\/wp-content\/uploads\/bpo-outsourcing-services-600x600.png",600,600,true]},"uagb_author_info":{"display_name":"Vjollca Shehu","author_link":"https:\/\/invest-in-albania.org\/it\/author\/iia\/"},"uagb_comment_info":0,"uagb_excerpt":"Che cos&#8217;\u00e8 il BPO Outsourcing? L&#8217;outsourcing \u00e8 un accordo in cui un&#8217;azienda assume un&#8217;altra azienda come responsabile di un&#8217;attivit\u00e0 pianificata o esistente che \u00e8 o potrebbe essere svolta internamente, e talvolta comporta il trasferimento di dipendenti e beni da un&#8217;azienda all&#8217;altra. Con la globalizzazione delle imprese, \u00e8 diventato necessario richiedere servizi ai professionisti che possono&hellip;","_links":{"self":[{"href":"https:\/\/invest-in-albania.org\/it\/wp-json\/wp\/v2\/pages\/59672"}],"collection":[{"href":"https:\/\/invest-in-albania.org\/it\/wp-json\/wp\/v2\/pages"}],"about":[{"href":"https:\/\/invest-in-albania.org\/it\/wp-json\/wp\/v2\/types\/page"}],"author":[{"embeddable":true,"href":"https:\/\/invest-in-albania.org\/it\/wp-json\/wp\/v2\/users\/2"}],"replies":[{"embeddable":true,"href":"https:\/\/invest-in-albania.org\/it\/wp-json\/wp\/v2\/comments?post=59672"}],"version-history":[{"count":1,"href":"https:\/\/invest-in-albania.org\/it\/wp-json\/wp\/v2\/pages\/59672\/revisions"}],"predecessor-version":[{"id":59673,"href":"https:\/\/invest-in-albania.org\/it\/wp-json\/wp\/v2\/pages\/59672\/revisions\/59673"}],"wp:featuredmedia":[{"embeddable":true,"href":"https:\/\/invest-in-albania.org\/it\/wp-json\/wp\/v2\/media\/44764"}],"wp:attachment":[{"href":"https:\/\/invest-in-albania.org\/it\/wp-json\/wp\/v2\/media?parent=59672"}],"curies":[{"name":"wp","href":"https:\/\/api.w.org\/{rel}","templated":true}]}}