{"id":59666,"date":"2024-02-27T18:23:55","date_gmt":"2024-02-27T17:23:55","guid":{"rendered":"https:\/\/invest-in-albania.org\/investire-in-albania-agenzia-per-gli-affari-e-notizie\/"},"modified":"2024-02-29T17:06:02","modified_gmt":"2024-02-29T16:06:02","slug":"investire-in-albania-agenzia-per-gli-affari-e-notizie","status":"publish","type":"page","link":"https:\/\/invest-in-albania.org\/it\/","title":{"rendered":"Investire in Albania &#8211; Agenzia per gli affari e notizie"},"content":{"rendered":"\n<div class=\"wp-block-columns alignwide has-2-columns is-layout-flex wp-container-core-columns-is-layout-1 wp-block-columns-is-layout-flex\">\n<div class=\"wp-block-column authority-text-align is-layout-flow wp-block-column-is-layout-flow\">\n<h1 class=\"wp-block-heading bold-heading-text\">Scoprire l&#8217;Albania: Opportunit\u00e0 di affari e meraviglie naturali vi aspettano<\/h1>\n\n\n\n<p class=\"block-content-indent\">Esplora con le nostre risorse ci\u00f2 che l&#8217;Albania ha da offrire. Scoprite ci\u00f2 che l&#8217;Albania ha da offrire con le nostre risorse. Dai viaggi, opportunit\u00e0 di affari e servizi di outsourcing a escursioni guidate e paradisiaci lidi nascosti. Vivete come l&#8217;Albania diventa la meta ideale sia per investitori che per avventurieri. Informatevi sulle normative dei visti, scoprite le possibilit\u00e0 di vita per nomadi digitali o pensionati e navigate attraverso il paese con le nostre guide di viaggio dettagliate.<\/p>\n<\/div>\n\n\n\n<div class=\"wp-block-column is-layout-flow wp-block-column-is-layout-flow\">\n<div class=\"wp-block-genesis-blocks-gb-columns gb-layout-columns-2 gb-2-col-equal\"><div class=\"gb-layout-column-wrap gb-block-layout-column-gap-2 gb-is-responsive-column\">\n<div class=\"wp-block-genesis-blocks-gb-column gb-block-layout-column\"><div class=\"gb-block-layout-column-inner\">\n<figure class=\"wp-block-image size-large\"><a href=\"https:\/\/invest-in-albania.org\/investment-tips-2\/\"><img loading=\"lazy\" decoding=\"async\" width=\"1024\" height=\"683\" src=\"http:\/\/new.invest-in-albania.org\/wp-content\/uploads\/dylan-gillis-KdeqA3aTnBY-unsplash1-1024x683.jpg\" alt=\"\" class=\"wp-image-44584\" srcset=\"https:\/\/invest-in-albania.org\/wp-content\/uploads\/dylan-gillis-KdeqA3aTnBY-unsplash1-1024x683.jpg 1024w, https:\/\/invest-in-albania.org\/wp-content\/uploads\/dylan-gillis-KdeqA3aTnBY-unsplash1-300x200.jpg 300w, https:\/\/invest-in-albania.org\/wp-content\/uploads\/dylan-gillis-KdeqA3aTnBY-unsplash1-768x512.jpg 768w, https:\/\/invest-in-albania.org\/wp-content\/uploads\/dylan-gillis-KdeqA3aTnBY-unsplash1-1536x1024.jpg 1536w, https:\/\/invest-in-albania.org\/wp-content\/uploads\/dylan-gillis-KdeqA3aTnBY-unsplash1-600x400.jpg 600w, https:\/\/invest-in-albania.org\/wp-content\/uploads\/dylan-gillis-KdeqA3aTnBY-unsplash1.jpg 1920w\" sizes=\"(max-width: 1024px) 100vw, 1024px\" \/><\/a><figcaption class=\"wp-element-caption\">Opportunit\u00e0 di investimento<\/figcaption><\/figure>\n<\/div><\/div>\n\n\n\n<div class=\"wp-block-genesis-blocks-gb-column gb-block-layout-column\"><div class=\"gb-block-layout-column-inner\">\n<figure class=\"wp-block-image size-large\"><a href=\"https:\/\/invest-in-albania.org\/investment-tips-2\/albanian-products\/\"><img loading=\"lazy\" decoding=\"async\" width=\"1024\" height=\"683\" src=\"http:\/\/new.invest-in-albania.org\/wp-content\/uploads\/lavender-1024x683.jpg\" alt=\"\" class=\"wp-image-28639\" srcset=\"https:\/\/invest-in-albania.org\/wp-content\/uploads\/lavender-1024x683.jpg 1024w, https:\/\/invest-in-albania.org\/wp-content\/uploads\/lavender-300x200.jpg 300w, https:\/\/invest-in-albania.org\/wp-content\/uploads\/lavender-768x512.jpg 768w, https:\/\/invest-in-albania.org\/wp-content\/uploads\/lavender-580x387.jpg 580w, https:\/\/invest-in-albania.org\/wp-content\/uploads\/lavender-860x573.jpg 860w, https:\/\/invest-in-albania.org\/wp-content\/uploads\/lavender.jpg 1050w\" sizes=\"(max-width: 1024px) 100vw, 1024px\" \/><\/a><figcaption class=\"wp-element-caption\">Prodotto in Albania  <\/figcaption><\/figure>\n<\/div><\/div>\n<\/div><\/div>\n\n\n\n<div class=\"wp-block-genesis-blocks-gb-columns gb-layout-columns-5 five-column\"><div class=\"gb-layout-column-wrap gb-block-layout-column-gap-2 gb-is-responsive-column\">\n<div class=\"wp-block-genesis-blocks-gb-column gb-block-layout-column\"><div class=\"gb-block-layout-column-inner\">\n<p><\/p>\n<\/div><\/div>\n\n\n\n<div class=\"wp-block-genesis-blocks-gb-column gb-block-layout-column\"><div class=\"gb-block-layout-column-inner\">\n<p><\/p>\n<\/div><\/div>\n\n\n\n<div class=\"wp-block-genesis-blocks-gb-column gb-block-layout-column\"><div class=\"gb-block-layout-column-inner\"><\/div><\/div>\n\n\n\n<div class=\"wp-block-genesis-blocks-gb-column gb-block-layout-column\"><div class=\"gb-block-layout-column-inner\">\n<p><\/p>\n<\/div><\/div>\n\n\n\n<div class=\"wp-block-genesis-blocks-gb-column gb-block-layout-column\"><div class=\"gb-block-layout-column-inner\">\n<p><\/p>\n<\/div><\/div>\n<\/div><\/div>\n<\/div>\n<\/div>\n\n\n\n<div style=\"color:#ddd\" class=\"wp-block-genesis-blocks-gb-spacer gb-block-spacer gb-divider-solid gb-divider-size-1\"><hr style=\"height:30px\"\/><\/div>\n\n\n\n<div style=\"padding-left:8%;padding-right:8%\" class=\"wp-block-genesis-blocks-gb-container gb-block-container alignfull\"><div class=\"gb-container-inside\"><div class=\"gb-container-content\" style=\"max-width:1200px\">\n<h2 class=\"wp-block-heading\">Novit\u00e0<\/h2>\n<\/div><\/div><\/div>\n\n\n\n<div style=\"padding-left:8%;padding-right:8%\" class=\"wp-block-genesis-blocks-gb-container gb-block-container alignfull\"><div class=\"gb-container-inside\"><div class=\"gb-container-content\" style=\"max-width:1140px\">\n\n\n<div class=\"wp-block-buttons is-content-justification-right is-layout-flex wp-container-core-buttons-is-layout-1 wp-block-buttons-is-layout-flex\">\n<div class=\"wp-block-button is-style-outline\"><a class=\"wp-block-button__link wp-element-button\" href=\"https:\/\/invest-in-albania.org\/category\/news\/\">altre notizie  <\/a><\/div>\n<\/div>\n<\/div><\/div><\/div>\n\n\n\n<div style=\"color:#ddd\" class=\"wp-block-genesis-blocks-gb-spacer gb-block-spacer gb-divider-solid gb-divider-size-1\"><hr style=\"height:29px\"\/><\/div>\n\n\n\n<h2 class=\"wp-block-heading has-text-align-center\">Outsourcing in Albania<\/h2>\n\n\n\n<div class=\"wp-block-media-text alignwide has-media-on-the-right is-stacked-on-mobile is-vertically-aligned-top\" style=\"grid-template-columns:auto 39%\"><div class=\"wp-block-media-text__content\">\n<p class=\"authority-subtitle\">Outsourcing dei processi aziendali<\/p>\n\n\n\n<h2 class=\"wp-block-heading entry-title\"><a href=\"https:\/\/invest-in-albania.org\/outsourcing\/\" data-type=\"URL\" data-id=\"https:\/\/invest-in-albania.org\/outsourcing\/\">Servizi di outsourcing<\/a><\/h2>\n\n\n\n<p class=\"block-content-indent\">Sfoglia l&#8217;elenco dei servizi che potete esternalizzare in Albania<\/p>\n\n\n\n<div class=\"wp-block-buttons is-layout-flex wp-block-buttons-is-layout-flex\">\n<div class=\"wp-block-button block-content-indent\"><a class=\"wp-block-button__link wp-element-button\" href=\"https:\/\/invest-in-albania.org\/outsourcing\/\">Leggi l&#8217;elenco<\/a><\/div>\n<\/div>\n<\/div><figure class=\"wp-block-media-text__media\"><a href=\"https:\/\/invest-in-albania.org\/outsourcing\/\"><img loading=\"lazy\" decoding=\"async\" width=\"1024\" height=\"644\" src=\"http:\/\/new.invest-in-albania.org\/wp-content\/uploads\/assistant-1024x644.png\" alt=\"\" class=\"wp-image-40753 size-full\" srcset=\"https:\/\/invest-in-albania.org\/wp-content\/uploads\/assistant-1024x644.png 1024w, https:\/\/invest-in-albania.org\/wp-content\/uploads\/assistant-300x189.png 300w, https:\/\/invest-in-albania.org\/wp-content\/uploads\/assistant-768x483.png 768w, https:\/\/invest-in-albania.org\/wp-content\/uploads\/assistant-580x365.png 580w, https:\/\/invest-in-albania.org\/wp-content\/uploads\/assistant-860x541.png 860w, https:\/\/invest-in-albania.org\/wp-content\/uploads\/assistant-1160x730.png 1160w, https:\/\/invest-in-albania.org\/wp-content\/uploads\/assistant.png 1280w\" sizes=\"(max-width: 1024px) 100vw, 1024px\" \/><\/a><\/figure><\/div>\n\n\n\n<h2 class=\"wp-block-heading has-text-align-center\">Viaggiare in Albania<\/h2>\n\n\n\n<div style=\"color:#ddd\" class=\"wp-block-genesis-blocks-gb-spacer gb-block-spacer gb-divider-solid gb-divider-size-1\"><hr style=\"height:22px\"\/><\/div>\n\n\n\n<div class=\"wp-block-media-text alignwide is-stacked-on-mobile\" style=\"grid-template-columns:39% auto\"><figure class=\"wp-block-media-text__media\"><a href=\"https:\/\/invest-in-albania.org\/tourism-tips-2\/\"><img loading=\"lazy\" decoding=\"async\" width=\"1024\" height=\"674\" src=\"http:\/\/new.invest-in-albania.org\/wp-content\/uploads\/Ksamil-Albania-2-1024x674.jpg\" alt=\"Sunset of Ksamil\" class=\"wp-image-16466 size-full\" srcset=\"https:\/\/invest-in-albania.org\/wp-content\/uploads\/Ksamil-Albania-2-1024x674.jpg 1024w, https:\/\/invest-in-albania.org\/wp-content\/uploads\/Ksamil-Albania-2-300x197.jpg 300w, https:\/\/invest-in-albania.org\/wp-content\/uploads\/Ksamil-Albania-2-768x505.jpg 768w, https:\/\/invest-in-albania.org\/wp-content\/uploads\/Ksamil-Albania-2-580x381.jpg 580w, https:\/\/invest-in-albania.org\/wp-content\/uploads\/Ksamil-Albania-2-860x566.jpg 860w, https:\/\/invest-in-albania.org\/wp-content\/uploads\/Ksamil-Albania-2-1160x763.jpg 1160w, https:\/\/invest-in-albania.org\/wp-content\/uploads\/Ksamil-Albania-2.jpg 2048w\" sizes=\"(max-width: 1024px) 100vw, 1024px\" \/><\/a><\/figure><div class=\"wp-block-media-text__content\">\n<p class=\"authority-subtitle\">Posti incredibili con un budget limitato<\/p>\n\n\n\n<h2 class=\"wp-block-heading entry-title\"><a href=\"https:\/\/invest-in-albania.org\/tourism-tips-2\/\">Guida di viaggio<\/a><\/h2>\n\n\n\n<p class=\"block-content-indent\">L&#8217;Albania \u00e8 stata solitaria per 50 anni, ora \u00e8 nella Top Best Value Travel di Lonely Planet  <\/p>\n\n\n\n<div class=\"wp-block-buttons is-layout-flex wp-block-buttons-is-layout-flex\">\n<div class=\"wp-block-button block-content-indent\"><a class=\"wp-block-button__link wp-element-button\" href=\"https:\/\/invest-in-albania.org\/tourism-tips-2\/\">Leggi la guida<\/a><\/div>\n<\/div>\n<\/div><\/div>\n\n\n\n<div class=\"wp-block-media-text alignwide has-media-on-the-right is-stacked-on-mobile\" style=\"grid-template-columns:auto 31%\"><div class=\"wp-block-media-text__content\">\n<p class=\"authority-subtitle\">Gite e attivit\u00e0 guidate  <\/p>\n\n\n\n<h2 class=\"wp-block-heading entry-title\"><a href=\"https:\/\/invest-in-albania.org\/tourism-tips-2\/tours-albania-pick-guide-albanian-trip\/\" data-type=\"URL\">Tour e attivit\u00e0<\/a><\/h2>\n\n\n\n<p class=\"block-content-indent\">Scoprite le varie attivit\u00e0 popolari per i turisti come l&#8217;<a href=\"https:\/\/zbulo.org\" target=\"_blank\" data-type=\"URL\" data-id=\"https:\/\/zbulo.org\" rel=\"noreferrer noopener\">escursionismo<\/a>, il ciclismo e i luoghi da non perdere durante la vostra prossima visita!  <\/p>\n\n\n\n<div class=\"wp-block-buttons is-layout-flex wp-block-buttons-is-layout-flex\">\n<div class=\"wp-block-button block-content-indent\"><a class=\"wp-block-button__link wp-element-button\" href=\"https:\/\/invest-in-albania.org\/tourism-tips-2\/tours-albania-pick-guide-albanian-trip\/\">Leggi la guida<\/a><\/div>\n<\/div>\n<\/div><figure class=\"wp-block-media-text__media\"><a href=\"https:\/\/invest-in-albania.org\/tourism-tips-2\/tours-albania-pick-guide-albanian-trip\/\"><img loading=\"lazy\" decoding=\"async\" width=\"768\" height=\"1024\" src=\"http:\/\/new.invest-in-albania.org\/wp-content\/uploads\/qeparo-1-768x1024.jpg\" alt=\"Qeparo Albania\" class=\"wp-image-21091 size-full\" srcset=\"https:\/\/invest-in-albania.org\/wp-content\/uploads\/qeparo-1-768x1024.jpg 768w, https:\/\/invest-in-albania.org\/wp-content\/uploads\/qeparo-1-225x300.jpg 225w, https:\/\/invest-in-albania.org\/wp-content\/uploads\/qeparo-1-580x773.jpg 580w, https:\/\/invest-in-albania.org\/wp-content\/uploads\/qeparo-1-860x1147.jpg 860w, https:\/\/invest-in-albania.org\/wp-content\/uploads\/qeparo-1.jpg 960w\" sizes=\"(max-width: 768px) 100vw, 768px\" \/><\/a><\/figure><\/div>\n\n\n\n<div class=\"wp-block-media-text alignwide is-stacked-on-mobile\" style=\"grid-template-columns:34% auto\"><figure class=\"wp-block-media-text__media\"><a href=\"https:\/\/invest-in-albania.org\/tourism-tips-2\/blue-tourism-2\/\"><img loading=\"lazy\" decoding=\"async\" width=\"1024\" height=\"768\" src=\"http:\/\/new.invest-in-albania.org\/wp-content\/uploads\/filip-bartos-gXEouENXX10-unsplash-1024x768.jpg\" alt=\"\" class=\"wp-image-44548 size-full\" srcset=\"https:\/\/invest-in-albania.org\/wp-content\/uploads\/filip-bartos-gXEouENXX10-unsplash-1024x768.jpg 1024w, https:\/\/invest-in-albania.org\/wp-content\/uploads\/filip-bartos-gXEouENXX10-unsplash-300x225.jpg 300w, https:\/\/invest-in-albania.org\/wp-content\/uploads\/filip-bartos-gXEouENXX10-unsplash-768x576.jpg 768w, https:\/\/invest-in-albania.org\/wp-content\/uploads\/filip-bartos-gXEouENXX10-unsplash-1536x1152.jpg 1536w, https:\/\/invest-in-albania.org\/wp-content\/uploads\/filip-bartos-gXEouENXX10-unsplash.jpg 1920w\" sizes=\"(max-width: 1024px) 100vw, 1024px\" \/><\/a><\/figure><div class=\"wp-block-media-text__content\">\n<p class=\"authority-subtitle\">Adriatico e Mar Ionio<\/p>\n\n\n\n<h2 class=\"wp-block-heading entry-title\"><a href=\"https:\/\/invest-in-albania.org\/tourism-tips-2\/blue-tourism-2\/\" data-type=\"URL\" data-id=\"https:\/\/invest-in-albania.org\/tourism-tips-2\/blue-tourism-2\/\">Spiagge<\/a><\/h2>\n\n\n\n<p class=\"block-content-indent\">Leggi l&#8217;elenco con la nostra lista delle migliori spiagge che l&#8217;Albania ha da offrire  <\/p>\n\n\n\n<div class=\"wp-block-buttons is-layout-flex wp-block-buttons-is-layout-flex\">\n<div class=\"wp-block-button block-content-indent\"><a class=\"wp-block-button__link wp-element-button\" href=\"https:\/\/invest-in-albania.org\/tourism-tips-2\/blue-tourism-2\/\">Leggi l&#8217;elenco<\/a><\/div>\n<\/div>\n<\/div><\/div>\n","protected":false},"excerpt":{"rendered":"<p>Scoprire l&#8217;Albania: Opportunit\u00e0 di affari e meraviglie naturali vi aspettano Esplora con le nostre risorse ci\u00f2 che l&#8217;Albania ha da offrire. Scoprite ci\u00f2 che l&#8217;Albania ha da offrire con le nostre risorse. Dai viaggi, opportunit\u00e0 di affari e servizi di outsourcing a escursioni guidate e paradisiaci lidi nascosti. Vivete come l&#8217;Albania diventa la meta ideale [&hellip;]<\/p>\n","protected":false},"author":2,"featured_media":0,"parent":0,"menu_order":0,"comment_status":"closed","ping_status":"closed","template":"page-templates\/blocks.php","meta":{"_uag_custom_page_level_css":"","_genesis_hide_title":false,"_genesis_hide_breadcrumbs":false,"_genesis_hide_singular_image":false,"_genesis_hide_footer_widgets":false,"_genesis_custom_body_class":"","_genesis_custom_post_class":"","_genesis_layout":"","_themeisle_gutenberg_block_has_review":false,"footnotes":""},"featured_image_src":null,"featured_image_src_square":null,"uagb_featured_image_src":{"full":false,"thumbnail":false,"medium":false,"medium_large":false,"large":false,"1536x1536":false,"2048x2048":false,"single-featured-image":false,"blog-featured-image":false,"home-featured":false,"gb-block-post-grid-landscape":false,"gb-block-post-grid-square":false},"uagb_author_info":{"display_name":"Vjollca Shehu","author_link":"https:\/\/invest-in-albania.org\/it\/author\/iia\/"},"uagb_comment_info":0,"uagb_excerpt":"Scoprire l&#8217;Albania: Opportunit\u00e0 di affari e meraviglie naturali vi aspettano Esplora con le nostre risorse ci\u00f2 che l&#8217;Albania ha da offrire. Scoprite ci\u00f2 che l&#8217;Albania ha da offrire con le nostre risorse. Dai viaggi, opportunit\u00e0 di affari e servizi di outsourcing a escursioni guidate e paradisiaci lidi nascosti. Vivete come l&#8217;Albania diventa la meta ideale&hellip;","_links":{"self":[{"href":"https:\/\/invest-in-albania.org\/it\/wp-json\/wp\/v2\/pages\/59666"}],"collection":[{"href":"https:\/\/invest-in-albania.org\/it\/wp-json\/wp\/v2\/pages"}],"about":[{"href":"https:\/\/invest-in-albania.org\/it\/wp-json\/wp\/v2\/types\/page"}],"author":[{"embeddable":true,"href":"https:\/\/invest-in-albania.org\/it\/wp-json\/wp\/v2\/users\/2"}],"replies":[{"embeddable":true,"href":"https:\/\/invest-in-albania.org\/it\/wp-json\/wp\/v2\/comments?post=59666"}],"version-history":[{"count":2,"href":"https:\/\/invest-in-albania.org\/it\/wp-json\/wp\/v2\/pages\/59666\/revisions"}],"predecessor-version":[{"id":59690,"href":"https:\/\/invest-in-albania.org\/it\/wp-json\/wp\/v2\/pages\/59666\/revisions\/59690"}],"wp:attachment":[{"href":"https:\/\/invest-in-albania.org\/it\/wp-json\/wp\/v2\/media?parent=59666"}],"curies":[{"name":"wp","href":"https:\/\/api.w.org\/{rel}","templated":true}]}}