{"id":59529,"date":"2023-02-12T01:45:33","date_gmt":"2023-02-12T00:45:33","guid":{"rendered":"https:\/\/invest-in-albania.org\/servizi-di-help-desk\/"},"modified":"2023-02-12T01:45:33","modified_gmt":"2023-02-12T00:45:33","slug":"servizi-di-help-desk","status":"publish","type":"page","link":"https:\/\/invest-in-albania.org\/it\/servizi-di-outsourcing-bpo\/servizi-di-help-desk\/","title":{"rendered":"Servizi di help desk"},"content":{"rendered":"\n<figure class=\"wp-block-image size-full\"><img loading=\"lazy\" decoding=\"async\" width=\"800\" height=\"800\" src=\"https:\/\/invest-in-albania.org\/wp-content\/uploads\/help-desk.png\" alt=\"help desk\" class=\"wp-image-44742\" srcset=\"https:\/\/invest-in-albania.org\/wp-content\/uploads\/help-desk.png 800w, https:\/\/invest-in-albania.org\/wp-content\/uploads\/help-desk-300x300.png 300w, https:\/\/invest-in-albania.org\/wp-content\/uploads\/help-desk-768x768.png 768w, https:\/\/invest-in-albania.org\/wp-content\/uploads\/help-desk-600x600.png 600w\" sizes=\"(max-width: 800px) 100vw, 800px\" \/><\/figure>\n\n<h2 class=\"wp-block-heading\"><strong>Che cos&#8217;\u00e8 l&#8217;help desk?<\/strong><\/h2>\n\n<p>Un help desk \u00e8 una risorsa destinata a fornire al cliente o all&#8217;utente interno informazioni e assistenza in merito ai processi, ai prodotti e ai servizi di un&#8217;azienda. Lo scopo di un help desk \u00e8 fornire una risorsa centralizzata per rispondere alle domande, risolvere i problemi e facilitare le soluzioni ai problemi noti.<\/p>\n\n<p>Esempi comuni di helpdesk sono: centri di assistenza tecnica, funzioni di assistenza\/garanzia per i prodotti, sportelli per i dipendenti e centri di assistenza per le strutture. Il supporto dell&#8217;helpdesk pu\u00f2 essere fornito attraverso vari canali, tra cui sedi fisiche, numeri verdi, siti web, messaggistica istantanea o e-mail.<\/p>\n\n<p>Nelle piccole aziende, un help desk \u00e8 semplicemente una persona con un numero di telefono o un indirizzo e-mail che sa come gestire i problemi che si presentano e rispondere alle domande dei clienti su un prodotto o un servizio.  Nelle aziende pi\u00f9 grandi, un help desk pu\u00f2 essere composto da un gruppo di esperti che utilizzano un software per tenere traccia dello stato dei problemi e altri software speciali per analizzare e risolvere i problemi.<\/p>\n\n<p>Un termine correlato \u00e8 call center, un luogo che i clienti chiamano per effettuare ordini, seguire le spedizioni, ottenere assistenza per i prodotti o i servizi e cos\u00ec via. Inoltre, Internet \u00e8 oggi un mezzo economico ed efficace che le aziende utilizzano per fornire assistenza e supporto ai propri clienti.<\/p>\n\n<h2 class=\"wp-block-heading\"><h2>Tipi di servizi di help desk<\/h2>&#13;\n<strong>\u00a0<\/strong><\/h2>\n\n<p><h3><strong>Help desk di supporto IT<\/strong><\/h3><\/p>\n\n<p>Un help desk IT garantisce l&#8217;assistenza al personale interno e la risoluzione dei suoi problemi, sia che si tratti di reimpostare una password o che l&#8217;intera rete vada in tilt.<\/p>\n\n<p><h3>Help desk del servizio clienti<\/h3>&#13;\n<strong>\u00a0<\/strong><\/p>\n\n<p>Un help desk per il servizio clienti si concentra sui clienti esterni che potrebbero avere domande sui prodotti e sui servizi acquistati dalla vostra azienda.<\/p>\n\n<p><h3><strong>Help desk aziendale<\/strong><\/h3><\/p>\n\n<p>I team esterni all&#8217;IT, come le risorse umane, la finanza e l&#8217;ufficio legale, possono adottare un help desk aziendale. L&#8217;ufficio Risorse Umane pu\u00f2 aiutare i dipendenti a modificare le elezioni per la busta paga o a ottenere lettere di verifica dell&#8217;impiego. L&#8217;ufficio legale pu\u00f2 rispondere alle richieste di revisione dei contratti, mentre l&#8217;ufficio finanziario pu\u00f2 rispondere alle domande sui conti da pagare o sulle spese.<\/p>\n\n<h2 class=\"wp-block-heading\"><h2><strong>4 motivi per cui la vostra azienda ha bisogno di un servizio di help desk<\/strong><\/h2><\/h2>\n\n<p><strong>Un indirizzo e-mail non \u00e8 sufficiente per tracciare il lavoro<\/strong><\/p>\n\n<p>Se ogni richiesta diventa una serie di e-mail, i vostri agenti faranno fatica a stabilire le priorit\u00e0 e a rispondere a ogni richiesta. Spostate la conversazione dalla casella di posta in arrivo alle code organizzate dell&#8217;help desk.&#13;\n<\/p>\n\n<p><strong>I clienti possono aiutarsi da soli<\/strong><\/p>\n\n<p>Un help desk offre ai clienti la possibilit\u00e0 di rispondere autonomamente alle domande pi\u00f9 comuni attraverso una FAQ o una knowledge base.&#13;\n<\/p>\n\n<p><strong>Dare priorit\u00e0 ai ticket importanti<\/strong>&#13;\n&#13;\n<strong>\u00a0<\/strong><\/p>\n\n<p>Invece di utilizzare soluzioni ad hoc come promemoria sul calendario, note adesive o affidarsi alle e-mail, un help desk definisce le priorit\u00e0 dei ticket e i requisiti per i tempi di risoluzione.<\/p>\n\n<p><strong>\u00c8 possibile monitorare l&#8217;assistenza clienti<\/strong>&#13;\n&#13;\n<strong>\u00a0<\/strong><\/p>\n\n<p>Un help desk tiene traccia di metriche come il volume dei ticket, i tempi di risoluzione, la soddisfazione dei clienti e persino le prestazioni dei singoli agenti.<\/p>\n\n<h2 class=\"wp-block-heading\"><h2>Quali sono le ultime tendenze dei servizi di help desk?<\/h2><\/h2>\n\n<p><strong>Aumentano le capacit\u00e0 di self-service<\/strong>&#13;\n&#13;\n<strong>\u00a0<\/strong><\/p>\n\n<p>Le capacit\u00e0 di self-service degli utenti da parte di help desk abilitati all&#8217;intelligenza artificiale sono destinate a diventare una cosa comune in futuro. Ci\u00f2 avverr\u00e0 attraverso l&#8217;uso di tecnologie come gli assistenti digitali virtuali, ad esempio. Il supporto self-service non si limiter\u00e0 pi\u00f9 alla ricerca nelle basi di conoscenza e nelle FAQ.<\/p>\n\n<p><strong>Configurazione migliorata grazie alla tecnologia di apprendimento automatico<\/strong>&#13;\n&#13;\n<strong>\u00a0<\/strong><\/p>\n\n<p>Il personale di assistenza sar\u00e0 presto in grado di accedere a un&#8217;ampia gamma di set di dati che verranno integrati negli help desk grazie all&#8217;uso della tecnologia di apprendimento automatico. Ci\u00f2 comporter\u00e0 un miglioramento significativo nella diagnosi e nella gestione dei problemi.&#13;\n<\/p>\n\n<p><strong>Gli help desk stanno diventando pi\u00f9 facili da usare<\/strong>&#13;\n&#13;\n<strong>\u00a0<\/strong><\/p>\n\n<p>Se i servizi di help desk sono diventati sempre pi\u00f9 ricchi di funzionalit\u00e0, il loro utilizzo si \u00e8 rivelato difficile per molti utenti. Sono stati sviluppati cruscotti pi\u00f9 complessi, che hanno influito sull&#8217;esperienza degli utenti. Questo sviluppo si affievolisce con l&#8217;introduzione di nuovi strumenti con l&#8217;obiettivo di aumentare l&#8217;efficienza.<\/p>\n\n<p><strong>Help desk pi\u00f9 orientati al business<\/strong>&#13;\n&#13;\n<strong>\u00a0<\/strong><\/p>\n\n<p>L&#8217;integrazione della tecnologia da parte delle aziende cambia l&#8217;orientamento degli help desk, che diventano pi\u00f9 focalizzati sul business. Gli agenti dell&#8217;help desk devono sostenere i processi digitali mantenendo l&#8217;accesso degli utenti, affrontando l&#8217;incoerenza dei dati e gestendo i problemi del flusso di lavoro.&#13;\n<\/p>\n\n<p><strong>La crescita del mercato del software di help desk.<\/strong><\/p>\n\n<p>La crescita del mercato del software di help desk. Le statistiche mostrano che l&#8217;utilizzo del mercato del software di help desk \u00e8 aumentato del 49,3% dal 2014 al 2019&#13;\n<\/p>\n","protected":false},"excerpt":{"rendered":"<p>Che cos&#8217;\u00e8 l&#8217;help desk? Un help desk \u00e8 una risorsa destinata a fornire al cliente o all&#8217;utente interno informazioni e assistenza in merito ai processi, ai prodotti e ai servizi di un&#8217;azienda. Lo scopo di un help desk \u00e8 fornire una risorsa centralizzata per rispondere alle domande, risolvere i problemi e facilitare le soluzioni ai [&hellip;]<\/p>\n","protected":false},"author":2,"featured_media":44745,"parent":59672,"menu_order":8,"comment_status":"closed","ping_status":"closed","template":"","meta":{"_uag_custom_page_level_css":"","_genesis_hide_title":false,"_genesis_hide_breadcrumbs":false,"_genesis_hide_singular_image":false,"_genesis_hide_footer_widgets":false,"_genesis_custom_body_class":"","_genesis_custom_post_class":"","_genesis_layout":"","_themeisle_gutenberg_block_has_review":false,"footnotes":""},"featured_image_src":"https:\/\/invest-in-albania.org\/wp-content\/uploads\/help-desk-600x400.png","featured_image_src_square":"https:\/\/invest-in-albania.org\/wp-content\/uploads\/help-desk-600x600.png","uagb_featured_image_src":{"full":["https:\/\/invest-in-albania.org\/wp-content\/uploads\/help-desk.png",800,800,false],"thumbnail":["https:\/\/invest-in-albania.org\/wp-content\/uploads\/help-desk-280x195.png",280,195,true],"medium":["https:\/\/invest-in-albania.org\/wp-content\/uploads\/help-desk-300x300.png",300,300,true],"medium_large":["https:\/\/invest-in-albania.org\/wp-content\/uploads\/help-desk-768x768.png",768,768,true],"large":["https:\/\/invest-in-albania.org\/wp-content\/uploads\/help-desk.png",800,800,false],"1536x1536":["https:\/\/invest-in-albania.org\/wp-content\/uploads\/help-desk.png",800,800,false],"2048x2048":["https:\/\/invest-in-albania.org\/wp-content\/uploads\/help-desk.png",800,800,false],"single-featured-image":["https:\/\/invest-in-albania.org\/wp-content\/uploads\/help-desk-800x385.png",800,385,true],"blog-featured-image":["https:\/\/invest-in-albania.org\/wp-content\/uploads\/help-desk-680x290.png",680,290,true],"home-featured":["https:\/\/invest-in-albania.org\/wp-content\/uploads\/help-desk-380x570.png",380,570,true],"gb-block-post-grid-landscape":["https:\/\/invest-in-albania.org\/wp-content\/uploads\/help-desk-600x400.png",600,400,true],"gb-block-post-grid-square":["https:\/\/invest-in-albania.org\/wp-content\/uploads\/help-desk-600x600.png",600,600,true]},"uagb_author_info":{"display_name":"Vjollca Shehu","author_link":"https:\/\/invest-in-albania.org\/it\/author\/iia\/"},"uagb_comment_info":0,"uagb_excerpt":"Che cos&#8217;\u00e8 l&#8217;help desk? Un help desk \u00e8 una risorsa destinata a fornire al cliente o all&#8217;utente interno informazioni e assistenza in merito ai processi, ai prodotti e ai servizi di un&#8217;azienda. Lo scopo di un help desk \u00e8 fornire una risorsa centralizzata per rispondere alle domande, risolvere i problemi e facilitare le soluzioni ai&hellip;","_links":{"self":[{"href":"https:\/\/invest-in-albania.org\/it\/wp-json\/wp\/v2\/pages\/59529"}],"collection":[{"href":"https:\/\/invest-in-albania.org\/it\/wp-json\/wp\/v2\/pages"}],"about":[{"href":"https:\/\/invest-in-albania.org\/it\/wp-json\/wp\/v2\/types\/page"}],"author":[{"embeddable":true,"href":"https:\/\/invest-in-albania.org\/it\/wp-json\/wp\/v2\/users\/2"}],"replies":[{"embeddable":true,"href":"https:\/\/invest-in-albania.org\/it\/wp-json\/wp\/v2\/comments?post=59529"}],"version-history":[{"count":0,"href":"https:\/\/invest-in-albania.org\/it\/wp-json\/wp\/v2\/pages\/59529\/revisions"}],"up":[{"embeddable":true,"href":"https:\/\/invest-in-albania.org\/it\/wp-json\/wp\/v2\/pages\/59672"}],"wp:featuredmedia":[{"embeddable":true,"href":"https:\/\/invest-in-albania.org\/it\/wp-json\/wp\/v2\/media\/44745"}],"wp:attachment":[{"href":"https:\/\/invest-in-albania.org\/it\/wp-json\/wp\/v2\/media?parent=59529"}],"curies":[{"name":"wp","href":"https:\/\/api.w.org\/{rel}","templated":true}]}}