{"id":59522,"date":"2023-02-12T01:36:22","date_gmt":"2023-02-12T00:36:22","guid":{"rendered":"https:\/\/invest-in-albania.org\/?page_id=59522"},"modified":"2023-02-12T01:37:51","modified_gmt":"2023-02-12T00:37:51","slug":"servizi-di-assistente-virtuale","status":"publish","type":"page","link":"https:\/\/invest-in-albania.org\/it\/servizi-di-outsourcing-bpo\/servizi-di-assistente-virtuale\/","title":{"rendered":"Servizi di assistente virtuale"},"content":{"rendered":"\n<figure class=\"wp-block-image size-full\"><img loading=\"lazy\" decoding=\"async\" width=\"885\" height=\"871\" src=\"https:\/\/invest-in-albania.org\/wp-content\/uploads\/VAservices.png\" alt=\"Best Virtual Assistant Services You can Outsource\" class=\"wp-image-44663\" srcset=\"https:\/\/invest-in-albania.org\/wp-content\/uploads\/VAservices.png 885w, https:\/\/invest-in-albania.org\/wp-content\/uploads\/VAservices-300x295.png 300w, https:\/\/invest-in-albania.org\/wp-content\/uploads\/VAservices-768x756.png 768w\" sizes=\"(max-width: 885px) 100vw, 885px\" \/><\/figure>\n\n\n\n<p>Nel frenetico mondo degli affari, \u00e8 facile essere sopraffatti dai compiti quotidiani che comporta la gestione di un&#8217;azienda. \u00c8 qui che entrano in gioco gli assistenti virtuali. Un assistente virtuale, o VA, \u00e8 un professionista che fornisce supporto amministrativo a imprese e imprenditori a distanza. Sono l&#8217;arma segreta di molte aziende e imprenditori di successo, in quanto liberano tempo ed energie preziose che possono essere reindirizzate verso la crescita dell&#8217;azienda o verso il tempo libero.<\/p>\n\n\n\n<p><strong>Domanda: Cos&#8217;\u00e8 una segreteria&nbsp; virtuale? Ne avresti bisogno? Quali attivit\u00e0 potresti esternalizzare alla tua Segreteria Virtuale?<\/strong><\/p>\n\n\n\n<p>Risposta: Puoi esternalizzare quasi tutte le operazioni aziendali ad una SV, in particolare quelle che non richiedono molta esperienza.<\/p>\n\n\n\n<p>Se stai cercando risposte, potresti averne bisogno.<\/p>\n\n\n\n<p>Una segreteria virtuale aiuta la tua attivit\u00e0 e non ti fa esaurire.<\/p>\n\n\n\n<p>Se chiedi ad altri uomini d&#8217;affari che hanno assunto una segreteria virtuale della loro esperienza, per lo pi\u00f9 dicono, mi dispiace di non averlo fatto prima.<\/p>\n\n\n\n<h2 class=\"wp-block-heading\"><strong>In che modo un SA aiuta la tua azienda a crescere?<\/strong><\/h2>\n\n\n\n<p>L&#8217;assistente virtuale consente alla tua startup o organizzazione di raggiungere il successo assumendo pi\u00f9 persone di talento e pagando meno allo stesso tempo.<\/p>\n\n\n\n<h2 class=\"wp-block-heading\"><strong>Perch\u00e9 dovresti assumerne uno?<\/strong><\/h2>\n\n\n<div class=\"wp-block-image\">\n<figure class=\"alignright size-large is-resized\"><img loading=\"lazy\" decoding=\"async\" src=\"https:\/\/invest-in-albania.org\/wp-content\/uploads\/virtual-assistant-e1675633419253-970x1024.webp\" alt=\"Assistente VA\" class=\"wp-image-44657\" width=\"221\" height=\"233\" srcset=\"https:\/\/invest-in-albania.org\/wp-content\/uploads\/virtual-assistant-e1675633419253-970x1024.webp 970w, https:\/\/invest-in-albania.org\/wp-content\/uploads\/virtual-assistant-e1675633419253-284x300.webp 284w, https:\/\/invest-in-albania.org\/wp-content\/uploads\/virtual-assistant-e1675633419253-768x811.webp 768w, https:\/\/invest-in-albania.org\/wp-content\/uploads\/virtual-assistant-e1675633419253.webp 1001w\" sizes=\"(max-width: 221px) 100vw, 221px\" \/><figcaption class=\"wp-element-caption\">Un VA pu\u00f2 assistervi a distanza<\/figcaption><\/figure><\/div>\n\n\n<p>Perch\u00e9 non c&#8217;\u00e8 bisogno di essere un supereroe se non hai i superpoteri. Qualsiasi impresa avr\u00e0 bisogno di un&#8217;ampia gamma di competenze che spaziano dalla gestione dei social media alla contabilit\u00e0 e alle noiose attivit\u00e0 finanziarie. Nessuno ha il tempo e la conoscenza per fare tutte le cose. \u00c8 bello imparare ma te lo puoi permettere. A volte \u00e8 pi\u00f9 efficace lasciare che qualcun&#8217;altro abbia le capacit\u00e0 e le conoscenze che ti mancano.<\/p>\n\n\n\n<h2 class=\"wp-block-heading\"><strong>Quali servizi affidare ad una segreteria virtuale?<\/strong><\/h2>\n\n\n\n<p>Puoi creare un elenco di processi aziendali che includa attivit\u00e0 che non ti piace fare o che non sai come fare e concentrare il tuo tempo sulle cose importanti.<\/p>\n\n\n\n<h2 class=\"wp-block-heading\"><strong>Prossimi passi<\/strong><\/h2>\n\n\n\n<p>Quando hai finito, fai un altro elenco di cose che dovresti fare, cose che servono davvero alle funzioni principali della tua attivit\u00e0. Quando chiarisci questi punti a te stesso, puoi iniziare a cercare la tua segreteria virtuale.<\/p>\n\n\n\n<p>Batti la lotta e lo stress imprenditoriale e usa il tuo tempo prezioso per compiti che ti motivano e alimentano il tuo spirito imprenditoriale. Se non sai quale attivit\u00e0 esternalizzare prima, dai un&#8217;occhiata a questo elenco di suggerimenti.<br><\/p>\n\n\n\n<h3 class=\"wp-block-heading\"><strong>Gestisci il tuo sito web<\/strong><\/h3>\n\n\n\n<p>Produci o pubblica contenuti, modera e rispondi ai commenti sul tuo blog, condividi i post del blog negli account dei social media, promuovi il blog nei forum online<\/p>\n\n\n\n<h3 class=\"wp-block-heading\"><strong>La tua gestione personale<\/strong><\/h3>\n\n\n\n<p>Gestisci e-mail, calendario, agenda, ricerche, viaggi, pianificazione di hotel e voli e accordi<\/p>\n\n\n\n<h3 class=\"wp-block-heading\"><strong>Compiti amministrativi<\/strong><\/h3>\n\n\n\n<p>Accoglienza, reclutamento, project management, invio fatture<\/p>\n\n\n\n<h3 class=\"wp-block-heading\"><strong>Servizi SEO<\/strong><\/h3>\n\n\n\n<ul>\n<li>Ricerca per parole chiave<\/li>\n\n\n\n<li>Ottimizzazione on-page\/off-page<\/li>\n\n\n\n<li>Creazione della pagina di destinazione<\/li>\n\n\n\n<li>Costruendo collegamenti<\/li>\n\n\n\n<li>Analisi del sito<\/li>\n\n\n\n<li>Inserimento dati<\/li>\n\n\n\n<li>Gestione del calendario<\/li>\n\n\n\n<li>Ricerca<\/li>\n\n\n\n<li>Prenotazione hotel e volo.<\/li>\n<\/ul>\n\n\n\n<h2 class=\"wp-block-heading\"><strong>Dove assumere una reception virtuale?&nbsp;<\/strong><\/h2>\n\n\n\n<p>Questi servizi spesso non richiedono una forza lavoro altamente qualificata.&nbsp;<\/p>\n\n\n\n<p>Le competenze chiave per una segreteria virtuale richiedono:&nbsp;<\/p>\n\n\n\n<p>Conoscenza fluente della lingua italiana<\/p>\n\n\n\n<p>Buone capacit\u00e0 di comunicazione&nbsp;<\/p>\n\n\n\n<p>Pazienza e concentrazione&nbsp;<\/p>\n\n\n\n<p>Buone capacit\u00e0 di battitura&nbsp;<\/p>\n\n\n\n<p>Se stai cercando un partner di outsourcing affidabile per la tua accoglienza virtuale personale, le aziende albanesi possono essere una scelta conveniente per te. Offrono servizi comparabili a un prezzo inferiore.&nbsp;<\/p>\n\n\n\n<h3 class=\"wp-block-heading\"><strong>Per saperne di pi\u00f9 o iniziare una prova, compila il modulo sottostante.<\/strong><\/h3>\n","protected":false},"excerpt":{"rendered":"<p>Nel frenetico mondo degli affari, \u00e8 facile essere sopraffatti dai compiti quotidiani che comporta la gestione di un&#8217;azienda. \u00c8 qui che entrano in gioco gli assistenti virtuali. Un assistente virtuale, o VA, \u00e8 un professionista che fornisce supporto amministrativo a imprese e imprenditori a distanza. Sono l&#8217;arma segreta di molte aziende e imprenditori di successo, [&hellip;]<\/p>\n","protected":false},"author":2,"featured_media":44666,"parent":59672,"menu_order":1,"comment_status":"closed","ping_status":"closed","template":"","meta":{"_uag_custom_page_level_css":"","_genesis_hide_title":false,"_genesis_hide_breadcrumbs":false,"_genesis_hide_singular_image":false,"_genesis_hide_footer_widgets":false,"_genesis_custom_body_class":"","_genesis_custom_post_class":"","_genesis_layout":"","_themeisle_gutenberg_block_has_review":false,"footnotes":""},"featured_image_src":"https:\/\/invest-in-albania.org\/wp-content\/uploads\/VAservices-600x400.png","featured_image_src_square":"https:\/\/invest-in-albania.org\/wp-content\/uploads\/VAservices-600x600.png","uagb_featured_image_src":{"full":["https:\/\/invest-in-albania.org\/wp-content\/uploads\/VAservices.png",885,871,false],"thumbnail":["https:\/\/invest-in-albania.org\/wp-content\/uploads\/VAservices-280x195.png",280,195,true],"medium":["https:\/\/invest-in-albania.org\/wp-content\/uploads\/VAservices-300x295.png",300,295,true],"medium_large":["https:\/\/invest-in-albania.org\/wp-content\/uploads\/VAservices-768x756.png",768,756,true],"large":["https:\/\/invest-in-albania.org\/wp-content\/uploads\/VAservices.png",885,871,false],"1536x1536":["https:\/\/invest-in-albania.org\/wp-content\/uploads\/VAservices.png",885,871,false],"2048x2048":["https:\/\/invest-in-albania.org\/wp-content\/uploads\/VAservices.png",885,871,false],"single-featured-image":["https:\/\/invest-in-albania.org\/wp-content\/uploads\/VAservices-885x385.png",885,385,true],"blog-featured-image":["https:\/\/invest-in-albania.org\/wp-content\/uploads\/VAservices-680x290.png",680,290,true],"home-featured":["https:\/\/invest-in-albania.org\/wp-content\/uploads\/VAservices-380x570.png",380,570,true],"gb-block-post-grid-landscape":["https:\/\/invest-in-albania.org\/wp-content\/uploads\/VAservices-600x400.png",600,400,true],"gb-block-post-grid-square":["https:\/\/invest-in-albania.org\/wp-content\/uploads\/VAservices-600x600.png",600,600,true]},"uagb_author_info":{"display_name":"Vjollca Shehu","author_link":"https:\/\/invest-in-albania.org\/it\/author\/iia\/"},"uagb_comment_info":0,"uagb_excerpt":"Nel frenetico mondo degli affari, \u00e8 facile essere sopraffatti dai compiti quotidiani che comporta la gestione di un&#8217;azienda. \u00c8 qui che entrano in gioco gli assistenti virtuali. Un assistente virtuale, o VA, \u00e8 un professionista che fornisce supporto amministrativo a imprese e imprenditori a distanza. Sono l&#8217;arma segreta di molte aziende e imprenditori di successo,&hellip;","_links":{"self":[{"href":"https:\/\/invest-in-albania.org\/it\/wp-json\/wp\/v2\/pages\/59522"}],"collection":[{"href":"https:\/\/invest-in-albania.org\/it\/wp-json\/wp\/v2\/pages"}],"about":[{"href":"https:\/\/invest-in-albania.org\/it\/wp-json\/wp\/v2\/types\/page"}],"author":[{"embeddable":true,"href":"https:\/\/invest-in-albania.org\/it\/wp-json\/wp\/v2\/users\/2"}],"replies":[{"embeddable":true,"href":"https:\/\/invest-in-albania.org\/it\/wp-json\/wp\/v2\/comments?post=59522"}],"version-history":[{"count":0,"href":"https:\/\/invest-in-albania.org\/it\/wp-json\/wp\/v2\/pages\/59522\/revisions"}],"up":[{"embeddable":true,"href":"https:\/\/invest-in-albania.org\/it\/wp-json\/wp\/v2\/pages\/59672"}],"wp:featuredmedia":[{"embeddable":true,"href":"https:\/\/invest-in-albania.org\/it\/wp-json\/wp\/v2\/media\/44666"}],"wp:attachment":[{"href":"https:\/\/invest-in-albania.org\/it\/wp-json\/wp\/v2\/media?parent=59522"}],"curies":[{"name":"wp","href":"https:\/\/api.w.org\/{rel}","templated":true}]}}