{"id":44321,"date":"2022-10-21T15:04:53","date_gmt":"2022-10-21T13:04:53","guid":{"rendered":"https:\/\/new.invest-in-albania.org\/turismo-dentale\/"},"modified":"2023-07-10T23:21:51","modified_gmt":"2023-07-10T21:21:51","slug":"turismo-dentale","status":"publish","type":"page","link":"https:\/\/invest-in-albania.org\/it\/turismo-dentale\/","title":{"rendered":"Turismo Dentale in Albania"},"content":{"rendered":"\n<p>Una buona salute dentale \u00e8 uno dei migliori investimenti e vale la pena di fare ogni sforzo, anche se richiede un viaggio fuori dal paese. Ne vale ancora di pi\u00f9 la pena quando le cure dentali all&#8217;estero sono fino all&#8217;80% pi\u00f9 convenienti rispetto ai paesi in cui le persone si rivolgono per le cure dentali. Chi cerca di ridurre le spese odontoiatrice sa che il risparmio pu\u00f2 essere notevole quando si opta per le cure dentali all&#8217;estero. Inoltre, le agenzie di turismo dentale rendono ancora pi\u00f9 facile tagliare i costi relativi a voli, trasferimenti, alloggio, vitto e altri servizi, offrendo offerte vantaggiose su una gamma completa di servizi dentali e medici di alta qualit\u00e0, combinati con pacchetti di viaggio su misura per le esigenze del paziente.<\/p>\n\n\n\n<p><strong>Il turismo dentale prende due piccioni con una fava. Riduce i costi dei costosi interventi odontoiatrici, viaggiando ed esplorando nuove destinazioni.&nbsp;<\/strong><\/p>\n\n\n\n<p>Il valore del mercato globale del turismo dentale nel 2022 \u00e8 stimato in 6,7 miliardi di dollari. \u00c8 una cifra impressionante, e la stima diventa ancora pi\u00f9 impressionante per il 2032. In circa dieci anni, il valore del mercato globale dovrebbe salire a 23,4 miliardi di dollari. Il motivo alla base di queste cifre \u00e8 il costante aumento dei prezzi dell&#8217;assistenza sanitaria nei Paesi in cui l&#8217;assistenza odontoiatrica non \u00e8 sempre gratuita. Le persone che vivono in questi Paesi devono spesso prendere decisioni difficili per ridurre i costi delle cure sanitarie di routine. Nel caso delle cure odontoiatriche, tuttavia, se trascurate, possono comportare trattamenti ancora pi\u00f9 costosi.<\/p>\n\n\n\n<p>Di conseguenza, il turismo dentale \u00e8 diventato molto popolare in diversi paesi che offrono servizi a prezzi accessibili senza compromettere la qualit\u00e0. Tuttavia, l&#8217;accessibilit\u00e0 dipende dal luogo in cui si trova il paziente. Le persone provenienti dagli Stati Uniti e dal Canada spesso si recano in Messico o volano in Costa Rica. Gli abitanti del Medio Oriente si recano in India e Thailandia, mentre gli inglesi e gli italiani preferiscono l&#8217;Ungheria o l&#8217;Albania per un&#8217;atmosfera pi\u00f9 mediterranea.<\/p>\n\n\n\n<p>Ogni anno, migliaia di persone si recano all&#8217;estero per sottoporsi a interventi sui denti. I servizi generali comprendono la chirurgia orale, l&#8217;odontoiatria estetica, l&#8217;odontoiatria restaurativa, il trattamento parodontale\/gengivale, l&#8217;odontoiatria preventiva, pediatrica, protesica, ecc.<\/p>\n\n\n\n<p>I trattamenti pi\u00f9 richiesti includono corone dentali, ponti e protesi parziali, faccette, impianti, modellazione gengivale, sbiancamento dei denti, intarsi e onlay in ceramica, trattamento del canale radicolare, otturazioni, interventi di chirurgia orale, trattamenti ortodontici, etc.<\/p>\n\n\n\n<h2 class=\"wp-block-heading\">Perch\u00e9 il turismo dentale<\/h2>\n\n\n\n<h3 class=\"wp-block-heading\">Servizio di alta qualit\u00e0<\/h3>\n\n\n\n<p>Anche se viene etichettato come un&#8217;opzione economica e conveniente rispetto a ci\u00f2 che possono offrire altri paesi, il turismo dentale consente di accedere a servizi professionali, attrezzature moderne e cliniche all&#8217;avanguardia.<\/p>\n\n\n\n<h3 class=\"wp-block-heading\">Costi ridotti<\/h3>\n\n\n\n<h3 class=\"wp-block-heading\">Servizi convenienti<\/h3>\n\n\n\n<p>I servizi offerti sono pi\u00f9 convenienti e richiedono meno tempo che a casa. Le procedure pi\u00f9 importanti possono essere eseguite in due breve visite, mentre a casa \u00e8 necessario assentarsi dal lavoro per pi\u00f9 visite nell&#8217;arco di diversi mesi.<\/p>\n\n\n\n<h3 class=\"wp-block-heading\">Nessuna attesa<\/h3>\n\n\n\n<p>Inoltre, non ci sono tempi di attesa. I dentisti lavorano in base agli orari del paziente e non viceversa.<\/p>\n\n\n\n<h3 class=\"wp-block-heading\">Visitare un nuovo Paese<\/h3>\n\n\n\n<p>La combinazione di servizi odontoiatrici e viaggi rende l&#8217;intero processo pi\u00f9 eccitante. Alcune delle migliori destinazioni del turismo dentale nel mondo sono anche ottime destinazioni turistiche in generale. Thailandia, Costa Rica, Spagna, Messico, Repubblica Ceca, Albania e Le Filippine sono destinazioni da sogno per molti.<\/p>\n\n\n\n<h2 class=\"wp-block-heading\">Perch\u00e9 il turismo dentale in Albania?<\/h2>\n\n\n\n<p>L&#8217;Albania \u00e8 uno dei stati in cui il turismo medico sta prosperando. <a href=\"https:\/\/nobident.com\/\" data-type=\"URL\" data-id=\"https:\/\/nobident.com\/\" rel=\"noopener\">Il turismo dentale<\/a> \u00e8 stato il primo ramo del turismo medico. Il paese ha guadagnato attenzione perch\u00e9 altre destinazioni di turismo dentale consolidate nella regione, come la Croazia, hanno iniziato a praticare tariffe pi\u00f9 elevate. Inoltre, gli albanesi che vivono all&#8217;estero rappresentano una quota considerevole delle persone che vengono in Albania per interventi odontoiatrici. Nel corso degli anni, il passaparola e il turismo dentale professionale hanno creato una solida offerta che si rivolge ai pazienti internazionali dell&#8217;UE, in particolare dell&#8217;Italia e del Regno Unito.<\/p>\n\n\n\n<p>In termini di qualifiche, i dentisti in Albania sono altamente qualificati e professionali. La Facolt\u00e0 di Medicina dentale in Albania ha sempre attratto i migliori studenti a livello nazionale. Inoltre, molti hanno completato gli studi all&#8217;estero o hanno partecipato a corsi di formazione continua fuori dal paese. Inoltre, la comunicazione non \u00e8 un problema. L&#8217;inglese e l&#8217;italiano sono comunemente parlati nelle cliniche dentistiche albanesi.<\/p>\n\n\n\n<p>Situata nella regione del Mediterraneo, l&#8217;Albania ha molto da offrire a ogni tipo di turista. Ci sono centinaia di chilometri di costa e migliaia di chilometri di percorsi escursionistici in tutto il paese. Cucina e vino deliziosi, patrimonio culturale, grandi citt\u00e0, piccoli e tranquilli paesi e molti siti storici fanno parte di un pacchetto che pu\u00f2 lasciarvi a bocca aperta, ma con un bel sorriso.<\/p>\n","protected":false},"excerpt":{"rendered":"<p>Una buona salute dentale \u00e8 uno dei migliori investimenti e vale la pena di fare ogni sforzo, anche se richiede un viaggio fuori dal paese. Ne vale ancora di pi\u00f9 la pena quando le cure dentali all&#8217;estero sono fino all&#8217;80% pi\u00f9 convenienti rispetto ai paesi in cui le persone si rivolgono per le cure dentali. [&hellip;]<\/p>\n","protected":false},"author":2,"featured_media":0,"parent":0,"menu_order":1,"comment_status":"closed","ping_status":"closed","template":"","meta":{"_uag_custom_page_level_css":"","_genesis_hide_title":false,"_genesis_hide_breadcrumbs":false,"_genesis_hide_singular_image":false,"_genesis_hide_footer_widgets":false,"_genesis_custom_body_class":"","_genesis_custom_post_class":"","_genesis_layout":"","_themeisle_gutenberg_block_has_review":false,"footnotes":""},"featured_image_src":null,"featured_image_src_square":null,"uagb_featured_image_src":{"full":false,"thumbnail":false,"medium":false,"medium_large":false,"large":false,"1536x1536":false,"2048x2048":false,"single-featured-image":false,"blog-featured-image":false,"home-featured":false,"gb-block-post-grid-landscape":false,"gb-block-post-grid-square":false},"uagb_author_info":{"display_name":"Vjollca Shehu","author_link":"https:\/\/invest-in-albania.org\/it\/author\/iia\/"},"uagb_comment_info":0,"uagb_excerpt":"Una buona salute dentale \u00e8 uno dei migliori investimenti e vale la pena di fare ogni sforzo, anche se richiede un viaggio fuori dal paese. Ne vale ancora di pi\u00f9 la pena quando le cure dentali all&#8217;estero sono fino all&#8217;80% pi\u00f9 convenienti rispetto ai paesi in cui le persone si rivolgono per le cure dentali.&hellip;","_links":{"self":[{"href":"https:\/\/invest-in-albania.org\/it\/wp-json\/wp\/v2\/pages\/44321"}],"collection":[{"href":"https:\/\/invest-in-albania.org\/it\/wp-json\/wp\/v2\/pages"}],"about":[{"href":"https:\/\/invest-in-albania.org\/it\/wp-json\/wp\/v2\/types\/page"}],"author":[{"embeddable":true,"href":"https:\/\/invest-in-albania.org\/it\/wp-json\/wp\/v2\/users\/2"}],"replies":[{"embeddable":true,"href":"https:\/\/invest-in-albania.org\/it\/wp-json\/wp\/v2\/comments?post=44321"}],"version-history":[{"count":0,"href":"https:\/\/invest-in-albania.org\/it\/wp-json\/wp\/v2\/pages\/44321\/revisions"}],"wp:attachment":[{"href":"https:\/\/invest-in-albania.org\/it\/wp-json\/wp\/v2\/media?parent=44321"}],"curies":[{"name":"wp","href":"https:\/\/api.w.org\/{rel}","templated":true}]}}