{"id":60181,"date":"2024-04-06T18:30:16","date_gmt":"2024-04-06T16:30:16","guid":{"rendered":"https:\/\/invest-in-albania.org\/?page_id=60181"},"modified":"2024-04-06T18:30:21","modified_gmt":"2024-04-06T16:30:21","slug":"outsourcing-fuer-start-ups","status":"publish","type":"page","link":"https:\/\/invest-in-albania.org\/de\/outsourcing-fuer-start-ups\/","title":{"rendered":"Outsourcing f\u00fcr Start-ups"},"content":{"rendered":"<div class=\"wp-block-image\">\n<figure class=\"alignright\"><img loading=\"lazy\" decoding=\"async\" width=\"1024\" height=\"682\" src=\"http:\/\/new.invest-in-albania.org\/wp-content\/uploads\/seo-outsource-1024x682.jpg\" alt=\"\" class=\"wp-image-40816\" srcset=\"https:\/\/invest-in-albania.org\/wp-content\/uploads\/seo-outsource-1024x682.jpg 1024w, https:\/\/invest-in-albania.org\/wp-content\/uploads\/seo-outsource-300x200.jpg 300w, https:\/\/invest-in-albania.org\/wp-content\/uploads\/seo-outsource-768x512.jpg 768w, https:\/\/invest-in-albania.org\/wp-content\/uploads\/seo-outsource-580x387.jpg 580w, https:\/\/invest-in-albania.org\/wp-content\/uploads\/seo-outsource-860x573.jpg 860w, https:\/\/invest-in-albania.org\/wp-content\/uploads\/seo-outsource-1160x773.jpg 1160w, https:\/\/invest-in-albania.org\/wp-content\/uploads\/seo-outsource.jpg 1280w\" sizes=\"(max-width: 1024px) 100vw, 1024px\" \/><\/figure><\/div>\n\n\n<p>Ein Startup ist in der Regel ein kleines Unternehmen oder eine Firma in der Anfangsphase seiner Entwicklung. Sie werden in der Regel von 1 bis 3 Mitgr\u00fcndern gegr\u00fcndet, die sich darauf konzentrieren, aus einer bestimmten Marktnachfrage Kapital zu schlagen, indem sie ein Produkt, eine Dienstleistung oder eine Plattform entwickeln.<\/p>\n\n\n\n<p>Laut Statistik scheitern 90 % der neuen Unternehmen. Wenn ein neues Unternehmen oder eine neue Firma er\u00f6ffnet wird, sollten die Gr\u00fcnder darauf achten, wie sie ihr Budget verwalten. In eine Dienstleistung zu investieren, die keine Gewinne abwirft, ist ein Rezept f\u00fcr eine Schlie\u00dfung. Hier kommt das Outsourcing den Unternehmen zu Hilfe, die entweder ihr Verwaltungspersonal oder ihre Dienstleistungen auslagern wollen.<\/p>\n\n\n\n<p>Tatsache ist, dass Neugr\u00fcndungen, die in der Anfangsphase auf Outsourcing zur\u00fcckgreifen, 60 % der Kosten einsparen und damit ihre Chancen auf Kontinuit\u00e4t und h\u00f6here Produktivit\u00e4t erh\u00f6hen. Dies sind die beiden Hauptgr\u00fcnde, warum kleine Unternehmen auf Outsourcing zur\u00fcckgreifen.<\/p>\n\n\n\n<p>Jedes Unternehmen hat seine St\u00e4rken und Schw\u00e4chen. Um langfristig erfolgreich zu sein, sollten sich Existenzgr\u00fcnder auf ihre Schw\u00e4chen oder &#8222;L\u00fccken&#8220; konzentrieren und versuchen, diese zu verbessern, wobei Outsourcing eine gute Option sein kann.<\/p>\n\n\n\n<p>Hier sind die drei wichtigsten Bereiche, in denen neue Unternehmen in Outsourcing investieren sollten:<\/p>\n\n\n\n<p>Verwaltungspersonal oder -dienstleistungen<\/p>\n\n\n\n<p>Lohnbuchhaltung und Buchf\u00fchrung<\/p>\n\n\n\n<p>IT-Dienstleistungen<\/p>\n\n\n\n<p>Verwaltungsdienstleistungen<\/p>\n\n\n\n<p>Start-ups k\u00f6nnen Verwaltungspersonal oder -dienstleistungen auslagern. Was das Personal anbelangt, so kann es sich als notwendig erweisen, neben dem internen Team zus\u00e4tzliches Personal einzustellen. Das geschulte Personal kann ihnen vor allem bei administrativen Aufgaben zur Seite stehen.<\/p>\n\n\n\n<p>Durch die Auslagerung von Verwaltungsaufgaben wird die Verantwortung f\u00fcr das Anfertigen von Notizen und die Beantwortung von E-Mails oder Telefonaten an die ausgelagerten Mitarbeiter \u00fcbertragen. Auch die Planung von Arbeitszeiten und Besprechungen kann ausgelagert werden, was besonders dann von Vorteil ist, wenn es keine Personalabteilung gibt.<\/p>\n\n\n\n<p><strong>Gehaltsabrechnung und Buchhaltung<\/strong><\/p>\n\n\n\n<p>Kleine Unternehmen sind anf\u00e4lliger f\u00fcr Bu\u00dfgelder, da sie bei der Erstellung der Lohn- und Gehaltsabrechnungen Fehler machen oder aufgrund mangelnder Kenntnisse gegen das Gesetz versto\u00dfen k\u00f6nnten. Um dies zu vermeiden, sch\u00fctzt das Outsourcing der Lohn- und Gehaltsabrechnung oder der Buchhaltung das Unternehmen und seine Mitarbeiter, da es die erforderliche Genauigkeit bietet, um rechtliche Strafen zu vermeiden und das Team entsprechend und p\u00fcnktlich zu bezahlen.<\/p>\n\n\n\n<p><strong>IT-Dienstleistungen<\/strong><\/p>\n\n\n\n<p>F\u00fcr Unternehmen, die relevant bleiben wollen, ist es wichtig, so schnell wie m\u00f6glich auf den Markt zu kommen, da sich die Technologien st\u00e4ndig weiterentwickeln und den Verbrauchern neue Dienstleistungen und Produkte anbieten. Wenn ein Start-up zu lange braucht, um ein Produkt auf den Markt zu bringen, kann es veraltet sein, oder die Konkurrenz hat es bereits auf den Markt gebracht.<\/p>\n\n\n\n<p>Ausgelagerte IT-Teams arbeiten mit Start-ups zusammen, wenn diese ihre Produkte von Grund auf neu entwickeln. Das Outsourcing der Softwareentwicklung gew\u00e4hrleistet, dass die Produkte funktional und effizient sind. IT-Outsourcing-Anbieter zeichnen sich dadurch aus, dass sie den Schwerpunkt auf Spitzentechnologie legen, die die Bereitstellung hochwertiger Produkte unterst\u00fctzt.<\/p>\n\n\n\n<p>Das Outsourcing an Technologieanbieter ist eine der besten M\u00f6glichkeiten, ein kleines Unternehmen wettbewerbsf\u00e4hig zu halten, bis es mehr Vertrauen gewinnt und die Kundentreue erh\u00f6ht. IT-Outsourcing-Anbieter verf\u00fcgen nicht nur \u00fcber die notwendigen Werkzeuge, sondern auch \u00fcber die neuesten Informationen \u00fcber den Markt, die es neuen Unternehmen erm\u00f6glichen, mit den neuesten Innovationen und Technologien Schritt zu halten, was zum Erfolg und zur Langlebigkeit des Unternehmens beitr\u00e4gt.<\/p>\n","protected":false},"excerpt":{"rendered":"<p>Ein Startup ist in der Regel ein kleines Unternehmen oder eine Firma in der Anfangsphase seiner Entwicklung. Sie werden in der Regel von 1 bis 3 Mitgr\u00fcndern gegr\u00fcndet, die sich darauf konzentrieren, aus einer bestimmten Marktnachfrage Kapital zu schlagen, indem sie ein Produkt, eine Dienstleistung oder eine Plattform entwickeln. Laut Statistik scheitern 90 % der [&hellip;]<\/p>\n","protected":false},"author":2,"featured_media":40818,"parent":0,"menu_order":61,"comment_status":"closed","ping_status":"closed","template":"","meta":{"_uag_custom_page_level_css":"","_genesis_hide_title":false,"_genesis_hide_breadcrumbs":false,"_genesis_hide_singular_image":false,"_genesis_hide_footer_widgets":false,"_genesis_custom_body_class":"","_genesis_custom_post_class":"","_genesis_layout":"","_themeisle_gutenberg_block_has_review":false,"footnotes":""},"featured_image_src":"https:\/\/invest-in-albania.org\/wp-content\/uploads\/seo-outsource.jpg","featured_image_src_square":"https:\/\/invest-in-albania.org\/wp-content\/uploads\/seo-outsource.jpg","uagb_featured_image_src":{"full":["https:\/\/invest-in-albania.org\/wp-content\/uploads\/seo-outsource.jpg",1280,853,false],"thumbnail":["https:\/\/invest-in-albania.org\/wp-content\/uploads\/seo-outsource-280x195.jpg",280,195,true],"medium":["https:\/\/invest-in-albania.org\/wp-content\/uploads\/seo-outsource-300x200.jpg",300,200,true],"medium_large":["https:\/\/invest-in-albania.org\/wp-content\/uploads\/seo-outsource-768x512.jpg",768,512,true],"large":["https:\/\/invest-in-albania.org\/wp-content\/uploads\/seo-outsource-1024x682.jpg",1024,682,true],"1536x1536":["https:\/\/invest-in-albania.org\/wp-content\/uploads\/seo-outsource.jpg",1280,853,false],"2048x2048":["https:\/\/invest-in-albania.org\/wp-content\/uploads\/seo-outsource.jpg",1280,853,false],"single-featured-image":["https:\/\/invest-in-albania.org\/wp-content\/uploads\/seo-outsource.jpg",578,385,false],"blog-featured-image":["https:\/\/invest-in-albania.org\/wp-content\/uploads\/seo-outsource.jpg",435,290,false],"home-featured":["https:\/\/invest-in-albania.org\/wp-content\/uploads\/seo-outsource.jpg",380,253,false],"gb-block-post-grid-landscape":["https:\/\/invest-in-albania.org\/wp-content\/uploads\/seo-outsource.jpg",600,400,false],"gb-block-post-grid-square":["https:\/\/invest-in-albania.org\/wp-content\/uploads\/seo-outsource.jpg",600,400,false]},"uagb_author_info":{"display_name":"Vjollca Shehu","author_link":"https:\/\/invest-in-albania.org\/de\/author\/iia\/"},"uagb_comment_info":0,"uagb_excerpt":"Ein Startup ist in der Regel ein kleines Unternehmen oder eine Firma in der Anfangsphase seiner Entwicklung. Sie werden in der Regel von 1 bis 3 Mitgr\u00fcndern gegr\u00fcndet, die sich darauf konzentrieren, aus einer bestimmten Marktnachfrage Kapital zu schlagen, indem sie ein Produkt, eine Dienstleistung oder eine Plattform entwickeln. Laut Statistik scheitern 90 % der&hellip;","_links":{"self":[{"href":"https:\/\/invest-in-albania.org\/de\/wp-json\/wp\/v2\/pages\/60181"}],"collection":[{"href":"https:\/\/invest-in-albania.org\/de\/wp-json\/wp\/v2\/pages"}],"about":[{"href":"https:\/\/invest-in-albania.org\/de\/wp-json\/wp\/v2\/types\/page"}],"author":[{"embeddable":true,"href":"https:\/\/invest-in-albania.org\/de\/wp-json\/wp\/v2\/users\/2"}],"replies":[{"embeddable":true,"href":"https:\/\/invest-in-albania.org\/de\/wp-json\/wp\/v2\/comments?post=60181"}],"version-history":[{"count":1,"href":"https:\/\/invest-in-albania.org\/de\/wp-json\/wp\/v2\/pages\/60181\/revisions"}],"predecessor-version":[{"id":60182,"href":"https:\/\/invest-in-albania.org\/de\/wp-json\/wp\/v2\/pages\/60181\/revisions\/60182"}],"wp:featuredmedia":[{"embeddable":true,"href":"https:\/\/invest-in-albania.org\/de\/wp-json\/wp\/v2\/media\/40818"}],"wp:attachment":[{"href":"https:\/\/invest-in-albania.org\/de\/wp-json\/wp\/v2\/media?parent=60181"}],"curies":[{"name":"wp","href":"https:\/\/api.w.org\/{rel}","templated":true}]}}