{"id":60177,"date":"2024-04-06T18:25:10","date_gmt":"2024-04-06T16:25:10","guid":{"rendered":"https:\/\/invest-in-albania.org\/?page_id=60177"},"modified":"2024-04-06T18:25:16","modified_gmt":"2024-04-06T16:25:16","slug":"outsourcing-vorteile-fuer-kleine-und-mittelstaendische-unternehmen","status":"publish","type":"page","link":"https:\/\/invest-in-albania.org\/de\/outsourcing-vorteile-fuer-kleine-und-mittelstaendische-unternehmen\/","title":{"rendered":"Outsourcing-Vorteile f\u00fcr kleine und mittelst\u00e4ndische Unternehmen"},"content":{"rendered":"<div class=\"wp-block-image\">\n<figure class=\"alignright\"><img loading=\"lazy\" decoding=\"async\" width=\"1024\" height=\"682\" src=\"http:\/\/new.invest-in-albania.org\/wp-content\/uploads\/calculator-1024x682.jpg\" alt=\"\" class=\"wp-image-40836\" srcset=\"https:\/\/invest-in-albania.org\/wp-content\/uploads\/calculator-1024x682.jpg 1024w, https:\/\/invest-in-albania.org\/wp-content\/uploads\/calculator-300x200.jpg 300w, https:\/\/invest-in-albania.org\/wp-content\/uploads\/calculator-768x512.jpg 768w, https:\/\/invest-in-albania.org\/wp-content\/uploads\/calculator-580x387.jpg 580w, https:\/\/invest-in-albania.org\/wp-content\/uploads\/calculator-860x573.jpg 860w, https:\/\/invest-in-albania.org\/wp-content\/uploads\/calculator-1160x773.jpg 1160w, https:\/\/invest-in-albania.org\/wp-content\/uploads\/calculator.jpg 1280w\" sizes=\"(max-width: 1024px) 100vw, 1024px\" \/><\/figure><\/div>\n\n\n<p>Neugr\u00fcndungen werden oft von Personen ins Leben gerufen, die noch nie ein Unternehmen geleitet haben. Der \u00dcbergang von einer Neugr\u00fcndung zu einem wachsenden Unternehmen wird daher kein Kinderspiel sein. Ein kleines Team von zwei oder drei Personen kann nicht alle gesch\u00e4ftsrelevanten Funktionen verwalten. Denken Sie an einen Softwareentwickler, der sich um die Steuerberechnung k\u00fcmmern muss. Das ist kein Traumjob, und Steuern sind irgendwie demotivierend.<br>Daher m\u00fcssen kleine und mittlere Unternehmen nach jeder erschwinglichen Option suchen, die ihnen hilft, viele Arbeitsstunden zu sparen und langweilige Aufgaben zu erledigen. F\u00fcr viele ist das Outsourcing die beste Option.<\/p>\n\n\n\n<p>Auf die Frage, ob es sich kleine Unternehmen leisten k\u00f6nnen, Funktionen wie Buchhaltung, Finanzen, Personalwesen oder Softwareentwicklung auszulagern, lautet die Antwort: Ja. Erstens ist Zeit das wertvollste Gut f\u00fcr ein kleines Unternehmen. Zweitens kostet jede Funktion, die ausgelagert werden kann, weniger, als wenn sie von einem internen Team erledigt wird. F\u00fcr kleine und mittlere Unternehmen ist jede eingesparte Stunde und jeder eingesparte Cent eine gewonnene Stunde und ein gewonnener Cent.<\/p>\n\n\n\n<p>Outsourcing basiert auf dem Prinzip, intelligenter und nicht h\u00e4rter zu arbeiten, was der beste Ansatz f\u00fcr Unternehmen ist, die auf Wachstum und Gewinnmaximierung ausgerichtet sind.<\/p>\n\n\n\n<p><strong>Kosteneffizienz<\/strong><\/p>\n\n\n\n<p>Dies ist das erste und das letzte, was \u00fcber Outsourcing gesagt wird. Auch wenn die j\u00fcngsten Trends best\u00e4tigen, dass die Kostensenkung nicht der Hauptgrund ist, warum sich Unternehmen f\u00fcr die Auslagerung ihrer Aufgaben entscheiden, ist sie f\u00fcr kleine Unternehmen von Bedeutung.<\/p>\n\n\n\n<p>Durch Outsourcing lassen sich Prozesse einsparen, die enorme Zeit- und Geldkosten verursachen, wie z. B. Personalbeschaffung, Verwaltung von Sozialleistungen, Schulung, Talentbindung, Ruhestandspl\u00e4ne, Abruf von Krankheits- und Jahresurlauben, hohe Mitarbeiterfluktuation und andere personalbezogene Probleme.<\/p>\n\n\n\n<p>Der Outsourcing-Partner hilft dabei, all dies sowie zus\u00e4tzliche Aufgaben im Zusammenhang mit B\u00fcror\u00e4umen, Ausr\u00fcstung, Technologie usw. zu vermeiden.<\/p>\n\n\n\n<p><strong>Zugang zu Talenten und neuen Perspektiven<\/strong><\/p>\n\n\n\n<p>Jeder wei\u00df, dass neue Mitarbeiter Zeit brauchen, um sich einzuarbeiten und zu verstehen, wie die Prozesse an einem neuen Arbeitsplatz ablaufen. Diese Zeit ist ein zus\u00e4tzlicher Kostenfaktor f\u00fcr das Unternehmen, und f\u00fcr jeden talentierten Mitarbeiter gibt es Hunderte von Anwerbern anderer Unternehmen, die versuchen, ihn abzuwerben. Das passiert, wenn es auf dem lokalen oder nationalen Markt einen Mangel an Talenten gibt. F\u00fcr die Unternehmen, die auslagern, ist dies kein Problem.<\/p>\n\n\n\n<p>Das Outsourcing erm\u00f6glicht die Zusammenarbeit mit Unternehmen, die in verschiedenen Teilen der Welt ans\u00e4ssig sind. Ein weiterer Vorteil ist, dass sie wertvolle Anregungen geben k\u00f6nnen. Solche Unternehmen arbeiten mit zahlreichen Kunden zusammen. Auf der Grundlage ihrer Erfahrung und ohne vertrauliche Informationen preiszugeben, k\u00f6nnen sie vorschlagen, was der n\u00e4chste Schritt zum Erfolg sein kann. Au\u00dferdem hat das interne Team zwar eine festgelegte Strategie und Ziele, aber das Anbieterunternehmen kann eine neue Perspektive einbringen, um diese zu erreichen.<\/p>\n\n\n\n<p><strong>Sie arbeiten mit Fachleuten zusammen<\/strong><\/p>\n\n\n\n<p>Unternehmen neigen dazu, Funktionen auszulagern, die f\u00fcr die Wachstumsstrategie des Unternehmens nicht entscheidend, aber notwendig sind, um nicht alles durcheinander zu bringen. Outsourcing-Unternehmen stellen sicher, dass jede Dienstleistung p\u00fcnktlich und innerhalb der gesetzlichen Vorschriften erbracht wird. Sie sorgen f\u00fcr die notwendigen Aktualisierungen der Richtlinien, wenn es um Funktionen in den Bereichen Personalwesen, Buchhaltung, Recht usw. geht. Au\u00dferdem haben diese Unternehmen Zugang zu vertraulichen Daten der Kunden des Verk\u00e4ufers. Sie sorgen daf\u00fcr, dass der Missbrauch vertraulicher Informationen vermieden wird.<\/p>\n\n\n\n<p><strong>Wo findet man einen Outsourcing-Partner?<br><\/strong>Outsourcing ist ein globaler Wirtschaftszweig, und die Suche nach dem richtigen Partner kann daher \u00fcberw\u00e4ltigend sein. Sie k\u00f6nnen sich f\u00fcr traditionelle Zielorte mit jahrzehntelanger Erfahrung im BPO-Bereich entscheiden oder f\u00fcr neue, aufstrebende Zielorte, die viele Vorteile wie niedrige Arbeitskosten, mehrsprachige Arbeitskr\u00e4fte und eine hervorragende Lage bieten. Haben Sie schon einmal von Outsourcing nach Albanien geh\u00f6rt?<\/p>\n","protected":false},"excerpt":{"rendered":"<p>Neugr\u00fcndungen werden oft von Personen ins Leben gerufen, die noch nie ein Unternehmen geleitet haben. Der \u00dcbergang von einer Neugr\u00fcndung zu einem wachsenden Unternehmen wird daher kein Kinderspiel sein. Ein kleines Team von zwei oder drei Personen kann nicht alle gesch\u00e4ftsrelevanten Funktionen verwalten. Denken Sie an einen Softwareentwickler, der sich um die Steuerberechnung k\u00fcmmern muss. [&hellip;]<\/p>\n","protected":false},"author":2,"featured_media":40838,"parent":0,"menu_order":60,"comment_status":"closed","ping_status":"closed","template":"","meta":{"_uag_custom_page_level_css":"","_genesis_hide_title":false,"_genesis_hide_breadcrumbs":false,"_genesis_hide_singular_image":false,"_genesis_hide_footer_widgets":false,"_genesis_custom_body_class":"","_genesis_custom_post_class":"","_genesis_layout":"","_themeisle_gutenberg_block_has_review":false,"footnotes":""},"featured_image_src":"https:\/\/invest-in-albania.org\/wp-content\/uploads\/calculator.jpg","featured_image_src_square":"https:\/\/invest-in-albania.org\/wp-content\/uploads\/calculator.jpg","uagb_featured_image_src":{"full":["https:\/\/invest-in-albania.org\/wp-content\/uploads\/calculator.jpg",1280,853,false],"thumbnail":["https:\/\/invest-in-albania.org\/wp-content\/uploads\/calculator-280x195.jpg",280,195,true],"medium":["https:\/\/invest-in-albania.org\/wp-content\/uploads\/calculator-300x200.jpg",300,200,true],"medium_large":["https:\/\/invest-in-albania.org\/wp-content\/uploads\/calculator-768x512.jpg",768,512,true],"large":["https:\/\/invest-in-albania.org\/wp-content\/uploads\/calculator-1024x682.jpg",1024,682,true],"1536x1536":["https:\/\/invest-in-albania.org\/wp-content\/uploads\/calculator.jpg",1280,853,false],"2048x2048":["https:\/\/invest-in-albania.org\/wp-content\/uploads\/calculator.jpg",1280,853,false],"single-featured-image":["https:\/\/invest-in-albania.org\/wp-content\/uploads\/calculator.jpg",578,385,false],"blog-featured-image":["https:\/\/invest-in-albania.org\/wp-content\/uploads\/calculator.jpg",435,290,false],"home-featured":["https:\/\/invest-in-albania.org\/wp-content\/uploads\/calculator.jpg",380,253,false],"gb-block-post-grid-landscape":["https:\/\/invest-in-albania.org\/wp-content\/uploads\/calculator.jpg",600,400,false],"gb-block-post-grid-square":["https:\/\/invest-in-albania.org\/wp-content\/uploads\/calculator.jpg",600,400,false]},"uagb_author_info":{"display_name":"Vjollca Shehu","author_link":"https:\/\/invest-in-albania.org\/de\/author\/iia\/"},"uagb_comment_info":0,"uagb_excerpt":"Neugr\u00fcndungen werden oft von Personen ins Leben gerufen, die noch nie ein Unternehmen geleitet haben. Der \u00dcbergang von einer Neugr\u00fcndung zu einem wachsenden Unternehmen wird daher kein Kinderspiel sein. Ein kleines Team von zwei oder drei Personen kann nicht alle gesch\u00e4ftsrelevanten Funktionen verwalten. Denken Sie an einen Softwareentwickler, der sich um die Steuerberechnung k\u00fcmmern muss.&hellip;","_links":{"self":[{"href":"https:\/\/invest-in-albania.org\/de\/wp-json\/wp\/v2\/pages\/60177"}],"collection":[{"href":"https:\/\/invest-in-albania.org\/de\/wp-json\/wp\/v2\/pages"}],"about":[{"href":"https:\/\/invest-in-albania.org\/de\/wp-json\/wp\/v2\/types\/page"}],"author":[{"embeddable":true,"href":"https:\/\/invest-in-albania.org\/de\/wp-json\/wp\/v2\/users\/2"}],"replies":[{"embeddable":true,"href":"https:\/\/invest-in-albania.org\/de\/wp-json\/wp\/v2\/comments?post=60177"}],"version-history":[{"count":1,"href":"https:\/\/invest-in-albania.org\/de\/wp-json\/wp\/v2\/pages\/60177\/revisions"}],"predecessor-version":[{"id":60178,"href":"https:\/\/invest-in-albania.org\/de\/wp-json\/wp\/v2\/pages\/60177\/revisions\/60178"}],"wp:featuredmedia":[{"embeddable":true,"href":"https:\/\/invest-in-albania.org\/de\/wp-json\/wp\/v2\/media\/40838"}],"wp:attachment":[{"href":"https:\/\/invest-in-albania.org\/de\/wp-json\/wp\/v2\/media?parent=60177"}],"curies":[{"name":"wp","href":"https:\/\/api.w.org\/{rel}","templated":true}]}}