{"id":60173,"date":"2024-04-06T18:22:22","date_gmt":"2024-04-06T16:22:22","guid":{"rendered":"https:\/\/invest-in-albania.org\/?page_id=60173"},"modified":"2024-04-06T18:22:27","modified_gmt":"2024-04-06T16:22:27","slug":"wie-koennen-bpo-firmen-die-work-life-balance-ihrer-mitarbeiter-verbessern","status":"publish","type":"page","link":"https:\/\/invest-in-albania.org\/de\/wie-koennen-bpo-firmen-die-work-life-balance-ihrer-mitarbeiter-verbessern\/","title":{"rendered":"Wie k\u00f6nnen BPO-Firmen die Work-Life-Balance ihrer Mitarbeiter verbessern?"},"content":{"rendered":"<div class=\"wp-block-image\">\n<figure class=\"alignright\"><img loading=\"lazy\" decoding=\"async\" width=\"860\" height=\"655\" src=\"http:\/\/new.invest-in-albania.org\/wp-content\/uploads\/life-work-balance-860x655.jpg\" alt=\"\" class=\"wp-image-39652\"\/><\/figure><\/div>\n\n\n<p>Eine Karriere im BPO-Sektor kann, unabh\u00e4ngig von der Rolle, die dieser Sektor in der Wirtschaft eines Landes spielt, ihre H\u00f6hen und Tiefen haben. Die Wahrheit ist, dass es keinen Job gibt, der v\u00f6llig stressfrei ist. BPO-Firmen bieten ihren Mitarbeitern viele Vorteile, und die Vereinbarkeit von Beruf und Privatleben ist ein wichtiges Element, das sowohl von Arbeitgebern als auch von Arbeitnehmern ber\u00fccksichtigt werden muss.<\/p>\n\n\n\n<p><strong>Die Vorteile und Nebenwirkungen der Arbeit in Call Centern<br><\/strong>Die Arbeit in einem Callcenter kann eine gute Einstiegsm\u00f6glichkeit oder die einzige verf\u00fcgbare Joboption sein. Unabh\u00e4ngig von den Gr\u00fcnden, warum sich jemand f\u00fcr die Arbeit in einem Callcenter-Unternehmen entscheidet, bietet der Sektor verschiedene Vorteile:<\/p>\n\n\n\n<p>Sie bietet jedem eine Chance, der \u00fcber grundlegende F\u00e4higkeiten verf\u00fcgt. Dies ist ein guter Ausgangspunkt f\u00fcr den Einstieg<br>Selbstdisziplin<br>Verbesserung der intrapersonellen und zwischenmenschlichen F\u00e4higkeiten und der Kommunikationsf\u00e4higkeit<br>Arbeitsethik<br>Emotionale Intelligenz, Einf\u00fchlungsverm\u00f6gen am Telefon, Aufbau von Beziehungen, Wissen, wann man redselig sein und wann man zuh\u00f6ren sollte<br>Verkaufs- und Managementf\u00e4higkeiten<br>Geringes Arbeitsvolumen<br>H\u00f6here Verg\u00fctung<br>Zentrale B\u00fcrostandorte<br>Gleiche Chancen<br>Schnelle Karriereentwicklung<br>Berufsbegleitende Ausbildung<br>Ungezwungene Kleiderordnung<br>Flexible Arbeitszeiten<br>Erm\u00e4\u00dfigte Tickets, Hotels oder Produkte finden<\/p>\n\n\n\n<p><strong>Nachteile<br><\/strong>Druck<br>Stress<br>Probleme mit dem Geh\u00f6r<br>Sehst\u00f6rungen<br>Erkrankungen der Wirbels\u00e4ule<br>Langes Sitzen \u00fcber einen l\u00e4ngeren Zeitraum<br>Nachtschichten oder schwierige Arbeitszeiten<br>Burnout<br>Monotone Aufgaben<br>Verbale Aggression<\/p>\n\n\n\n<p>Die oben genannten Nachteile k\u00f6nnen sich auf jede Art von Arbeit beziehen. Es gibt verschiedene Branchen, in denen Menschen w\u00e4hrend der Nachtschicht arbeiten. Daher ist es \u00fcblich, dass Callcenter ihre Kunden in verschiedenen Zeitzonen w\u00e4hrend der Nachtstunden betreuen. In der Regel werden die Mitarbeiter, die in der Nachtschicht arbeiten, besser bezahlt. Es gibt viele Call Center, die in die Zufriedenheit ihrer Mitarbeiter investieren. Die Besch\u00e4ftigten in der Branche wollen das Gef\u00fchl haben, dass sie f\u00fcr das Unternehmen wichtig sind. Deshalb haben Call Center Fitnessstudios in ihren Einrichtungen oder bieten Schulungen an, die nichts mit der Arbeit zu tun haben.<br>Sie engagieren sich bei Freiwilligeneins\u00e4tzen oder Teamaktivit\u00e4ten.<\/p>\n\n\n\n<p>Die Menschen entscheiden sich aus verschiedenen Gr\u00fcnden f\u00fcr die Arbeit in Call Centern. In den meisten L\u00e4ndern sind die Arbeitskr\u00e4fte, die im BPO-Sektor arbeiten, sehr jung. Sie sind meist Studenten oder Hochschulabsolventen, die ihren Lebensunterhalt bestreiten m\u00fcssen. Call Center bieten im Vergleich zu anderen Arbeitspl\u00e4tzen h\u00f6here Einstiegsgeh\u00e4lter. Auch wenn nur wenige einen Call Center-Job mit der Absicht beginnen, eine richtige Karriere zu machen, kann dies eine gro\u00dfe Chance f\u00fcr die berufliche Entwicklung sein.<\/p>\n","protected":false},"excerpt":{"rendered":"<p>Eine Karriere im BPO-Sektor kann, unabh\u00e4ngig von der Rolle, die dieser Sektor in der Wirtschaft eines Landes spielt, ihre H\u00f6hen und Tiefen haben. Die Wahrheit ist, dass es keinen Job gibt, der v\u00f6llig stressfrei ist. BPO-Firmen bieten ihren Mitarbeitern viele Vorteile, und die Vereinbarkeit von Beruf und Privatleben ist ein wichtiges Element, das sowohl von [&hellip;]<\/p>\n","protected":false},"author":2,"featured_media":39654,"parent":0,"menu_order":59,"comment_status":"closed","ping_status":"closed","template":"","meta":{"_uag_custom_page_level_css":"","_genesis_hide_title":false,"_genesis_hide_breadcrumbs":false,"_genesis_hide_singular_image":false,"_genesis_hide_footer_widgets":false,"_genesis_custom_body_class":"","_genesis_custom_post_class":"","_genesis_layout":"","_themeisle_gutenberg_block_has_review":false,"footnotes":""},"featured_image_src":"https:\/\/invest-in-albania.org\/wp-content\/uploads\/life-work-balance.jpg","featured_image_src_square":"https:\/\/invest-in-albania.org\/wp-content\/uploads\/life-work-balance.jpg","uagb_featured_image_src":{"full":["https:\/\/invest-in-albania.org\/wp-content\/uploads\/life-work-balance.jpg",1920,1262,false],"thumbnail":["https:\/\/invest-in-albania.org\/wp-content\/uploads\/life-work-balance-280x195.jpg",280,195,true],"medium":["https:\/\/invest-in-albania.org\/wp-content\/uploads\/life-work-balance-300x197.jpg",300,197,true],"medium_large":["https:\/\/invest-in-albania.org\/wp-content\/uploads\/life-work-balance-768x505.jpg",768,505,true],"large":["https:\/\/invest-in-albania.org\/wp-content\/uploads\/life-work-balance-1024x673.jpg",1024,673,true],"1536x1536":["https:\/\/invest-in-albania.org\/wp-content\/uploads\/life-work-balance-1536x1010.jpg",1536,1010,true],"2048x2048":["https:\/\/invest-in-albania.org\/wp-content\/uploads\/life-work-balance.jpg",1920,1262,false],"single-featured-image":["https:\/\/invest-in-albania.org\/wp-content\/uploads\/life-work-balance.jpg",586,385,false],"blog-featured-image":["https:\/\/invest-in-albania.org\/wp-content\/uploads\/life-work-balance.jpg",441,290,false],"home-featured":["https:\/\/invest-in-albania.org\/wp-content\/uploads\/life-work-balance.jpg",380,250,false],"gb-block-post-grid-landscape":["https:\/\/invest-in-albania.org\/wp-content\/uploads\/life-work-balance.jpg",600,394,false],"gb-block-post-grid-square":["https:\/\/invest-in-albania.org\/wp-content\/uploads\/life-work-balance.jpg",600,394,false]},"uagb_author_info":{"display_name":"Vjollca Shehu","author_link":"https:\/\/invest-in-albania.org\/de\/author\/iia\/"},"uagb_comment_info":0,"uagb_excerpt":"Eine Karriere im BPO-Sektor kann, unabh\u00e4ngig von der Rolle, die dieser Sektor in der Wirtschaft eines Landes spielt, ihre H\u00f6hen und Tiefen haben. Die Wahrheit ist, dass es keinen Job gibt, der v\u00f6llig stressfrei ist. BPO-Firmen bieten ihren Mitarbeitern viele Vorteile, und die Vereinbarkeit von Beruf und Privatleben ist ein wichtiges Element, das sowohl von&hellip;","_links":{"self":[{"href":"https:\/\/invest-in-albania.org\/de\/wp-json\/wp\/v2\/pages\/60173"}],"collection":[{"href":"https:\/\/invest-in-albania.org\/de\/wp-json\/wp\/v2\/pages"}],"about":[{"href":"https:\/\/invest-in-albania.org\/de\/wp-json\/wp\/v2\/types\/page"}],"author":[{"embeddable":true,"href":"https:\/\/invest-in-albania.org\/de\/wp-json\/wp\/v2\/users\/2"}],"replies":[{"embeddable":true,"href":"https:\/\/invest-in-albania.org\/de\/wp-json\/wp\/v2\/comments?post=60173"}],"version-history":[{"count":1,"href":"https:\/\/invest-in-albania.org\/de\/wp-json\/wp\/v2\/pages\/60173\/revisions"}],"predecessor-version":[{"id":60174,"href":"https:\/\/invest-in-albania.org\/de\/wp-json\/wp\/v2\/pages\/60173\/revisions\/60174"}],"wp:featuredmedia":[{"embeddable":true,"href":"https:\/\/invest-in-albania.org\/de\/wp-json\/wp\/v2\/media\/39654"}],"wp:attachment":[{"href":"https:\/\/invest-in-albania.org\/de\/wp-json\/wp\/v2\/media?parent=60173"}],"curies":[{"name":"wp","href":"https:\/\/api.w.org\/{rel}","templated":true}]}}