{"id":60168,"date":"2024-04-06T18:19:44","date_gmt":"2024-04-06T16:19:44","guid":{"rendered":"https:\/\/invest-in-albania.org\/?page_id=60168"},"modified":"2024-04-06T18:19:49","modified_gmt":"2024-04-06T16:19:49","slug":"wie-outsourcing-des-kundensupports-kleinen-unternehmen-nuetzt","status":"publish","type":"page","link":"https:\/\/invest-in-albania.org\/de\/wie-outsourcing-des-kundensupports-kleinen-unternehmen-nuetzt\/","title":{"rendered":"Wie Outsourcing des Kundensupports kleinen Unternehmen n\u00fctzt"},"content":{"rendered":"\n<p>Jeder Gr\u00fcnder eines Kleinunternehmens wei\u00df, wie aufregend es ist, als neuer Unternehmer eine gute Idee in ein rentables und wachsendes Unternehmen zu verwandeln. Sie beginnen mit einer definierten Vision, Strategie und Unternehmenskultur. Jungunternehmer haben das Ziel, das Leben vieler Menschen mit einer Dienstleistung oder einem Produkt zu ver\u00e4ndern.<\/p>\n\n\n\n<p>Gr\u00fcnder und Unternehmer wissen, dass ihr neues Leben nicht langweilig sein wird, bis zu dem Moment, in dem sie langweilige Aufgaben erledigen m\u00fcssen, die sie von dem abhalten, was f\u00fcr das Unternehmen wirklich wichtig ist, um der Konkurrenz voraus zu sein.<br>Apropos langweilig: Ein kleines Unternehmen mit einem gro\u00dfartigen Produkt sollte niemals zulassen, dass sich die Kunden langweilen. Zufriedene Kunden k\u00f6nnen ein wachsendes Unternehmen befl\u00fcgeln, w\u00e4hrend das Gegenteil dem Unternehmen wirklich schaden kann, ganz gleich wie gut das Produkt ist.<\/p>\n\n\n\n<p>Jedes Unternehmen investiert einen betr\u00e4chtlichen Teil seiner Zeit und seines Budgets in die Gewinnung und Bindung von Kunden. Die Art und Weise, wie ein Unternehmen Menschen behandelt oder Kundenanfragen beantwortet, ist entscheidend, um sie zu halten. Verschiedene Umfragen haben best\u00e4tigt, dass die Menschen bereit sind, f\u00fcr einen zufriedenstellenden Kundendienst mehr zu bezahlen.<\/p>\n\n\n\n<p>Dies ist eine der Funktionen, die ein kleines Unternehmen von Anfang an planen sollte. Die Technologie hat es den Menschen erm\u00f6glicht, \u00fcber verschiedene Kan\u00e4le mit einem Dienstleistungs- oder Produktanbieter in Kontakt zu treten. Dazu geh\u00f6ren Telefonanrufe, E-Mails, Social-Media-Kan\u00e4le, Chatrooms usw. Ein kleines Unternehmen mit einem kleinen Team kann nicht alle diese Funktionen bedienen. Sie werden den Wald vor lauter B\u00e4umen nicht sehen.<\/p>\n\n\n\n<p>Vorteile des Outsourcing des Kundendienstes f\u00fcr kleine Unternehmen<\/p>\n\n\n\n<p>Zahlreiche Unternehmen auf der ganzen Welt entscheiden sich daf\u00fcr, den Kundendienst an Unternehmen auszulagern, die wissen, wie man jede Art von Kunden am besten bedient. Selbst gro\u00dfe Unternehmen ziehen es vor, ihren Kundendienst an Nearshore- oder Offshore-Partner auszulagern. Wie profitieren kleine Unternehmen vom Outsourcing?<\/p>\n\n\n\n<p>Das Unternehmen kann es sich nicht leisten, die Zeit qualifizierter Teammitglieder in Funktionen zu investieren, die zwar notwendig sind, aber nichts mit ihren F\u00e4higkeiten zu tun haben. Diese Mitarbeiter sind in einer anderen Abteilung des Unternehmens besser aufgehoben. Wenn Spitzenkr\u00e4fte das Gef\u00fchl haben, nichts Neues mehr zu lernen, ist die Konkurrenz bereit, sie zu \u00fcbernehmen.<\/p>\n\n\n\n<p>Es ist zu teuer, eine eigene Kundendienstabteilung zu betreiben. Ein kleines Unternehmen kann sich keine hohen Ausgaben f\u00fcr B\u00fcror\u00e4ume, Ausr\u00fcstung und Sozialleistungen leisten.<\/p>\n\n\n\n<p>Die Mitarbeiter des Kundendienstes m\u00fcssen st\u00e4ndig in Bezug auf das Produkt, Kommunikationsstrategien, Verkauf und andere F\u00e4higkeiten geschult werden, die erforderlich sind, um eine gute Beziehung zwischen dem Unternehmen und den Kunden aufzubauen. Daher k\u00f6nnen sie mit jeder Art von Kunde oder Szenario umgehen.<\/p>\n\n\n\n<p>Professioneller und zeitzonengerechter Service. Outsourcing-Unternehmen bieten einen mehrsprachigen 24\/7-Kundendienst, unabh\u00e4ngig von den Zeitzonenunterschieden zwischen dem Standort des Unternehmens und dem des Kunden. Sie sind auch dann erreichbar, wenn Sie es nicht sind.<\/p>\n\n\n\n<p>Sie m\u00fcssen sich keine Gedanken \u00fcber Sicherheit oder Vertraulichkeit machen. Es gibt spezielle Vertr\u00e4ge, die sowohl der Verk\u00e4ufer als auch das Anbieterunternehmen \u00fcber die Vertraulichkeit von Daten unterzeichnen. Andererseits halten sich die Outsourcing-Unternehmen an die Datenschutzgesetze.<br>Welches ist das beste Ziel f\u00fcr die Auslagerung des Kundendienstes?<\/p>\n\n\n\n<p>Es gibt zahlreiche M\u00f6glichkeiten auf der ganzen Welt, von traditionellen M\u00e4rkten wie Indien bis hin zu neuen alternativen Zielen in S\u00fcdosteuropa. Letztere bieten einen hervorragenden Service zu niedrigen Kosten. Die Menschen in Osteuropa sind jung und mehrsprachig, und die BPO-Branche w\u00e4chst in L\u00e4ndern wie Albanien, Bulgarien und Rum\u00e4nien.<\/p>\n","protected":false},"excerpt":{"rendered":"<p>Jeder Gr\u00fcnder eines Kleinunternehmens wei\u00df, wie aufregend es ist, als neuer Unternehmer eine gute Idee in ein rentables und wachsendes Unternehmen zu verwandeln. Sie beginnen mit einer definierten Vision, Strategie und Unternehmenskultur. Jungunternehmer haben das Ziel, das Leben vieler Menschen mit einer Dienstleistung oder einem Produkt zu ver\u00e4ndern. Gr\u00fcnder und Unternehmer wissen, dass ihr neues [&hellip;]<\/p>\n","protected":false},"author":2,"featured_media":0,"parent":0,"menu_order":58,"comment_status":"closed","ping_status":"closed","template":"","meta":{"_uag_custom_page_level_css":"","_genesis_hide_title":false,"_genesis_hide_breadcrumbs":false,"_genesis_hide_singular_image":false,"_genesis_hide_footer_widgets":false,"_genesis_custom_body_class":"","_genesis_custom_post_class":"","_genesis_layout":"","_themeisle_gutenberg_block_has_review":false,"footnotes":""},"featured_image_src":null,"featured_image_src_square":null,"uagb_featured_image_src":{"full":false,"thumbnail":false,"medium":false,"medium_large":false,"large":false,"1536x1536":false,"2048x2048":false,"single-featured-image":false,"blog-featured-image":false,"home-featured":false,"gb-block-post-grid-landscape":false,"gb-block-post-grid-square":false},"uagb_author_info":{"display_name":"Vjollca Shehu","author_link":"https:\/\/invest-in-albania.org\/de\/author\/iia\/"},"uagb_comment_info":0,"uagb_excerpt":"Jeder Gr\u00fcnder eines Kleinunternehmens wei\u00df, wie aufregend es ist, als neuer Unternehmer eine gute Idee in ein rentables und wachsendes Unternehmen zu verwandeln. Sie beginnen mit einer definierten Vision, Strategie und Unternehmenskultur. Jungunternehmer haben das Ziel, das Leben vieler Menschen mit einer Dienstleistung oder einem Produkt zu ver\u00e4ndern. Gr\u00fcnder und Unternehmer wissen, dass ihr neues&hellip;","_links":{"self":[{"href":"https:\/\/invest-in-albania.org\/de\/wp-json\/wp\/v2\/pages\/60168"}],"collection":[{"href":"https:\/\/invest-in-albania.org\/de\/wp-json\/wp\/v2\/pages"}],"about":[{"href":"https:\/\/invest-in-albania.org\/de\/wp-json\/wp\/v2\/types\/page"}],"author":[{"embeddable":true,"href":"https:\/\/invest-in-albania.org\/de\/wp-json\/wp\/v2\/users\/2"}],"replies":[{"embeddable":true,"href":"https:\/\/invest-in-albania.org\/de\/wp-json\/wp\/v2\/comments?post=60168"}],"version-history":[{"count":1,"href":"https:\/\/invest-in-albania.org\/de\/wp-json\/wp\/v2\/pages\/60168\/revisions"}],"predecessor-version":[{"id":60169,"href":"https:\/\/invest-in-albania.org\/de\/wp-json\/wp\/v2\/pages\/60168\/revisions\/60169"}],"wp:attachment":[{"href":"https:\/\/invest-in-albania.org\/de\/wp-json\/wp\/v2\/media?parent=60168"}],"curies":[{"name":"wp","href":"https:\/\/api.w.org\/{rel}","templated":true}]}}