{"id":60163,"date":"2024-04-06T18:17:54","date_gmt":"2024-04-06T16:17:54","guid":{"rendered":"https:\/\/invest-in-albania.org\/?page_id=60163"},"modified":"2024-04-06T18:17:59","modified_gmt":"2024-04-06T16:17:59","slug":"ist-outsourcing-die-richtige-strategie-um-talentluecken-zu-schliessen","status":"publish","type":"page","link":"https:\/\/invest-in-albania.org\/de\/ist-outsourcing-die-richtige-strategie-um-talentluecken-zu-schliessen\/","title":{"rendered":"Ist Outsourcing die richtige Strategie, um Talentl\u00fccken zu schlie\u00dfen?"},"content":{"rendered":"\n<p>In einer Zeit, in der Top-Talente das wertvollste Gut auf dem Arbeitsmarkt sind, f\u00fchlen sich Personalverantwortliche durch die zunehmende Talentknappheit eingesch\u00fcchtert. Laut einer von der ManpowerGroup durchgef\u00fchrten Umfrage unter insgesamt 40.000 befragten Arbeitgebern in aller Welt hatten 45 Prozent Schwierigkeiten, Stellen zu besetzen. Facharbeiter, Vertriebsmitarbeiter, Ingenieure, Techniker, IT-Experten, Buchhaltung und Finanzen, B\u00fcroangestellte, Fachkr\u00e4fte und das verarbeitende Gewerbe sind laut der Umfrage die am schwersten zu besetzenden Stellen.<\/p>\n\n\n\n<p>Gro\u00dfe und mittelgro\u00dfe Unternehmen haben am meisten M\u00fche, die von ihnen ben\u00f6tigten Fachkr\u00e4fte zu finden.<\/p>\n\n\n\n<p>Warum ist das so?<\/p>\n\n\n\n<p>Es gibt einige Hauptgr\u00fcnde, die zu einem Talentmangel f\u00fchren, darunter fehlende harte\/weiche F\u00e4higkeiten und Vorerfahrungen, ein Mangel an Bewerbern sowie h\u00f6here Gehalts- und Leistungserwartungen.<br>All dies wird Unternehmen und Manager weiterhin vor die Herausforderung stellen, talentierte Mitarbeiter zu finden und zu halten.<br>Die Zeiten, in denen sich mehr als 100 Bewerber auf die gleiche Stelle bewarben, sind l\u00e4ngst vorbei. Es scheint, als h\u00e4tte sich das Blatt gewendet, und die Experten f\u00fcr Talentakquise bem\u00fchen sich nach Kr\u00e4ften, die besten Talente zu gewinnen, die man mit Geld kaufen kann. Dies ist jedoch keine Garantie daf\u00fcr, dass sie auch langfristig bleiben.<\/p>\n\n\n\n<p>Neben dem Gehaltsscheck gibt es noch viele andere Faktoren, die Menschen davon \u00fcberzeugen, in einem Unternehmen zu bleiben oder es zu verlassen, so dass nichts garantiert ist.<br>Verschiedene Unternehmen wenden unterschiedliche Strategien an, um mit diesem Problem umzugehen. Einige konzentrieren sich auf ihre Einstellungspraktiken, w\u00e4hrend andere sich f\u00fcr eine flexiblere Option wie das Outsourcing entscheiden. Letzteres wird als optimale L\u00f6sung angesehen, die viele weitere Vorteile mit sich bringt. Hochqualifizierte Mitarbeiter werden f\u00fcr wichtige Aufgaben ben\u00f6tigt. Wenn solche Stellen \u00fcber einen l\u00e4ngeren Zeitraum unbesetzt bleiben, kann sich dies auf verschiedene Weise auf das Unternehmen auswirken.<\/p>\n\n\n\n<p>Erfahrene Anbieter auf der ganzen Welt stellen die erforderlichen Talente zur Verf\u00fcgung. Es gibt traditionelle und aufstrebende Outsourcing-L\u00e4nder. Sie erf\u00fcllen nicht nur die Erwartungen der Anbieter an die Talente, sondern auch viele andere Faktoren wie kulturelle Affinit\u00e4t, Zeitzonen\u00fcberlegungen, Sicherheitsfragen und vieles mehr.<\/p>\n\n\n\n<p>Welche Vorteile bietet das Outsourcing?<\/p>\n\n\n\n<p>Im Hinblick auf die Talentakquise erm\u00f6glicht die Outsourcing-Strategie jedem Unternehmen, je nach Sektor, in dem es ben\u00f6tigt wird, einen gro\u00dfen Pool an Talenten zu erschlie\u00dfen. Es gibt Regionen wie Osteuropa, die gleichzeitig gro\u00dfartige M\u00f6glichkeiten f\u00fcr das IT- und Software-Outsourcing sowie f\u00fcr die Sicherheit bieten. Polen, Bulgarien und Albanien werden von gro\u00dfen Outsourcing-Dienstleistern in Betracht gezogen.<\/p>\n\n\n\n<p>Daher kann ein bestimmtes Unternehmen seine Talente leicht zu geringeren Kosten ausbauen und eine starke Unternehmenskultur beibehalten, w\u00e4hrend es w\u00e4chst. Die Organisationskultur ist wichtig, weil sie die Identit\u00e4t eines Unternehmens sowohl f\u00fcr seine Mitarbeiter als auch f\u00fcr seine Kunden definiert. Au\u00dferdem ist es wichtig, ein starkes internes Team zu haben. Outsourcing hilft nicht nur dabei, die richtigen Leute f\u00fcr wichtige oder zeitlich begrenzte Aufgaben zu finden, sondern auch dabei, sich auf die Mitarbeiter als wichtigstes Kapital eines erfolgreichen und wachsenden Unternehmens zu konzentrieren.<\/p>\n","protected":false},"excerpt":{"rendered":"<p>In einer Zeit, in der Top-Talente das wertvollste Gut auf dem Arbeitsmarkt sind, f\u00fchlen sich Personalverantwortliche durch die zunehmende Talentknappheit eingesch\u00fcchtert. Laut einer von der ManpowerGroup durchgef\u00fchrten Umfrage unter insgesamt 40.000 befragten Arbeitgebern in aller Welt hatten 45 Prozent Schwierigkeiten, Stellen zu besetzen. Facharbeiter, Vertriebsmitarbeiter, Ingenieure, Techniker, IT-Experten, Buchhaltung und Finanzen, B\u00fcroangestellte, Fachkr\u00e4fte und das [&hellip;]<\/p>\n","protected":false},"author":2,"featured_media":0,"parent":0,"menu_order":57,"comment_status":"closed","ping_status":"closed","template":"","meta":{"_uag_custom_page_level_css":"","_genesis_hide_title":false,"_genesis_hide_breadcrumbs":false,"_genesis_hide_singular_image":false,"_genesis_hide_footer_widgets":false,"_genesis_custom_body_class":"","_genesis_custom_post_class":"","_genesis_layout":"","_themeisle_gutenberg_block_has_review":false,"footnotes":""},"featured_image_src":null,"featured_image_src_square":null,"uagb_featured_image_src":{"full":false,"thumbnail":false,"medium":false,"medium_large":false,"large":false,"1536x1536":false,"2048x2048":false,"single-featured-image":false,"blog-featured-image":false,"home-featured":false,"gb-block-post-grid-landscape":false,"gb-block-post-grid-square":false},"uagb_author_info":{"display_name":"Vjollca Shehu","author_link":"https:\/\/invest-in-albania.org\/de\/author\/iia\/"},"uagb_comment_info":0,"uagb_excerpt":"In einer Zeit, in der Top-Talente das wertvollste Gut auf dem Arbeitsmarkt sind, f\u00fchlen sich Personalverantwortliche durch die zunehmende Talentknappheit eingesch\u00fcchtert. Laut einer von der ManpowerGroup durchgef\u00fchrten Umfrage unter insgesamt 40.000 befragten Arbeitgebern in aller Welt hatten 45 Prozent Schwierigkeiten, Stellen zu besetzen. Facharbeiter, Vertriebsmitarbeiter, Ingenieure, Techniker, IT-Experten, Buchhaltung und Finanzen, B\u00fcroangestellte, Fachkr\u00e4fte und das&hellip;","_links":{"self":[{"href":"https:\/\/invest-in-albania.org\/de\/wp-json\/wp\/v2\/pages\/60163"}],"collection":[{"href":"https:\/\/invest-in-albania.org\/de\/wp-json\/wp\/v2\/pages"}],"about":[{"href":"https:\/\/invest-in-albania.org\/de\/wp-json\/wp\/v2\/types\/page"}],"author":[{"embeddable":true,"href":"https:\/\/invest-in-albania.org\/de\/wp-json\/wp\/v2\/users\/2"}],"replies":[{"embeddable":true,"href":"https:\/\/invest-in-albania.org\/de\/wp-json\/wp\/v2\/comments?post=60163"}],"version-history":[{"count":1,"href":"https:\/\/invest-in-albania.org\/de\/wp-json\/wp\/v2\/pages\/60163\/revisions"}],"predecessor-version":[{"id":60165,"href":"https:\/\/invest-in-albania.org\/de\/wp-json\/wp\/v2\/pages\/60163\/revisions\/60165"}],"wp:attachment":[{"href":"https:\/\/invest-in-albania.org\/de\/wp-json\/wp\/v2\/media?parent=60163"}],"curies":[{"name":"wp","href":"https:\/\/api.w.org\/{rel}","templated":true}]}}