{"id":60158,"date":"2024-04-06T17:42:12","date_gmt":"2024-04-06T15:42:12","guid":{"rendered":"https:\/\/invest-in-albania.org\/?page_id=60158"},"modified":"2024-04-06T17:42:18","modified_gmt":"2024-04-06T15:42:18","slug":"was-ist-der-unterschied-zwischen-outsourcing-und-outstaffing","status":"publish","type":"page","link":"https:\/\/invest-in-albania.org\/de\/was-ist-der-unterschied-zwischen-outsourcing-und-outstaffing\/","title":{"rendered":"Was ist der Unterschied zwischen Outsourcing und Outstaffing?"},"content":{"rendered":"<div class=\"wp-block-image\">\n<figure class=\"alignright\"><img loading=\"lazy\" decoding=\"async\" width=\"1024\" height=\"1024\" src=\"http:\/\/new.invest-in-albania.org\/wp-content\/uploads\/team-1024x1024.png\" alt=\"\" class=\"wp-image-41778\" srcset=\"https:\/\/invest-in-albania.org\/wp-content\/uploads\/team-1024x1024.png 1024w, https:\/\/invest-in-albania.org\/wp-content\/uploads\/team-300x300.png 300w, https:\/\/invest-in-albania.org\/wp-content\/uploads\/team-768x768.png 768w, https:\/\/invest-in-albania.org\/wp-content\/uploads\/team-70x70.png 70w, https:\/\/invest-in-albania.org\/wp-content\/uploads\/team-360x360.png 360w, https:\/\/invest-in-albania.org\/wp-content\/uploads\/team-580x580.png 580w, https:\/\/invest-in-albania.org\/wp-content\/uploads\/team-860x860.png 860w, https:\/\/invest-in-albania.org\/wp-content\/uploads\/team-1160x1160.png 1160w, https:\/\/invest-in-albania.org\/wp-content\/uploads\/team-250x250.png 250w, https:\/\/invest-in-albania.org\/wp-content\/uploads\/team.png 1280w\" sizes=\"(max-width: 1024px) 100vw, 1024px\" \/><\/figure><\/div>\n\n\n<p><br><\/p>\n\n\n\n<p>Einige Unternehmen k\u00f6nnen es sich nicht leisten, eine eigene Abteilung einzurichten. Andererseits k\u00f6nnen viele Unternehmen aus verschiedenen Gr\u00fcnden, wie z. B. dem Mangel an Talenten in der Stadt oder sogar im Land, keine entsprechende Abteilung einrichten. Unabh\u00e4ngig von der Branche m\u00fcssen Gesch\u00e4fte und Unternehmen auf der ganzen Welt mehrere Funktionen in ihre t\u00e4glichen Abl\u00e4ufe einbeziehen, die aufgrund der sich \u00e4ndernden Markttrends erforderlich sind. Diese Funktionen k\u00f6nnen entweder f\u00fcr die Marktposition oder f\u00fcr die Gesch\u00e4ftsstrategien von wesentlicher Bedeutung sein.<br>Daher entscheiden sich Unternehmen f\u00fcr Remote-Team-L\u00f6sungen und entscheiden sich f\u00fcr Outsourcing oder Outstaff oder sogar beides.<\/p>\n\n\n\n<h2 class=\"wp-block-heading\"><strong>Der Unterschied zwischen Outsourcing und Outstaffing<\/strong><\/h2>\n\n\n\n<p>Fast jedes Unternehmen macht die Phase durch, in der es einen oder mehrere Experten aus dem Unternehmen oder dem Land einstellen muss, um Ziele oder pl\u00f6tzliche Anforderungen zu erf\u00fcllen. Outsourcing und Outstaffing sind beides L\u00f6sungen, die in solchen F\u00e4llen zum Einsatz kommen. Beide bestehen in der Vergabe von Dienstleistungen an einen externen Anbieter, Partner oder ein Unternehmen, um eine oder mehrere Funktionen auszuf\u00fchren. Einer der Gr\u00fcnde, warum sich Unternehmen f\u00fcr Outstaffing entscheiden, ist, dass sie bestimmte Aufgaben intern nicht bew\u00e4ltigen k\u00f6nnen.<\/p>\n\n\n\n<p><strong><em>Beide Optionen bieten geringere Kosten und weniger Sorgen.<\/em><\/strong><\/p>\n\n\n\n<p>Outstaffing- und Outsourcing-Unternehmen sind f\u00fcr die L\u00f6hne, Sozialleistungen und andere Ausgaben verantwortlich, die bei der Durchf\u00fchrung der T\u00e4tigkeiten f\u00fcr das Verk\u00e4ufer-\/Anbieterunternehmen anfallen.<br>Beim Outstaffing liefert der Anbieter lediglich Aufgaben.<\/p>\n\n\n\n<p>Beim Outsourcing hingegen werden Aufgaben delegiert, die zwar vom internen Team erledigt werden k\u00f6nnen, aber zu h\u00f6heren Kosten f\u00fchren und den Fortschritt anderer wichtiger Vorg\u00e4nge verlangsamen w\u00fcrden.<\/p>\n\n\n\n<p>Outstaffing kann als eine Erweiterung eines Unternehmens erkl\u00e4rt werden. In diesem Fall arbeiten das Outstaffing-Unternehmen und der Dienstleistungserbringer trotz r\u00e4umlicher Entfernung eng zusammen. Die Zusammenarbeit ist eng und basiert auf einer t\u00e4glichen Basis. Einfach ausgedr\u00fcckt bedeutet dies, dass man ein Team aus der Ferne anheuert, das man intern nicht finden kann.<\/p>\n\n\n\n<p>In der Zwischenzeit \u00fcbernehmen die Outsourcing-Unternehmen die vollst\u00e4ndige Verantwortung f\u00fcr die vom Verk\u00e4ufer \u00fcbertragenen Funktionen oder T\u00e4tigkeiten. Sie f\u00fchren Dienstleistungen aus oder liefern ein komplettes Projekt auf der Grundlage festgelegter Fristen. Der Verk\u00e4ufer hat wenig bis gar keine Kontrolle \u00fcber die ausgelagerten Projektfunktionen. Es gibt jedoch eine breite Palette von Branchen, die von Outstaffing-L\u00f6sungen profitieren k\u00f6nnen.<\/p>\n\n\n\n<h3 class=\"wp-block-heading\">Die Art der ausgelagerten\/ausgegliederten Funktion<\/h3>\n\n\n\n<p>In der Regel handelt es sich bei den Unternehmen, die sich f\u00fcr das Outsourcing ihrer Softwareentwicklung entscheiden, nicht um Unternehmen, die sich vollst\u00e4ndig auf die IT verlassen. Sie lagern Funktionen aus, die der Markt erfordert oder die dazu beitragen w\u00fcrden, dass andere, wichtigere Funktionen vom internen Team besser bew\u00e4ltigt werden k\u00f6nnen.<br>In der Zwischenzeit kann ein Unternehmen, das sich f\u00fcr die Auslagerung der Softwareentwicklung entscheidet, stark auf die IT angewiesen sein. Diese Unternehmen ben\u00f6tigen Zugang zu Talenten oder Technologien, die auf dem lokalen oder nationalen Markt nicht zur Verf\u00fcgung stehen oder sehr teuer sind.<\/p>\n\n\n\n<h3 class=\"wp-block-heading\">Engagiertes Team oder unabh\u00e4ngiges Team<\/h3>\n\n\n\n<p>Beim Standard-Outsourcing handelt es sich in der Regel um ein Unternehmen, den externen Dienstleister, der als unabh\u00e4ngiges Unternehmen arbeitet. Es bietet Dienstleistungen an, die von einer Person oder einem Team erbracht werden, das gleichzeitig f\u00fcr verschiedene Kunden arbeiten kann. Das Unternehmen, das den Gesch\u00e4ftsbetrieb delegiert, steht nicht in engem Kontakt mit der f\u00fcr die Aufgabe zust\u00e4ndigen Person. Der Vorteil in diesem Fall ist, dass das Unternehmen f\u00fcr die Dienstleistung und nicht f\u00fcr die festen Arbeitsstunden einer oder mehrerer an dem Prozess beteiligter Personen bezahlt. Au\u00dferdem werden einige Vorg\u00e4nge innerhalb eines kurzen Zeitraums abgeschlossen. Die Mitarbeiter selbst k\u00f6nnen aus der Ferne oder in der Gesch\u00e4ftsstelle des Outsourcing-Unternehmens arbeiten. Solche Details werden im Vertrag zwischen dem Anbieter und dem Dienstleistungsunternehmen festgelegt.<\/p>\n\n\n\n<p>Wenn Sie ein Projekt an ein Unternehmen ausgelagert haben, ist es m\u00f6glich, dass Sie nie mit dem Entwickler oder den Mitarbeitern, die daran arbeiten, sprechen werden. Sie werden nie erfahren, wann sie gerade an Ihrem Projekt arbeiten. Am Ende erhalten Sie ein Endprodukt, das den im urspr\u00fcnglichen Vertrag festgelegten Bedingungen entspricht.<\/p>\n\n\n\n<p>Beim Outsourcing hingegen arbeitet ein engagiertes Team von Fachleuten nur f\u00fcr ein oder mehrere Projekte des betreffenden Unternehmens. Es besteht eine direkte Kommunikation zwischen dem Unternehmen, das den Gesch\u00e4ftsbetrieb delegiert, und der Person oder den Teams, die die Aufgabe ausf\u00fchren. Normalerweise werden dem Team die f\u00fcr die Durchf\u00fchrung der Aufgabe erforderlichen Ressourcen von dem Unternehmen zur Verf\u00fcgung gestellt, das das Outstaffing durchf\u00fchrt. Die Einzelperson oder das Team arbeitet in den R\u00e4umlichkeiten des Unternehmens. Das Outstaffing-Modell ist eher f\u00fcr langfristige Projekte geeignet. Nur ein Unternehmen kann ein bestimmtes Team zu einem bestimmten Zeitpunkt einstellen. Das Team kann als ausl\u00e4ndische Erweiterung des internen Teams betrachtet werden. Beim Outstaffing m\u00fcssen Sie die Personen, mit denen Sie arbeiten, selbst ausw\u00e4hlen. Sie und das externe Unternehmen stellen das Team in Zusammenarbeit zusammen.<\/p>\n\n\n\n<h3 class=\"wp-block-heading\">Qualit\u00e4t der Endprodukte<\/h3>\n\n\n\n<p>Manche behaupten, dass ein engagiertes Team eine bessere Qualit\u00e4t garantieren kann als ein Team, das gleichzeitig mit verschiedenen Kunden oder Projekten arbeitet. Doch nichts ist in Stein gemei\u00dfelt.<br>Es gibt Leute, die gut darin sind, mehr als ein Projekt gleichzeitig zu bearbeiten, und es gibt Leute, die nur mit einem Projekt arbeiten und trotzdem nicht die beste Qualit\u00e4t liefern. Letztendlich h\u00e4ngt alles von der Art des Projekts und den F\u00e4higkeiten und Erfahrungen der Mitarbeiter ab. Sowohl Outsourcing als auch Outstaffing-Modelle k\u00f6nnen f\u00fcr ein Unternehmen von gro\u00dfem Nutzen sein.<\/p>\n\n\n\n<p>Sowohl Outsourcing als auch Outstaffing haben Vor- und Nachteile. Es h\u00e4ngt alles von den Bed\u00fcrfnissen des Unternehmens, der Art des Prozesses und dem Arbeitsstil ab. Wer mehr Kontrolle \u00fcber das Projekt haben m\u00f6chte, kann sich f\u00fcr Outstaffing entscheiden. Wenn Sie jedoch nach einem potenziellen Markt suchen, der sowohl einen gro\u00dfen Nutzen als auch angemessene Kosten f\u00fcr Outsourcing und Outstaffing bietet, ist Albanien eine gute Option.<\/p>\n","protected":false},"excerpt":{"rendered":"<p>Einige Unternehmen k\u00f6nnen es sich nicht leisten, eine eigene Abteilung einzurichten. Andererseits k\u00f6nnen viele Unternehmen aus verschiedenen Gr\u00fcnden, wie z. B. dem Mangel an Talenten in der Stadt oder sogar im Land, keine entsprechende Abteilung einrichten. Unabh\u00e4ngig von der Branche m\u00fcssen Gesch\u00e4fte und Unternehmen auf der ganzen Welt mehrere Funktionen in ihre t\u00e4glichen Abl\u00e4ufe einbeziehen, [&hellip;]<\/p>\n","protected":false},"author":2,"featured_media":41780,"parent":0,"menu_order":56,"comment_status":"closed","ping_status":"closed","template":"","meta":{"_uag_custom_page_level_css":"","_genesis_hide_title":false,"_genesis_hide_breadcrumbs":false,"_genesis_hide_singular_image":false,"_genesis_hide_footer_widgets":false,"_genesis_custom_body_class":"","_genesis_custom_post_class":"","_genesis_layout":"","_themeisle_gutenberg_block_has_review":false,"footnotes":""},"featured_image_src":"https:\/\/invest-in-albania.org\/wp-content\/uploads\/team.png","featured_image_src_square":"https:\/\/invest-in-albania.org\/wp-content\/uploads\/team.png","uagb_featured_image_src":{"full":["https:\/\/invest-in-albania.org\/wp-content\/uploads\/team.png",1280,1280,false],"thumbnail":["https:\/\/invest-in-albania.org\/wp-content\/uploads\/team-280x195.png",280,195,true],"medium":["https:\/\/invest-in-albania.org\/wp-content\/uploads\/team-300x300.png",300,300,true],"medium_large":["https:\/\/invest-in-albania.org\/wp-content\/uploads\/team-768x768.png",768,768,true],"large":["https:\/\/invest-in-albania.org\/wp-content\/uploads\/team-1024x1024.png",1024,1024,true],"1536x1536":["https:\/\/invest-in-albania.org\/wp-content\/uploads\/team.png",1280,1280,false],"2048x2048":["https:\/\/invest-in-albania.org\/wp-content\/uploads\/team.png",1280,1280,false],"single-featured-image":["https:\/\/invest-in-albania.org\/wp-content\/uploads\/team.png",385,385,false],"blog-featured-image":["https:\/\/invest-in-albania.org\/wp-content\/uploads\/team.png",290,290,false],"home-featured":["https:\/\/invest-in-albania.org\/wp-content\/uploads\/team.png",380,380,false],"gb-block-post-grid-landscape":["https:\/\/invest-in-albania.org\/wp-content\/uploads\/team.png",400,400,false],"gb-block-post-grid-square":["https:\/\/invest-in-albania.org\/wp-content\/uploads\/team.png",600,600,false]},"uagb_author_info":{"display_name":"Vjollca Shehu","author_link":"https:\/\/invest-in-albania.org\/de\/author\/iia\/"},"uagb_comment_info":0,"uagb_excerpt":"Einige Unternehmen k\u00f6nnen es sich nicht leisten, eine eigene Abteilung einzurichten. Andererseits k\u00f6nnen viele Unternehmen aus verschiedenen Gr\u00fcnden, wie z. B. dem Mangel an Talenten in der Stadt oder sogar im Land, keine entsprechende Abteilung einrichten. Unabh\u00e4ngig von der Branche m\u00fcssen Gesch\u00e4fte und Unternehmen auf der ganzen Welt mehrere Funktionen in ihre t\u00e4glichen Abl\u00e4ufe einbeziehen,&hellip;","_links":{"self":[{"href":"https:\/\/invest-in-albania.org\/de\/wp-json\/wp\/v2\/pages\/60158"}],"collection":[{"href":"https:\/\/invest-in-albania.org\/de\/wp-json\/wp\/v2\/pages"}],"about":[{"href":"https:\/\/invest-in-albania.org\/de\/wp-json\/wp\/v2\/types\/page"}],"author":[{"embeddable":true,"href":"https:\/\/invest-in-albania.org\/de\/wp-json\/wp\/v2\/users\/2"}],"replies":[{"embeddable":true,"href":"https:\/\/invest-in-albania.org\/de\/wp-json\/wp\/v2\/comments?post=60158"}],"version-history":[{"count":1,"href":"https:\/\/invest-in-albania.org\/de\/wp-json\/wp\/v2\/pages\/60158\/revisions"}],"predecessor-version":[{"id":60160,"href":"https:\/\/invest-in-albania.org\/de\/wp-json\/wp\/v2\/pages\/60158\/revisions\/60160"}],"wp:featuredmedia":[{"embeddable":true,"href":"https:\/\/invest-in-albania.org\/de\/wp-json\/wp\/v2\/media\/41780"}],"wp:attachment":[{"href":"https:\/\/invest-in-albania.org\/de\/wp-json\/wp\/v2\/media?parent=60158"}],"curies":[{"name":"wp","href":"https:\/\/api.w.org\/{rel}","templated":true}]}}