{"id":60153,"date":"2024-04-06T17:00:17","date_gmt":"2024-04-06T15:00:17","guid":{"rendered":"https:\/\/invest-in-albania.org\/?page_id=60153"},"modified":"2024-04-06T17:00:22","modified_gmt":"2024-04-06T15:00:22","slug":"die-grosse-rolle-der-daten-und-warum-sie-auslagern","status":"publish","type":"page","link":"https:\/\/invest-in-albania.org\/de\/die-grosse-rolle-der-daten-und-warum-sie-auslagern\/","title":{"rendered":"Die gro\u00dfe Rolle der Daten und warum sie auslagern?"},"content":{"rendered":"<p><img loading=\"lazy\" decoding=\"async\" class=\"wp-image-40639 size-cmsmasters-project-thumb alignleft\" src=\"http:\/\/new.invest-in-albania.org\/wp-content\/uploads\/data-580x420.png\" alt=\"\" width=\"580\" height=\"420\" \/><\/p>\n<p>Die Umwandlung kleiner\/gro\u00dfer Daten in n\u00fctzliche Informationen ist gleichzeitig lebenswichtig und tr\u00e4ge. Daten sind jedoch allgegenw\u00e4rtig und treiben den Markt und das Wachstum von Unternehmen voran. Daten werden in verschiedenen Branchen verwendet. Was wir tun, die Entscheidungen, die wir als Verbraucher treffen, werden in Daten umgesetzt. Diese werden analysiert und genutzt, um eine Entscheidung zu treffen, die sich auf unsere Wahl auswirkt. Big Data ist wie ein kleines Element, das Aktionen und Entscheidungen in Bewegung setzt.<\/p>\n<p>Die Datenanalyse bietet wichtige und irrelevante Einblicke und Informationen, aber die richtige und systematische Analyse hilft, im richtigen Moment kluge Entscheidungen zu treffen.<\/p>\n<p>Die Datenanalyse ist die Grundlage f\u00fcr jede unternehmerische Entscheidung. Sie haben die Daten, aber solange Sie sie nicht verarbeiten k\u00f6nnen, entgehen Ihnen die Vorteile.<br \/>\nUnternehmen entscheiden sich in der Regel f\u00fcr Optionen. Sie richten eine Abteilung f\u00fcr Datenanalyse ein oder sie lagern ihre datenbezogenen Funktionen aus. Das Outsourcing erm\u00f6glicht es den Unternehmen, alle Daten zu erfassen und zu erkennen, was sich in wertvolle Entscheidungen umsetzen l\u00e4sst.<\/p>\n<p>Die Outsourcing-Branche hat viel mit Daten zu tun. Allerdings darf die Dateneingabe, die zu den am h\u00e4ufigsten ausgelagerten Aufgaben geh\u00f6rt, nicht mit der Datenanalyse verwechselt werden.<\/p>\n<p>Was ist Dateneingabe?<br \/>\nDateneingabedienste werden in zwei Kategorien unterteilt: online und offline.<br \/>\nBei der Offline-Dateneingabe geht es um die \u00dcbertragung von Informationen von einem Medium auf ein anderes. Dieser Vorgang wird auch als Transkription bezeichnet. Menschen, die in der Dateneingabe arbeiten, sind f\u00fcr die Aktualisierung und Verwaltung von Daten ohne Fehler verantwortlich.<\/p>\n<p>Diese Aufgabe findet in verschiedenen Branchen Anwendung, in denen eine genaue Datenverwaltung erforderlich ist, z. B. in der Buchhaltung, im Rechtswesen, im elektronischen Handel usw. In Anbetracht der Bedeutung und der Langwierigkeit der Dateneingabe entscheiden sich die meisten Unternehmen daf\u00fcr, diese Aufgabe auszulagern. Der Prozess erfordert Fremdsprachenkenntnisse und grundlegende Computerkenntnisse. Die Dateneingabe ist eine der h\u00e4ufigsten Dienstleistungen, die von BPOs auf der ganzen Welt angeboten werden. F\u00fcr diejenigen, die sich f\u00fcr Nearshore- oder Offshore-Destinationen zur Auslagerung von Dateneingabefunktionen interessieren, ist Albanien eine gute Option. Neben den Vorteilen, die sich aus der Einfachheit der Gesch\u00e4ftsabwicklung und den qualifizierten Arbeitskr\u00e4ften ergeben, verf\u00fcgt Albanien \u00fcber einen mit der Europ\u00e4ischen Union harmonisierten Rechtsrahmen.<\/p>\n<p>Datenanalytik<br \/>\nDie richtige Verwaltung von Datenanalysen hilft Unternehmen, auf sich schnell ver\u00e4ndernden M\u00e4rkten agil zu bleiben, h\u00f6here Gewinne zu erzielen und gute Kundenbeziehungen zu pflegen. Die gesammelten Daten erm\u00f6glichen es ihnen nicht nur, externe Trends wie das Marketing zu verstehen, sondern sie helfen auch, mehr \u00fcber interne Elemente wie die Leistung der Mitarbeiter herauszufinden.<br \/>\nAndererseits hilft die Technologie dabei, Daten besser zu speichern und zu verwalten, ohne dass Investitionen in die Infrastruktur erforderlich sind. Technologie macht Data Mining zu einem einfachen Prozess und spart Zeit.<br \/>\nDas Hauptziel der Datenanalyse besteht darin, sicherzustellen, dass ein bestimmtes Produkt den Bed\u00fcrfnissen der Kunden und m\u00f6glichen M\u00e4rkten entspricht, in die das Unternehmen zu expandieren plant.<\/p>\n<p>Warum Datenanalyse auslagern?<br \/>\nWenn ein Unternehmen beschlie\u00dft, Datenanalyseprozesse intern durchzuf\u00fchren, kann dies zu h\u00f6heren Kosten f\u00fcr das Unternehmen f\u00fchren. Der Aufbau eines Teams, das sich mit Data Mining befasst, kostet Geld und Zeit. Das Unternehmen ben\u00f6tigt eine Reihe von Experten und die notwendige Technologie, um die Prozesse schneller und mit besseren Ergebnissen durchzuf\u00fchren. Je nach Branche, in der das Unternehmen t\u00e4tig ist, ben\u00f6tigen die neuen Mitarbeiter in der Regel eine Erstausbildung und eine Schulung am Arbeitsplatz.<\/p>\n<p>Diese und viele andere Gr\u00fcnde, wie die Fluktuationsrate und der Zugang zu einem gr\u00f6\u00dferen Talentpool, erkl\u00e4ren, warum viele Unternehmen beschlie\u00dfen, Datenanalysefunktionen an andere Nearshore- oder Offshore-Unternehmen auszulagern.<\/p>\n","protected":false},"excerpt":{"rendered":"<p>Die Umwandlung kleiner\/gro\u00dfer Daten in n\u00fctzliche Informationen ist gleichzeitig lebenswichtig und tr\u00e4ge. Daten sind jedoch allgegenw\u00e4rtig und treiben den Markt und das Wachstum von Unternehmen voran. Daten werden in verschiedenen Branchen verwendet. Was wir tun, die Entscheidungen, die wir als Verbraucher treffen, werden in Daten umgesetzt. Diese werden analysiert und genutzt, um eine Entscheidung zu [&hellip;]<\/p>\n","protected":false},"author":2,"featured_media":40641,"parent":0,"menu_order":55,"comment_status":"closed","ping_status":"closed","template":"","meta":{"_uag_custom_page_level_css":"","_genesis_hide_title":false,"_genesis_hide_breadcrumbs":false,"_genesis_hide_singular_image":false,"_genesis_hide_footer_widgets":false,"_genesis_custom_body_class":"","_genesis_custom_post_class":"","_genesis_layout":"","_themeisle_gutenberg_block_has_review":false,"footnotes":""},"featured_image_src":"https:\/\/invest-in-albania.org\/wp-content\/uploads\/data.png","featured_image_src_square":"https:\/\/invest-in-albania.org\/wp-content\/uploads\/data.png","uagb_featured_image_src":{"full":["https:\/\/invest-in-albania.org\/wp-content\/uploads\/data.png",1280,977,false],"thumbnail":["https:\/\/invest-in-albania.org\/wp-content\/uploads\/data-280x195.png",280,195,true],"medium":["https:\/\/invest-in-albania.org\/wp-content\/uploads\/data-300x229.png",300,229,true],"medium_large":["https:\/\/invest-in-albania.org\/wp-content\/uploads\/data-768x586.png",768,586,true],"large":["https:\/\/invest-in-albania.org\/wp-content\/uploads\/data-1024x782.png",1024,782,true],"1536x1536":["https:\/\/invest-in-albania.org\/wp-content\/uploads\/data.png",1280,977,false],"2048x2048":["https:\/\/invest-in-albania.org\/wp-content\/uploads\/data.png",1280,977,false],"single-featured-image":["https:\/\/invest-in-albania.org\/wp-content\/uploads\/data.png",504,385,false],"blog-featured-image":["https:\/\/invest-in-albania.org\/wp-content\/uploads\/data.png",380,290,false],"home-featured":["https:\/\/invest-in-albania.org\/wp-content\/uploads\/data.png",380,290,false],"gb-block-post-grid-landscape":["https:\/\/invest-in-albania.org\/wp-content\/uploads\/data.png",524,400,false],"gb-block-post-grid-square":["https:\/\/invest-in-albania.org\/wp-content\/uploads\/data.png",600,458,false]},"uagb_author_info":{"display_name":"Vjollca Shehu","author_link":"https:\/\/invest-in-albania.org\/de\/author\/iia\/"},"uagb_comment_info":0,"uagb_excerpt":"Die Umwandlung kleiner\/gro\u00dfer Daten in n\u00fctzliche Informationen ist gleichzeitig lebenswichtig und tr\u00e4ge. Daten sind jedoch allgegenw\u00e4rtig und treiben den Markt und das Wachstum von Unternehmen voran. Daten werden in verschiedenen Branchen verwendet. Was wir tun, die Entscheidungen, die wir als Verbraucher treffen, werden in Daten umgesetzt. Diese werden analysiert und genutzt, um eine Entscheidung zu&hellip;","_links":{"self":[{"href":"https:\/\/invest-in-albania.org\/de\/wp-json\/wp\/v2\/pages\/60153"}],"collection":[{"href":"https:\/\/invest-in-albania.org\/de\/wp-json\/wp\/v2\/pages"}],"about":[{"href":"https:\/\/invest-in-albania.org\/de\/wp-json\/wp\/v2\/types\/page"}],"author":[{"embeddable":true,"href":"https:\/\/invest-in-albania.org\/de\/wp-json\/wp\/v2\/users\/2"}],"replies":[{"embeddable":true,"href":"https:\/\/invest-in-albania.org\/de\/wp-json\/wp\/v2\/comments?post=60153"}],"version-history":[{"count":1,"href":"https:\/\/invest-in-albania.org\/de\/wp-json\/wp\/v2\/pages\/60153\/revisions"}],"predecessor-version":[{"id":60155,"href":"https:\/\/invest-in-albania.org\/de\/wp-json\/wp\/v2\/pages\/60153\/revisions\/60155"}],"wp:featuredmedia":[{"embeddable":true,"href":"https:\/\/invest-in-albania.org\/de\/wp-json\/wp\/v2\/media\/40641"}],"wp:attachment":[{"href":"https:\/\/invest-in-albania.org\/de\/wp-json\/wp\/v2\/media?parent=60153"}],"curies":[{"name":"wp","href":"https:\/\/api.w.org\/{rel}","templated":true}]}}