{"id":60149,"date":"2024-04-06T16:55:58","date_gmt":"2024-04-06T14:55:58","guid":{"rendered":"https:\/\/invest-in-albania.org\/?page_id=60149"},"modified":"2024-04-06T16:56:05","modified_gmt":"2024-04-06T14:56:05","slug":"die-wichtigsten-globalen-outsourcing-anbieter","status":"publish","type":"page","link":"https:\/\/invest-in-albania.org\/de\/die-wichtigsten-globalen-outsourcing-anbieter\/","title":{"rendered":"Die wichtigsten globalen Outsourcing-Anbieter"},"content":{"rendered":"<p><img loading=\"lazy\" decoding=\"async\" class=\"alignright wp-image-39674 size-post-thumbnail\" src=\"http:\/\/new.invest-in-albania.org\/wp-content\/uploads\/cloud-1-860x655.jpg\" alt=\"\" width=\"860\" height=\"655\" \/><\/p>\n<p>Die Outsourcing-Branche hat sich zu einem wichtigen Instrument entwickelt, das das Wirtschaftswachstum in vielen L\u00e4ndern ankurbelt. Google, Facebook, WhatsApp, Slack, Skype, Opera, GitHub und Alibaba haben irgendwann einmal einige ihrer Funktionen ausgelagert. GitHub und Alibaba geh\u00f6ren zu den Unternehmen, die sich anfangs keine eigenen Vollzeitentwickler leisten konnten und beschlossen, einige wichtige Funktionen auszulagern.<\/p>\n<p>Diese L\u00f6sung hat sich f\u00fcr diese und viele andere Unternehmen weltweit als erfolgreich erwiesen. Gleichzeitig expandierte die Outsourcing-Branche. Heutzutage sind die gr\u00f6\u00dften Namen der Branche in fast allen Regionen der Welt vertreten. Sie bieten Millionen von Menschen Arbeit. Allein in der indischen BPO-Branche arbeiten 1,1 Millionen Menschen. Im Jahr 2017 belief sich das weltweite Marktvolumen f\u00fcr ausgelagerte Dienstleistungen auf 88,9 Milliarden US-Dollar.<\/p>\n<p>Statista.com best\u00e4tigt, dass allein das in Dublin ans\u00e4ssige Beratungsunternehmen Accenture im Jahr 2018 rund 18 Milliarden US-Dollar mit seinen Outsourcing-Dienstleistungen und etwa 21,57 Milliarden US-Dollar mit seinen Beratungsdienstleistungen erwirtschaftete.<br \/>\nAccenture geh\u00f6rt neben vielen anderen Unternehmen zu den f\u00fchrenden globalen Outsourcing-Dienstleistern.<\/p>\n<p>Die folgende Liste basiert auf den 2018 Global Outsourcing 100 von IAOP. Die unten aufgef\u00fchrten Unternehmen haben globale Exzellenz bewiesen und eine F\u00fcnf-Sterne-Bewertung auf der Grundlage ihrer Leistung in den folgenden f\u00fcnf Kategorien erhalten:<\/p>\n<p>Gr\u00f6\u00dfe und Wachstum<br \/>\nKundenreferenzen<br \/>\nAuszeichnungen und Zertifizierungen<br \/>\nProgramme f\u00fcr Innovation<br \/>\nSoziale Verantwortung der Unternehmen<\/p>\n<p>Es f\u00e4llt auf, dass die meisten von ihnen in traditionellen M\u00e4rkten wie Indien und Lateinamerika sowie in aufstrebenden M\u00e4rkten wie Osteuropa und den Balkanl\u00e4ndern vertreten sind. Zwei von ihnen, Teleperformance und Colliers International, haben sogar Standorte in Albanien, einem potenziellen Markt f\u00fcr BPOs.<\/p>\n<p>Accenture, 213 Standorte in 47 L\u00e4ndern, 459.000 Mitarbeiter<br \/>\nArvato, in 20 L\u00e4ndern, 68.463 Besch\u00e4ftigte<br \/>\nCBRE, an 101 Standorten in 28 L\u00e4ndern, 80.000 Besch\u00e4ftigte<br \/>\nCGI, 307 Standorte in 29 L\u00e4ndern, 74.000 Besch\u00e4ftigte<br \/>\nColliers International, 73 Standorte in 67 L\u00e4ndern, 12.000 Mitarbeiter<br \/>\nConcentrix, 40 L\u00e4nder, 225.000 Besch\u00e4ftigte<br \/>\nCushman and Wakefield, t\u00e4tig in drei L\u00e4ndern, 50.000 Mitarbeiter<br \/>\nEPAM Systems, 26 L\u00e4nder, 25.962 Mitarbeiter<br \/>\nEXL, 49 globale Lieferzentren in 9 L\u00e4ndern, 28.000 Besch\u00e4ftigte<br \/>\nHCL technologies limited, 46 Lieferzentren in 29 L\u00e4ndern, 117.781 Mitarbeiter<br \/>\nHGS, an 68 Standorten in 7 L\u00e4ndern, 40.000 Besch\u00e4ftigte<br \/>\nIQVIA, 45 Standorte in 27 L\u00e4ndern, 55.000 Besch\u00e4ftigte<br \/>\nISS, 488.946 Mitarbeiter in 48 L\u00e4ndern<br \/>\nJLL, 101 Standorte in 53 L\u00e4ndern, 81.900 Mitarbeiter<br \/>\nNewmark Knight Frank, ein Standort, 4.600 Besch\u00e4ftigte<br \/>\nNTT Data Services, 37 Standorte in 23 L\u00e4ndern, 118.000 Besch\u00e4ftigte<br \/>\nTeleperformance, 350 Lieferzentren in 80 L\u00e4ndern, 300.000 Besch\u00e4ftigte<br \/>\nTelus International, 16 Standorte in 8 L\u00e4ndern 32.000 Besch\u00e4ftigte<br \/>\nVirtusa Polaris, 24 Standorte in 13 L\u00e4ndern, 20.000 Besch\u00e4ftigte<\/p>\n","protected":false},"excerpt":{"rendered":"<p>Die Outsourcing-Branche hat sich zu einem wichtigen Instrument entwickelt, das das Wirtschaftswachstum in vielen L\u00e4ndern ankurbelt. Google, Facebook, WhatsApp, Slack, Skype, Opera, GitHub und Alibaba haben irgendwann einmal einige ihrer Funktionen ausgelagert. GitHub und Alibaba geh\u00f6ren zu den Unternehmen, die sich anfangs keine eigenen Vollzeitentwickler leisten konnten und beschlossen, einige wichtige Funktionen auszulagern. Diese L\u00f6sung [&hellip;]<\/p>\n","protected":false},"author":2,"featured_media":39676,"parent":0,"menu_order":54,"comment_status":"closed","ping_status":"closed","template":"","meta":{"_uag_custom_page_level_css":"","_genesis_hide_title":false,"_genesis_hide_breadcrumbs":false,"_genesis_hide_singular_image":false,"_genesis_hide_footer_widgets":false,"_genesis_custom_body_class":"","_genesis_custom_post_class":"","_genesis_layout":"","_themeisle_gutenberg_block_has_review":false,"footnotes":""},"featured_image_src":"https:\/\/invest-in-albania.org\/wp-content\/uploads\/cloud-1.jpg","featured_image_src_square":"https:\/\/invest-in-albania.org\/wp-content\/uploads\/cloud-1.jpg","uagb_featured_image_src":{"full":["https:\/\/invest-in-albania.org\/wp-content\/uploads\/cloud-1.jpg",1920,1357,false],"thumbnail":["https:\/\/invest-in-albania.org\/wp-content\/uploads\/cloud-1-280x195.jpg",280,195,true],"medium":["https:\/\/invest-in-albania.org\/wp-content\/uploads\/cloud-1-300x212.jpg",300,212,true],"medium_large":["https:\/\/invest-in-albania.org\/wp-content\/uploads\/cloud-1-768x543.jpg",768,543,true],"large":["https:\/\/invest-in-albania.org\/wp-content\/uploads\/cloud-1-1024x724.jpg",1024,724,true],"1536x1536":["https:\/\/invest-in-albania.org\/wp-content\/uploads\/cloud-1-1536x1086.jpg",1536,1086,true],"2048x2048":["https:\/\/invest-in-albania.org\/wp-content\/uploads\/cloud-1.jpg",1920,1357,false],"single-featured-image":["https:\/\/invest-in-albania.org\/wp-content\/uploads\/cloud-1.jpg",545,385,false],"blog-featured-image":["https:\/\/invest-in-albania.org\/wp-content\/uploads\/cloud-1.jpg",410,290,false],"home-featured":["https:\/\/invest-in-albania.org\/wp-content\/uploads\/cloud-1.jpg",380,269,false],"gb-block-post-grid-landscape":["https:\/\/invest-in-albania.org\/wp-content\/uploads\/cloud-1.jpg",566,400,false],"gb-block-post-grid-square":["https:\/\/invest-in-albania.org\/wp-content\/uploads\/cloud-1.jpg",600,424,false]},"uagb_author_info":{"display_name":"Vjollca Shehu","author_link":"https:\/\/invest-in-albania.org\/de\/author\/iia\/"},"uagb_comment_info":0,"uagb_excerpt":"Die Outsourcing-Branche hat sich zu einem wichtigen Instrument entwickelt, das das Wirtschaftswachstum in vielen L\u00e4ndern ankurbelt. Google, Facebook, WhatsApp, Slack, Skype, Opera, GitHub und Alibaba haben irgendwann einmal einige ihrer Funktionen ausgelagert. GitHub und Alibaba geh\u00f6ren zu den Unternehmen, die sich anfangs keine eigenen Vollzeitentwickler leisten konnten und beschlossen, einige wichtige Funktionen auszulagern. Diese L\u00f6sung&hellip;","_links":{"self":[{"href":"https:\/\/invest-in-albania.org\/de\/wp-json\/wp\/v2\/pages\/60149"}],"collection":[{"href":"https:\/\/invest-in-albania.org\/de\/wp-json\/wp\/v2\/pages"}],"about":[{"href":"https:\/\/invest-in-albania.org\/de\/wp-json\/wp\/v2\/types\/page"}],"author":[{"embeddable":true,"href":"https:\/\/invest-in-albania.org\/de\/wp-json\/wp\/v2\/users\/2"}],"replies":[{"embeddable":true,"href":"https:\/\/invest-in-albania.org\/de\/wp-json\/wp\/v2\/comments?post=60149"}],"version-history":[{"count":1,"href":"https:\/\/invest-in-albania.org\/de\/wp-json\/wp\/v2\/pages\/60149\/revisions"}],"predecessor-version":[{"id":60150,"href":"https:\/\/invest-in-albania.org\/de\/wp-json\/wp\/v2\/pages\/60149\/revisions\/60150"}],"wp:featuredmedia":[{"embeddable":true,"href":"https:\/\/invest-in-albania.org\/de\/wp-json\/wp\/v2\/media\/39676"}],"wp:attachment":[{"href":"https:\/\/invest-in-albania.org\/de\/wp-json\/wp\/v2\/media?parent=60149"}],"curies":[{"name":"wp","href":"https:\/\/api.w.org\/{rel}","templated":true}]}}