{"id":60135,"date":"2024-04-06T16:49:20","date_gmt":"2024-04-06T14:49:20","guid":{"rendered":"https:\/\/invest-in-albania.org\/?page_id=60135"},"modified":"2024-04-06T16:49:26","modified_gmt":"2024-04-06T14:49:26","slug":"wie-geht-man-mit-dem-appetit-auf-software-dienste-um","status":"publish","type":"page","link":"https:\/\/invest-in-albania.org\/de\/wie-geht-man-mit-dem-appetit-auf-software-dienste-um\/","title":{"rendered":"Wie geht man mit dem Appetit auf Software-Dienste um?"},"content":{"rendered":"\n<p>Wir lesen endlos \u00fcber die neuesten Produkte, die entweder von Start-ups oder gro\u00dfen Unternehmen, vor allem in westlichen L\u00e4ndern, auf den Markt gebracht werden. Was w\u00e4re, wenn jedem neuen Produkt eine Karte mit den Standorten aller Ressourcen beiliegen w\u00fcrde, die die Dienstleistungen des Unternehmens erbracht haben oder noch erbringen? Sie w\u00fcrden sich \u00fcberall auf der Welt befinden. Heutzutage ist Outsourcing ein globaler Wirtschaftszweig, von dem sowohl Verk\u00e4ufer als auch Anbieter profitieren. Selbst gro\u00dfe Unternehmen wie Google oder Apple entscheiden sich, ihre Funktionen in gewissem Umfang auszulagern. Einer der am schnellsten wachsenden und wirklich wichtigen M\u00e4rkte in der Outsourcing-Branche ist die Softwareentwicklung.<\/p>\n\n\n\n<p>Organisationen, die in verschiedenen Branchen t\u00e4tig sind, m\u00fcssen sich an agile Markttrends anpassen. Software-Integration ist ein Muss f\u00fcr den Betrieb und das Wachstum einer Organisation. Software ist das Element, das die Integration verschiedener Teile eines Unternehmens erm\u00f6glicht, um die Endziele zu erreichen und gleichzeitig die Kosten zu senken.<\/p>\n\n\n\n<p>Es gibt verschiedene Arten von Software, die ein Unternehmen ben\u00f6tigen k\u00f6nnte. F\u00fcr viele kleine und mittlere Unternehmen, die mit dem Markt Schritt halten wollen, ist die Entscheidung f\u00fcr eine Eigenentwicklung keine erschwingliche Option.<\/p>\n\n\n\n<p>Welche Arten von Software brauchen Unternehmen?<br>Sicherheitssoftware<br>Buchhaltungssoftware<br>CRM, Software f\u00fcr das Kundenbeziehungsmanagement<br>Automatisierung professioneller Dienstleistungen (PSA)<br>Unternehmensressourcenplanung (ERP)<br>Kundenunterst\u00fctzungs-Software<br>Aufgabenmanagement-Software<br>Branchenspezifische Software<\/p>\n\n\n\n<p>Die IT- und Softwareentwicklung ist ein riesiges globales Gesch\u00e4ft, das Billionen wert ist. Egal, wie sehr sich ein Unternehmen bem\u00fcht, diese Funktionen sind mit erheblichen Kosten verbunden, wenn sie intern betrieben werden. Software ist nicht allzu teuer, aber die Kosten f\u00fcr den Betrieb als interne Funktionen k\u00f6nnen zu hoch sein.<\/p>\n\n\n\n<p>Dies ist der Grund, warum Osteuropa als Ziel f\u00fcr das Outsourcing von IT- und Software-Dienstleistungen boomt. Die Region ist bekannt f\u00fcr die Verf\u00fcgbarkeit von Talenten und andere Faktoren, die sie f\u00fcr gro\u00dfe BPOs attraktiv machen, die planen, ihre Aktivit\u00e4ten an einem neuen Standort auszuweiten.<br>L\u00e4nder wie Bulgarien, Rum\u00e4nien und Albanien schenken der IT-Infrastruktur und der Bildung besondere Aufmerksamkeit. In all diesen L\u00e4ndern gibt es Tausende von Studenten, die IT-Studieng\u00e4nge absolvieren, und noch viel mehr zertifizierte Experten.<\/p>\n\n\n\n<p>Die osteurop\u00e4ischen L\u00e4nder sind das Ziel sowohl f\u00fcr Unternehmen, die einen Partner f\u00fcr ihre Software-Dienstleistungen ben\u00f6tigen, als auch f\u00fcr gro\u00dfe Outsourcing-Unternehmen, die nach neuen verlockenden und profitablen Zielen f\u00fcr die Branche suchen.<\/p>\n","protected":false},"excerpt":{"rendered":"<p>Wir lesen endlos \u00fcber die neuesten Produkte, die entweder von Start-ups oder gro\u00dfen Unternehmen, vor allem in westlichen L\u00e4ndern, auf den Markt gebracht werden. Was w\u00e4re, wenn jedem neuen Produkt eine Karte mit den Standorten aller Ressourcen beiliegen w\u00fcrde, die die Dienstleistungen des Unternehmens erbracht haben oder noch erbringen? Sie w\u00fcrden sich \u00fcberall auf der [&hellip;]<\/p>\n","protected":false},"author":2,"featured_media":0,"parent":0,"menu_order":52,"comment_status":"closed","ping_status":"closed","template":"","meta":{"_uag_custom_page_level_css":"","_genesis_hide_title":false,"_genesis_hide_breadcrumbs":false,"_genesis_hide_singular_image":false,"_genesis_hide_footer_widgets":false,"_genesis_custom_body_class":"","_genesis_custom_post_class":"","_genesis_layout":"","_themeisle_gutenberg_block_has_review":false,"footnotes":""},"featured_image_src":null,"featured_image_src_square":null,"uagb_featured_image_src":{"full":false,"thumbnail":false,"medium":false,"medium_large":false,"large":false,"1536x1536":false,"2048x2048":false,"single-featured-image":false,"blog-featured-image":false,"home-featured":false,"gb-block-post-grid-landscape":false,"gb-block-post-grid-square":false},"uagb_author_info":{"display_name":"Vjollca Shehu","author_link":"https:\/\/invest-in-albania.org\/de\/author\/iia\/"},"uagb_comment_info":0,"uagb_excerpt":"Wir lesen endlos \u00fcber die neuesten Produkte, die entweder von Start-ups oder gro\u00dfen Unternehmen, vor allem in westlichen L\u00e4ndern, auf den Markt gebracht werden. Was w\u00e4re, wenn jedem neuen Produkt eine Karte mit den Standorten aller Ressourcen beiliegen w\u00fcrde, die die Dienstleistungen des Unternehmens erbracht haben oder noch erbringen? Sie w\u00fcrden sich \u00fcberall auf der&hellip;","_links":{"self":[{"href":"https:\/\/invest-in-albania.org\/de\/wp-json\/wp\/v2\/pages\/60135"}],"collection":[{"href":"https:\/\/invest-in-albania.org\/de\/wp-json\/wp\/v2\/pages"}],"about":[{"href":"https:\/\/invest-in-albania.org\/de\/wp-json\/wp\/v2\/types\/page"}],"author":[{"embeddable":true,"href":"https:\/\/invest-in-albania.org\/de\/wp-json\/wp\/v2\/users\/2"}],"replies":[{"embeddable":true,"href":"https:\/\/invest-in-albania.org\/de\/wp-json\/wp\/v2\/comments?post=60135"}],"version-history":[{"count":1,"href":"https:\/\/invest-in-albania.org\/de\/wp-json\/wp\/v2\/pages\/60135\/revisions"}],"predecessor-version":[{"id":60136,"href":"https:\/\/invest-in-albania.org\/de\/wp-json\/wp\/v2\/pages\/60135\/revisions\/60136"}],"wp:attachment":[{"href":"https:\/\/invest-in-albania.org\/de\/wp-json\/wp\/v2\/media?parent=60135"}],"curies":[{"name":"wp","href":"https:\/\/api.w.org\/{rel}","templated":true}]}}