{"id":60130,"date":"2024-04-06T16:46:02","date_gmt":"2024-04-06T14:46:02","guid":{"rendered":"https:\/\/invest-in-albania.org\/?page_id=60130"},"modified":"2024-04-06T16:46:09","modified_gmt":"2024-04-06T14:46:09","slug":"wie-foerdern-bpos-das-wirtschaftswachstum","status":"publish","type":"page","link":"https:\/\/invest-in-albania.org\/de\/wie-foerdern-bpos-das-wirtschaftswachstum\/","title":{"rendered":"Wie f\u00f6rdern BPOs das Wirtschaftswachstum?"},"content":{"rendered":"<img loading=\"lazy\" decoding=\"async\" class=\"size-large wp-image-41828 aligncenter\" src=\"http:\/\/new.invest-in-albania.org\/wp-content\/uploads\/analytics-1024x418.jpg\" alt=\"\" width=\"1024\" height=\"418\" srcset=\"https:\/\/invest-in-albania.org\/wp-content\/uploads\/analytics-1024x418.jpg 1024w, https:\/\/invest-in-albania.org\/wp-content\/uploads\/analytics-300x122.jpg 300w, https:\/\/invest-in-albania.org\/wp-content\/uploads\/analytics-768x313.jpg 768w, https:\/\/invest-in-albania.org\/wp-content\/uploads\/analytics-580x237.jpg 580w, https:\/\/invest-in-albania.org\/wp-content\/uploads\/analytics-860x351.jpg 860w, https:\/\/invest-in-albania.org\/wp-content\/uploads\/analytics-1160x473.jpg 1160w, https:\/\/invest-in-albania.org\/wp-content\/uploads\/analytics.jpg 1280w\" sizes=\"(max-width: 1024px) 100vw, 1024px\" \/>\n\n<p>\u00dcber die Business Process Outsourcing (BPO)-Branche wird so viel gesagt. Sicher ist, dass es sich um einen der am schnellsten wachsenden Sektoren weltweit handelt und dass die Entwicklungsl\u00e4nder ein perfektes Umfeld f\u00fcr diesen Sektor sind. Eine florierende BPO-Branche ist eine Win-Win-Situation f\u00fcr alle beteiligten Seiten.<\/p>\n\n\n\n<p>Viele L\u00e4nder nutzen die Vorteile der BPO-Branche, um ihr eigenes Wachstum anzukurbeln.<\/p>\n\n\n\n<p>Wie machen sie das?<\/p>\n\n\n\n<p>Nehmen wir das Beispiel von Albanien. Die Landwirtschaft war viele Jahre lang der vorherrschende Sektor in der albanischen Wirtschaft und ist nach wie vor ein bedeutender Sektor in Bezug auf das BIP und den Beitrag zur Besch\u00e4ftigung. Das in diesem Sektor eingesetzte Humankapital ist seit Jahrzehnten in der Produktion der gleichen G\u00fcter f\u00fcr den Export t\u00e4tig. Apropos Exporte: Eine positive Handelsbilanz ist sehr wichtig, aber es kommt auch darauf an, was ein Land exportiert.<br>Zur\u00fcck zu Albanien. Vor etwa 15 Jahren begannen einige Unternehmen in Albanien, Dienstleistungen zu exportieren. Sie taten dies in einer Zeit, in der es auf dem heimischen Markt wenig bis gar keine Nachfrage nach Dienstleistungen gab. Diese Unternehmen erkannten das Potenzial der jungen und gut ausgebildeten Arbeitskr\u00e4fte und beschlossen, in die Nutzung dieses Potenzials f\u00fcr den Export von Dienstleistungen zu investieren, um den Bedarf der westlichen M\u00e4rkte zu decken.<\/p>\n\n\n\n<p>Der Sektor begann zu expandieren, und die anf\u00e4ngliche Differenzierung im Dienstleistungsexport erforderte neue Lern- und Arbeitserfahrungen. Die Menschen begannen, F\u00e4higkeiten zu erlernen oder zu beherrschen, die sie bis dahin nicht nutzen konnten. Was die Menschen beim Anpflanzen von Erdbeeren in Zentralalbanien lernten, war etwas anderes als das, was sie bei der Marktforschung und Datenanalyse lernten.<\/p>\n\n\n\n<p>Im Jahr 2011 hob der Economist die Rolle von Dienstleistungen f\u00fcr arme und sich entwickelnde Volkswirtschaften hervor. Er wies darauf hin, wie L\u00e4nder wie Indien mit der historischen Konvention von Landwirtschaft, Produktion und Dienstleistungen gebrochen haben, ohne \u00fcberhaupt einen bedeutenden Produktionssektor zu entwickeln. Das Land wandte sich direkt dem Dienstleistungssektor zu und wurde zum beliebtesten BPO-Standort der Welt.<br>L\u00e4nder wie Albanien haben historische Konventionen durchbrochen, aber das Land hat Erfahrungen im Handel mit sowohl geringwertigen als auch hochwertigen Aktivit\u00e4ten auf entwickelten M\u00e4rkten gesammelt. W\u00e4hrend der Sektor dazu beitr\u00e4gt, Besch\u00e4ftigungsm\u00f6glichkeiten f\u00fcr bestimmte Kategorien wie Studenten oder frischgebackene Hochschulabsolventen zu schaffen, k\u00f6nnen wertsch\u00f6pfende Dienstleistungen den Sektor in Zukunft zu einem wirtschaftlichen Kraftzentrum ausbauen.<\/p>\n","protected":false},"excerpt":{"rendered":"<p>\u00dcber die Business Process Outsourcing (BPO)-Branche wird so viel gesagt. Sicher ist, dass es sich um einen der am schnellsten wachsenden Sektoren weltweit handelt und dass die Entwicklungsl\u00e4nder ein perfektes Umfeld f\u00fcr diesen Sektor sind. Eine florierende BPO-Branche ist eine Win-Win-Situation f\u00fcr alle beteiligten Seiten. Viele L\u00e4nder nutzen die Vorteile der BPO-Branche, um ihr eigenes [&hellip;]<\/p>\n","protected":false},"author":2,"featured_media":41830,"parent":0,"menu_order":51,"comment_status":"closed","ping_status":"closed","template":"","meta":{"_uag_custom_page_level_css":"","_genesis_hide_title":false,"_genesis_hide_breadcrumbs":false,"_genesis_hide_singular_image":false,"_genesis_hide_footer_widgets":false,"_genesis_custom_body_class":"","_genesis_custom_post_class":"","_genesis_layout":"","_themeisle_gutenberg_block_has_review":false,"footnotes":""},"featured_image_src":"https:\/\/invest-in-albania.org\/wp-content\/uploads\/analytics.jpg","featured_image_src_square":"https:\/\/invest-in-albania.org\/wp-content\/uploads\/analytics.jpg","uagb_featured_image_src":{"full":["https:\/\/invest-in-albania.org\/wp-content\/uploads\/analytics.jpg",1280,522,false],"thumbnail":["https:\/\/invest-in-albania.org\/wp-content\/uploads\/analytics-280x195.jpg",280,195,true],"medium":["https:\/\/invest-in-albania.org\/wp-content\/uploads\/analytics-300x122.jpg",300,122,true],"medium_large":["https:\/\/invest-in-albania.org\/wp-content\/uploads\/analytics-768x313.jpg",768,313,true],"large":["https:\/\/invest-in-albania.org\/wp-content\/uploads\/analytics-1024x418.jpg",1024,418,true],"1536x1536":["https:\/\/invest-in-albania.org\/wp-content\/uploads\/analytics.jpg",1280,522,false],"2048x2048":["https:\/\/invest-in-albania.org\/wp-content\/uploads\/analytics.jpg",1280,522,false],"single-featured-image":["https:\/\/invest-in-albania.org\/wp-content\/uploads\/analytics.jpg",944,385,false],"blog-featured-image":["https:\/\/invest-in-albania.org\/wp-content\/uploads\/analytics.jpg",680,277,false],"home-featured":["https:\/\/invest-in-albania.org\/wp-content\/uploads\/analytics.jpg",380,155,false],"gb-block-post-grid-landscape":["https:\/\/invest-in-albania.org\/wp-content\/uploads\/analytics.jpg",600,245,false],"gb-block-post-grid-square":["https:\/\/invest-in-albania.org\/wp-content\/uploads\/analytics.jpg",600,245,false]},"uagb_author_info":{"display_name":"Vjollca Shehu","author_link":"https:\/\/invest-in-albania.org\/de\/author\/iia\/"},"uagb_comment_info":0,"uagb_excerpt":"\u00dcber die Business Process Outsourcing (BPO)-Branche wird so viel gesagt. Sicher ist, dass es sich um einen der am schnellsten wachsenden Sektoren weltweit handelt und dass die Entwicklungsl\u00e4nder ein perfektes Umfeld f\u00fcr diesen Sektor sind. Eine florierende BPO-Branche ist eine Win-Win-Situation f\u00fcr alle beteiligten Seiten. Viele L\u00e4nder nutzen die Vorteile der BPO-Branche, um ihr eigenes&hellip;","_links":{"self":[{"href":"https:\/\/invest-in-albania.org\/de\/wp-json\/wp\/v2\/pages\/60130"}],"collection":[{"href":"https:\/\/invest-in-albania.org\/de\/wp-json\/wp\/v2\/pages"}],"about":[{"href":"https:\/\/invest-in-albania.org\/de\/wp-json\/wp\/v2\/types\/page"}],"author":[{"embeddable":true,"href":"https:\/\/invest-in-albania.org\/de\/wp-json\/wp\/v2\/users\/2"}],"replies":[{"embeddable":true,"href":"https:\/\/invest-in-albania.org\/de\/wp-json\/wp\/v2\/comments?post=60130"}],"version-history":[{"count":1,"href":"https:\/\/invest-in-albania.org\/de\/wp-json\/wp\/v2\/pages\/60130\/revisions"}],"predecessor-version":[{"id":60131,"href":"https:\/\/invest-in-albania.org\/de\/wp-json\/wp\/v2\/pages\/60130\/revisions\/60131"}],"wp:featuredmedia":[{"embeddable":true,"href":"https:\/\/invest-in-albania.org\/de\/wp-json\/wp\/v2\/media\/41830"}],"wp:attachment":[{"href":"https:\/\/invest-in-albania.org\/de\/wp-json\/wp\/v2\/media?parent=60130"}],"curies":[{"name":"wp","href":"https:\/\/api.w.org\/{rel}","templated":true}]}}