{"id":60125,"date":"2024-04-06T16:42:38","date_gmt":"2024-04-06T14:42:38","guid":{"rendered":"https:\/\/invest-in-albania.org\/?page_id=60125"},"modified":"2024-04-06T16:42:43","modified_gmt":"2024-04-06T14:42:43","slug":"die-bedeutung-von-outsourcing-fuer-die-reise-und-freizeitindustrie","status":"publish","type":"page","link":"https:\/\/invest-in-albania.org\/de\/die-bedeutung-von-outsourcing-fuer-die-reise-und-freizeitindustrie\/","title":{"rendered":"Die Bedeutung von Outsourcing f\u00fcr die Reise- und Freizeitindustrie"},"content":{"rendered":"<img loading=\"lazy\" decoding=\"async\" class=\"alignleft wp-image-40633 size-cmsmasters-blog-masonry-thumb\" src=\"http:\/\/new.invest-in-albania.org\/wp-content\/uploads\/room-service-580x440.png\" alt=\"\" width=\"580\" height=\"440\" srcset=\"https:\/\/invest-in-albania.org\/wp-content\/uploads\/room-service-580x440.png 580w, https:\/\/invest-in-albania.org\/wp-content\/uploads\/room-service-1160x880.png 1160w\" sizes=\"(max-width: 580px) 100vw, 580px\" \/>\n\n<p>Wie schnell die Technologie den Kundenservice ver\u00e4ndert, l\u00e4sst sich leicht an den neu aufkommenden Begriffen wie &#8222;Uberisierung&#8220; erkl\u00e4ren. Letzteres bedeutet f\u00fcr verschiedene Menschen unterschiedliche Dinge. Es hilft den Menschen, auf der Grundlage von Echtzeitdaten einen Service auf Abruf \u00fcber Smartphones zu erhalten. Das Ph\u00e4nomen hat sich auf das Reise- und Gastgewerbe genauso ausgewirkt wie auf die Taxifahrer.<\/p>\n\n\n\n<p>Derzeit ist Airbnb das gr\u00f6\u00dfte Beherbergungsnetzwerk der Welt, und es besitzt keine einzige Einrichtung. Einige Leute schlagen sogar eine Uber-L\u00f6sung f\u00fcr Flugreisen vor. Ungeachtet dessen, was in Zukunft passieren wird, sind all diese Trends nicht das, was die Reise- und Gastgewerbebranche in den Schlagzeilen lesen m\u00f6chte.<\/p>\n\n\n\n<p>Die Reise- und Freizeitindustrie w\u00e4chst aufgrund des wirtschaftlichen Aufschwungs, einer wachsenden Mittelschicht, vor allem im asiatischen Raum, und geringerer Risiken in vielen anderen Regionen, die zur Abschaffung von Visaregelungen f\u00fchren. Dadurch werden mehr Reiseziele verf\u00fcgbar. Die Unternehmen des Reise- und Gastgewerbes investieren ihrerseits in neue Technologien und Innovationen, die ihnen helfen, \u00fcber verschiedene Kan\u00e4le mehr Kunden zu gewinnen.<\/p>\n\n\n\n<p>Dennoch steht die Branche immer noch vor verschiedenen Herausforderungen. Uber und Airbnb haben die Gewohnheiten und das Verhalten der Kunden ver\u00e4ndert, w\u00e4hrend der Sektor immer noch von Online-Buchungen abh\u00e4ngig ist. Um die Herausforderungen und den Wettbewerb zu meistern, wenden Reiseunternehmen neue Gesch\u00e4ftsmodelle an. Die gr\u00f6\u00dfte Herausforderung ist jedoch der moderne Reisende. Der typische Reisende besucht 30 bis 160 Websites, wenn er eine Reise plant: Reisef\u00fchrer, Hotels, Airbnb, Fluggesellschaften, Bewertungsportale. Was ist f\u00fcr die Menschen, die Sie ansprechen wollen, wirklich wichtig? Denken Sie dar\u00fcber nach, welche Art von Erfahrung Sie den Menschen bieten wollen.<\/p>\n\n\n\n<p>Unternehmen auf der ganzen Welt versuchen, ein Gesch\u00e4ftsmodell zu entwickeln, das auf einer digitalen Verbindung basiert, die eine h\u00f6here Kundenzufriedenheit bei ausgewogenen Kosten garantiert. Aus diesem Grund entscheiden sich gro\u00dfe Namen der Reisebranche f\u00fcr das Outsourcing. Ihre Partner helfen ihnen nicht nur dabei, eine hervorragende Beziehung zu ihren Kunden zu pflegen, sondern auch neue potenzielle M\u00e4rkte zu erschlie\u00dfen.<\/p>\n\n\n\n<p>Die Reisebranche ist 24&#215;7 aktiv, sie ruht nicht. Daher braucht sie einen 24&#215;7-Kundendienst in etwa sechs Fremdsprachen. F\u00fcr die gro\u00dfen Namen in der Luftfahrt- und Hotelbranche ist es schwierig, all diese qualifizierten Mitarbeiter st\u00e4ndig an einem Ort zu haben. Outsourcing erg\u00e4nzt den Sektor um den Zugang zu qualifizierten mehrsprachigen Arbeitskr\u00e4ften in verschiedenen Zeitzonen.<\/p>\n\n\n\n<p>Der beste Markt f\u00fcr die Expansion eines BPO, das Reise- und Hospitality-Management betreibt, w\u00e4re ein Land mit mehrsprachigen und gut ausgebildeten Arbeitskr\u00e4ften wie Albanien. Gro\u00dfe Namen der BPO-Branche sind derzeit in dem Land t\u00e4tig und nutzen die Vorteile der qualifizierten Arbeitskr\u00e4fte in hohem Ma\u00dfe.<br>Au\u00dferdem tragen BPOs dazu bei, ein gro\u00dfes Problem im Zusammenhang mit Online-Betrug zu l\u00f6sen. BPOs bieten die M\u00f6glichkeit, Online-Betrug zu verhindern. Verschiedene Erhebungen best\u00e4tigen, dass Fluggesellschaften jedes Jahr verr\u00fcckte Summen durch unentdeckten Betrug verlieren.<br>Die Aufdeckung von Betrug erfordert ein langwieriges und zeitaufw\u00e4ndiges manuelles \u00dcberpr\u00fcfungssystem. BPOs k\u00fcmmern sich um den gesamten Prozess, w\u00e4hrend sich die Unternehmen auf ihre Gesch\u00e4ftsergebnisse konzentrieren.<br>BPOs, die in der Reise- und Hotelbranche t\u00e4tig sind, sind Experten f\u00fcr jedes Glied des Prozesses.<\/p>\n","protected":false},"excerpt":{"rendered":"<p>Wie schnell die Technologie den Kundenservice ver\u00e4ndert, l\u00e4sst sich leicht an den neu aufkommenden Begriffen wie &#8222;Uberisierung&#8220; erkl\u00e4ren. Letzteres bedeutet f\u00fcr verschiedene Menschen unterschiedliche Dinge. Es hilft den Menschen, auf der Grundlage von Echtzeitdaten einen Service auf Abruf \u00fcber Smartphones zu erhalten. Das Ph\u00e4nomen hat sich auf das Reise- und Gastgewerbe genauso ausgewirkt wie auf [&hellip;]<\/p>\n","protected":false},"author":2,"featured_media":40635,"parent":0,"menu_order":50,"comment_status":"closed","ping_status":"closed","template":"","meta":{"_uag_custom_page_level_css":"","_genesis_hide_title":false,"_genesis_hide_breadcrumbs":false,"_genesis_hide_singular_image":false,"_genesis_hide_footer_widgets":false,"_genesis_custom_body_class":"","_genesis_custom_post_class":"","_genesis_layout":"","_themeisle_gutenberg_block_has_review":false,"footnotes":""},"featured_image_src":"https:\/\/invest-in-albania.org\/wp-content\/uploads\/room-service.png","featured_image_src_square":"https:\/\/invest-in-albania.org\/wp-content\/uploads\/room-service.png","uagb_featured_image_src":{"full":["https:\/\/invest-in-albania.org\/wp-content\/uploads\/room-service.png",1280,1258,false],"thumbnail":["https:\/\/invest-in-albania.org\/wp-content\/uploads\/room-service-280x195.png",280,195,true],"medium":["https:\/\/invest-in-albania.org\/wp-content\/uploads\/room-service-300x295.png",300,295,true],"medium_large":["https:\/\/invest-in-albania.org\/wp-content\/uploads\/room-service-768x755.png",768,755,true],"large":["https:\/\/invest-in-albania.org\/wp-content\/uploads\/room-service-1024x1006.png",1024,1006,true],"1536x1536":["https:\/\/invest-in-albania.org\/wp-content\/uploads\/room-service.png",1280,1258,false],"2048x2048":["https:\/\/invest-in-albania.org\/wp-content\/uploads\/room-service.png",1280,1258,false],"single-featured-image":["https:\/\/invest-in-albania.org\/wp-content\/uploads\/room-service.png",392,385,false],"blog-featured-image":["https:\/\/invest-in-albania.org\/wp-content\/uploads\/room-service.png",295,290,false],"home-featured":["https:\/\/invest-in-albania.org\/wp-content\/uploads\/room-service.png",380,373,false],"gb-block-post-grid-landscape":["https:\/\/invest-in-albania.org\/wp-content\/uploads\/room-service.png",407,400,false],"gb-block-post-grid-square":["https:\/\/invest-in-albania.org\/wp-content\/uploads\/room-service.png",600,590,false]},"uagb_author_info":{"display_name":"Vjollca Shehu","author_link":"https:\/\/invest-in-albania.org\/de\/author\/iia\/"},"uagb_comment_info":0,"uagb_excerpt":"Wie schnell die Technologie den Kundenservice ver\u00e4ndert, l\u00e4sst sich leicht an den neu aufkommenden Begriffen wie &#8222;Uberisierung&#8220; erkl\u00e4ren. Letzteres bedeutet f\u00fcr verschiedene Menschen unterschiedliche Dinge. Es hilft den Menschen, auf der Grundlage von Echtzeitdaten einen Service auf Abruf \u00fcber Smartphones zu erhalten. Das Ph\u00e4nomen hat sich auf das Reise- und Gastgewerbe genauso ausgewirkt wie auf&hellip;","_links":{"self":[{"href":"https:\/\/invest-in-albania.org\/de\/wp-json\/wp\/v2\/pages\/60125"}],"collection":[{"href":"https:\/\/invest-in-albania.org\/de\/wp-json\/wp\/v2\/pages"}],"about":[{"href":"https:\/\/invest-in-albania.org\/de\/wp-json\/wp\/v2\/types\/page"}],"author":[{"embeddable":true,"href":"https:\/\/invest-in-albania.org\/de\/wp-json\/wp\/v2\/users\/2"}],"replies":[{"embeddable":true,"href":"https:\/\/invest-in-albania.org\/de\/wp-json\/wp\/v2\/comments?post=60125"}],"version-history":[{"count":1,"href":"https:\/\/invest-in-albania.org\/de\/wp-json\/wp\/v2\/pages\/60125\/revisions"}],"predecessor-version":[{"id":60127,"href":"https:\/\/invest-in-albania.org\/de\/wp-json\/wp\/v2\/pages\/60125\/revisions\/60127"}],"wp:featuredmedia":[{"embeddable":true,"href":"https:\/\/invest-in-albania.org\/de\/wp-json\/wp\/v2\/media\/40635"}],"wp:attachment":[{"href":"https:\/\/invest-in-albania.org\/de\/wp-json\/wp\/v2\/media?parent=60125"}],"curies":[{"name":"wp","href":"https:\/\/api.w.org\/{rel}","templated":true}]}}