{"id":60120,"date":"2024-04-06T16:40:44","date_gmt":"2024-04-06T14:40:44","guid":{"rendered":"https:\/\/invest-in-albania.org\/?page_id=60120"},"modified":"2024-04-06T16:40:49","modified_gmt":"2024-04-06T14:40:49","slug":"wird-tirana-fuer-bpos-attraktiv","status":"publish","type":"page","link":"https:\/\/invest-in-albania.org\/de\/wird-tirana-fuer-bpos-attraktiv\/","title":{"rendered":"Wird Tirana f\u00fcr BPOs attraktiv?"},"content":{"rendered":"\n<p>Der Business Process Outsourcing (BPO)-Sektor in Albanien, bestehende und neue Outsourcing-Zentren, hat 2018 Hunderte von neuen Arbeitspl\u00e4tzen geschaffen. Es werden weitere Arbeitspl\u00e4tze erwartet, da gro\u00dfe Lieferzentren wie Fusion und Comdata in den albanischen Markt eintreten. Diese und die bestehenden Delivery Center umfassen verschiedene Abteilungen wie Call Center, Finanz- und Rechnungswesen, Human Resources, IT usw.). Sie sind f\u00fcr zahlreiche Unternehmen in Europa und dar\u00fcber hinaus t\u00e4tig.<\/p>\n\n\n\n<p>Derzeit bedient der albanische BPO-Sektor die folgenden Branchen;<br>Energie<br>Automobilindustrie<br>Medien und Unterhaltung<br>Banken, Versicherungen und Finanzdienstleistungen<br>Vertrieb, Einzelhandel und E-Commerce<br>Reisen und Freizeit<br>Regierung und \u00f6ffentlicher Sektor<br>Telekommunikation<br>Gesundheitswesen und Pharma<br>Hi-Tech<\/p>\n\n\n\n<p>Es wird erwartet, dass die Zahl der Dienstleistungszentren in Albanien und insbesondere in Tirana steigen wird.<br>Es gibt verschiedene Faktoren, die ein Unternehmen dazu veranlassen, Albanien als n\u00e4chstes Land zu w\u00e4hlen, in dem es seine Outsourcing-Zentren einrichten m\u00f6chte.<\/p>\n\n\n\n<p>Zu den wichtigsten Faktoren geh\u00f6ren:<br>Die Verf\u00fcgbarkeit von Arbeitskr\u00e4ften, F\u00e4higkeiten und Wissen<br>Kosteneffiziente Kosten<br>Mehrsprachige Arbeitskr\u00e4fte<br>Steuerliche Anreize<\/p>\n\n\n\n<p>Verf\u00fcgbarkeit von B\u00fcrofl\u00e4chen<br>Die Region Tirana hat ein h\u00f6heres Wohlstandsniveau, weshalb die Geb\u00e4ude eine bessere Qualit\u00e4t aufweisen, was sich in den Miet- und Verkaufspreisen widerspiegelt. Im letzten Jahr wurden in verschiedenen Gebieten der albanischen Hauptstadt neue Projekte mit gemischter Nutzung in Angriff genommen.<br>Die Geb\u00e4ude, die in den letzten Jahren gebaut wurden, fallen in die Kategorie der gemischt genutzten Immobilien. Dabei handelt es sich um einen urbanen Stil, bei dem Wohn-, Gesch\u00e4fts- und andere Arten von Einrichtungen in einem einzigen Geb\u00e4ude vereint sind. Es wird erwartet, dass der B\u00fcrobestand in den n\u00e4chsten Jahren wachsen wird.<br>In Tirana gibt es viele Gesch\u00e4ftsgeb\u00e4ude, andere befinden sich noch im Bau und die ehrgeizigsten Projekte sind noch nicht angelaufen. Die Miete bzw. der Preis f\u00fcr B\u00fcrofl\u00e4chen h\u00e4ngt von der Lage und der Art des Geb\u00e4udes ab, in dem sie sich befinden. Die st\u00e4dtischen Pl\u00e4ne sehen eine Verlagerung aller \u00f6ffentlichen Einrichtungen und des Privatsektors in das Gebiet des Neuen Boulevards vor.<br>Gegenw\u00e4rtig sind gro\u00dfe, erschwingliche B\u00fcrofl\u00e4chen in verschiedenen Gebieten der Hauptstadt und auch in der N\u00e4he wichtiger Einrichtungen wie dem Flughafen zu finden.<br>Es gibt viele Outsourcing-Zentren, die ihre T\u00e4tigkeit in Tirana aufgenommen und in andere albanische Gro\u00dfst\u00e4dte expandiert haben. Die Hauptstadt ist jedoch der beste Markt f\u00fcr jedes Outsourcing-Unternehmen, das seine T\u00e4tigkeit in S\u00fcdosteuropa ausweiten m\u00f6chte.<\/p>\n","protected":false},"excerpt":{"rendered":"<p>Der Business Process Outsourcing (BPO)-Sektor in Albanien, bestehende und neue Outsourcing-Zentren, hat 2018 Hunderte von neuen Arbeitspl\u00e4tzen geschaffen. Es werden weitere Arbeitspl\u00e4tze erwartet, da gro\u00dfe Lieferzentren wie Fusion und Comdata in den albanischen Markt eintreten. Diese und die bestehenden Delivery Center umfassen verschiedene Abteilungen wie Call Center, Finanz- und Rechnungswesen, Human Resources, IT usw.). Sie [&hellip;]<\/p>\n","protected":false},"author":2,"featured_media":32103,"parent":0,"menu_order":49,"comment_status":"closed","ping_status":"closed","template":"","meta":{"_uag_custom_page_level_css":"","_genesis_hide_title":false,"_genesis_hide_breadcrumbs":false,"_genesis_hide_singular_image":false,"_genesis_hide_footer_widgets":false,"_genesis_custom_body_class":"","_genesis_custom_post_class":"","_genesis_layout":"","_themeisle_gutenberg_block_has_review":false,"footnotes":""},"featured_image_src":"https:\/\/invest-in-albania.org\/wp-content\/uploads\/tirana-clock-tower.jpg","featured_image_src_square":"https:\/\/invest-in-albania.org\/wp-content\/uploads\/tirana-clock-tower.jpg","uagb_featured_image_src":{"full":["https:\/\/invest-in-albania.org\/wp-content\/uploads\/tirana-clock-tower.jpg",1920,1280,false],"thumbnail":["https:\/\/invest-in-albania.org\/wp-content\/uploads\/tirana-clock-tower-280x195.jpg",280,195,true],"medium":["https:\/\/invest-in-albania.org\/wp-content\/uploads\/tirana-clock-tower-300x200.jpg",300,200,true],"medium_large":["https:\/\/invest-in-albania.org\/wp-content\/uploads\/tirana-clock-tower-768x512.jpg",768,512,true],"large":["https:\/\/invest-in-albania.org\/wp-content\/uploads\/tirana-clock-tower-1024x683.jpg",1024,683,true],"1536x1536":["https:\/\/invest-in-albania.org\/wp-content\/uploads\/tirana-clock-tower.jpg",1536,1024,false],"2048x2048":["https:\/\/invest-in-albania.org\/wp-content\/uploads\/tirana-clock-tower.jpg",1920,1280,false],"single-featured-image":["https:\/\/invest-in-albania.org\/wp-content\/uploads\/tirana-clock-tower.jpg",578,385,false],"blog-featured-image":["https:\/\/invest-in-albania.org\/wp-content\/uploads\/tirana-clock-tower.jpg",435,290,false],"home-featured":["https:\/\/invest-in-albania.org\/wp-content\/uploads\/tirana-clock-tower.jpg",380,253,false],"gb-block-post-grid-landscape":["https:\/\/invest-in-albania.org\/wp-content\/uploads\/tirana-clock-tower.jpg",600,400,false],"gb-block-post-grid-square":["https:\/\/invest-in-albania.org\/wp-content\/uploads\/tirana-clock-tower.jpg",600,400,false]},"uagb_author_info":{"display_name":"Vjollca Shehu","author_link":"https:\/\/invest-in-albania.org\/de\/author\/iia\/"},"uagb_comment_info":0,"uagb_excerpt":"Der Business Process Outsourcing (BPO)-Sektor in Albanien, bestehende und neue Outsourcing-Zentren, hat 2018 Hunderte von neuen Arbeitspl\u00e4tzen geschaffen. Es werden weitere Arbeitspl\u00e4tze erwartet, da gro\u00dfe Lieferzentren wie Fusion und Comdata in den albanischen Markt eintreten. Diese und die bestehenden Delivery Center umfassen verschiedene Abteilungen wie Call Center, Finanz- und Rechnungswesen, Human Resources, IT usw.). Sie&hellip;","_links":{"self":[{"href":"https:\/\/invest-in-albania.org\/de\/wp-json\/wp\/v2\/pages\/60120"}],"collection":[{"href":"https:\/\/invest-in-albania.org\/de\/wp-json\/wp\/v2\/pages"}],"about":[{"href":"https:\/\/invest-in-albania.org\/de\/wp-json\/wp\/v2\/types\/page"}],"author":[{"embeddable":true,"href":"https:\/\/invest-in-albania.org\/de\/wp-json\/wp\/v2\/users\/2"}],"replies":[{"embeddable":true,"href":"https:\/\/invest-in-albania.org\/de\/wp-json\/wp\/v2\/comments?post=60120"}],"version-history":[{"count":1,"href":"https:\/\/invest-in-albania.org\/de\/wp-json\/wp\/v2\/pages\/60120\/revisions"}],"predecessor-version":[{"id":60123,"href":"https:\/\/invest-in-albania.org\/de\/wp-json\/wp\/v2\/pages\/60120\/revisions\/60123"}],"wp:featuredmedia":[{"embeddable":true,"href":"https:\/\/invest-in-albania.org\/de\/wp-json\/wp\/v2\/media\/32103"}],"wp:attachment":[{"href":"https:\/\/invest-in-albania.org\/de\/wp-json\/wp\/v2\/media?parent=60120"}],"curies":[{"name":"wp","href":"https:\/\/api.w.org\/{rel}","templated":true}]}}