{"id":60115,"date":"2024-04-06T16:37:30","date_gmt":"2024-04-06T14:37:30","guid":{"rendered":"https:\/\/invest-in-albania.org\/?page_id=60115"},"modified":"2024-04-06T16:37:35","modified_gmt":"2024-04-06T14:37:35","slug":"vorteile-einer-taetigkeit-in-der-bpo-branche","status":"publish","type":"page","link":"https:\/\/invest-in-albania.org\/de\/vorteile-einer-taetigkeit-in-der-bpo-branche\/","title":{"rendered":"Vorteile einer T\u00e4tigkeit in der BPO-Branche"},"content":{"rendered":"\n<p>Wer kennt es nicht, das Paradoxon &#8222;Keine Berufserfahrung&#8220;? Man nennt es auch das Zulassungsparadoxon.<\/p>\n\n\n\n<p>Einfach ausgedr\u00fcckt: Neue Hochschulabsolventen finden keinen Job, weil sie keine Erfahrung haben, und sie k\u00f6nnen keine Erfahrung sammeln, weil sie keinen Job bekommen.<br>Was k\u00f6nnen sie tun, um Erfahrungen zu sammeln und diese auch in ihren Lebenslauf einzubauen?<br>Praktika<br>Ehrenamtliche Erfahrungen<br>Ausbildung im Ausland<\/p>\n\n\n\n<p>All dies sind gro\u00dfartige Erfahrungen, aber auf kurze Sicht sind sie keine Einkommensquelle. Studenten und Hochschulabsolventen brauchen mehr als nur einen Saisonjob, um ihren Lebensunterhalt zu bestreiten. Hier kommt die BPO-Branche zu Hilfe. Die Branche bietet Studenten auf der ganzen Welt Voll- und Teilzeitarbeitspl\u00e4tze.<\/p>\n\n\n\n<p>In vielen F\u00e4llen k\u00f6nnen BPOs sogar die Arbeitslosenquote und das Binnenwachstum einer bestimmten Wirtschaft beeinflussen. Dar\u00fcber hinaus tr\u00e4gt die BPO-Branche durch den kontinuierlichen Erwerb von F\u00e4higkeiten und Kenntnissen zum Humankapital bei.<\/p>\n\n\n\n<p><strong>Die Vorteile von BPO-Jobs<\/strong><\/p>\n\n\n\n<p><strong>Ein guter Einstiegslohn<br><\/strong>Callcenter in vielen L\u00e4ndern bieten gute Einstiegsgeh\u00e4lter. In L\u00e4ndern wie Indien oder alternativen Zielm\u00e4rkten in Osteuropa wie Albanien k\u00f6nnen BPO-Besch\u00e4ftigte mehr bekommen als Menschen, die in anderen traditionellen Berufen oder in der \u00f6ffentlichen Verwaltung arbeiten. Die Unternehmen bieten neuen Mitarbeitern eine bezahlte Erstausbildung, die ihnen hilft, die verschiedenen Arbeitsabl\u00e4ufe zu verstehen.<\/p>\n\n\n\n<p><strong>Belohnung und Leistungspr\u00e4mie<br><\/strong>Ein gro\u00dfartiger Aspekt f\u00fcr Menschen, die in der BPO-Branche arbeiten, ist, dass sie sogar mehr verdienen k\u00f6nnen als ihre eigenen Manager. Die Mitarbeiter erhalten monatlich eine finanzielle Anerkennung und Leistungspr\u00e4mien.<\/p>\n\n\n\n<p><strong>Qualifikationen<br><\/strong>Alle Call Center erfordern je nach Dienstleistung und Branche grundlegende oder fortgeschrittene Kenntnisse. Sprachkenntnisse und grundlegende Computerkenntnisse sind erforderlich, wenn man sich f\u00fcr eine Stelle in einem Callcenter bewirbt. Dar\u00fcber hinaus ist eine Hintergrundausbildung in den Bereichen Statistik, Marketing, Gesundheitswesen usw. f\u00fcr Stellen, die ein gewisses Ma\u00df an Fachwissen erfordern, hilfreich.<\/p>\n\n\n\n<p><strong>Ausbildung am Arbeitsplatz<br><\/strong>Die t\u00e4gliche Arbeit in einem Call Center kann sich wiederholen, aber die Unternehmen stellen sicher, dass sie fortlaufend gezielte Schulungen zu verschiedenen Gesch\u00e4ftsfunktionen anbieten. Mitarbeiter im Verkauf werden darin geschult, wie sie ihre Verhandlungs- und Kommunikationsf\u00e4higkeiten verbessern k\u00f6nnen.<br>Die Schulung er\u00f6ffnet die M\u00f6glichkeit, in eine andere Position mit besserem Gehalt zu wechseln.<\/p>\n\n\n\n<p><strong>Flexible Arbeitszeiten, Kranken- und Sozialversicherung<br><\/strong>BPO-Teilzeitjobs sind optimal f\u00fcr Studenten, die ihre Arbeitszeiten nach ihren Bed\u00fcrfnissen w\u00e4hlen k\u00f6nnen. Au\u00dferdem halten sich die in diesem Sektor t\u00e4tigen Unternehmen an die Arbeitsgesetze.<\/p>\n","protected":false},"excerpt":{"rendered":"<p>Wer kennt es nicht, das Paradoxon &#8222;Keine Berufserfahrung&#8220;? Man nennt es auch das Zulassungsparadoxon. Einfach ausgedr\u00fcckt: Neue Hochschulabsolventen finden keinen Job, weil sie keine Erfahrung haben, und sie k\u00f6nnen keine Erfahrung sammeln, weil sie keinen Job bekommen.Was k\u00f6nnen sie tun, um Erfahrungen zu sammeln und diese auch in ihren Lebenslauf einzubauen?PraktikaEhrenamtliche ErfahrungenAusbildung im Ausland All [&hellip;]<\/p>\n","protected":false},"author":2,"featured_media":39623,"parent":0,"menu_order":48,"comment_status":"closed","ping_status":"closed","template":"","meta":{"_uag_custom_page_level_css":"","_genesis_hide_title":false,"_genesis_hide_breadcrumbs":false,"_genesis_hide_singular_image":false,"_genesis_hide_footer_widgets":false,"_genesis_custom_body_class":"","_genesis_custom_post_class":"","_genesis_layout":"","_themeisle_gutenberg_block_has_review":false,"footnotes":""},"featured_image_src":"https:\/\/invest-in-albania.org\/wp-content\/uploads\/BPO-jobs.jpg","featured_image_src_square":"https:\/\/invest-in-albania.org\/wp-content\/uploads\/BPO-jobs.jpg","uagb_featured_image_src":{"full":["https:\/\/invest-in-albania.org\/wp-content\/uploads\/BPO-jobs.jpg",1920,1280,false],"thumbnail":["https:\/\/invest-in-albania.org\/wp-content\/uploads\/BPO-jobs-280x195.jpg",280,195,true],"medium":["https:\/\/invest-in-albania.org\/wp-content\/uploads\/BPO-jobs-300x200.jpg",300,200,true],"medium_large":["https:\/\/invest-in-albania.org\/wp-content\/uploads\/BPO-jobs-768x512.jpg",768,512,true],"large":["https:\/\/invest-in-albania.org\/wp-content\/uploads\/BPO-jobs-1024x683.jpg",1024,683,true],"1536x1536":["https:\/\/invest-in-albania.org\/wp-content\/uploads\/BPO-jobs-1536x1024.jpg",1536,1024,true],"2048x2048":["https:\/\/invest-in-albania.org\/wp-content\/uploads\/BPO-jobs.jpg",1920,1280,false],"single-featured-image":["https:\/\/invest-in-albania.org\/wp-content\/uploads\/BPO-jobs.jpg",578,385,false],"blog-featured-image":["https:\/\/invest-in-albania.org\/wp-content\/uploads\/BPO-jobs.jpg",435,290,false],"home-featured":["https:\/\/invest-in-albania.org\/wp-content\/uploads\/BPO-jobs.jpg",380,253,false],"gb-block-post-grid-landscape":["https:\/\/invest-in-albania.org\/wp-content\/uploads\/BPO-jobs.jpg",600,400,false],"gb-block-post-grid-square":["https:\/\/invest-in-albania.org\/wp-content\/uploads\/BPO-jobs.jpg",600,400,false]},"uagb_author_info":{"display_name":"Vjollca Shehu","author_link":"https:\/\/invest-in-albania.org\/de\/author\/iia\/"},"uagb_comment_info":0,"uagb_excerpt":"Wer kennt es nicht, das Paradoxon &#8222;Keine Berufserfahrung&#8220;? Man nennt es auch das Zulassungsparadoxon. Einfach ausgedr\u00fcckt: Neue Hochschulabsolventen finden keinen Job, weil sie keine Erfahrung haben, und sie k\u00f6nnen keine Erfahrung sammeln, weil sie keinen Job bekommen.Was k\u00f6nnen sie tun, um Erfahrungen zu sammeln und diese auch in ihren Lebenslauf einzubauen?PraktikaEhrenamtliche ErfahrungenAusbildung im Ausland All&hellip;","_links":{"self":[{"href":"https:\/\/invest-in-albania.org\/de\/wp-json\/wp\/v2\/pages\/60115"}],"collection":[{"href":"https:\/\/invest-in-albania.org\/de\/wp-json\/wp\/v2\/pages"}],"about":[{"href":"https:\/\/invest-in-albania.org\/de\/wp-json\/wp\/v2\/types\/page"}],"author":[{"embeddable":true,"href":"https:\/\/invest-in-albania.org\/de\/wp-json\/wp\/v2\/users\/2"}],"replies":[{"embeddable":true,"href":"https:\/\/invest-in-albania.org\/de\/wp-json\/wp\/v2\/comments?post=60115"}],"version-history":[{"count":1,"href":"https:\/\/invest-in-albania.org\/de\/wp-json\/wp\/v2\/pages\/60115\/revisions"}],"predecessor-version":[{"id":60117,"href":"https:\/\/invest-in-albania.org\/de\/wp-json\/wp\/v2\/pages\/60115\/revisions\/60117"}],"wp:featuredmedia":[{"embeddable":true,"href":"https:\/\/invest-in-albania.org\/de\/wp-json\/wp\/v2\/media\/39623"}],"wp:attachment":[{"href":"https:\/\/invest-in-albania.org\/de\/wp-json\/wp\/v2\/media?parent=60115"}],"curies":[{"name":"wp","href":"https:\/\/api.w.org\/{rel}","templated":true}]}}