{"id":60111,"date":"2024-04-06T16:33:56","date_gmt":"2024-04-06T14:33:56","guid":{"rendered":"https:\/\/invest-in-albania.org\/?page_id=60111"},"modified":"2024-04-06T16:34:02","modified_gmt":"2024-04-06T14:34:02","slug":"albanien-ein-potenzielles-ziel-fuer-das-outsourcing-von-social-media-support","status":"publish","type":"page","link":"https:\/\/invest-in-albania.org\/de\/albanien-ein-potenzielles-ziel-fuer-das-outsourcing-von-social-media-support\/","title":{"rendered":"Albanien, ein potenzielles Ziel f\u00fcr das Outsourcing von Social Media Support"},"content":{"rendered":"<div class=\"wp-block-image\">\n<figure class=\"alignleft\"><img loading=\"lazy\" decoding=\"async\" width=\"580\" height=\"410\" src=\"http:\/\/new.invest-in-albania.org\/wp-content\/uploads\/social-media-support-580x410.jpg\" alt=\"\" class=\"wp-image-40590\" srcset=\"https:\/\/invest-in-albania.org\/wp-content\/uploads\/social-media-support-580x410.jpg 580w, https:\/\/invest-in-albania.org\/wp-content\/uploads\/social-media-support-300x212.jpg 300w, https:\/\/invest-in-albania.org\/wp-content\/uploads\/social-media-support-1024x724.jpg 1024w, https:\/\/invest-in-albania.org\/wp-content\/uploads\/social-media-support-768x543.jpg 768w, https:\/\/invest-in-albania.org\/wp-content\/uploads\/social-media-support-1536x1086.jpg 1536w, https:\/\/invest-in-albania.org\/wp-content\/uploads\/social-media-support-860x608.jpg 860w, https:\/\/invest-in-albania.org\/wp-content\/uploads\/social-media-support-1160x820.jpg 1160w, https:\/\/invest-in-albania.org\/wp-content\/uploads\/social-media-support.jpg 1920w\" sizes=\"(max-width: 580px) 100vw, 580px\" \/><\/figure><\/div>\n\n\n<p>W\u00e4hrend die sozialen Medien als ein gro\u00dfartiger Kanal f\u00fcr den Kundendienst gelten, m\u00fcssen die sozialen Medien selbst t\u00e4glich zahlreiche Aktionen ihrer Nutzer verwalten.<\/p>\n\n\n\n<p>K\u00fcrzlich k\u00fcndigte Facebook Pl\u00e4ne f\u00fcr die Er\u00f6ffnung eines Zentrums f\u00fcr die \u00dcberpr\u00fcfung von Inhalten in den Balkanl\u00e4ndern an.<\/p>\n\n\n\n<p>Dies macht auf die gro\u00dfen M\u00f6glichkeiten aufmerksam, die der Social Media-Support dem BPO-Markt in verschiedenen L\u00e4ndern bietet. Gegenw\u00e4rtig haben die sozialen Medien zwei Hauptfunktionen, n\u00e4mlich Marketing und Kommunikation. Abgesehen von der bekannten Tatsache, dass Katzen das Internet und damit auch Ihr bevorzugtes soziales Netzwerk beherrschen, sollten wir uns einige ernsthafte Statistiken \u00fcber die wichtigsten sozialen Medien ansehen:<br>Facebook &#8211; Die Gesamtzahl der monatlich aktiven Nutzer im Jahr 2018 betrug 2,27 Milliarden<br>YouTube &#8211; Die Gesamtzahl der monatlich aktiven Nutzer im Jahr 2018 betrug 1,9 Milliarden<br>Instagram &#8211; Die Gesamtzahl der monatlich aktiven Nutzer im Jahr 2018 betrug 1 Milliarde<br>Twitter &#8211; Die Gesamtzahl der monatlich aktiven Nutzer im Jahr 2018 betrug 326 Millionen<\/p>\n\n\n\n<p>Diese und viele andere soziale Medien bestehen aus Milliarden von t\u00e4glichen Aktionen ihrer Nutzer. Sie posten Bilder, m\u00f6gen oder liken Beitr\u00e4ge, teilen, melden Beitr\u00e4ge und vieles mehr. Auf der anderen Seite sind alle oben genannten sozialen Netzwerke milliardenschwere Unternehmen. Sie investieren massiv in k\u00fcnstliche Intelligenz, wenn es um einfache Aktionen wie die Erkennung von Sprachen und \u00dcbersetzungen geht. Dennoch musste Facebook noch vor einigen Jahren verschiedene \u00f6ffentliche Beitr\u00e4ge (9 Millionen W\u00f6rter) manuell \u00fcbersetzen und kennzeichnen.<\/p>\n\n\n\n<p>Was ist mit Berichten?<\/p>\n\n\n\n<p>Soziale Mediennetzwerke verwenden Algorithmen, um verschiedenen Nutzergemeinschaften zu helfen. In vielen F\u00e4llen sind sie jedoch auf echte Menschen angewiesen, um Berichte und Kommentare zu \u00fcberpr\u00fcfen. F\u00fcr eine Maschine ist es schwierig, den Unterschied zwischen einer hasserf\u00fcllten und einer schikan\u00f6sen Aussage oder einem Kommentar zu erkennen.<\/p>\n\n\n\n<p>Daher hat die k\u00fcnstliche Intelligenz im derzeitigen Stadium Schwierigkeiten, authentische Konten oder Beitr\u00e4ge zu erkennen, die gemeldet werden k\u00f6nnen. W\u00e4hrend die Unternehmen an der Entwicklung besserer Maschinen arbeiten, richten sie auf der ganzen Welt Zentren zur \u00dcberpr\u00fcfung von Inhalten ein. Die Mitarbeiter in diesen Zentren schlie\u00dfen gef\u00e4lschte Konten, l\u00f6schen Kommentare, Fotos und andere Inhalte, die gegen die Regeln versto\u00dfen und auf der Plattform nicht erlaubt sind.<\/p>\n\n\n\n<p>Vor fast einem Jahr durften Journalisten zum ersten Mal eines von Facebooks Zentren zur Inhaltskontrolle in Essen, Deutschland, besuchen. Das Zentrum wird von einem f\u00fchrenden europ\u00e4ischen Call Center betrieben. Competence Call Center ist ein Unternehmen, das internationale Standorte betreibt, auch auf dem Balkan.<br>In der Zwischenzeit bietet Albanien auch f\u00fcr Unternehmen wie CCC, die ihre Pr\u00e4senz in S\u00fcdosteuropa ausbauen und verst\u00e4rken wollen, einen gro\u00dfen Wert.<\/p>\n\n\n\n<p>Diese Unternehmen w\u00fcrden die BPO-Branche im Lande ankurbeln und die F\u00e4higkeiten der in diesem Sektor t\u00e4tigen Arbeitskr\u00e4fte nutzen.<br>Albanien bietet junge und gut ausgebildete, mehrsprachige Arbeitskr\u00e4fte sowie kosteneffiziente Arbeitskosten f\u00fcr alle gro\u00dfen Unternehmen, die auf der Suche nach neuer sprachlicher Vielfalt und ausgezeichneten F\u00e4higkeiten sind.<\/p>\n","protected":false},"excerpt":{"rendered":"<p>W\u00e4hrend die sozialen Medien als ein gro\u00dfartiger Kanal f\u00fcr den Kundendienst gelten, m\u00fcssen die sozialen Medien selbst t\u00e4glich zahlreiche Aktionen ihrer Nutzer verwalten. K\u00fcrzlich k\u00fcndigte Facebook Pl\u00e4ne f\u00fcr die Er\u00f6ffnung eines Zentrums f\u00fcr die \u00dcberpr\u00fcfung von Inhalten in den Balkanl\u00e4ndern an. Dies macht auf die gro\u00dfen M\u00f6glichkeiten aufmerksam, die der Social Media-Support dem BPO-Markt in [&hellip;]<\/p>\n","protected":false},"author":2,"featured_media":40592,"parent":0,"menu_order":47,"comment_status":"closed","ping_status":"closed","template":"","meta":{"_uag_custom_page_level_css":"","_genesis_hide_title":false,"_genesis_hide_breadcrumbs":false,"_genesis_hide_singular_image":false,"_genesis_hide_footer_widgets":false,"_genesis_custom_body_class":"","_genesis_custom_post_class":"","_genesis_layout":"","_themeisle_gutenberg_block_has_review":false,"footnotes":""},"featured_image_src":"https:\/\/invest-in-albania.org\/wp-content\/uploads\/social-media-support.jpg","featured_image_src_square":"https:\/\/invest-in-albania.org\/wp-content\/uploads\/social-media-support.jpg","uagb_featured_image_src":{"full":["https:\/\/invest-in-albania.org\/wp-content\/uploads\/social-media-support.jpg",1920,1357,false],"thumbnail":["https:\/\/invest-in-albania.org\/wp-content\/uploads\/social-media-support-280x195.jpg",280,195,true],"medium":["https:\/\/invest-in-albania.org\/wp-content\/uploads\/social-media-support-300x212.jpg",300,212,true],"medium_large":["https:\/\/invest-in-albania.org\/wp-content\/uploads\/social-media-support-768x543.jpg",768,543,true],"large":["https:\/\/invest-in-albania.org\/wp-content\/uploads\/social-media-support-1024x724.jpg",1024,724,true],"1536x1536":["https:\/\/invest-in-albania.org\/wp-content\/uploads\/social-media-support-1536x1086.jpg",1536,1086,true],"2048x2048":["https:\/\/invest-in-albania.org\/wp-content\/uploads\/social-media-support.jpg",1920,1357,false],"single-featured-image":["https:\/\/invest-in-albania.org\/wp-content\/uploads\/social-media-support.jpg",545,385,false],"blog-featured-image":["https:\/\/invest-in-albania.org\/wp-content\/uploads\/social-media-support.jpg",410,290,false],"home-featured":["https:\/\/invest-in-albania.org\/wp-content\/uploads\/social-media-support.jpg",380,269,false],"gb-block-post-grid-landscape":["https:\/\/invest-in-albania.org\/wp-content\/uploads\/social-media-support.jpg",566,400,false],"gb-block-post-grid-square":["https:\/\/invest-in-albania.org\/wp-content\/uploads\/social-media-support.jpg",600,424,false]},"uagb_author_info":{"display_name":"Vjollca Shehu","author_link":"https:\/\/invest-in-albania.org\/de\/author\/iia\/"},"uagb_comment_info":0,"uagb_excerpt":"W\u00e4hrend die sozialen Medien als ein gro\u00dfartiger Kanal f\u00fcr den Kundendienst gelten, m\u00fcssen die sozialen Medien selbst t\u00e4glich zahlreiche Aktionen ihrer Nutzer verwalten. K\u00fcrzlich k\u00fcndigte Facebook Pl\u00e4ne f\u00fcr die Er\u00f6ffnung eines Zentrums f\u00fcr die \u00dcberpr\u00fcfung von Inhalten in den Balkanl\u00e4ndern an. Dies macht auf die gro\u00dfen M\u00f6glichkeiten aufmerksam, die der Social Media-Support dem BPO-Markt in&hellip;","_links":{"self":[{"href":"https:\/\/invest-in-albania.org\/de\/wp-json\/wp\/v2\/pages\/60111"}],"collection":[{"href":"https:\/\/invest-in-albania.org\/de\/wp-json\/wp\/v2\/pages"}],"about":[{"href":"https:\/\/invest-in-albania.org\/de\/wp-json\/wp\/v2\/types\/page"}],"author":[{"embeddable":true,"href":"https:\/\/invest-in-albania.org\/de\/wp-json\/wp\/v2\/users\/2"}],"replies":[{"embeddable":true,"href":"https:\/\/invest-in-albania.org\/de\/wp-json\/wp\/v2\/comments?post=60111"}],"version-history":[{"count":1,"href":"https:\/\/invest-in-albania.org\/de\/wp-json\/wp\/v2\/pages\/60111\/revisions"}],"predecessor-version":[{"id":60112,"href":"https:\/\/invest-in-albania.org\/de\/wp-json\/wp\/v2\/pages\/60111\/revisions\/60112"}],"wp:featuredmedia":[{"embeddable":true,"href":"https:\/\/invest-in-albania.org\/de\/wp-json\/wp\/v2\/media\/40592"}],"wp:attachment":[{"href":"https:\/\/invest-in-albania.org\/de\/wp-json\/wp\/v2\/media?parent=60111"}],"curies":[{"name":"wp","href":"https:\/\/api.w.org\/{rel}","templated":true}]}}