{"id":60103,"date":"2024-04-06T15:03:53","date_gmt":"2024-04-06T13:03:53","guid":{"rendered":"https:\/\/invest-in-albania.org\/?page_id=60103"},"modified":"2024-04-06T15:03:58","modified_gmt":"2024-04-06T13:03:58","slug":"top-qualifikationen-fuer-bpo-karrieren-und-warum-albanien-gewinnt","status":"publish","type":"page","link":"https:\/\/invest-in-albania.org\/de\/top-qualifikationen-fuer-bpo-karrieren-und-warum-albanien-gewinnt\/","title":{"rendered":"Top-Qualifikationen f\u00fcr BPO-Karrieren und warum Albanien gewinnt?"},"content":{"rendered":"<div class=\"wp-block-image\">\n<figure class=\"aligncenter\"><img loading=\"lazy\" decoding=\"async\" width=\"1024\" height=\"735\" src=\"http:\/\/new.invest-in-albania.org\/wp-content\/uploads\/skills-1024x735.jpg\" alt=\"\" class=\"wp-image-41850\" srcset=\"https:\/\/invest-in-albania.org\/wp-content\/uploads\/skills-1024x735.jpg 1024w, https:\/\/invest-in-albania.org\/wp-content\/uploads\/skills-300x215.jpg 300w, https:\/\/invest-in-albania.org\/wp-content\/uploads\/skills-768x551.jpg 768w, https:\/\/invest-in-albania.org\/wp-content\/uploads\/skills-580x416.jpg 580w, https:\/\/invest-in-albania.org\/wp-content\/uploads\/skills-860x617.jpg 860w, https:\/\/invest-in-albania.org\/wp-content\/uploads\/skills-1160x833.jpg 1160w, https:\/\/invest-in-albania.org\/wp-content\/uploads\/skills.jpg 1280w\" sizes=\"(max-width: 1024px) 100vw, 1024px\" \/><\/figure><\/div>\n\n\n<p>W\u00e4hrend BPOs Unternehmen aus verschiedenen Branchen dabei helfen, die ben\u00f6tigten Talente zu erschwinglichen Kosten zu finden, profitiert die Branche von ihren Mitarbeitern auf unterschiedliche Weise. Neben den traditionellen BPO-M\u00e4rkten in Asien und Lateinamerika boomt die Branche auch in anderen Teilen der Welt, etwa in S\u00fcdosteuropa.<\/p>\n\n\n\n<p>Die L\u00e4nder in diesem Teil Europas r\u00fccken in den Fokus der expandierenden BPOs und die Gr\u00fcnde daf\u00fcr sind mehr als 13. Osteuropa ist relativ jung und verf\u00fcgt \u00fcber ein gutes Bildungsniveau in Schl\u00fcsselbereichen wie Informationstechnologie, Finanzen, Recht und vielem mehr. Die Sprachkenntnisse sind inzwischen selbstverst\u00e4ndlich. Die strategische Lage dieser L\u00e4nder zwischen den westlichen und \u00f6stlichen kulturellen Einfl\u00fcssen f\u00fchrt zu einer sprachlichen Vielfalt.<\/p>\n\n\n\n<p>Dar\u00fcber hinaus garantieren L\u00e4nder wie Albanien aufgrund des guten Zugangs zur Adria und zum Ionischen Meer, des warmen Mittelmeerklimas und eines dynamischen Lebensstils eine hervorragende Work-Life-Balance.<br>Es gibt eine Reihe grundlegender F\u00e4higkeiten, nach denen die meisten Outsourcing-Unternehmen suchen, und die albanischen Arbeitskr\u00e4fte erf\u00fcllen sie alle.<\/p>\n\n\n\n<h3 class=\"wp-block-heading\">Beherrschung von Fremdsprachen<\/h3>\n\n\n\n<p>Fremdsprachen (erste und zweite) sind Teil der Lehrpl\u00e4ne ab der Grundschule. F\u00fcr Gymnasiasten ist die Fremdsprache eine obligatorische Abiturpr\u00fcfung.<br>Neben den zahlreichen fremdsprachlichen Studieng\u00e4ngen, die an allen \u00f6ffentlichen und privaten Universit\u00e4ten in Albanien angeboten werden, gibt es an allen Fakult\u00e4ten Fremdsprachenf\u00e4cher und berufsbezogenes Englisch, je nach Studienrichtung des Studenten. Auf nationaler Ebene gibt es f\u00fcnf fremdsprachige Gymnasien in Tirana, Shkodra, Elbasan, Korca und Gjirokastra.<br>Ein hoher Prozentsatz der albanischen Bev\u00f6lkerung spricht Englisch, Italienisch, Deutsch, Griechisch, Franz\u00f6sisch, Spanisch und T\u00fcrkisch.<\/p>\n\n\n\n<h3 class=\"wp-block-heading\">Computerkenntnisse<\/h3>\n\n\n\n<p>Angesichts des jungen Alters der albanischen Bev\u00f6lkerung sind grundlegende Computerkenntnisse im ganzen Land weit verbreitet. Au\u00dferdem gibt es insgesamt 3.200 Studenten in Informatikausbildungsprogrammen und \u00fcber 7.300 zertifizierte IT-Fachleute.<\/p>\n\n\n\n<h3 class=\"wp-block-heading\">Kosteneffizienz<\/h3>\n\n\n\n<p>Das Nettolohnniveau in Albanien ist im Vergleich zu allen anderen L\u00e4ndern Osteuropas niedriger. Tirana hat niedrige Lebenshaltungskosten und ist eine pulsierende Jugendmetropole. Die Immobilienpreise sind im Vergleich zu anderen L\u00e4ndern niedrig. Albanien ist eines der wenigen L\u00e4nder der Welt, das sich zu 100 % auf saubere, erneuerbare Energiequellen st\u00fctzt.<\/p>\n\n\n\n<h3 class=\"wp-block-heading\">Lernf\u00e4higkeit<\/h3>\n\n\n\n<p>Albaner sind lebenslang Lernende. Das bedeutet, dass sie offen daf\u00fcr sind, neue F\u00e4higkeiten zu erlernen und sich zu verbessern. Der BPO-Sektor bietet den albanischen Arbeitnehmern st\u00e4ndige Weiterbildung und M\u00f6glichkeiten, ihre F\u00e4higkeiten zu verbessern.<\/p>\n","protected":false},"excerpt":{"rendered":"<p>W\u00e4hrend BPOs Unternehmen aus verschiedenen Branchen dabei helfen, die ben\u00f6tigten Talente zu erschwinglichen Kosten zu finden, profitiert die Branche von ihren Mitarbeitern auf unterschiedliche Weise. Neben den traditionellen BPO-M\u00e4rkten in Asien und Lateinamerika boomt die Branche auch in anderen Teilen der Welt, etwa in S\u00fcdosteuropa. Die L\u00e4nder in diesem Teil Europas r\u00fccken in den Fokus [&hellip;]<\/p>\n","protected":false},"author":2,"featured_media":41852,"parent":0,"menu_order":45,"comment_status":"closed","ping_status":"closed","template":"","meta":{"_uag_custom_page_level_css":"","_genesis_hide_title":false,"_genesis_hide_breadcrumbs":false,"_genesis_hide_singular_image":false,"_genesis_hide_footer_widgets":false,"_genesis_custom_body_class":"","_genesis_custom_post_class":"","_genesis_layout":"","_themeisle_gutenberg_block_has_review":false,"footnotes":""},"featured_image_src":"https:\/\/invest-in-albania.org\/wp-content\/uploads\/skills.jpg","featured_image_src_square":"https:\/\/invest-in-albania.org\/wp-content\/uploads\/skills.jpg","uagb_featured_image_src":{"full":["https:\/\/invest-in-albania.org\/wp-content\/uploads\/skills.jpg",1280,919,false],"thumbnail":["https:\/\/invest-in-albania.org\/wp-content\/uploads\/skills-280x195.jpg",280,195,true],"medium":["https:\/\/invest-in-albania.org\/wp-content\/uploads\/skills-300x215.jpg",300,215,true],"medium_large":["https:\/\/invest-in-albania.org\/wp-content\/uploads\/skills-768x551.jpg",768,551,true],"large":["https:\/\/invest-in-albania.org\/wp-content\/uploads\/skills-1024x735.jpg",1024,735,true],"1536x1536":["https:\/\/invest-in-albania.org\/wp-content\/uploads\/skills.jpg",1280,919,false],"2048x2048":["https:\/\/invest-in-albania.org\/wp-content\/uploads\/skills.jpg",1280,919,false],"single-featured-image":["https:\/\/invest-in-albania.org\/wp-content\/uploads\/skills.jpg",536,385,false],"blog-featured-image":["https:\/\/invest-in-albania.org\/wp-content\/uploads\/skills.jpg",404,290,false],"home-featured":["https:\/\/invest-in-albania.org\/wp-content\/uploads\/skills.jpg",380,273,false],"gb-block-post-grid-landscape":["https:\/\/invest-in-albania.org\/wp-content\/uploads\/skills.jpg",557,400,false],"gb-block-post-grid-square":["https:\/\/invest-in-albania.org\/wp-content\/uploads\/skills.jpg",600,431,false]},"uagb_author_info":{"display_name":"Vjollca Shehu","author_link":"https:\/\/invest-in-albania.org\/de\/author\/iia\/"},"uagb_comment_info":0,"uagb_excerpt":"W\u00e4hrend BPOs Unternehmen aus verschiedenen Branchen dabei helfen, die ben\u00f6tigten Talente zu erschwinglichen Kosten zu finden, profitiert die Branche von ihren Mitarbeitern auf unterschiedliche Weise. Neben den traditionellen BPO-M\u00e4rkten in Asien und Lateinamerika boomt die Branche auch in anderen Teilen der Welt, etwa in S\u00fcdosteuropa. Die L\u00e4nder in diesem Teil Europas r\u00fccken in den Fokus&hellip;","_links":{"self":[{"href":"https:\/\/invest-in-albania.org\/de\/wp-json\/wp\/v2\/pages\/60103"}],"collection":[{"href":"https:\/\/invest-in-albania.org\/de\/wp-json\/wp\/v2\/pages"}],"about":[{"href":"https:\/\/invest-in-albania.org\/de\/wp-json\/wp\/v2\/types\/page"}],"author":[{"embeddable":true,"href":"https:\/\/invest-in-albania.org\/de\/wp-json\/wp\/v2\/users\/2"}],"replies":[{"embeddable":true,"href":"https:\/\/invest-in-albania.org\/de\/wp-json\/wp\/v2\/comments?post=60103"}],"version-history":[{"count":1,"href":"https:\/\/invest-in-albania.org\/de\/wp-json\/wp\/v2\/pages\/60103\/revisions"}],"predecessor-version":[{"id":60104,"href":"https:\/\/invest-in-albania.org\/de\/wp-json\/wp\/v2\/pages\/60103\/revisions\/60104"}],"wp:featuredmedia":[{"embeddable":true,"href":"https:\/\/invest-in-albania.org\/de\/wp-json\/wp\/v2\/media\/41852"}],"wp:attachment":[{"href":"https:\/\/invest-in-albania.org\/de\/wp-json\/wp\/v2\/media?parent=60103"}],"curies":[{"name":"wp","href":"https:\/\/api.w.org\/{rel}","templated":true}]}}