{"id":60097,"date":"2024-04-06T13:13:10","date_gmt":"2024-04-06T11:13:10","guid":{"rendered":"https:\/\/invest-in-albania.org\/?page_id=60097"},"modified":"2024-04-06T13:13:17","modified_gmt":"2024-04-06T11:13:17","slug":"wann-sollten-sie-ihre-hr-funktionen-auslagern","status":"publish","type":"page","link":"https:\/\/invest-in-albania.org\/de\/wann-sollten-sie-ihre-hr-funktionen-auslagern\/","title":{"rendered":"Wann sollten Sie Ihre HR-Funktionen auslagern?"},"content":{"rendered":"<div class=\"wp-block-image\">\n<figure class=\"alignright\"><img loading=\"lazy\" decoding=\"async\" width=\"1024\" height=\"768\" src=\"http:\/\/new.invest-in-albania.org\/wp-content\/uploads\/human-resources-1-1024x768.png\" alt=\"\" class=\"wp-image-40875\" srcset=\"https:\/\/invest-in-albania.org\/wp-content\/uploads\/human-resources-1-1024x768.png 1024w, https:\/\/invest-in-albania.org\/wp-content\/uploads\/human-resources-1-300x225.png 300w, https:\/\/invest-in-albania.org\/wp-content\/uploads\/human-resources-1-768x576.png 768w, https:\/\/invest-in-albania.org\/wp-content\/uploads\/human-resources-1-580x435.png 580w, https:\/\/invest-in-albania.org\/wp-content\/uploads\/human-resources-1-860x645.png 860w, https:\/\/invest-in-albania.org\/wp-content\/uploads\/human-resources-1-1160x870.png 1160w, https:\/\/invest-in-albania.org\/wp-content\/uploads\/human-resources-1.png 1280w\" sizes=\"(max-width: 1024px) 100vw, 1024px\" \/><\/figure><\/div>\n\n\n<p>Das Outsourcing von Humanressourcen erm\u00f6glicht es kleinen Unternehmen, alle Aufgaben im Zusammenhang mit der Personalverwaltung an ein anderes Unternehmen zu delegieren. Letzteres bietet Fachwissen bei der Durchf\u00fchrung aller folgenden Vorg\u00e4nge: Einstellung und Schulung, Gehaltsabrechnung, Rentenpl\u00e4ne und Verwaltung der Sozialleistungen. Diese L\u00f6sung entlastet den Verk\u00e4ufer von den finanziellen Kosten f\u00fcr die Einrichtung einer internen Personalabteilung und von den vielen Stunden, die f\u00fcr Aufgaben aufgewendet werden, die weder Einnahmen generieren noch die Marktposition des Unternehmens beeinflussen.<\/p>\n\n\n\n<p>HR-Outsourcing ist eine kosteng\u00fcnstige Option f\u00fcr kleine Unternehmen. Sie verf\u00fcgen nicht \u00fcber das Budget, die F\u00e4higkeiten und die Zeit, um ein internes Team zu finanzieren. Auf der anderen Seite kann ein Outsourcing-Partner alle erforderlichen F\u00e4higkeiten und Kenntnisse f\u00fcr die rechtzeitige und gesetzeskonforme Abwicklung der Personalarbeit bereitstellen.<br>Die Hauptgr\u00fcnde, warum HR-Outsourcing f\u00fcr kleine Unternehmen und Start-ups das Richtige ist, sind daher der Zugang zu Fachkenntnissen, die Kosteneffizienz und die verst\u00e4rkte Konzentration auf den internen Betrieb und das eigene Team.<\/p>\n\n\n\n<p><strong>Wann sollten Sie mit dem Outsourcing Ihrer HR-Funktionen beginnen?<\/strong><br>Das h\u00e4ngt von der Gr\u00f6\u00dfe Ihres Unternehmens und der Anzahl der Mitarbeiter ab. Wichtig ist, dass Sie bestimmen, wie sich diese Entscheidung auf die Gesamtleistung und die Unternehmenskultur auswirken wird. Am besten ist es, vor Abschluss eines Outsourcing-Vertrags die Ziele des Unternehmens zu bestimmen und festzulegen, wie das Outsourcing dazu beitragen kann, diese Ziele zu erreichen. Au\u00dferdem w\u00e4re es interessant, wenn das HR-Outsourcing mehr Unterst\u00fctzung bei der Gewinnung und Bindung von Talenten bieten w\u00fcrde. Der Anbieter kann je nach Qualifikation der Mitarbeiter Schulungen in bestimmten Bereichen anbieten.<br>Er kann aber auch allgemeine Schulungen wie Kommunikation und F\u00fchrung anbieten.<\/p>\n\n\n\n<p>Kleine Unternehmen k\u00f6nnen sich um die Lohn- und Gehaltsabrechnung und Versicherungen k\u00fcmmern, aber wenn sie zu wachsen beginnen, ben\u00f6tigen sie m\u00f6glicherweise Unterst\u00fctzung bei bestimmten Funktionen wie Rechtsberatung, Zeitarbeit, Umzug und Leistungsmanagement. F\u00fcr andere Unternehmen ist es optimaler, die gesamte Personalarbeit auszulagern.<\/p>\n\n\n\n<p>Wenn Sie einen guten Anbieter finden, der einen angemessenen Preis anbietet oder je nach Anzahl Ihrer Mitarbeiter verhandlungsbereit ist, w\u00e4re dies eine gute Option, die Sie in Betracht ziehen sollten.<\/p>\n\n\n\n<p>HR-Outsourcing ist der beste, billigste und schnellste Weg, um all den Papierkram und die zeitraubenden Aufgaben zu erledigen, die eine Unternehmensverwaltung davon abhalten, sich auf das Wesentliche zu konzentrieren.<\/p>\n","protected":false},"excerpt":{"rendered":"<p>Das Outsourcing von Humanressourcen erm\u00f6glicht es kleinen Unternehmen, alle Aufgaben im Zusammenhang mit der Personalverwaltung an ein anderes Unternehmen zu delegieren. Letzteres bietet Fachwissen bei der Durchf\u00fchrung aller folgenden Vorg\u00e4nge: Einstellung und Schulung, Gehaltsabrechnung, Rentenpl\u00e4ne und Verwaltung der Sozialleistungen. Diese L\u00f6sung entlastet den Verk\u00e4ufer von den finanziellen Kosten f\u00fcr die Einrichtung einer internen Personalabteilung und [&hellip;]<\/p>\n","protected":false},"author":2,"featured_media":40877,"parent":0,"menu_order":44,"comment_status":"closed","ping_status":"closed","template":"","meta":{"_uag_custom_page_level_css":"","_genesis_hide_title":false,"_genesis_hide_breadcrumbs":false,"_genesis_hide_singular_image":false,"_genesis_hide_footer_widgets":false,"_genesis_custom_body_class":"","_genesis_custom_post_class":"","_genesis_layout":"","_themeisle_gutenberg_block_has_review":false,"footnotes":""},"featured_image_src":"https:\/\/invest-in-albania.org\/wp-content\/uploads\/human-resources-1.png","featured_image_src_square":"https:\/\/invest-in-albania.org\/wp-content\/uploads\/human-resources-1.png","uagb_featured_image_src":{"full":["https:\/\/invest-in-albania.org\/wp-content\/uploads\/human-resources-1.png",1280,960,false],"thumbnail":["https:\/\/invest-in-albania.org\/wp-content\/uploads\/human-resources-1-280x195.png",280,195,true],"medium":["https:\/\/invest-in-albania.org\/wp-content\/uploads\/human-resources-1-300x225.png",300,225,true],"medium_large":["https:\/\/invest-in-albania.org\/wp-content\/uploads\/human-resources-1-768x576.png",768,576,true],"large":["https:\/\/invest-in-albania.org\/wp-content\/uploads\/human-resources-1-1024x768.png",1024,768,true],"1536x1536":["https:\/\/invest-in-albania.org\/wp-content\/uploads\/human-resources-1.png",1280,960,false],"2048x2048":["https:\/\/invest-in-albania.org\/wp-content\/uploads\/human-resources-1.png",1280,960,false],"single-featured-image":["https:\/\/invest-in-albania.org\/wp-content\/uploads\/human-resources-1.png",513,385,false],"blog-featured-image":["https:\/\/invest-in-albania.org\/wp-content\/uploads\/human-resources-1.png",387,290,false],"home-featured":["https:\/\/invest-in-albania.org\/wp-content\/uploads\/human-resources-1.png",380,285,false],"gb-block-post-grid-landscape":["https:\/\/invest-in-albania.org\/wp-content\/uploads\/human-resources-1.png",533,400,false],"gb-block-post-grid-square":["https:\/\/invest-in-albania.org\/wp-content\/uploads\/human-resources-1.png",600,450,false]},"uagb_author_info":{"display_name":"Vjollca Shehu","author_link":"https:\/\/invest-in-albania.org\/de\/author\/iia\/"},"uagb_comment_info":0,"uagb_excerpt":"Das Outsourcing von Humanressourcen erm\u00f6glicht es kleinen Unternehmen, alle Aufgaben im Zusammenhang mit der Personalverwaltung an ein anderes Unternehmen zu delegieren. Letzteres bietet Fachwissen bei der Durchf\u00fchrung aller folgenden Vorg\u00e4nge: Einstellung und Schulung, Gehaltsabrechnung, Rentenpl\u00e4ne und Verwaltung der Sozialleistungen. Diese L\u00f6sung entlastet den Verk\u00e4ufer von den finanziellen Kosten f\u00fcr die Einrichtung einer internen Personalabteilung und&hellip;","_links":{"self":[{"href":"https:\/\/invest-in-albania.org\/de\/wp-json\/wp\/v2\/pages\/60097"}],"collection":[{"href":"https:\/\/invest-in-albania.org\/de\/wp-json\/wp\/v2\/pages"}],"about":[{"href":"https:\/\/invest-in-albania.org\/de\/wp-json\/wp\/v2\/types\/page"}],"author":[{"embeddable":true,"href":"https:\/\/invest-in-albania.org\/de\/wp-json\/wp\/v2\/users\/2"}],"replies":[{"embeddable":true,"href":"https:\/\/invest-in-albania.org\/de\/wp-json\/wp\/v2\/comments?post=60097"}],"version-history":[{"count":1,"href":"https:\/\/invest-in-albania.org\/de\/wp-json\/wp\/v2\/pages\/60097\/revisions"}],"predecessor-version":[{"id":60098,"href":"https:\/\/invest-in-albania.org\/de\/wp-json\/wp\/v2\/pages\/60097\/revisions\/60098"}],"wp:featuredmedia":[{"embeddable":true,"href":"https:\/\/invest-in-albania.org\/de\/wp-json\/wp\/v2\/media\/40877"}],"wp:attachment":[{"href":"https:\/\/invest-in-albania.org\/de\/wp-json\/wp\/v2\/media?parent=60097"}],"curies":[{"name":"wp","href":"https:\/\/api.w.org\/{rel}","templated":true}]}}