{"id":60095,"date":"2024-04-06T13:10:23","date_gmt":"2024-04-06T11:10:23","guid":{"rendered":"https:\/\/invest-in-albania.org\/?page_id=60095"},"modified":"2024-04-06T13:11:08","modified_gmt":"2024-04-06T11:11:08","slug":"was-sind-die-groessten-hr-herausforderungen-fuer-die-bpo-branche","status":"publish","type":"page","link":"https:\/\/invest-in-albania.org\/de\/was-sind-die-groessten-hr-herausforderungen-fuer-die-bpo-branche\/","title":{"rendered":"Was sind die gr\u00f6\u00dften HR-Herausforderungen f\u00fcr die BPO-Branche?"},"content":{"rendered":"<div class=\"wp-block-image\">\n<figure class=\"aligncenter\"><img loading=\"lazy\" decoding=\"async\" width=\"1024\" height=\"683\" src=\"http:\/\/new.invest-in-albania.org\/wp-content\/uploads\/human-resources-outsourcing-1024x683.jpg\" alt=\"human resources\" class=\"wp-image-39643\" srcset=\"https:\/\/invest-in-albania.org\/wp-content\/uploads\/human-resources-outsourcing-1024x683.jpg 1024w, https:\/\/invest-in-albania.org\/wp-content\/uploads\/human-resources-outsourcing-300x200.jpg 300w, https:\/\/invest-in-albania.org\/wp-content\/uploads\/human-resources-outsourcing-768x512.jpg 768w, https:\/\/invest-in-albania.org\/wp-content\/uploads\/human-resources-outsourcing-1536x1024.jpg 1536w, https:\/\/invest-in-albania.org\/wp-content\/uploads\/human-resources-outsourcing-580x387.jpg 580w, https:\/\/invest-in-albania.org\/wp-content\/uploads\/human-resources-outsourcing-860x573.jpg 860w, https:\/\/invest-in-albania.org\/wp-content\/uploads\/human-resources-outsourcing-1160x773.jpg 1160w, https:\/\/invest-in-albania.org\/wp-content\/uploads\/human-resources-outsourcing.jpg 1920w\" sizes=\"(max-width: 1024px) 100vw, 1024px\" \/><\/figure><\/div>\n\n\n<p>Outsourcing gilt zwar als strategische L\u00f6sung, die Existenzgr\u00fcndern und kleinen Unternehmen die n\u00f6tige Hilfe bei der Verwaltung verschiedener Vorg\u00e4nge bietet, aber die Branche selbst hat ihre eigenen t\u00e4glichen Herausforderungen.<\/p>\n\n\n\n<p>Unternehmen, die im Bereich des Business Process Outsourcing (BPO) t\u00e4tig sind, besch\u00e4ftigen eine betr\u00e4chtliche Anzahl von Mitarbeitern. Eine der gr\u00f6\u00dften Herausforderungen f\u00fcr den Sektor sind daher die Humanressourcen. BPOs. Viele BPOs haben sich auf das Outsourcing der Personalarbeit f\u00fcr andere Anbieter spezialisiert, aber was ist mit ihren eigenen Personalaktivit\u00e4ten?<\/p>\n\n\n\n<p>Einer der Gr\u00fcnde, warum sich Unternehmen in aller Welt daf\u00fcr entscheiden, T\u00e4tigkeiten wie Kundenbetreuung, Marktforschung, Vertrieb oder Personalwesen an einen BPO-Partner zu delegieren, ist, dass dieser die ben\u00f6tigten Arbeitskr\u00e4fte mit den erforderlichen Qualifikationen bereitstellt. Damit entfallen f\u00fcr den Verk\u00e4ufer alle Aufgaben im Zusammenhang mit der Personalbeschaffung, -schulung und -bindung sowie die finanzielle Belastung, die sie f\u00fcr das Unternehmen mit sich bringen.<\/p>\n\n\n\n<p>Wie bew\u00e4ltigen BPOs all diese Aufgaben f\u00fcr verschiedene Kunden gleichzeitig und sorgen gleichzeitig daf\u00fcr, dass alle Abl\u00e4ufe innerhalb des Unternehmens reibungslos funktionieren?<\/p>\n\n\n\n<p>Die Aufgaben der Personalabteilung eines BPO-Unternehmens gehen \u00fcber die Einstellung und Lohnabrechnung hinaus. BPOs befassen sich meist mit den sich wiederholenden, langweiligen und zeitaufw\u00e4ndigen Aufgaben, die Verk\u00e4ufer nicht intern erledigen k\u00f6nnen. Daher geh\u00f6rt es zu den Aufgaben der Personalspezialisten, daf\u00fcr zu sorgen, dass alle Mitarbeiter motiviert sind und dass die allgemeine Atmosph\u00e4re im Unternehmen gut ist. Dies ist entscheidend f\u00fcr die Schaffung und F\u00f6rderung einer positiven Kultur im Unternehmen.<\/p>\n\n\n\n<p>BPOs stellen die Verbindung zwischen dem Verk\u00e4ufer und seinen Kunden her. Ihre Aufgabe ist es, eine gute Beziehung zwischen beiden Seiten aufzubauen. Die Verwaltung von Hunderten von Mitarbeitern zur gleichen Zeit ist eine der schwierigsten Aufgaben f\u00fcr die Personalabteilung. Engagierte und positive Personalfachleute sind in der Lage, eine gute Kommunikation mit den Mitarbeitern aufzubauen. Daher k\u00f6nnen sie Probleme erkennen und sie durch \u00c4nderungen der internen Richtlinien oder durch die Integration neuer Technologien, die den Arbeitsprozess f\u00fcr alle erleichtern, l\u00f6sen.<\/p>\n\n\n\n<p><strong>Ausbildung<br><\/strong>Schulungen sind ein Muss in einem BPO, sowohl f\u00fcr die neuen als auch f\u00fcr die alten Mitarbeiter. Fortlaufende Schulungen sind wichtig, damit die neuen Mitarbeiter die Arbeitsweise des Unternehmens sowie dessen Kultur und Werte verstehen. In der Zwischenzeit m\u00fcssen \u00e4ltere Mitarbeiter kontinuierlich geschult werden, um neue F\u00e4higkeiten zu erwerben und ihre Karriereaussichten innerhalb des Unternehmens zu verbessern. Dies w\u00fcrde dazu beitragen, Talente zu halten.<\/p>\n\n\n\n<p><strong>Talentbindung<br><\/strong>Eine der Aufgaben der Personalabteilung besteht darin, neue Talente anzuwerben und sie so weit wie m\u00f6glich zu halten. Die Personalabteilung legt Gehaltsstrukturen und Sozialleistungen fest. Dennoch entscheiden sich Menschen aus verschiedenen Gr\u00fcnden, ein Unternehmen zu verlassen. Die Personalspezialisten m\u00fcssen daf\u00fcr sorgen, dass alle arbeitsrechtlichen Vorschriften auf dem neuesten Stand sind und dass sowohl die Einstellungs- als auch die Austrittsprozesse reibungslos durchgef\u00fchrt werden.<\/p>\n\n\n\n<p>HR-Spezialisten geh\u00f6ren zu den wertvollsten Mitarbeitern eines BPO. Zusammen mit den erforderlichen Arbeitskr\u00e4ften sind sie der Schl\u00fcssel zu einer langen und erfolgreichen T\u00e4tigkeit. Behalten Sie dies im Hinterkopf, wenn Sie nach dem n\u00e4chsten Zielort f\u00fcr die Ausweitung Ihrer BPO-Aktivit\u00e4ten suchen. L\u00e4nder wie Albanien mit einer gro\u00dfen Zahl von Studenten und Hochschulabsolventen in den Bereichen Sozial-, Wirtschafts- und Rechtswissenschaften sind optimal geeignet, um alle ben\u00f6tigten Ressourcen bereitzustellen.<\/p>\n","protected":false},"excerpt":{"rendered":"<p>Outsourcing gilt zwar als strategische L\u00f6sung, die Existenzgr\u00fcndern und kleinen Unternehmen die n\u00f6tige Hilfe bei der Verwaltung verschiedener Vorg\u00e4nge bietet, aber die Branche selbst hat ihre eigenen t\u00e4glichen Herausforderungen. Unternehmen, die im Bereich des Business Process Outsourcing (BPO) t\u00e4tig sind, besch\u00e4ftigen eine betr\u00e4chtliche Anzahl von Mitarbeitern. Eine der gr\u00f6\u00dften Herausforderungen f\u00fcr den Sektor sind daher [&hellip;]<\/p>\n","protected":false},"author":2,"featured_media":39645,"parent":0,"menu_order":43,"comment_status":"closed","ping_status":"closed","template":"","meta":{"_uag_custom_page_level_css":"","_genesis_hide_title":false,"_genesis_hide_breadcrumbs":false,"_genesis_hide_singular_image":false,"_genesis_hide_footer_widgets":false,"_genesis_custom_body_class":"","_genesis_custom_post_class":"","_genesis_layout":"","_themeisle_gutenberg_block_has_review":false,"footnotes":""},"featured_image_src":"https:\/\/invest-in-albania.org\/wp-content\/uploads\/human-resources-outsourcing.jpg","featured_image_src_square":"https:\/\/invest-in-albania.org\/wp-content\/uploads\/human-resources-outsourcing.jpg","uagb_featured_image_src":{"full":["https:\/\/invest-in-albania.org\/wp-content\/uploads\/human-resources-outsourcing.jpg",1920,1280,false],"thumbnail":["https:\/\/invest-in-albania.org\/wp-content\/uploads\/human-resources-outsourcing-280x195.jpg",280,195,true],"medium":["https:\/\/invest-in-albania.org\/wp-content\/uploads\/human-resources-outsourcing-300x200.jpg",300,200,true],"medium_large":["https:\/\/invest-in-albania.org\/wp-content\/uploads\/human-resources-outsourcing-768x512.jpg",768,512,true],"large":["https:\/\/invest-in-albania.org\/wp-content\/uploads\/human-resources-outsourcing-1024x683.jpg",1024,683,true],"1536x1536":["https:\/\/invest-in-albania.org\/wp-content\/uploads\/human-resources-outsourcing-1536x1024.jpg",1536,1024,true],"2048x2048":["https:\/\/invest-in-albania.org\/wp-content\/uploads\/human-resources-outsourcing.jpg",1920,1280,false],"single-featured-image":["https:\/\/invest-in-albania.org\/wp-content\/uploads\/human-resources-outsourcing.jpg",578,385,false],"blog-featured-image":["https:\/\/invest-in-albania.org\/wp-content\/uploads\/human-resources-outsourcing.jpg",435,290,false],"home-featured":["https:\/\/invest-in-albania.org\/wp-content\/uploads\/human-resources-outsourcing.jpg",380,253,false],"gb-block-post-grid-landscape":["https:\/\/invest-in-albania.org\/wp-content\/uploads\/human-resources-outsourcing.jpg",600,400,false],"gb-block-post-grid-square":["https:\/\/invest-in-albania.org\/wp-content\/uploads\/human-resources-outsourcing.jpg",600,400,false]},"uagb_author_info":{"display_name":"Vjollca Shehu","author_link":"https:\/\/invest-in-albania.org\/de\/author\/iia\/"},"uagb_comment_info":0,"uagb_excerpt":"Outsourcing gilt zwar als strategische L\u00f6sung, die Existenzgr\u00fcndern und kleinen Unternehmen die n\u00f6tige Hilfe bei der Verwaltung verschiedener Vorg\u00e4nge bietet, aber die Branche selbst hat ihre eigenen t\u00e4glichen Herausforderungen. Unternehmen, die im Bereich des Business Process Outsourcing (BPO) t\u00e4tig sind, besch\u00e4ftigen eine betr\u00e4chtliche Anzahl von Mitarbeitern. Eine der gr\u00f6\u00dften Herausforderungen f\u00fcr den Sektor sind daher&hellip;","_links":{"self":[{"href":"https:\/\/invest-in-albania.org\/de\/wp-json\/wp\/v2\/pages\/60095"}],"collection":[{"href":"https:\/\/invest-in-albania.org\/de\/wp-json\/wp\/v2\/pages"}],"about":[{"href":"https:\/\/invest-in-albania.org\/de\/wp-json\/wp\/v2\/types\/page"}],"author":[{"embeddable":true,"href":"https:\/\/invest-in-albania.org\/de\/wp-json\/wp\/v2\/users\/2"}],"replies":[{"embeddable":true,"href":"https:\/\/invest-in-albania.org\/de\/wp-json\/wp\/v2\/comments?post=60095"}],"version-history":[{"count":1,"href":"https:\/\/invest-in-albania.org\/de\/wp-json\/wp\/v2\/pages\/60095\/revisions"}],"predecessor-version":[{"id":60096,"href":"https:\/\/invest-in-albania.org\/de\/wp-json\/wp\/v2\/pages\/60095\/revisions\/60096"}],"wp:featuredmedia":[{"embeddable":true,"href":"https:\/\/invest-in-albania.org\/de\/wp-json\/wp\/v2\/media\/39645"}],"wp:attachment":[{"href":"https:\/\/invest-in-albania.org\/de\/wp-json\/wp\/v2\/media?parent=60095"}],"curies":[{"name":"wp","href":"https:\/\/api.w.org\/{rel}","templated":true}]}}