{"id":60087,"date":"2024-04-06T12:58:42","date_gmt":"2024-04-06T10:58:42","guid":{"rendered":"https:\/\/invest-in-albania.org\/?page_id=60087"},"modified":"2024-04-06T12:58:47","modified_gmt":"2024-04-06T10:58:47","slug":"was-soll-ausgelagert-werden-back-oder-front-office-aktivitaeten","status":"publish","type":"page","link":"https:\/\/invest-in-albania.org\/de\/was-soll-ausgelagert-werden-back-oder-front-office-aktivitaeten\/","title":{"rendered":"Was soll ausgelagert werden: Back- oder Front-Office-Aktivit\u00e4ten?"},"content":{"rendered":"<div class=\"wp-block-image\">\n<figure class=\"alignright\"><img loading=\"lazy\" decoding=\"async\" width=\"1024\" height=\"682\" src=\"http:\/\/new.invest-in-albania.org\/wp-content\/uploads\/income-tax-1-1024x682.jpg\" alt=\"\" class=\"wp-image-40909\" srcset=\"https:\/\/invest-in-albania.org\/wp-content\/uploads\/income-tax-1-1024x682.jpg 1024w, https:\/\/invest-in-albania.org\/wp-content\/uploads\/income-tax-1-300x200.jpg 300w, https:\/\/invest-in-albania.org\/wp-content\/uploads\/income-tax-1-768x512.jpg 768w, https:\/\/invest-in-albania.org\/wp-content\/uploads\/income-tax-1-580x387.jpg 580w, https:\/\/invest-in-albania.org\/wp-content\/uploads\/income-tax-1-860x573.jpg 860w, https:\/\/invest-in-albania.org\/wp-content\/uploads\/income-tax-1-1160x773.jpg 1160w, https:\/\/invest-in-albania.org\/wp-content\/uploads\/income-tax-1.jpg 1280w\" sizes=\"(max-width: 1024px) 100vw, 1024px\" \/><\/figure><\/div>\n\n\n<p>Um ein erfolgreiches Unternehmen zu gr\u00fcnden und aus ihm ein etabliertes Unternehmen zu machen, braucht man mehr als nur eine gute Idee. Auch wenn es kein bestimmtes Erfolgsrezept gibt, so gibt es doch zwei Kategorien von Abl\u00e4ufen, die f\u00fcr jede Art von Unternehmen grundlegend sind. Front Office und Back Office sind in der Gesch\u00e4ftswelt gel\u00e4ufige Begriffe. Sie bestehen aus Vorg\u00e4ngen, die direkt oder indirekt mit den Kunden in Verbindung stehen.<\/p>\n\n\n\n<p>Beide Kategorien umfassen ein breites Spektrum von Vorg\u00e4ngen. Das bedeutet jedoch nicht, dass jedes Unternehmen diese Vorg\u00e4nge intern abwickelt. Das w\u00fcrde dazu f\u00fchren, dass riesige Summen nur f\u00fcr Sozialleistungen, B\u00fcror\u00e4ume, Ausr\u00fcstung, Gesundheitsf\u00fcrsorge und vieles mehr ausgegeben werden.<br>Zweitens ist es eine st\u00e4ndige Herausforderung, Talente zu finden und zu halten.<\/p>\n\n\n\n<p>Eine hohe Fluktuationsrate kann dem Unternehmen und seiner Kultur schaden.<br>Es gibt viele Unternehmen mit starken Strategien zur Mitarbeiterbindung, und das bedeutet nicht, dass alle von ihnen weltweit f\u00fchrend sind. Diese Unternehmen konzentrieren sich auf die Bindung ihrer Mitarbeiter durch Schulungs- und Entwicklungsprogramme. Sie haben gute M\u00f6glichkeiten, ihre leistungsstarken Mitarbeiter zu halten.<br>Andererseits entscheiden sich kleinere Unternehmen mit begrenztem Budget, die es sich nicht leisten k\u00f6nnen, alle Gesch\u00e4ftsabl\u00e4ufe intern durchzuf\u00fchren, f\u00fcr das Outsourcing.<br>Sie lagern sowohl Back- als auch Front-Office-Aufgaben aus.<\/p>\n\n\n\n<p>Outsourcing von Front-Office-Funktionen<br>Jede Funktion, die unter die Kategorie Front Office f\u00e4llt, steht in direktem Zusammenhang mit dem Kunden. Wer in diesem Bereich arbeitet, konzentriert sich darauf, neue Kunden zu finden, anzuziehen und zu halten. Angesichts der direkten Verbindung zum Kunden schaffen und bewahren Front-Office-Dienste das gute Image und den Ruf des Unternehmens.<\/p>\n\n\n\n<p><strong>Spezifische T\u00e4tigkeiten<br><\/strong>Marketing und Verkauf<br>Marktforschung<br>Kundenbetreuung<br>Vereinbarung von Terminen<br>Auftragsabwicklung<br>Technische Unterst\u00fctzung<br>Helpdesk<br>Forderungseinzug<\/p>\n\n\n\n<p><strong>Back-Office-Funktionen<\/strong><\/p>\n\n\n\n<p>Back-Office-T\u00e4tigkeiten erfordern wenig F\u00e4higkeiten, aber viel Zeit. Aus diesem Grund werden sie als langwierige, aber notwendige Aufgaben angesehen. Ohne sie kann ein Unternehmen nicht reibungslos funktionieren. Diese Funktionen sind meist mit dem Verwaltungsbereich verbunden.<br><strong>Sie umfassen:<br><\/strong>Finanz- und Rechnungswesen<br>Buchhaltung<br>Personalwesen<br>Gehaltsabrechnung<br>Steuerverwaltung<br>IT-Dienstleistungen<br>Inventarverwaltung<br>Logistik<\/p>\n\n\n\n<p>Die Einrichtung eines kompletten Satzes von Front-Office- und Back-Office-Operationen ist entscheidend f\u00fcr ein erfolgreiches Unternehmen. Dank der technologischen Entwicklung und der Outsourcing-L\u00f6sungen kann jedes Unternehmen diese Funktionen mit der Unterst\u00fctzung eines Outsourcing-Partners ausf\u00fchren. Auf diese Weise reduziert das Unternehmen seine Ausgaben und erh\u00e4lt das notwendige Fachwissen, w\u00e4hrend es sich auf das interne Team konzentriert.<\/p>\n\n\n\n<p>Was Sie auslagern sollten, h\u00e4ngt von Ihren gesch\u00e4ftlichen Anforderungen und Besonderheiten ab. Wenn Sie einen gro\u00dfen Kundenstamm in verschiedenen L\u00e4ndern zu betreuen haben, sollten Sie sich f\u00fcr das Outsourcing des Front Office entscheiden. Delegieren Sie Ihren Vertrieb und die Kundenbetreuung an einen erfahrenen Partner in Albanien, der in mehr als sieben Sprachen arbeitet.<\/p>\n","protected":false},"excerpt":{"rendered":"<p>Um ein erfolgreiches Unternehmen zu gr\u00fcnden und aus ihm ein etabliertes Unternehmen zu machen, braucht man mehr als nur eine gute Idee. Auch wenn es kein bestimmtes Erfolgsrezept gibt, so gibt es doch zwei Kategorien von Abl\u00e4ufen, die f\u00fcr jede Art von Unternehmen grundlegend sind. Front Office und Back Office sind in der Gesch\u00e4ftswelt gel\u00e4ufige [&hellip;]<\/p>\n","protected":false},"author":2,"featured_media":40911,"parent":0,"menu_order":42,"comment_status":"closed","ping_status":"closed","template":"","meta":{"_uag_custom_page_level_css":"","_genesis_hide_title":false,"_genesis_hide_breadcrumbs":false,"_genesis_hide_singular_image":false,"_genesis_hide_footer_widgets":false,"_genesis_custom_body_class":"","_genesis_custom_post_class":"","_genesis_layout":"","_themeisle_gutenberg_block_has_review":false,"footnotes":""},"featured_image_src":"https:\/\/invest-in-albania.org\/wp-content\/uploads\/income-tax-1.jpg","featured_image_src_square":"https:\/\/invest-in-albania.org\/wp-content\/uploads\/income-tax-1.jpg","uagb_featured_image_src":{"full":["https:\/\/invest-in-albania.org\/wp-content\/uploads\/income-tax-1.jpg",1280,853,false],"thumbnail":["https:\/\/invest-in-albania.org\/wp-content\/uploads\/income-tax-1-280x195.jpg",280,195,true],"medium":["https:\/\/invest-in-albania.org\/wp-content\/uploads\/income-tax-1-300x200.jpg",300,200,true],"medium_large":["https:\/\/invest-in-albania.org\/wp-content\/uploads\/income-tax-1-768x512.jpg",768,512,true],"large":["https:\/\/invest-in-albania.org\/wp-content\/uploads\/income-tax-1-1024x682.jpg",1024,682,true],"1536x1536":["https:\/\/invest-in-albania.org\/wp-content\/uploads\/income-tax-1.jpg",1280,853,false],"2048x2048":["https:\/\/invest-in-albania.org\/wp-content\/uploads\/income-tax-1.jpg",1280,853,false],"single-featured-image":["https:\/\/invest-in-albania.org\/wp-content\/uploads\/income-tax-1.jpg",578,385,false],"blog-featured-image":["https:\/\/invest-in-albania.org\/wp-content\/uploads\/income-tax-1.jpg",435,290,false],"home-featured":["https:\/\/invest-in-albania.org\/wp-content\/uploads\/income-tax-1.jpg",380,253,false],"gb-block-post-grid-landscape":["https:\/\/invest-in-albania.org\/wp-content\/uploads\/income-tax-1.jpg",600,400,false],"gb-block-post-grid-square":["https:\/\/invest-in-albania.org\/wp-content\/uploads\/income-tax-1.jpg",600,400,false]},"uagb_author_info":{"display_name":"Vjollca Shehu","author_link":"https:\/\/invest-in-albania.org\/de\/author\/iia\/"},"uagb_comment_info":0,"uagb_excerpt":"Um ein erfolgreiches Unternehmen zu gr\u00fcnden und aus ihm ein etabliertes Unternehmen zu machen, braucht man mehr als nur eine gute Idee. Auch wenn es kein bestimmtes Erfolgsrezept gibt, so gibt es doch zwei Kategorien von Abl\u00e4ufen, die f\u00fcr jede Art von Unternehmen grundlegend sind. Front Office und Back Office sind in der Gesch\u00e4ftswelt gel\u00e4ufige&hellip;","_links":{"self":[{"href":"https:\/\/invest-in-albania.org\/de\/wp-json\/wp\/v2\/pages\/60087"}],"collection":[{"href":"https:\/\/invest-in-albania.org\/de\/wp-json\/wp\/v2\/pages"}],"about":[{"href":"https:\/\/invest-in-albania.org\/de\/wp-json\/wp\/v2\/types\/page"}],"author":[{"embeddable":true,"href":"https:\/\/invest-in-albania.org\/de\/wp-json\/wp\/v2\/users\/2"}],"replies":[{"embeddable":true,"href":"https:\/\/invest-in-albania.org\/de\/wp-json\/wp\/v2\/comments?post=60087"}],"version-history":[{"count":1,"href":"https:\/\/invest-in-albania.org\/de\/wp-json\/wp\/v2\/pages\/60087\/revisions"}],"predecessor-version":[{"id":60088,"href":"https:\/\/invest-in-albania.org\/de\/wp-json\/wp\/v2\/pages\/60087\/revisions\/60088"}],"wp:featuredmedia":[{"embeddable":true,"href":"https:\/\/invest-in-albania.org\/de\/wp-json\/wp\/v2\/media\/40911"}],"wp:attachment":[{"href":"https:\/\/invest-in-albania.org\/de\/wp-json\/wp\/v2\/media?parent=60087"}],"curies":[{"name":"wp","href":"https:\/\/api.w.org\/{rel}","templated":true}]}}