{"id":60082,"date":"2024-04-06T01:09:05","date_gmt":"2024-04-05T23:09:05","guid":{"rendered":"https:\/\/invest-in-albania.org\/?page_id=60082"},"modified":"2024-04-06T01:09:11","modified_gmt":"2024-04-05T23:09:11","slug":"welche-funktionen-sollte-ihr-startup-auslagern","status":"publish","type":"page","link":"https:\/\/invest-in-albania.org\/de\/welche-funktionen-sollte-ihr-startup-auslagern\/","title":{"rendered":"Welche Funktionen sollte Ihr Startup auslagern?"},"content":{"rendered":"\n<p>Es geht ums Gesch\u00e4ft, das ist alles<br>Sie sagen uns einfach, wir sollen auslagern<br>Und deshalb tun es Apple und Microsoft<br>CISCO und American Express tun es,<br>Sogar GitHub und Alibaba tun es<br>Lasst es uns tun, lasst uns auslagern.<\/p>\n\n\n\n<p>Wenn das kleine Startup von 50 Dollar auf Millionen wachsen will, wie es AppSumo getan hat, ist es besser, alles auszulagern, was einen daran hindert, sich zu konzentrieren.<\/p>\n\n\n\n<p><strong>Welche Funktionen sollen ausgelagert werden?<br><\/strong>Machen Sie eine Liste aller Gesch\u00e4ftsfunktionen und unterteilen Sie sie in Kernkompetenzen und langweilige\/langweilige\/zeitraubende Kompetenzen. Anschlie\u00dfend k\u00f6nnen Sie die beiden Gruppen in Unterkategorien unterteilen, z. B. in Funktionen, die Sie selbst erledigen k\u00f6nnen, in Funktionen, die Ihr Budget belasten w\u00fcrden, wenn sie intern erledigt w\u00fcrden, und in Funktionen, die niemand in Ihrer Zeit erledigen kann.<br>Outsourcing ist eine L\u00f6sung, die den Zugang zu einem gr\u00f6\u00dferen Talentpool zu geringeren Kosten erm\u00f6glicht und gleichzeitig einen Mehrwert f\u00fcr Ihre Produkte schafft, Ihre Kunden zufrieden stellt und alle Gesch\u00e4ftsprozesse reibungslos ablaufen l\u00e4sst.<\/p>\n\n\n\n<p>Sie k\u00f6nnen mit IT-Funktionen beginnen. Zun\u00e4chst k\u00f6nnen Sie einen Freiberufler einstellen. Sie haben Erfahrung, sind auf mehr als eine F\u00e4higkeit spezialisiert und k\u00f6nnen Ihnen helfen, Ihr Startup zu vergr\u00f6\u00dfern. Wenn Sie dieses Stadium erreicht haben, k\u00f6nnen Sie Ihre IT-Dienste und Softwareentwicklung an ein Unternehmen auslagern.<\/p>\n\n\n\n<p>Alle Funktionen in den Bereichen Finanzen, Buchhaltung und Recht<br>Diese Funktionen sind notwendig, damit ein Unternehmen jeder Gr\u00f6\u00dfe besser und schneller arbeiten kann. Zun\u00e4chst helfen sie dabei, die l\u00e4stigen Aufgaben im Zusammenhang mit Finanzen, Steuern und Recht zu beseitigen. Unternehmen, die ihre Buchhaltung auslagern, stellen dem Unternehmen nicht nur das n\u00f6tige Fachwissen zur Verf\u00fcgung, sondern tragen auch zur Innovation des Betriebs bei.<br>Outsourcing-Unternehmen halten sich im Allgemeinen \u00fcber globale Trends auf dem Laufenden, die dazu beitragen, die finanzielle Situation des Start-ups\/Unternehmens zu einem bestimmten Zeitpunkt zu bewerten und bei Bedarf sofort eine Entscheidung zu treffen.<\/p>\n\n\n\n<p><strong>Kundendienste<br><\/strong>Es ist schwierig, Kunden zu gewinnen, aber wenn man damit Erfolg hat, muss man sie auch bei Laune halten. Ein zufriedener Kunde ist f\u00fcr ein erfolgreiches Unternehmen unerl\u00e4sslich. Denken Sie daran, dass Sie die Bed\u00fcrfnisse Ihrer Kunden niemals ignorieren d\u00fcrfen. Sie haben vielleicht Tausende von Kunden zu betreuen, aber wenn jemand Fragen hat, m\u00f6chte er nicht warten oder dasselbe drei verschiedenen Personen gegen\u00fcber wiederholen.<br>Deshalb sollten Sie Ihren Kundendienst auslagern, wenn Sie sehen, dass die Zeit gekommen ist. W\u00e4hlen Sie ein BPO-Unternehmen, das \u00fcber verschiedene Kan\u00e4le und in verschiedenen Sprachen arbeitet. Es wird Ihnen helfen, Ihr Gesch\u00e4ft auf neuen M\u00e4rkten auszubauen. Achten Sie bei der Auswahl Ihres Partners darauf, dass Sie alle Vertr\u00e4ge unterzeichnen, die die Vertraulichkeit Ihrer Kunden garantieren.<\/p>\n\n\n\n<p><strong>Humanressourcen<\/strong><\/p>\n\n\n\n<p>Eine eigene Personalabteilung ist mit zus\u00e4tzlichen Kosten verbunden. Sie werden mehr f\u00fcr die Verwaltung der Sozialleistungen, f\u00fcr Werkzeuge und Ausr\u00fcstung sowie f\u00fcr B\u00fcror\u00e4ume bezahlen. Wenn Sie Ihre Personalabteilung auslagern, haben Sie andererseits die M\u00f6glichkeit, Ihr internes Team fortzubilden. Dies tr\u00e4gt dazu bei, ihre Karriereaussichten zu verbessern und Talente zu halten.<\/p>\n","protected":false},"excerpt":{"rendered":"<p>Es geht ums Gesch\u00e4ft, das ist allesSie sagen uns einfach, wir sollen auslagernUnd deshalb tun es Apple und MicrosoftCISCO und American Express tun es,Sogar GitHub und Alibaba tun esLasst es uns tun, lasst uns auslagern. Wenn das kleine Startup von 50 Dollar auf Millionen wachsen will, wie es AppSumo getan hat, ist es besser, alles [&hellip;]<\/p>\n","protected":false},"author":2,"featured_media":40627,"parent":0,"menu_order":41,"comment_status":"closed","ping_status":"closed","template":"","meta":{"_uag_custom_page_level_css":"","_genesis_hide_title":false,"_genesis_hide_breadcrumbs":false,"_genesis_hide_singular_image":false,"_genesis_hide_footer_widgets":false,"_genesis_custom_body_class":"","_genesis_custom_post_class":"","_genesis_layout":"","_themeisle_gutenberg_block_has_review":false,"footnotes":""},"featured_image_src":"https:\/\/invest-in-albania.org\/wp-content\/uploads\/startup-outsource.png","featured_image_src_square":"https:\/\/invest-in-albania.org\/wp-content\/uploads\/startup-outsource.png","uagb_featured_image_src":{"full":["https:\/\/invest-in-albania.org\/wp-content\/uploads\/startup-outsource.png",1280,1182,false],"thumbnail":["https:\/\/invest-in-albania.org\/wp-content\/uploads\/startup-outsource-280x195.png",280,195,true],"medium":["https:\/\/invest-in-albania.org\/wp-content\/uploads\/startup-outsource-300x277.png",300,277,true],"medium_large":["https:\/\/invest-in-albania.org\/wp-content\/uploads\/startup-outsource-768x709.png",768,709,true],"large":["https:\/\/invest-in-albania.org\/wp-content\/uploads\/startup-outsource-1024x946.png",1024,946,true],"1536x1536":["https:\/\/invest-in-albania.org\/wp-content\/uploads\/startup-outsource.png",1280,1182,false],"2048x2048":["https:\/\/invest-in-albania.org\/wp-content\/uploads\/startup-outsource.png",1280,1182,false],"single-featured-image":["https:\/\/invest-in-albania.org\/wp-content\/uploads\/startup-outsource.png",417,385,false],"blog-featured-image":["https:\/\/invest-in-albania.org\/wp-content\/uploads\/startup-outsource.png",314,290,false],"home-featured":["https:\/\/invest-in-albania.org\/wp-content\/uploads\/startup-outsource.png",380,351,false],"gb-block-post-grid-landscape":["https:\/\/invest-in-albania.org\/wp-content\/uploads\/startup-outsource.png",433,400,false],"gb-block-post-grid-square":["https:\/\/invest-in-albania.org\/wp-content\/uploads\/startup-outsource.png",600,554,false]},"uagb_author_info":{"display_name":"Vjollca Shehu","author_link":"https:\/\/invest-in-albania.org\/de\/author\/iia\/"},"uagb_comment_info":0,"uagb_excerpt":"Es geht ums Gesch\u00e4ft, das ist allesSie sagen uns einfach, wir sollen auslagernUnd deshalb tun es Apple und MicrosoftCISCO und American Express tun es,Sogar GitHub und Alibaba tun esLasst es uns tun, lasst uns auslagern. Wenn das kleine Startup von 50 Dollar auf Millionen wachsen will, wie es AppSumo getan hat, ist es besser, alles&hellip;","_links":{"self":[{"href":"https:\/\/invest-in-albania.org\/de\/wp-json\/wp\/v2\/pages\/60082"}],"collection":[{"href":"https:\/\/invest-in-albania.org\/de\/wp-json\/wp\/v2\/pages"}],"about":[{"href":"https:\/\/invest-in-albania.org\/de\/wp-json\/wp\/v2\/types\/page"}],"author":[{"embeddable":true,"href":"https:\/\/invest-in-albania.org\/de\/wp-json\/wp\/v2\/users\/2"}],"replies":[{"embeddable":true,"href":"https:\/\/invest-in-albania.org\/de\/wp-json\/wp\/v2\/comments?post=60082"}],"version-history":[{"count":1,"href":"https:\/\/invest-in-albania.org\/de\/wp-json\/wp\/v2\/pages\/60082\/revisions"}],"predecessor-version":[{"id":60084,"href":"https:\/\/invest-in-albania.org\/de\/wp-json\/wp\/v2\/pages\/60082\/revisions\/60084"}],"wp:featuredmedia":[{"embeddable":true,"href":"https:\/\/invest-in-albania.org\/de\/wp-json\/wp\/v2\/media\/40627"}],"wp:attachment":[{"href":"https:\/\/invest-in-albania.org\/de\/wp-json\/wp\/v2\/media?parent=60082"}],"curies":[{"name":"wp","href":"https:\/\/api.w.org\/{rel}","templated":true}]}}