{"id":60077,"date":"2024-04-06T01:06:17","date_gmt":"2024-04-05T23:06:17","guid":{"rendered":"https:\/\/invest-in-albania.org\/?page_id=60077"},"modified":"2024-04-06T01:06:23","modified_gmt":"2024-04-05T23:06:23","slug":"wie-outsourcing-startups-zum-erfolg-verhilft","status":"publish","type":"page","link":"https:\/\/invest-in-albania.org\/de\/wie-outsourcing-startups-zum-erfolg-verhilft\/","title":{"rendered":"Wie Outsourcing Startups zum Erfolg verhilft"},"content":{"rendered":"\n<p>Neugr\u00fcndungen durchlaufen verschiedene Phasen, und Outsourcing ist die Strategie, die den \u00dcbergang von der Neugr\u00fcndung zum Scale-up am besten unterst\u00fctzt. Die Erfahrung von Hunderttausenden anderer Start-ups hat gezeigt, dass diejenigen, die eine Chance nicht erkennen oder ignorieren, Schwierigkeiten haben, mit der Konkurrenz gleichzuziehen. Doch die Gr\u00fcnde, warum so viele Start-ups es nicht schaffen, sind zahllos.<\/p>\n\n\n\n<p>\u00dcberlegen Sie einfach, was passiert. Zwei oder mehr Personen, die zusammen zur Schule gegangen sind, aber nie zusammen oder an einem anderen Ort gearbeitet haben, haben eine Idee f\u00fcr ein v\u00f6llig neues Produkt oder eine Dienstleistung, die kein einziger Kunde kennt, f\u00fcr einen noch nicht existierenden Markt.<\/p>\n\n\n\n<p>Den Gr\u00fcndern fehlt es an finanziellen\/rechtlichen Kenntnissen, w\u00e4hrend das Start-up keine Personal- oder Finanzabteilung hat. Auch wenn dies nicht die Elemente sind, die den Platz des Produkts auf dem Markt bestimmen, k\u00f6nnen sie leicht zum Scheitern f\u00fchren. Die Mitarbeiter m\u00fcssen sich um Marketing, Vertrieb, Talentmanagement, Softwareentwicklung, Kundensupport und viele andere zeitraubende Aufgaben k\u00fcmmern.<\/p>\n\n\n\n<p>Sich um alles gleichzeitig zu k\u00fcmmern, ist vor allem f\u00fcr kleine Start-ups nicht die beste Option.<br>Egal wie gro\u00dfartig Ihre Idee auch sein mag, wenn Sie es nicht schaffen, alle Gesch\u00e4ftsfunktionen und -prozesse richtig zu verwalten, werden Sie Ihre Ziele aus den Augen verlieren. Bedenken Sie, dass selbst Start-ups, die von gro\u00dfen Unternehmen mit viel Erfahrung und Experten gegr\u00fcndet wurden, keinen Erfolg hatten. Dennoch weisen fast alle neuen Unternehmen die gleichen Merkmale auf: fehlendes Fachwissen, begrenztes Budget, begrenzte Ressourcen und begrenzter Fokus.<\/p>\n\n\n\n<p>Das bedeutet nicht, dass Sie h\u00e4rter arbeiten sollten. Stattdessen sollten Sie intelligenter arbeiten. Finden Sie heraus, welches die wichtigsten Prozesse in Ihrem Unternehmen sind, und konzentrieren Sie sich auf diese. In der Zwischenzeit sollten Sie Ihre Schwachstellen ermitteln, die auch Ihr Budget aufzehren w\u00fcrden, wenn Sie sie intern erledigen w\u00fcrden, und sie auslagern.<br>Wenn Sie dann anfangen, Kunden anzuziehen, sollten Sie den Kundenservice an ein Multichannel-Outsourcing-Unternehmen in Albanien auslagern. Das Land verf\u00fcgt \u00fcber einen sehr erfahrenen BPO-Sektor, der Unternehmen in der ganzen Welt bedient.<\/p>\n\n\n\n<p>Danach k\u00f6nnen Sie andere Funktionen wie Softwareentwicklung oder IT-Dienste an einen anderen Anbieter in Osteuropa auslagern. Diese Region der Welt ist der alternative Markt zu traditionellen Outsourcing-Zielen wie Indien, den Philippinen oder China. Sie bietet mehr Sicherheit und Verantwortung, kulturelle Affinit\u00e4t zu westlichen L\u00e4ndern und gute Kommunikationsm\u00f6glichkeiten.<\/p>\n","protected":false},"excerpt":{"rendered":"<p>Neugr\u00fcndungen durchlaufen verschiedene Phasen, und Outsourcing ist die Strategie, die den \u00dcbergang von der Neugr\u00fcndung zum Scale-up am besten unterst\u00fctzt. Die Erfahrung von Hunderttausenden anderer Start-ups hat gezeigt, dass diejenigen, die eine Chance nicht erkennen oder ignorieren, Schwierigkeiten haben, mit der Konkurrenz gleichzuziehen. Doch die Gr\u00fcnde, warum so viele Start-ups es nicht schaffen, sind zahllos. [&hellip;]<\/p>\n","protected":false},"author":2,"featured_media":40845,"parent":0,"menu_order":40,"comment_status":"closed","ping_status":"closed","template":"","meta":{"_uag_custom_page_level_css":"","_genesis_hide_title":false,"_genesis_hide_breadcrumbs":false,"_genesis_hide_singular_image":false,"_genesis_hide_footer_widgets":false,"_genesis_custom_body_class":"","_genesis_custom_post_class":"","_genesis_layout":"","_themeisle_gutenberg_block_has_review":false,"footnotes":""},"featured_image_src":"https:\/\/invest-in-albania.org\/wp-content\/uploads\/outsourcing-startup.jpg","featured_image_src_square":"https:\/\/invest-in-albania.org\/wp-content\/uploads\/outsourcing-startup.jpg","uagb_featured_image_src":{"full":["https:\/\/invest-in-albania.org\/wp-content\/uploads\/outsourcing-startup.jpg",1280,912,false],"thumbnail":["https:\/\/invest-in-albania.org\/wp-content\/uploads\/outsourcing-startup-280x195.jpg",280,195,true],"medium":["https:\/\/invest-in-albania.org\/wp-content\/uploads\/outsourcing-startup-300x214.jpg",300,214,true],"medium_large":["https:\/\/invest-in-albania.org\/wp-content\/uploads\/outsourcing-startup-768x547.jpg",768,547,true],"large":["https:\/\/invest-in-albania.org\/wp-content\/uploads\/outsourcing-startup-1024x730.jpg",1024,730,true],"1536x1536":["https:\/\/invest-in-albania.org\/wp-content\/uploads\/outsourcing-startup.jpg",1280,912,false],"2048x2048":["https:\/\/invest-in-albania.org\/wp-content\/uploads\/outsourcing-startup.jpg",1280,912,false],"single-featured-image":["https:\/\/invest-in-albania.org\/wp-content\/uploads\/outsourcing-startup.jpg",540,385,false],"blog-featured-image":["https:\/\/invest-in-albania.org\/wp-content\/uploads\/outsourcing-startup.jpg",407,290,false],"home-featured":["https:\/\/invest-in-albania.org\/wp-content\/uploads\/outsourcing-startup.jpg",380,271,false],"gb-block-post-grid-landscape":["https:\/\/invest-in-albania.org\/wp-content\/uploads\/outsourcing-startup.jpg",561,400,false],"gb-block-post-grid-square":["https:\/\/invest-in-albania.org\/wp-content\/uploads\/outsourcing-startup.jpg",600,428,false]},"uagb_author_info":{"display_name":"Vjollca Shehu","author_link":"https:\/\/invest-in-albania.org\/de\/author\/iia\/"},"uagb_comment_info":0,"uagb_excerpt":"Neugr\u00fcndungen durchlaufen verschiedene Phasen, und Outsourcing ist die Strategie, die den \u00dcbergang von der Neugr\u00fcndung zum Scale-up am besten unterst\u00fctzt. Die Erfahrung von Hunderttausenden anderer Start-ups hat gezeigt, dass diejenigen, die eine Chance nicht erkennen oder ignorieren, Schwierigkeiten haben, mit der Konkurrenz gleichzuziehen. Doch die Gr\u00fcnde, warum so viele Start-ups es nicht schaffen, sind zahllos.&hellip;","_links":{"self":[{"href":"https:\/\/invest-in-albania.org\/de\/wp-json\/wp\/v2\/pages\/60077"}],"collection":[{"href":"https:\/\/invest-in-albania.org\/de\/wp-json\/wp\/v2\/pages"}],"about":[{"href":"https:\/\/invest-in-albania.org\/de\/wp-json\/wp\/v2\/types\/page"}],"author":[{"embeddable":true,"href":"https:\/\/invest-in-albania.org\/de\/wp-json\/wp\/v2\/users\/2"}],"replies":[{"embeddable":true,"href":"https:\/\/invest-in-albania.org\/de\/wp-json\/wp\/v2\/comments?post=60077"}],"version-history":[{"count":1,"href":"https:\/\/invest-in-albania.org\/de\/wp-json\/wp\/v2\/pages\/60077\/revisions"}],"predecessor-version":[{"id":60079,"href":"https:\/\/invest-in-albania.org\/de\/wp-json\/wp\/v2\/pages\/60077\/revisions\/60079"}],"wp:featuredmedia":[{"embeddable":true,"href":"https:\/\/invest-in-albania.org\/de\/wp-json\/wp\/v2\/media\/40845"}],"wp:attachment":[{"href":"https:\/\/invest-in-albania.org\/de\/wp-json\/wp\/v2\/media?parent=60077"}],"curies":[{"name":"wp","href":"https:\/\/api.w.org\/{rel}","templated":true}]}}