{"id":60072,"date":"2024-04-06T01:03:13","date_gmt":"2024-04-05T23:03:13","guid":{"rendered":"https:\/\/invest-in-albania.org\/?page_id=60072"},"modified":"2024-04-06T01:03:19","modified_gmt":"2024-04-05T23:03:19","slug":"die-wichtigsten-it-outsourcing-trends-die-in-naher-zukunft-zu-erwarten-sind","status":"publish","type":"page","link":"https:\/\/invest-in-albania.org\/de\/die-wichtigsten-it-outsourcing-trends-die-in-naher-zukunft-zu-erwarten-sind\/","title":{"rendered":"Die wichtigsten IT-Outsourcing-Trends, die in naher Zukunft zu erwarten sind"},"content":{"rendered":"\n<p>IT-Outsourcing ist die L\u00f6sung f\u00fcr Unternehmen, die Zugang zu Talenten und Experten mit Nischenf\u00e4higkeiten suchen. Auf den gro\u00dfen Arbeitsm\u00e4rkten in der ganzen Welt liegt der Schwerpunkt auf neuen Qualifikationen. Unternehmen aus verschiedenen Branchen machen digitale L\u00f6sungen zu einem wesentlichen Bestandteil ihrer Wachstumsstrategien. Daher unterst\u00fctzen IT-Unternehmen sie bei der Integration dieser L\u00f6sungen, die oft in unbekannte Bereiche fallen. Zahlreiche Umfragen best\u00e4tigen, dass sich immer mehr kleine und gro\u00dfe Unternehmen f\u00fcr die Auslagerung ihrer IT-Dienstleistungen an kompetente Anbieter entscheiden werden.<\/p>\n\n\n\n<p>Wenn Sie eine IT-Outsourcing-Partnerschaft eingehen m\u00f6chten, sollten Sie die neuen Trends beachten, die in naher Zukunft zu erwarten sind.<\/p>\n\n\n\n<p><strong>Wertsch\u00f6pfung ist wichtiger als Kostensenkung<\/strong><\/p>\n\n\n\n<p>Neben der wirtschaftlichen Effizienz, die schon immer eine der wichtigsten Triebfedern f\u00fcr die Entwicklung des Outsourcings war, werden die Wertsch\u00f6pfung und die Beziehung zwischen Anbieter und Kunde an Bedeutung gewinnen. Ein guter Service und Qualit\u00e4tsprodukte werden dazu beitragen, den richtigen Anbieter zu finden, der durch die Integration neuer Technologien wettbewerbsf\u00e4hig bleibt. In der Zwischenzeit werden die Verk\u00e4ufer beginnen, sich mehr auf die Servicequalit\u00e4t und -bereitstellung des Anbieters zu konzentrieren. In der Zwischenzeit werden Partnerschaften eher von menschlichen Faktoren als von Kostensenkungen bestimmt.<\/p>\n\n\n\n<p><strong>Mangel an IT-Fachkr\u00e4ften<\/strong><\/p>\n\n\n\n<p>Der Mangel an Talenten ist in vielen L\u00e4ndern ein wachsendes Problem. W\u00e4hrend die Zahl der offenen Stellen f\u00fcr IT-Spezialisten steigt, schrumpft der vorhandene Talentpool schneller. Gro\u00dfe Unternehmen werben hochqualifizierte Experten an und investieren in die Bindung von Spitzenkr\u00e4ften.<br>Unter diesen Bedingungen ist der Mangel an internen IT-Talenten einer der Hauptfaktoren, warum der IT-Outsourcing-Sektor in neuen Outsourcing-Destinationen au\u00dferhalb von Indien und China weiter expandieren wird.<\/p>\n\n\n\n<p><strong>Automatisierung und KI<br><\/strong>Die Industriel\u00e4nder stehen vor einer gro\u00dfen Herausforderung im Zusammenhang mit niedrigen Geburtenraten und einer alternden Bev\u00f6lkerung. Dies wirkt sich auch auf den Mangel an Talenten aus. Daher werden Automatisierung und k\u00fcnstliche Intelligenz darauf abzielen, diese L\u00fccke zu schlie\u00dfen. Daher werden IT-Outsourcing-Unternehmen die Automatisierung, insbesondere die robotergest\u00fctzte Prozessautomatisierung (RPA) und die k\u00fcnstliche Intelligenz einbeziehen. Diese L\u00f6sungen sind nicht mehr nur eine Dom\u00e4ne einiger weniger Anbieter. Sie k\u00f6nnen dazu beitragen, Dienstleistungen und Produkte zu verbessern und gleichzeitig die Gefahr menschlicher Fehler zu verringern.<\/p>\n\n\n\n<p><strong>Outsourcing von Kernkompetenzen<\/strong><\/p>\n\n\n\n<p>Die zufriedenstellende Erfahrung bei der Erbringung von Dienstleistungen durch den Anbieter und die geteilten Verantwortlichkeiten k\u00f6nnen Unternehmen dazu ermutigen, ihre Kerndienstleistungen bei Bedarf auszulagern. Normalerweise besteht Outsourcing in der Auslagerung von wichtigen Unternehmensfunktionen wie Big Data, Personalwesen, Buchhaltung, Finanzen und Recht, Marketing und vieles mehr. Allerdings wird von denjenigen, die bereits vertrauensw\u00fcrdige Beziehungen aufgebaut haben, eine Verlagerung erwartet. Es wird erwartet, dass IT-Outsourcing-Unternehmen eine wichtige Rolle spielen werden.<\/p>\n\n\n\n<p><strong>Neue alternative Outsourcing-Ziele<\/strong><\/p>\n\n\n\n<p>Osteuropa ist der gr\u00f6\u00dfte Konkurrent f\u00fcr M\u00e4rkte wie Indien, China, die Philippinen oder Mexiko. Die IT-Branche w\u00e4chst in der Region schneller, und viele andere Faktoren wie Sicherheit, Verf\u00fcgbarkeit von Talenten und kulturelle Affinit\u00e4t zu westlichen Kulturen machen L\u00e4nder wie Polen, Bulgarien, Rum\u00e4nien und Albanien zu Top-Zielen f\u00fcr das Outsourcing.<\/p>\n","protected":false},"excerpt":{"rendered":"<p>IT-Outsourcing ist die L\u00f6sung f\u00fcr Unternehmen, die Zugang zu Talenten und Experten mit Nischenf\u00e4higkeiten suchen. Auf den gro\u00dfen Arbeitsm\u00e4rkten in der ganzen Welt liegt der Schwerpunkt auf neuen Qualifikationen. Unternehmen aus verschiedenen Branchen machen digitale L\u00f6sungen zu einem wesentlichen Bestandteil ihrer Wachstumsstrategien. Daher unterst\u00fctzen IT-Unternehmen sie bei der Integration dieser L\u00f6sungen, die oft in unbekannte [&hellip;]<\/p>\n","protected":false},"author":2,"featured_media":40648,"parent":0,"menu_order":39,"comment_status":"closed","ping_status":"closed","template":"","meta":{"_uag_custom_page_level_css":"","_genesis_hide_title":false,"_genesis_hide_breadcrumbs":false,"_genesis_hide_singular_image":false,"_genesis_hide_footer_widgets":false,"_genesis_custom_body_class":"","_genesis_custom_post_class":"","_genesis_layout":"","_themeisle_gutenberg_block_has_review":false,"footnotes":""},"featured_image_src":"https:\/\/invest-in-albania.org\/wp-content\/uploads\/programing-languages.png","featured_image_src_square":"https:\/\/invest-in-albania.org\/wp-content\/uploads\/programing-languages.png","uagb_featured_image_src":{"full":["https:\/\/invest-in-albania.org\/wp-content\/uploads\/programing-languages.png",1280,789,false],"thumbnail":["https:\/\/invest-in-albania.org\/wp-content\/uploads\/programing-languages-280x195.png",280,195,true],"medium":["https:\/\/invest-in-albania.org\/wp-content\/uploads\/programing-languages-300x185.png",300,185,true],"medium_large":["https:\/\/invest-in-albania.org\/wp-content\/uploads\/programing-languages-768x473.png",768,473,true],"large":["https:\/\/invest-in-albania.org\/wp-content\/uploads\/programing-languages-1024x631.png",1024,631,true],"1536x1536":["https:\/\/invest-in-albania.org\/wp-content\/uploads\/programing-languages.png",1280,789,false],"2048x2048":["https:\/\/invest-in-albania.org\/wp-content\/uploads\/programing-languages.png",1280,789,false],"single-featured-image":["https:\/\/invest-in-albania.org\/wp-content\/uploads\/programing-languages.png",625,385,false],"blog-featured-image":["https:\/\/invest-in-albania.org\/wp-content\/uploads\/programing-languages.png",470,290,false],"home-featured":["https:\/\/invest-in-albania.org\/wp-content\/uploads\/programing-languages.png",380,234,false],"gb-block-post-grid-landscape":["https:\/\/invest-in-albania.org\/wp-content\/uploads\/programing-languages.png",600,370,false],"gb-block-post-grid-square":["https:\/\/invest-in-albania.org\/wp-content\/uploads\/programing-languages.png",600,370,false]},"uagb_author_info":{"display_name":"Vjollca Shehu","author_link":"https:\/\/invest-in-albania.org\/de\/author\/iia\/"},"uagb_comment_info":0,"uagb_excerpt":"IT-Outsourcing ist die L\u00f6sung f\u00fcr Unternehmen, die Zugang zu Talenten und Experten mit Nischenf\u00e4higkeiten suchen. Auf den gro\u00dfen Arbeitsm\u00e4rkten in der ganzen Welt liegt der Schwerpunkt auf neuen Qualifikationen. Unternehmen aus verschiedenen Branchen machen digitale L\u00f6sungen zu einem wesentlichen Bestandteil ihrer Wachstumsstrategien. Daher unterst\u00fctzen IT-Unternehmen sie bei der Integration dieser L\u00f6sungen, die oft in unbekannte&hellip;","_links":{"self":[{"href":"https:\/\/invest-in-albania.org\/de\/wp-json\/wp\/v2\/pages\/60072"}],"collection":[{"href":"https:\/\/invest-in-albania.org\/de\/wp-json\/wp\/v2\/pages"}],"about":[{"href":"https:\/\/invest-in-albania.org\/de\/wp-json\/wp\/v2\/types\/page"}],"author":[{"embeddable":true,"href":"https:\/\/invest-in-albania.org\/de\/wp-json\/wp\/v2\/users\/2"}],"replies":[{"embeddable":true,"href":"https:\/\/invest-in-albania.org\/de\/wp-json\/wp\/v2\/comments?post=60072"}],"version-history":[{"count":1,"href":"https:\/\/invest-in-albania.org\/de\/wp-json\/wp\/v2\/pages\/60072\/revisions"}],"predecessor-version":[{"id":60073,"href":"https:\/\/invest-in-albania.org\/de\/wp-json\/wp\/v2\/pages\/60072\/revisions\/60073"}],"wp:featuredmedia":[{"embeddable":true,"href":"https:\/\/invest-in-albania.org\/de\/wp-json\/wp\/v2\/media\/40648"}],"wp:attachment":[{"href":"https:\/\/invest-in-albania.org\/de\/wp-json\/wp\/v2\/media?parent=60072"}],"curies":[{"name":"wp","href":"https:\/\/api.w.org\/{rel}","templated":true}]}}