{"id":60067,"date":"2024-04-06T00:59:46","date_gmt":"2024-04-05T22:59:46","guid":{"rendered":"https:\/\/invest-in-albania.org\/?page_id=60067"},"modified":"2024-04-06T00:59:51","modified_gmt":"2024-04-05T22:59:51","slug":"wer-kann-ihnen-helfen-ihren-kundendienst-zu-ueberdenken","status":"publish","type":"page","link":"https:\/\/invest-in-albania.org\/de\/wer-kann-ihnen-helfen-ihren-kundendienst-zu-ueberdenken\/","title":{"rendered":"Wer kann Ihnen helfen, Ihren Kundendienst zu \u00fcberdenken?"},"content":{"rendered":"\n<p>Zufriedene Kunden sind die oberste Priorit\u00e4t f\u00fcr erfolgreiche Unternehmen. Das Produkt- oder Dienstleistungsangebot ist wichtig, um einen neuen Kunden zu gewinnen, aber die Erfahrung, die er mit dem Unternehmen macht, ist ein Schl\u00fcsselfaktor f\u00fcr seine Loyalit\u00e4t. Daher ist es von grundlegender Bedeutung, dass sowohl die Kunden als auch die Unternehmen die Qualit\u00e4t des Kundenerlebnisses auf die gleiche Weise wahrnehmen.<\/p>\n\n\n\n<p><strong>Der Hauptgrund, warum Kunden k\u00fcndigen:<br><\/strong>Nat\u00fcrliche Gr\u00fcnde<br>Sie ziehen in eine andere Stadt oder Region<br>Ihre Anfragen oder Beschwerden werden von den Mitarbeitern des Unternehmens ignoriert<br>Sie sind mit dem Produkt unzufrieden<br>Die Konkurrenz bekommt sie<\/p>\n\n\n\n<p>Doch viele Unternehmen mit gro\u00dfartigen Produkten schaffen es nicht, ihren Kunden die gew\u00fcnschte Erfahrung zu bieten. Das liegt entweder daran, dass sie es nicht schaffen, ein Team auf die Beine zu stellen, das sich um den Kundenstamm k\u00fcmmert, oder sie ignorieren es einfach. Die Leitung eines Unternehmens erfordert den richtigen Umgang mit verschiedenen Funktionen und Dienstleistungen. Auch wenn einige davon \u00fcberw\u00e4ltigend erscheinen m\u00f6gen, geh\u00f6rt der Kundendienst nicht dazu, wenn er auf die richtige Weise erledigt wird. Ziehen Sie in Erw\u00e4gung, ihn oder andere Funktionen, die Fachwissen und F\u00e4higkeiten erfordern, die Ihrem Team fehlen, auszulagern.<\/p>\n\n\n\n<p><strong>Die Bedeutung eines zufriedenen Kunden<\/strong><\/p>\n\n\n\n<p>Zahlreiche Umfragen und Untersuchungen, die weltweit durchgef\u00fchrt wurden, sind zu einem Ergebnis gekommen:<br>Die Verbraucher sind bereit, f\u00fcr ein besseres Kundenerlebnis mehr zu bezahlen. Und warum? Weil sie von Unternehmen, die ihre Erwartungen nicht erf\u00fcllen, die Nase voll haben.<\/p>\n\n\n\n<p>In vielen anderen F\u00e4llen hat ein positives Erlebnis mehr Einfluss als Werbung oder Marketing.<br>Kunden suchen nach einem Produkt, das sie sich leisten k\u00f6nnen und das gut funktioniert.<br>Wenn sie eine Frage zu einem Produkt oder einer Dienstleistung haben, w\u00fcnschen sie sich au\u00dferdem eine schnelle und freundliche Antwort. Sie erwarten jemanden, der ihr Problem leicht verstehen kann, ohne den Anruf an drei oder mehr andere Personen weiterzuleiten.<br>Die Kunden m\u00f6chten nicht lange in der Warteschleife h\u00e4ngen und Vivaldi zuh\u00f6ren, weil alle Ihre Mitarbeiter gerade besch\u00e4ftigt sind.<br>Sie wollen Sie \u00fcber verschiedene Kan\u00e4le erreichen, z. B. \u00fcber Anrufe, Online-Chat, E-Mail, SMS, soziale Medien, automatische Sprachausgabe usw. All dies h\u00e4ngt davon ab, was sie brauchen und wie sie sich am wohlsten f\u00fchlen.<br>Sie erwarten eine gute Kommunikation und manchmal auch einen guten Sinn f\u00fcr Humor.<br>Letztendlich wollen sie eine Antwort oder eine L\u00f6sung f\u00fcr ihr Problem.<br>Wenn die Kunden zufrieden sind, werden sie Freunde in Ihr Unternehmen mitbringen, und Sie wissen, wie teuer es ist, neue Kunden zu gewinnen.<\/p>\n\n\n\n<p>Wenn Sie die Erfahrung, die Ihre Kunden machen, nicht \u00fcberdenken k\u00f6nnen, gibt es keinen Grund zur Sorge. Es gibt weltweit viele andere Unternehmen, die das f\u00fcr Sie tun k\u00f6nnen.<\/p>\n\n\n\n<p>Outsourcing-Unternehmen bieten mehr als nur einen zuverl\u00e4ssigen Helpdesk-Service. Sie bieten auch die M\u00f6glichkeit, Ihr Unternehmen dank ihrer mehrsprachigen Dienste auf neue M\u00e4rkte auszuweiten. Sie k\u00f6nnen auch Verkaufskampagnen auslagern und neue M\u00e4rkte testen, ohne Ihr B\u00fcro verlassen zu m\u00fcssen.<br>Die Experten, die in Outsourcing-Unternehmen arbeiten, sind in der Lage:<br>Verstehen, wer der Kunde ist und wie man mit ihm kommuniziert<br>eine emotionale Bindung aufzubauen<br>Leicht eine L\u00f6sung anbieten zu k\u00f6nnen<\/p>\n","protected":false},"excerpt":{"rendered":"<p>Zufriedene Kunden sind die oberste Priorit\u00e4t f\u00fcr erfolgreiche Unternehmen. Das Produkt- oder Dienstleistungsangebot ist wichtig, um einen neuen Kunden zu gewinnen, aber die Erfahrung, die er mit dem Unternehmen macht, ist ein Schl\u00fcsselfaktor f\u00fcr seine Loyalit\u00e4t. Daher ist es von grundlegender Bedeutung, dass sowohl die Kunden als auch die Unternehmen die Qualit\u00e4t des Kundenerlebnisses auf [&hellip;]<\/p>\n","protected":false},"author":2,"featured_media":0,"parent":0,"menu_order":38,"comment_status":"closed","ping_status":"closed","template":"","meta":{"_uag_custom_page_level_css":"","_genesis_hide_title":false,"_genesis_hide_breadcrumbs":false,"_genesis_hide_singular_image":false,"_genesis_hide_footer_widgets":false,"_genesis_custom_body_class":"","_genesis_custom_post_class":"","_genesis_layout":"","_themeisle_gutenberg_block_has_review":false,"footnotes":""},"featured_image_src":null,"featured_image_src_square":null,"uagb_featured_image_src":{"full":false,"thumbnail":false,"medium":false,"medium_large":false,"large":false,"1536x1536":false,"2048x2048":false,"single-featured-image":false,"blog-featured-image":false,"home-featured":false,"gb-block-post-grid-landscape":false,"gb-block-post-grid-square":false},"uagb_author_info":{"display_name":"Vjollca Shehu","author_link":"https:\/\/invest-in-albania.org\/de\/author\/iia\/"},"uagb_comment_info":0,"uagb_excerpt":"Zufriedene Kunden sind die oberste Priorit\u00e4t f\u00fcr erfolgreiche Unternehmen. Das Produkt- oder Dienstleistungsangebot ist wichtig, um einen neuen Kunden zu gewinnen, aber die Erfahrung, die er mit dem Unternehmen macht, ist ein Schl\u00fcsselfaktor f\u00fcr seine Loyalit\u00e4t. Daher ist es von grundlegender Bedeutung, dass sowohl die Kunden als auch die Unternehmen die Qualit\u00e4t des Kundenerlebnisses auf&hellip;","_links":{"self":[{"href":"https:\/\/invest-in-albania.org\/de\/wp-json\/wp\/v2\/pages\/60067"}],"collection":[{"href":"https:\/\/invest-in-albania.org\/de\/wp-json\/wp\/v2\/pages"}],"about":[{"href":"https:\/\/invest-in-albania.org\/de\/wp-json\/wp\/v2\/types\/page"}],"author":[{"embeddable":true,"href":"https:\/\/invest-in-albania.org\/de\/wp-json\/wp\/v2\/users\/2"}],"replies":[{"embeddable":true,"href":"https:\/\/invest-in-albania.org\/de\/wp-json\/wp\/v2\/comments?post=60067"}],"version-history":[{"count":1,"href":"https:\/\/invest-in-albania.org\/de\/wp-json\/wp\/v2\/pages\/60067\/revisions"}],"predecessor-version":[{"id":60069,"href":"https:\/\/invest-in-albania.org\/de\/wp-json\/wp\/v2\/pages\/60067\/revisions\/60069"}],"wp:attachment":[{"href":"https:\/\/invest-in-albania.org\/de\/wp-json\/wp\/v2\/media?parent=60067"}],"curies":[{"name":"wp","href":"https:\/\/api.w.org\/{rel}","templated":true}]}}