{"id":60062,"date":"2024-04-06T00:57:13","date_gmt":"2024-04-05T22:57:13","guid":{"rendered":"https:\/\/invest-in-albania.org\/?page_id=60062"},"modified":"2024-04-06T00:57:19","modified_gmt":"2024-04-05T22:57:19","slug":"wie-wirkt-sich-outsourcing-auf-die-wirtschaft-aus","status":"publish","type":"page","link":"https:\/\/invest-in-albania.org\/de\/wie-wirkt-sich-outsourcing-auf-die-wirtschaft-aus\/","title":{"rendered":"Wie wirkt sich Outsourcing auf die Wirtschaft aus?"},"content":{"rendered":"\n<p>Wenn Outsourcing richtig gemacht wird, werden mindestens zwei Volkswirtschaften davon profitieren. Viele Menschen aus der Wirtschaft haben eine ablehnende Haltung gegen\u00fcber dem Outsourcing. Sie behaupten, dass eine solche Praxis die Arbeitspl\u00e4tze wegnimmt. In verschiedenen F\u00e4llen ist Outsourcing jedoch entscheidend, um einem Unternehmen zu helfen, sich auf das Wesentliche zu konzentrieren, n\u00e4mlich wettbewerbsf\u00e4higer und rentabler zu werden. Wenn ein Unternehmen dies nicht schafft, verliert die lokale Wirtschaft weit mehr als nur die ausgelagerten Arbeitspl\u00e4tze.<\/p>\n\n\n\n<p>Wenn es einem Unternehmen gelingt, zu wachsen und rentabel zu werden, wird es wichtige Investoren anziehen. Diese werden nicht nur dem Unternehmen helfen, weiter zu expandieren, sondern auch Auswirkungen auf die lokale Wirtschaft haben. Ein weiteres Szenario ist, dass ein erfolgreiches Unternehmen in einem Sektor auch ausl\u00e4ndische Unternehmen anziehen kann, die einen Outsourcing-Partner suchen. Wenn gen\u00fcgend Talente zur Verf\u00fcgung stehen und die Nachfrage hoch ist, k\u00f6nnen viele andere Unternehmen ihre T\u00e4tigkeit aufnehmen.<\/p>\n\n\n\n<p>Auf der anderen Seite gibt es viele, die Outsourcing kritisieren, weil es sich auf g\u00fcnstige Arbeitskr\u00e4fte st\u00fctzt, um die Kosten zu senken. F\u00fcr Menschen, die in den USA, Japan oder den Niederlanden leben, k\u00f6nnen die L\u00f6hne in Outsourcing-L\u00e4ndern sehr niedrig erscheinen. Es gibt L\u00e4nder wie Albanien, in denen die im Business Process Outsourcing (BPO) besch\u00e4ftigten Personen mehr als den Durchschnittslohn erhalten.<\/p>\n\n\n\n<p>Fast die gesamte Belegschaft in diesem Sektor besteht aus Studenten, die eine Einnahmequelle brauchen, um ihre Ausbildung zu finanzieren und ihre sonstigen Bed\u00fcrfnisse zu befriedigen. BPOs bieten flexible Arbeitszeiten, die es ihnen erm\u00f6glichen, ein Studium zu absolvieren, Rechnungen und Miete zu bezahlen und gleichzeitig zu arbeiten. Andererseits sind die Lebenshaltungskosten in Albanien um 80 Prozent niedriger als im Vereinigten K\u00f6nigreich. Das Land genie\u00dft das sonnige und warme Mittelmeerklima und verf\u00fcgt \u00fcber eine 400 km lange K\u00fcste am Adriatischen und Ionischen Meer. Daher ist es einfach, eine gesunde Work-Life-Balance zu erreichen und zu erhalten.<\/p>\n\n\n\n<p>W\u00fcrde die BPO-Industrie in Albanien nicht in erster Linie expandieren, w\u00fcrden die finanziellen Kosten f\u00fcr die Ausbildung einkommensschwache Familien belasten.<br>Heutzutage geh\u00f6rt der Sektor, der mit kleinen Callcentern begann, zu den gr\u00f6\u00dften Arbeitgebern des Landes. Unternehmen, die sich auf BPOs und KPOs spezialisiert haben, bieten Dienstleistungen wie Dateneingabe, Marktforschung, Design, Marketing, Analytik, IKT, Recht, Buchhaltung und Finanzen, Personalwesen und vieles mehr an.<\/p>\n\n\n\n<p>Der gut etablierte Outsourcing-Sektor wird dazu beitragen, mehr Gesch\u00e4ftspartner aus fortgeschrittenen Volkswirtschaften anzuziehen. Daher wird der Sektor qualifizierte Fachkr\u00e4fte ben\u00f6tigen. Er wird Karriereperspektiven und Entwicklungsm\u00f6glichkeiten bieten und keine kurzfristige Besch\u00e4ftigung.<\/p>\n","protected":false},"excerpt":{"rendered":"<p>Wenn Outsourcing richtig gemacht wird, werden mindestens zwei Volkswirtschaften davon profitieren. Viele Menschen aus der Wirtschaft haben eine ablehnende Haltung gegen\u00fcber dem Outsourcing. Sie behaupten, dass eine solche Praxis die Arbeitspl\u00e4tze wegnimmt. In verschiedenen F\u00e4llen ist Outsourcing jedoch entscheidend, um einem Unternehmen zu helfen, sich auf das Wesentliche zu konzentrieren, n\u00e4mlich wettbewerbsf\u00e4higer und rentabler zu [&hellip;]<\/p>\n","protected":false},"author":2,"featured_media":0,"parent":0,"menu_order":37,"comment_status":"closed","ping_status":"closed","template":"","meta":{"_uag_custom_page_level_css":"","_genesis_hide_title":false,"_genesis_hide_breadcrumbs":false,"_genesis_hide_singular_image":false,"_genesis_hide_footer_widgets":false,"_genesis_custom_body_class":"","_genesis_custom_post_class":"","_genesis_layout":"","_themeisle_gutenberg_block_has_review":false,"footnotes":""},"featured_image_src":null,"featured_image_src_square":null,"uagb_featured_image_src":{"full":false,"thumbnail":false,"medium":false,"medium_large":false,"large":false,"1536x1536":false,"2048x2048":false,"single-featured-image":false,"blog-featured-image":false,"home-featured":false,"gb-block-post-grid-landscape":false,"gb-block-post-grid-square":false},"uagb_author_info":{"display_name":"Vjollca Shehu","author_link":"https:\/\/invest-in-albania.org\/de\/author\/iia\/"},"uagb_comment_info":0,"uagb_excerpt":"Wenn Outsourcing richtig gemacht wird, werden mindestens zwei Volkswirtschaften davon profitieren. Viele Menschen aus der Wirtschaft haben eine ablehnende Haltung gegen\u00fcber dem Outsourcing. Sie behaupten, dass eine solche Praxis die Arbeitspl\u00e4tze wegnimmt. In verschiedenen F\u00e4llen ist Outsourcing jedoch entscheidend, um einem Unternehmen zu helfen, sich auf das Wesentliche zu konzentrieren, n\u00e4mlich wettbewerbsf\u00e4higer und rentabler zu&hellip;","_links":{"self":[{"href":"https:\/\/invest-in-albania.org\/de\/wp-json\/wp\/v2\/pages\/60062"}],"collection":[{"href":"https:\/\/invest-in-albania.org\/de\/wp-json\/wp\/v2\/pages"}],"about":[{"href":"https:\/\/invest-in-albania.org\/de\/wp-json\/wp\/v2\/types\/page"}],"author":[{"embeddable":true,"href":"https:\/\/invest-in-albania.org\/de\/wp-json\/wp\/v2\/users\/2"}],"replies":[{"embeddable":true,"href":"https:\/\/invest-in-albania.org\/de\/wp-json\/wp\/v2\/comments?post=60062"}],"version-history":[{"count":1,"href":"https:\/\/invest-in-albania.org\/de\/wp-json\/wp\/v2\/pages\/60062\/revisions"}],"predecessor-version":[{"id":60063,"href":"https:\/\/invest-in-albania.org\/de\/wp-json\/wp\/v2\/pages\/60062\/revisions\/60063"}],"wp:attachment":[{"href":"https:\/\/invest-in-albania.org\/de\/wp-json\/wp\/v2\/media?parent=60062"}],"curies":[{"name":"wp","href":"https:\/\/api.w.org\/{rel}","templated":true}]}}