{"id":60056,"date":"2024-04-06T00:54:17","date_gmt":"2024-04-05T22:54:17","guid":{"rendered":"https:\/\/invest-in-albania.org\/?page_id=60056"},"modified":"2024-04-06T00:54:22","modified_gmt":"2024-04-05T22:54:22","slug":"die-wichtigsten-sprachen-die-ein-globales-unternehmen-fuer-den-kundenservice-braucht","status":"publish","type":"page","link":"https:\/\/invest-in-albania.org\/de\/die-wichtigsten-sprachen-die-ein-globales-unternehmen-fuer-den-kundenservice-braucht\/","title":{"rendered":"Die wichtigsten Sprachen, die ein globales Unternehmen f\u00fcr den Kundenservice braucht"},"content":{"rendered":"<div class=\"wp-block-image\">\n<figure class=\"alignleft\"><img loading=\"lazy\" decoding=\"async\" width=\"580\" height=\"321\" src=\"http:\/\/new.invest-in-albania.org\/wp-content\/uploads\/customer-service-580x321.png\" alt=\"\" class=\"wp-image-40618\" srcset=\"https:\/\/invest-in-albania.org\/wp-content\/uploads\/customer-service-580x321.png 580w, https:\/\/invest-in-albania.org\/wp-content\/uploads\/customer-service-300x166.png 300w, https:\/\/invest-in-albania.org\/wp-content\/uploads\/customer-service-1024x566.png 1024w, https:\/\/invest-in-albania.org\/wp-content\/uploads\/customer-service-768x425.png 768w, https:\/\/invest-in-albania.org\/wp-content\/uploads\/customer-service-860x476.png 860w, https:\/\/invest-in-albania.org\/wp-content\/uploads\/customer-service-1160x642.png 1160w, https:\/\/invest-in-albania.org\/wp-content\/uploads\/customer-service.png 1280w\" sizes=\"(max-width: 580px) 100vw, 580px\" \/><\/figure><\/div>\n\n\n<p>Hier sind drei verschiedene Listen von Fremdsprachen, und in keiner davon geht es um die offiziellen Twitter-Konten des Papstes.<\/p>\n\n\n\n<p>1. Italienisch, Englisch, Deutsch, Franz\u00f6sisch, Spanisch, Griechisch, T\u00fcrkisch, Russisch, Portugiesisch, Polnisch, Arabisch<br>2. Mandarin, Englisch, Spanisch, Arabisch, Portugiesisch, Russisch, Deutsch, Franz\u00f6sisch, Japanisch, Hindi<br>3. Englisch, Deutsch, Russisch, Spanisch, Mandarin<\/p>\n\n\n\n<p>Der Kundendienst hat eine eigene Sprache, die dazu beitr\u00e4gt, eine gute Beziehung zwischen Unternehmen und Kunden aufzubauen und zu erhalten. Fast jeder, der eine Dienstleistung in Anspruch nimmt, hat schon einmal ein zeitraubendes Gespr\u00e4ch mit dem Kundendienst gef\u00fchrt. Unabh\u00e4ngig von der Art der Person auf der anderen Seite der Leitung muss der Mitarbeiter wissen, wie er selbst mit dem schwierigsten Kunden umzugehen hat.<\/p>\n\n\n\n<p>Menschen, die im Service arbeiten, sollten bestimmte F\u00e4higkeiten haben, die sie haben oder beherrschen m\u00fcssen, um Kunden zufrieden zu stellen. Es wird nicht erwartet, dass Menschen in Gespr\u00e4chen immer gleich sind. Besch\u00e4ftigte in diesem Sektor wissen, wie \u00fcberzeugend ein einziges Wort sein kann und wie man Kunden zum Handeln bewegt. Eine gute Kommunikation kann einem Unternehmen helfen, zu wachsen und gleichzeitig einen gro\u00dfen Kundenstamm zu betreuen.<\/p>\n\n\n\n<p>Jedes Unternehmen, das auf gr\u00f6\u00dfere M\u00e4rkte expandieren will, muss sich Gedanken \u00fcber die Gewinnung und Bindung neuer Kunden machen. Neue Mitarbeiter zu finden, die mehr als eine Sprache sprechen, kann schwierig und kostspielig sein.<\/p>\n\n\n\n<p><strong>Was ist zu tun? Vielleicht sollten Sie outsourcen<\/strong><\/p>\n\n\n\n<p>Zur\u00fcck zu den Listen: Die dritte Liste enth\u00e4lt die f\u00fcnf wichtigsten Sprachen f\u00fcr den Kundenservice, die ein wachsendes Unternehmen ben\u00f6tigt. Die Erfahrung hat gezeigt, dass die Auslagerung des Kundendienstes an Dritte einem Unternehmen wirklich helfen kann. Callcenter sorgen nicht nur daf\u00fcr, dass Ihre Kunden zufrieden sind, sondern sie sind auch ein Tor zu neuen M\u00e4rkten. Welche M\u00e4rkte? Das h\u00e4ngt von Ihren Gesch\u00e4ftspl\u00e4nen und Strategien ab.<\/p>\n\n\n\n<p><strong>Die dritte Liste<br><\/strong>Die L\u00e4nder, in denen Englisch, Deutsch, Russisch, Spanisch und Mandarin gesprochen wird, geh\u00f6ren ebenfalls zu den st\u00e4rksten M\u00e4rkten und Volkswirtschaften. Jeder Unternehmer, der den Eintritt in einen dieser M\u00e4rkte plant, sollte daher an die neuen Kunden denken. Recherchieren Sie und finden Sie einen Outsourcing-Partner, der Ihnen bei der Expansion helfen kann.<\/p>\n\n\n\n<p>Gr\u00fcnde f\u00fcr das Outsourcing Ihres Kundendienstes<br>Ein gro\u00dfes Volumen an Kundeninteraktion<br>24 Stunden am Tag, sieben Tage die Woche Unterst\u00fctzung<br>Kostenreduzierung<br>Multi-Channel-Unterst\u00fctzung<br>Saisonale Unterst\u00fctzung f\u00fcr das Spitzenvolumen der Saison<\/p>\n\n\n\n<p><strong>Die zweite Liste<\/strong><\/p>\n\n\n\n<p>Diese Liste enth\u00e4lt die zehn wichtigsten Sprachen, die f\u00fcr Unternehmen in Frage kommen, die sich auf globalen M\u00e4rkten behaupten wollen. Digitales Marketing, \u00dcbersetzung von Inhalten, Sektoren mit spezifischen Begriffen wie Gesundheitswesen, Finanzen und Recht sowie IT erfordern qualifizierte Sprachfachleute. Sie werden dazu beitragen, Gesch\u00e4ftsm\u00f6glichkeiten auf potenziellen M\u00e4rkten zu erschlie\u00dfen.<\/p>\n\n\n\n<p><strong>Was ist mit der ersten Liste?<\/strong><\/p>\n\n\n\n<p>In der ersten Liste geht es um die Sprachen, die der albanische BPO\/KPO-Sektor bedient.<br>Die Albaner geh\u00f6ren zu den V\u00f6lkern mit der gr\u00f6\u00dften sprachlichen Vielfalt in Europa. Die Albaner sprechen im Durchschnitt drei Fremdsprachen, und das sind Sprachen, die den Wachstumszielen der Unternehmen dienen.<\/p>\n","protected":false},"excerpt":{"rendered":"<p>Hier sind drei verschiedene Listen von Fremdsprachen, und in keiner davon geht es um die offiziellen Twitter-Konten des Papstes. 1. Italienisch, Englisch, Deutsch, Franz\u00f6sisch, Spanisch, Griechisch, T\u00fcrkisch, Russisch, Portugiesisch, Polnisch, Arabisch2. Mandarin, Englisch, Spanisch, Arabisch, Portugiesisch, Russisch, Deutsch, Franz\u00f6sisch, Japanisch, Hindi3. Englisch, Deutsch, Russisch, Spanisch, Mandarin Der Kundendienst hat eine eigene Sprache, die dazu beitr\u00e4gt, [&hellip;]<\/p>\n","protected":false},"author":2,"featured_media":40620,"parent":0,"menu_order":36,"comment_status":"closed","ping_status":"closed","template":"","meta":{"_uag_custom_page_level_css":"","_genesis_hide_title":false,"_genesis_hide_breadcrumbs":false,"_genesis_hide_singular_image":false,"_genesis_hide_footer_widgets":false,"_genesis_custom_body_class":"","_genesis_custom_post_class":"","_genesis_layout":"","_themeisle_gutenberg_block_has_review":false,"footnotes":""},"featured_image_src":"https:\/\/invest-in-albania.org\/wp-content\/uploads\/customer-service.png","featured_image_src_square":"https:\/\/invest-in-albania.org\/wp-content\/uploads\/customer-service.png","uagb_featured_image_src":{"full":["https:\/\/invest-in-albania.org\/wp-content\/uploads\/customer-service.png",1280,708,false],"thumbnail":["https:\/\/invest-in-albania.org\/wp-content\/uploads\/customer-service-280x195.png",280,195,true],"medium":["https:\/\/invest-in-albania.org\/wp-content\/uploads\/customer-service-300x166.png",300,166,true],"medium_large":["https:\/\/invest-in-albania.org\/wp-content\/uploads\/customer-service-768x425.png",768,425,true],"large":["https:\/\/invest-in-albania.org\/wp-content\/uploads\/customer-service-1024x566.png",1024,566,true],"1536x1536":["https:\/\/invest-in-albania.org\/wp-content\/uploads\/customer-service.png",1280,708,false],"2048x2048":["https:\/\/invest-in-albania.org\/wp-content\/uploads\/customer-service.png",1280,708,false],"single-featured-image":["https:\/\/invest-in-albania.org\/wp-content\/uploads\/customer-service.png",696,385,false],"blog-featured-image":["https:\/\/invest-in-albania.org\/wp-content\/uploads\/customer-service.png",524,290,false],"home-featured":["https:\/\/invest-in-albania.org\/wp-content\/uploads\/customer-service.png",380,210,false],"gb-block-post-grid-landscape":["https:\/\/invest-in-albania.org\/wp-content\/uploads\/customer-service.png",600,332,false],"gb-block-post-grid-square":["https:\/\/invest-in-albania.org\/wp-content\/uploads\/customer-service.png",600,332,false]},"uagb_author_info":{"display_name":"Vjollca Shehu","author_link":"https:\/\/invest-in-albania.org\/de\/author\/iia\/"},"uagb_comment_info":0,"uagb_excerpt":"Hier sind drei verschiedene Listen von Fremdsprachen, und in keiner davon geht es um die offiziellen Twitter-Konten des Papstes. 1. Italienisch, Englisch, Deutsch, Franz\u00f6sisch, Spanisch, Griechisch, T\u00fcrkisch, Russisch, Portugiesisch, Polnisch, Arabisch2. Mandarin, Englisch, Spanisch, Arabisch, Portugiesisch, Russisch, Deutsch, Franz\u00f6sisch, Japanisch, Hindi3. Englisch, Deutsch, Russisch, Spanisch, Mandarin Der Kundendienst hat eine eigene Sprache, die dazu beitr\u00e4gt,&hellip;","_links":{"self":[{"href":"https:\/\/invest-in-albania.org\/de\/wp-json\/wp\/v2\/pages\/60056"}],"collection":[{"href":"https:\/\/invest-in-albania.org\/de\/wp-json\/wp\/v2\/pages"}],"about":[{"href":"https:\/\/invest-in-albania.org\/de\/wp-json\/wp\/v2\/types\/page"}],"author":[{"embeddable":true,"href":"https:\/\/invest-in-albania.org\/de\/wp-json\/wp\/v2\/users\/2"}],"replies":[{"embeddable":true,"href":"https:\/\/invest-in-albania.org\/de\/wp-json\/wp\/v2\/comments?post=60056"}],"version-history":[{"count":1,"href":"https:\/\/invest-in-albania.org\/de\/wp-json\/wp\/v2\/pages\/60056\/revisions"}],"predecessor-version":[{"id":60057,"href":"https:\/\/invest-in-albania.org\/de\/wp-json\/wp\/v2\/pages\/60056\/revisions\/60057"}],"wp:featuredmedia":[{"embeddable":true,"href":"https:\/\/invest-in-albania.org\/de\/wp-json\/wp\/v2\/media\/40620"}],"wp:attachment":[{"href":"https:\/\/invest-in-albania.org\/de\/wp-json\/wp\/v2\/media?parent=60056"}],"curies":[{"name":"wp","href":"https:\/\/api.w.org\/{rel}","templated":true}]}}