{"id":60052,"date":"2024-04-06T00:50:17","date_gmt":"2024-04-05T22:50:17","guid":{"rendered":"https:\/\/invest-in-albania.org\/?page_id=60052"},"modified":"2024-04-06T00:50:23","modified_gmt":"2024-04-05T22:50:23","slug":"wachstumspotenzial-der-bpo-branche-in-albanien","status":"publish","type":"page","link":"https:\/\/invest-in-albania.org\/de\/wachstumspotenzial-der-bpo-branche-in-albanien\/","title":{"rendered":"Wachstumspotenzial der BPO-Branche in Albanien"},"content":{"rendered":"<div class=\"wp-block-image\">\n<figure class=\"aligncenter\"><img loading=\"lazy\" decoding=\"async\" width=\"1024\" height=\"678\" src=\"http:\/\/new.invest-in-albania.org\/wp-content\/uploads\/growth-1024x678.jpg\" alt=\"\" class=\"wp-image-41874\" srcset=\"https:\/\/invest-in-albania.org\/wp-content\/uploads\/growth-1024x678.jpg 1024w, https:\/\/invest-in-albania.org\/wp-content\/uploads\/growth-300x199.jpg 300w, https:\/\/invest-in-albania.org\/wp-content\/uploads\/growth-768x508.jpg 768w, https:\/\/invest-in-albania.org\/wp-content\/uploads\/growth-580x384.jpg 580w, https:\/\/invest-in-albania.org\/wp-content\/uploads\/growth-860x569.jpg 860w, https:\/\/invest-in-albania.org\/wp-content\/uploads\/growth-1160x768.jpg 1160w, https:\/\/invest-in-albania.org\/wp-content\/uploads\/growth.jpg 1280w\" sizes=\"(max-width: 1024px) 100vw, 1024px\" \/><\/figure><\/div>\n\n\n<p>Die albanische BPO-Branche bedient Kunden in aller Welt in den folgenden Sprachen:<br>Italienisch, Englisch, Deutsch, Franz\u00f6sisch, Spanisch, Griechisch, T\u00fcrkisch, Russisch, Portugiesisch, Polnisch, Arabisch<br>Die BPO-Branche geht davon aus, dass die Gr\u00f6\u00dfe des albanischen Outsourcing-Marktes in Zukunft zunehmen wird, insbesondere nachdem das Land die Verhandlungen \u00fcber den Beitritt zur Europ\u00e4ischen Union aufgenommen hat.<br>Es wird erwartet, dass Call-Center-Dienste, Kundensupport und Marktforschung die gr\u00f6\u00dfte Aufmerksamkeit erhalten werden.<br>Die BPO-Branche war in den Jahren nach der Krise der Sektor mit dem h\u00f6chsten Wachstum in Albanien.<br>Dennoch hat der BPO-Sektor in Albanien ein erhebliches Wachstumspotenzial.<\/p>\n\n\n\n<p>Neben Tirana gibt es weitere Gro\u00dfst\u00e4dte wie Durres, Elbasan, Shkodra, Fier, Vlora, Korca und Gjirokastra, die hochwertige Universit\u00e4tsprogramme und ein gro\u00dfes BPO-Potenzial bieten. Albanien hat ein Netz von Autobahnen entwickelt, das die Hauptstadt Tirana mit anderen wichtigen St\u00e4dten wie Durres, Fier, Berat, Vlora, Gjirokastra, Shkodra und Elbasan verbindet. Die Stra\u00dfe der Nation (Rruga e Kombit) ist eines der wichtigsten Infrastrukturprojekte, da sie die Entfernung zwischen Albanien und dem Kosovo verk\u00fcrzt und die l\u00e4ndlichen Gebiete im Nordosten des Landes besser zug\u00e4nglich macht.<\/p>\n\n\n\n<p>Die Gesamtzahl der Studenten an den Universit\u00e4ten liegt bei \u00fcber 120.000, und j\u00e4hrlich schlie\u00dfen \u00fcber 35.000 Studenten ihr Studium an allen albanischen Universit\u00e4ten ab. Ein hoher Prozentsatz der Absolventen erwirbt Abschl\u00fcsse in Studieng\u00e4ngen, die f\u00fcr die Bed\u00fcrfnisse der BPO-Branche geeignet sind.<\/p>\n\n\n\n<p>Im Vergleich zu allen anderen L\u00e4ndern der Region hat Albanien mit \u00fcber 24.000 die h\u00f6chste Zahl von Studenten, die im Ausland studieren. Diese Gruppe von Studenten stellt eine wichtige Arbeitskr\u00e4ftequelle f\u00fcr die BPO-Branche in Albanien dar.<br>Das albanische Bildungssystem ist gut auf die Bed\u00fcrfnisse der BPO-Branche zugeschnitten. Der Sektor ist einer der gr\u00f6\u00dften Arbeitgeber f\u00fcr Arbeitskr\u00e4fte im Alter von 18 bis 35 Jahren. Jedes Jahr absolviert eine betr\u00e4chtliche Anzahl von Studenten einen Universit\u00e4tsabschluss in Sprachstudien: Englisch, Franz\u00f6sisch, Italienisch, Deutsch, Spanisch, T\u00fcrkisch, Russisch, usw. In der Zwischenzeit werden in Tirana neue Fremdsprachenlabore, darunter Chinesisch und Japanisch, eingerichtet.<\/p>\n\n\n\n<p>Im Jahr 2018 belegte Albanien im Doing-Business-Bericht 2018 der Weltbank den 63. Platz von 190 L\u00e4ndern, was die Erleichterung von Gesch\u00e4ften angeht. Die Struktur der albanischen Wirtschaft h\u00e4ngt von den folgenden Hauptsektoren ab: Energie, Bergbau, Landwirtschaft, Fertigung, Dienstleistungen, Metallurgie und Tourismus.<\/p>\n","protected":false},"excerpt":{"rendered":"<p>Die albanische BPO-Branche bedient Kunden in aller Welt in den folgenden Sprachen:Italienisch, Englisch, Deutsch, Franz\u00f6sisch, Spanisch, Griechisch, T\u00fcrkisch, Russisch, Portugiesisch, Polnisch, ArabischDie BPO-Branche geht davon aus, dass die Gr\u00f6\u00dfe des albanischen Outsourcing-Marktes in Zukunft zunehmen wird, insbesondere nachdem das Land die Verhandlungen \u00fcber den Beitritt zur Europ\u00e4ischen Union aufgenommen hat.Es wird erwartet, dass Call-Center-Dienste, Kundensupport [&hellip;]<\/p>\n","protected":false},"author":2,"featured_media":41876,"parent":0,"menu_order":35,"comment_status":"closed","ping_status":"closed","template":"","meta":{"_uag_custom_page_level_css":"","_genesis_hide_title":false,"_genesis_hide_breadcrumbs":false,"_genesis_hide_singular_image":false,"_genesis_hide_footer_widgets":false,"_genesis_custom_body_class":"","_genesis_custom_post_class":"","_genesis_layout":"","_themeisle_gutenberg_block_has_review":false,"footnotes":""},"featured_image_src":"https:\/\/invest-in-albania.org\/wp-content\/uploads\/growth.jpg","featured_image_src_square":"https:\/\/invest-in-albania.org\/wp-content\/uploads\/growth.jpg","uagb_featured_image_src":{"full":["https:\/\/invest-in-albania.org\/wp-content\/uploads\/growth.jpg",1280,847,false],"thumbnail":["https:\/\/invest-in-albania.org\/wp-content\/uploads\/growth-280x195.jpg",280,195,true],"medium":["https:\/\/invest-in-albania.org\/wp-content\/uploads\/growth-300x199.jpg",300,199,true],"medium_large":["https:\/\/invest-in-albania.org\/wp-content\/uploads\/growth-768x508.jpg",768,508,true],"large":["https:\/\/invest-in-albania.org\/wp-content\/uploads\/growth-1024x678.jpg",1024,678,true],"1536x1536":["https:\/\/invest-in-albania.org\/wp-content\/uploads\/growth.jpg",1280,847,false],"2048x2048":["https:\/\/invest-in-albania.org\/wp-content\/uploads\/growth.jpg",1280,847,false],"single-featured-image":["https:\/\/invest-in-albania.org\/wp-content\/uploads\/growth.jpg",582,385,false],"blog-featured-image":["https:\/\/invest-in-albania.org\/wp-content\/uploads\/growth.jpg",438,290,false],"home-featured":["https:\/\/invest-in-albania.org\/wp-content\/uploads\/growth.jpg",380,251,false],"gb-block-post-grid-landscape":["https:\/\/invest-in-albania.org\/wp-content\/uploads\/growth.jpg",600,397,false],"gb-block-post-grid-square":["https:\/\/invest-in-albania.org\/wp-content\/uploads\/growth.jpg",600,397,false]},"uagb_author_info":{"display_name":"Vjollca Shehu","author_link":"https:\/\/invest-in-albania.org\/de\/author\/iia\/"},"uagb_comment_info":0,"uagb_excerpt":"Die albanische BPO-Branche bedient Kunden in aller Welt in den folgenden Sprachen:Italienisch, Englisch, Deutsch, Franz\u00f6sisch, Spanisch, Griechisch, T\u00fcrkisch, Russisch, Portugiesisch, Polnisch, ArabischDie BPO-Branche geht davon aus, dass die Gr\u00f6\u00dfe des albanischen Outsourcing-Marktes in Zukunft zunehmen wird, insbesondere nachdem das Land die Verhandlungen \u00fcber den Beitritt zur Europ\u00e4ischen Union aufgenommen hat.Es wird erwartet, dass Call-Center-Dienste, Kundensupport&hellip;","_links":{"self":[{"href":"https:\/\/invest-in-albania.org\/de\/wp-json\/wp\/v2\/pages\/60052"}],"collection":[{"href":"https:\/\/invest-in-albania.org\/de\/wp-json\/wp\/v2\/pages"}],"about":[{"href":"https:\/\/invest-in-albania.org\/de\/wp-json\/wp\/v2\/types\/page"}],"author":[{"embeddable":true,"href":"https:\/\/invest-in-albania.org\/de\/wp-json\/wp\/v2\/users\/2"}],"replies":[{"embeddable":true,"href":"https:\/\/invest-in-albania.org\/de\/wp-json\/wp\/v2\/comments?post=60052"}],"version-history":[{"count":1,"href":"https:\/\/invest-in-albania.org\/de\/wp-json\/wp\/v2\/pages\/60052\/revisions"}],"predecessor-version":[{"id":60053,"href":"https:\/\/invest-in-albania.org\/de\/wp-json\/wp\/v2\/pages\/60052\/revisions\/60053"}],"wp:featuredmedia":[{"embeddable":true,"href":"https:\/\/invest-in-albania.org\/de\/wp-json\/wp\/v2\/media\/41876"}],"wp:attachment":[{"href":"https:\/\/invest-in-albania.org\/de\/wp-json\/wp\/v2\/media?parent=60052"}],"curies":[{"name":"wp","href":"https:\/\/api.w.org\/{rel}","templated":true}]}}