{"id":60047,"date":"2024-04-06T00:47:12","date_gmt":"2024-04-05T22:47:12","guid":{"rendered":"https:\/\/invest-in-albania.org\/?page_id=60047"},"modified":"2024-04-06T00:47:19","modified_gmt":"2024-04-05T22:47:19","slug":"outsourcing-zur-bewaeltigung-von-herausforderungen-beim-unternehmenswachstum","status":"publish","type":"page","link":"https:\/\/invest-in-albania.org\/de\/outsourcing-zur-bewaeltigung-von-herausforderungen-beim-unternehmenswachstum\/","title":{"rendered":"Outsourcing zur Bew\u00e4ltigung von Herausforderungen beim Unternehmenswachstum"},"content":{"rendered":"<div class=\"wp-block-image\">\n<figure class=\"alignright\"><img loading=\"lazy\" decoding=\"async\" width=\"1024\" height=\"682\" src=\"http:\/\/new.invest-in-albania.org\/wp-content\/uploads\/business-growth-1024x682.jpg\" alt=\"\" class=\"wp-image-40916\" srcset=\"https:\/\/invest-in-albania.org\/wp-content\/uploads\/business-growth-1024x682.jpg 1024w, https:\/\/invest-in-albania.org\/wp-content\/uploads\/business-growth-300x200.jpg 300w, https:\/\/invest-in-albania.org\/wp-content\/uploads\/business-growth-768x512.jpg 768w, https:\/\/invest-in-albania.org\/wp-content\/uploads\/business-growth-580x387.jpg 580w, https:\/\/invest-in-albania.org\/wp-content\/uploads\/business-growth-860x573.jpg 860w, https:\/\/invest-in-albania.org\/wp-content\/uploads\/business-growth-1160x773.jpg 1160w, https:\/\/invest-in-albania.org\/wp-content\/uploads\/business-growth.jpg 1280w\" sizes=\"(max-width: 1024px) 100vw, 1024px\" \/><\/figure><\/div>\n\n\n<p>Alles beginnt mit einer guten, k\u00fchnen Idee im richtigen Moment. So beginnt fast jedes erfolgreiche Unternehmen. Doch jeder weitere Schritt auf dem Weg zu einem wachsenden Unternehmen bringt neue Herausforderungen mit sich. Jede davon kann so \u00fcberw\u00e4ltigend sein, dass sie das Unternehmen aus der Bahn wirft. Wachstum ist das Ziel jeder Organisation, vom Start-up bis zum Gro\u00dfunternehmen. Daher sollten Unternehmer wissen, wie sie die Gefahr in Schach halten k\u00f6nnen, w\u00e4hrend sie sich den Herausforderungen auf ihrem Weg zum Wachstum stellen. Viele schaffen das, indem sie Gesch\u00e4ftsprozesse und Funktionen auslagern, die sich zu Hindernissen entwickeln w\u00fcrden, wenn sie nicht richtig gehandhabt w\u00fcrden.<\/p>\n\n\n\n<p>Einige der h\u00e4ufigsten unternehmerischen Herausforderungen stehen im Zusammenhang mit der Verwaltung verschiedener Funktionen wie Personalwesen, Cashflow, Talente und Einstellungen, Buchhaltung, Informationssysteme, Unternehmenskultur und Wandel. Dies sind Funktionen, die jedes Unternehmen, unabh\u00e4ngig von seiner Gr\u00f6\u00dfe oder seinem Alter, ausf\u00fchren muss. Dabei kann es sich um routinem\u00e4\u00dfige und banale Aufgaben handeln, die f\u00fcr die Rolle und Position des Unternehmens auf dem Markt keine Rolle spielen.<\/p>\n\n\n\n<p>Wenn sie jedoch nicht rechtzeitig und korrekt ausgef\u00fchrt werden, k\u00f6nnen solche Aufgaben verheerende Folgen haben. Aus diesem Grund entscheiden sich einige Unternehmer, ihre Gesch\u00e4ftsfunktionen an Partnerunternehmen auszulagern. Diese Anbieter k\u00f6nnen im selben Land oder auf der anderen Seite des Planeten ans\u00e4ssig sein. Outsourcing bringt viele Vorteile mit sich, denn es hilft den Unternehmen, Wachstumsherausforderungen zu bew\u00e4ltigen.<\/p>\n\n\n\n<p><strong>HR-Outsourcing<\/strong><\/p>\n\n\n\n<p>Ein neues Unternehmen, das auf Wachstum ausgerichtet ist, kann es sich nicht leisten, zeitraubende Aufgaben an seine qualifizierten Fachkr\u00e4fte zu vergeben. Andererseits ist die Schaffung neuer Abteilungen, wie z. B. der Personalabteilung, zu einem bestimmten Zeitpunkt nicht die effizienteste Wahl f\u00fcr neue Unternehmen. Schnelles Wachstum erfordert die Einstellung weiterer Mitarbeiter.<\/p>\n\n\n\n<p>Neue Mitarbeiter m\u00fcssen kontinuierlich geschult und motiviert werden, damit sie nicht zu einem direkten Konkurrenten wechseln. Eine gro\u00dfe Belegschaft und eine hohe Fluktuationsrate k\u00f6nnen sich auch auf die Unternehmenskultur und das Wachstum auswirken. Au\u00dferdem erfordern mehr Mitarbeiter mehr B\u00fcroraum, Ausr\u00fcstung, Schulungszeit usw.<br>Unternehmen, die ihre Personalfunktionen auslagern, k\u00f6nnen die oben genannten Kosten erheblich senken. Unternehmen, die ihre Personalfunktionen auslagern, senken die oben genannten Kosten erheblich. Outsourcing-Unternehmen k\u00fcmmern sich um den Einstellungs- und Schulungsprozess, die Lohn- und Gehaltsabrechnung, die Zahlung von Krankenversicherungsbeitr\u00e4gen, die Altersvorsorge, die Verwaltung von Sozialleistungen usw.<\/p>\n\n\n\n<p><strong>Finanzielle Funktionen<br><\/strong>Ein schlechtes Cash-Flow-Management kann ein Unternehmen wirklich ruinieren, egal wie erfolgreich oder gro\u00dfartig das Produkt ist, das es anbietet. Die Aufgaben im Zusammenhang mit den Finanzfunktionen k\u00f6nnen sehr komplex sein. Ein Unternehmen kann ein oder zwei Spezialisten einstellen, die sich um Buchhaltung, Gehaltsabrechnung, Kreditoren- und Debitorenbuchhaltung, Steuern und Finanzverwaltung k\u00fcmmern. Die andere M\u00f6glichkeit ist, all diese Aufgaben an ein Outsourcing-Unternehmen zu delegieren. Dadurch werden die Kosten f\u00fcr die Leistungsverwaltung gesenkt, und alle l\u00e4stigen Aufgaben werden p\u00fcnktlich erledigt.<\/p>\n\n\n\n<p><strong>Management von Talenten, F\u00e4higkeiten und Einstellungen<br><\/strong>Viele Unternehmen haben die M\u00f6glichkeit, ein gro\u00dfartiges Projekt zu entwickeln, auch wenn sie keine internen Experten haben. Outsourcing bietet Zugang zu Talentpools und neuen Perspektiven. Sie k\u00f6nnen die Mitarbeiter finden, die Sie f\u00fcr ein Projekt ben\u00f6tigen, und einen Vertrag f\u00fcr einen bestimmten Zeitraum abschlie\u00dfen, ohne neue Mitarbeiter einstellen zu m\u00fcssen. Outsourcing ist ein optimaler Weg, um Mitarbeiter zu finden, die f\u00fcr die Wachstumsstrategie eines Unternehmens entscheidend sein k\u00f6nnen. In der Zwischenzeit k\u00f6nnen sich Unternehmer und interne Teams auf das konzentrieren, was wirklich wichtig ist.<\/p>\n\n\n\n<p><strong>Verwaltung von Informationssystemen<br><\/strong>Die besondere Beziehung zwischen Technologie und Wirtschaft zeigt, dass fortschrittliche technische L\u00f6sungen in allen Branchen, in denen sie eingesetzt werden, einen schnellen Fortschritt bewirken. Heutzutage sind Big Data und fortschrittliche Metriken f\u00fcr das Unternehmenswachstum von entscheidender Bedeutung. Diese Prozesse erfordern hochqualifizierte Experten, die Daten analysieren und in einfachen Worten erkl\u00e4ren k\u00f6nnen. Knowledge Process Outsourcing (KPO) ist ein Teilbereich des Outsourcings, der hochwertiges Fachwissen f\u00fcr solche Gesch\u00e4ftsfunktionen bietet. KPOs helfen Unternehmen, die richtigen Entscheidungen zur richtigen Zeit zu treffen.<\/p>\n","protected":false},"excerpt":{"rendered":"<p>Alles beginnt mit einer guten, k\u00fchnen Idee im richtigen Moment. So beginnt fast jedes erfolgreiche Unternehmen. Doch jeder weitere Schritt auf dem Weg zu einem wachsenden Unternehmen bringt neue Herausforderungen mit sich. Jede davon kann so \u00fcberw\u00e4ltigend sein, dass sie das Unternehmen aus der Bahn wirft. Wachstum ist das Ziel jeder Organisation, vom Start-up bis [&hellip;]<\/p>\n","protected":false},"author":2,"featured_media":40918,"parent":0,"menu_order":34,"comment_status":"closed","ping_status":"closed","template":"","meta":{"_uag_custom_page_level_css":"","_genesis_hide_title":false,"_genesis_hide_breadcrumbs":false,"_genesis_hide_singular_image":false,"_genesis_hide_footer_widgets":false,"_genesis_custom_body_class":"","_genesis_custom_post_class":"","_genesis_layout":"","_themeisle_gutenberg_block_has_review":false,"footnotes":""},"featured_image_src":"https:\/\/invest-in-albania.org\/wp-content\/uploads\/business-growth.jpg","featured_image_src_square":"https:\/\/invest-in-albania.org\/wp-content\/uploads\/business-growth.jpg","uagb_featured_image_src":{"full":["https:\/\/invest-in-albania.org\/wp-content\/uploads\/business-growth.jpg",1280,853,false],"thumbnail":["https:\/\/invest-in-albania.org\/wp-content\/uploads\/business-growth-280x195.jpg",280,195,true],"medium":["https:\/\/invest-in-albania.org\/wp-content\/uploads\/business-growth-300x200.jpg",300,200,true],"medium_large":["https:\/\/invest-in-albania.org\/wp-content\/uploads\/business-growth-768x512.jpg",768,512,true],"large":["https:\/\/invest-in-albania.org\/wp-content\/uploads\/business-growth-1024x682.jpg",1024,682,true],"1536x1536":["https:\/\/invest-in-albania.org\/wp-content\/uploads\/business-growth.jpg",1280,853,false],"2048x2048":["https:\/\/invest-in-albania.org\/wp-content\/uploads\/business-growth.jpg",1280,853,false],"single-featured-image":["https:\/\/invest-in-albania.org\/wp-content\/uploads\/business-growth.jpg",578,385,false],"blog-featured-image":["https:\/\/invest-in-albania.org\/wp-content\/uploads\/business-growth.jpg",435,290,false],"home-featured":["https:\/\/invest-in-albania.org\/wp-content\/uploads\/business-growth.jpg",380,253,false],"gb-block-post-grid-landscape":["https:\/\/invest-in-albania.org\/wp-content\/uploads\/business-growth.jpg",600,400,false],"gb-block-post-grid-square":["https:\/\/invest-in-albania.org\/wp-content\/uploads\/business-growth.jpg",600,400,false]},"uagb_author_info":{"display_name":"Vjollca Shehu","author_link":"https:\/\/invest-in-albania.org\/de\/author\/iia\/"},"uagb_comment_info":0,"uagb_excerpt":"Alles beginnt mit einer guten, k\u00fchnen Idee im richtigen Moment. So beginnt fast jedes erfolgreiche Unternehmen. Doch jeder weitere Schritt auf dem Weg zu einem wachsenden Unternehmen bringt neue Herausforderungen mit sich. Jede davon kann so \u00fcberw\u00e4ltigend sein, dass sie das Unternehmen aus der Bahn wirft. Wachstum ist das Ziel jeder Organisation, vom Start-up bis&hellip;","_links":{"self":[{"href":"https:\/\/invest-in-albania.org\/de\/wp-json\/wp\/v2\/pages\/60047"}],"collection":[{"href":"https:\/\/invest-in-albania.org\/de\/wp-json\/wp\/v2\/pages"}],"about":[{"href":"https:\/\/invest-in-albania.org\/de\/wp-json\/wp\/v2\/types\/page"}],"author":[{"embeddable":true,"href":"https:\/\/invest-in-albania.org\/de\/wp-json\/wp\/v2\/users\/2"}],"replies":[{"embeddable":true,"href":"https:\/\/invest-in-albania.org\/de\/wp-json\/wp\/v2\/comments?post=60047"}],"version-history":[{"count":1,"href":"https:\/\/invest-in-albania.org\/de\/wp-json\/wp\/v2\/pages\/60047\/revisions"}],"predecessor-version":[{"id":60049,"href":"https:\/\/invest-in-albania.org\/de\/wp-json\/wp\/v2\/pages\/60047\/revisions\/60049"}],"wp:featuredmedia":[{"embeddable":true,"href":"https:\/\/invest-in-albania.org\/de\/wp-json\/wp\/v2\/media\/40918"}],"wp:attachment":[{"href":"https:\/\/invest-in-albania.org\/de\/wp-json\/wp\/v2\/media?parent=60047"}],"curies":[{"name":"wp","href":"https:\/\/api.w.org\/{rel}","templated":true}]}}