{"id":60043,"date":"2024-04-06T00:42:22","date_gmt":"2024-04-05T22:42:22","guid":{"rendered":"https:\/\/invest-in-albania.org\/?page_id=60043"},"modified":"2024-04-06T00:42:27","modified_gmt":"2024-04-05T22:42:27","slug":"benoetigt-ihr-unternehmen-ein-call-center","status":"publish","type":"page","link":"https:\/\/invest-in-albania.org\/de\/benoetigt-ihr-unternehmen-ein-call-center\/","title":{"rendered":"Ben\u00f6tigt Ihr Unternehmen ein Call Center?"},"content":{"rendered":"\n<p>Wenn Ihre Kunden anrufen, ist es ihnen egal, ob Sie gerade mit den wichtigsten Dingen besch\u00e4ftigt sind. Die Kunden wollen, dass jemand ans Telefon geht und ihre Fragen beantwortet. Sie zu ignorieren, ist daher keine Option, die Sie sich leisten k\u00f6nnen. Andererseits kann es sich ein kleines Unternehmen wie Ihres nicht leisten, ein internes Callcenter f\u00fcr eingehende Anrufe zu betreiben. Stattdessen k\u00f6nnen Sie eine Partnerschaft mit einem erfolgreichen Callcenter eingehen.<\/p>\n\n\n\n<p>Callcenter senken die Kosten, die bei Ihrer internen Kundenbetreuung anfallen w\u00fcrden. Sie m\u00fcssten in geeignete Software, Ausr\u00fcstung, Personalbeschaffung, B\u00fcror\u00e4ume, Verwaltung von Sozialleistungen, Schulungen und vieles mehr investieren. All diese Kosten entfallen, wenn der Kundendienst an ein Call Center ausgelagert wird.<\/p>\n\n\n\n<p>Die Callcenter-Branche w\u00e4chst, und es wird erwartet, dass der weltweite Umsatz bis 2022 \u00fcber 400 Milliarden US-Dollar erreichen wird. Die Business Process Outsourcing (BPO)-Branche ist ein schnell wachsender Sektor in der ganzen Welt. L\u00e4nder wie Indien, die Philippinen und Mexiko sind seit langem etablierte Ziele. In der Zwischenzeit geh\u00f6ren China, Vietnam und Malaysia in Asien sowie Bulgarien, Rum\u00e4nien und Albanien in Osteuropa zu den europ\u00e4ischen BPO-Wachstumsm\u00e4rkten.<\/p>\n\n\n\n<p>Callcenter bieten verschiedene Telefondienste an, die den Bed\u00fcrfnissen und Anforderungen von Unternehmen in verschiedenen Branchen entsprechen. Gleichzeitig werden die Mitarbeiter st\u00e4ndig geschult, um die Kundenbeziehungen zu verbessern.<\/p>\n\n\n\n<p>Neue Trends in der BPO-Branche werden durch die schnelle technologische Entwicklung vorangetrieben. Es wird erwartet, dass die Integration k\u00fcnstlicher Intelligenz den Betrieb in der Branche ankurbeln wird. Callcenter sammeln und verarbeiten riesige Datenmengen, die Unternehmen helfen, im richtigen Moment wichtige Entscheidungen zu treffen. Die k\u00fcnstliche Intelligenz wird dazu beitragen, Situationen und Handlungen sowohl in Bezug auf Kunden als auch auf Betreiber zu antizipieren. Dieser Schritt wird sowohl Inbound- als auch Outbound-Callcenter-Dienste unterst\u00fctzen.<br>Erfahrene Callcenter k\u00f6nnen Unternehmen bei ihren Wachstumspl\u00e4nen und der Expansion in neue M\u00e4rkte unterst\u00fctzen.<\/p>\n\n\n\n<p><strong>Wo Sie ein Callcenter finden<\/strong><\/p>\n\n\n\n<p>Die Suche nach dem richtigen Partner f\u00fcr die Auslagerung Ihrer Kundenbetreuung oder Ihres Direktvertriebs h\u00e4ngt von verschiedenen Faktoren ab. Zeitzonen, Sprachkenntnisse, kulturelle Affinit\u00e4t, Arbeitskosten, die junge mehrsprachige Bev\u00f6lkerung und der Standort sind einige der Faktoren, die einem Unternehmen helfen, das richtige Call Center auszuw\u00e4hlen. Entscheiden Sie sich immer f\u00fcr L\u00e4nder mit einer mehrsprachigen Bev\u00f6lkerung.<\/p>\n","protected":false},"excerpt":{"rendered":"<p>Wenn Ihre Kunden anrufen, ist es ihnen egal, ob Sie gerade mit den wichtigsten Dingen besch\u00e4ftigt sind. Die Kunden wollen, dass jemand ans Telefon geht und ihre Fragen beantwortet. Sie zu ignorieren, ist daher keine Option, die Sie sich leisten k\u00f6nnen. Andererseits kann es sich ein kleines Unternehmen wie Ihres nicht leisten, ein internes Callcenter [&hellip;]<\/p>\n","protected":false},"author":2,"featured_media":0,"parent":0,"menu_order":33,"comment_status":"closed","ping_status":"closed","template":"","meta":{"_uag_custom_page_level_css":"","_genesis_hide_title":false,"_genesis_hide_breadcrumbs":false,"_genesis_hide_singular_image":false,"_genesis_hide_footer_widgets":false,"_genesis_custom_body_class":"","_genesis_custom_post_class":"","_genesis_layout":"","_themeisle_gutenberg_block_has_review":false,"footnotes":""},"featured_image_src":null,"featured_image_src_square":null,"uagb_featured_image_src":{"full":false,"thumbnail":false,"medium":false,"medium_large":false,"large":false,"1536x1536":false,"2048x2048":false,"single-featured-image":false,"blog-featured-image":false,"home-featured":false,"gb-block-post-grid-landscape":false,"gb-block-post-grid-square":false},"uagb_author_info":{"display_name":"Vjollca Shehu","author_link":"https:\/\/invest-in-albania.org\/de\/author\/iia\/"},"uagb_comment_info":0,"uagb_excerpt":"Wenn Ihre Kunden anrufen, ist es ihnen egal, ob Sie gerade mit den wichtigsten Dingen besch\u00e4ftigt sind. Die Kunden wollen, dass jemand ans Telefon geht und ihre Fragen beantwortet. Sie zu ignorieren, ist daher keine Option, die Sie sich leisten k\u00f6nnen. Andererseits kann es sich ein kleines Unternehmen wie Ihres nicht leisten, ein internes Callcenter&hellip;","_links":{"self":[{"href":"https:\/\/invest-in-albania.org\/de\/wp-json\/wp\/v2\/pages\/60043"}],"collection":[{"href":"https:\/\/invest-in-albania.org\/de\/wp-json\/wp\/v2\/pages"}],"about":[{"href":"https:\/\/invest-in-albania.org\/de\/wp-json\/wp\/v2\/types\/page"}],"author":[{"embeddable":true,"href":"https:\/\/invest-in-albania.org\/de\/wp-json\/wp\/v2\/users\/2"}],"replies":[{"embeddable":true,"href":"https:\/\/invest-in-albania.org\/de\/wp-json\/wp\/v2\/comments?post=60043"}],"version-history":[{"count":1,"href":"https:\/\/invest-in-albania.org\/de\/wp-json\/wp\/v2\/pages\/60043\/revisions"}],"predecessor-version":[{"id":60044,"href":"https:\/\/invest-in-albania.org\/de\/wp-json\/wp\/v2\/pages\/60043\/revisions\/60044"}],"wp:attachment":[{"href":"https:\/\/invest-in-albania.org\/de\/wp-json\/wp\/v2\/media?parent=60043"}],"curies":[{"name":"wp","href":"https:\/\/api.w.org\/{rel}","templated":true}]}}