{"id":60039,"date":"2024-04-06T00:36:38","date_gmt":"2024-04-05T22:36:38","guid":{"rendered":"https:\/\/invest-in-albania.org\/?page_id=60039"},"modified":"2024-04-06T00:36:43","modified_gmt":"2024-04-05T22:36:43","slug":"outsourcing-zur-ueberbrueckung-der-talentlueckskrise","status":"publish","type":"page","link":"https:\/\/invest-in-albania.org\/de\/outsourcing-zur-ueberbrueckung-der-talentlueckskrise\/","title":{"rendered":"Outsourcing zur \u00dcberbr\u00fcckung der Talentl\u00fcckskrise"},"content":{"rendered":"<div class=\"wp-block-image\">\n<figure class=\"alignright\"><img loading=\"lazy\" decoding=\"async\" width=\"1024\" height=\"576\" src=\"http:\/\/new.invest-in-albania.org\/wp-content\/uploads\/talent-outsource-1024x576.jpg\" alt=\"\" class=\"wp-image-40903\" srcset=\"https:\/\/invest-in-albania.org\/wp-content\/uploads\/talent-outsource-1024x576.jpg 1024w, https:\/\/invest-in-albania.org\/wp-content\/uploads\/talent-outsource-300x169.jpg 300w, https:\/\/invest-in-albania.org\/wp-content\/uploads\/talent-outsource-768x432.jpg 768w, https:\/\/invest-in-albania.org\/wp-content\/uploads\/talent-outsource-580x326.jpg 580w, https:\/\/invest-in-albania.org\/wp-content\/uploads\/talent-outsource-860x484.jpg 860w, https:\/\/invest-in-albania.org\/wp-content\/uploads\/talent-outsource-1160x653.jpg 1160w, https:\/\/invest-in-albania.org\/wp-content\/uploads\/talent-outsource.jpg 1280w\" sizes=\"(max-width: 1024px) 100vw, 1024px\" \/><\/figure><\/div>\n\n\n<p>Der Planet hat Talent. Ja, danke, Captain Obvious! Dennoch tun Unternehmen auf der ganzen Welt so, als ob talentierte Mitarbeiter eine vom Aussterben bedrohte Spezies w\u00e4ren. Neben den \u00fcblichen Gr\u00fcnden wie der Verrentung von Arbeitskr\u00e4ften geben einige Experten den Unternehmen aufgrund ihrer Erwartungen die Schuld daran. Die Wettbewerbsf\u00e4higkeit moderner Unternehmen hat sich von Gesch\u00e4ftsstrategien auf Wertsch\u00f6pfung und Talentbindung verlagert.<\/p>\n\n\n\n<p>Heutzutage gelten Talente als die wertvollste Ressource eines Unternehmens. Doch die L\u00fccke wird immer gr\u00f6\u00dfer. Unternehmen haben Schwierigkeiten, offene Stellen zu besetzen, insbesondere wenn es sich um qualifizierte Techniker handelt. Und selbst wenn sie es schaffen, geht der Kampf weiter, und die Frustration w\u00e4chst, w\u00e4hrend die Headhunter auf der Lauer liegen. Wenn Sie sich in dieser Situation befinden, sind Sie nicht allein.<br>Wenn es f\u00fcr etablierte Unternehmen schon schwierig ist, mit Talentmangel und Personalmanagement umzugehen, wie sieht es dann erst f\u00fcr Start-ups, kleine und mittlere Unternehmen aus?<\/p>\n\n\n\n<p><strong>Was ist zu tun? Outsourcen Sie Ihre Personalabteilung<br><\/strong>Der Aufbau einer eigenen Personalabteilung w\u00e4re sehr teuer, wenn Sie keine Erfahrung in diesem Bereich haben. Denken Sie \u00fcber das Outsourcing Ihrer Personalabteilung nach. Wenn Ihre Zeit und Ihre Ressourcen begrenzt sind, w\u00fcrde das Outsourcing der Personalabteilung die Kosten senken und zeitraubende Aufgaben vermeiden. HR-Unternehmen \u00fcbernehmen alle Aufgaben in dieser Abteilung zu geringeren Kosten. Wenn Sie bisher noch nicht \u00fcber Outsourcing nachgedacht haben, werden Sie es bald tun.<\/p>\n\n\n\n<p>Es gibt eine ungeschriebene Regel in der Outsourcing-Branche. Es besagt, dass ein bestimmter Gesch\u00e4ftsprozess, der ausgelagert werden kann, kosteng\u00fcnstiger ist, als wenn er intern durchgef\u00fchrt wird. Das Outsourcing der Personalabteilung nimmt eine schwere Last von den Schultern, da es sicherstellt, dass alle Aufgaben rechtzeitig erledigt werden. Diese Unternehmen k\u00fcmmern sich um die Rekrutierung und Schulung, das Coaching, die Talententwicklung, die Gehaltsabrechnung, die Gesundheitsleistungen, das Leistungsmanagement, das Risikomanagement, die Zeitarbeit und alles, was mit Ihren Mitarbeitern zu tun hat.<\/p>\n\n\n\n<p>Auf der anderen Seite reduzieren Sie alle Ausgaben f\u00fcr eine interne Personalabteilung, wie z. B. f\u00fcr die Verwaltung von Sozialleistungen und Krankenversicherungsleistungen.<br>Auf der anderen Seite k\u00f6nnen Sie alle Gesch\u00e4ftsfunktionen auslagern, die die Wettbewerbsf\u00e4higkeit des Unternehmens nicht beeintr\u00e4chtigen, aber dennoch erledigt werden m\u00fcssen. Auf diese Weise kann sich Ihr internes Team auf das Wesentliche konzentrieren und gleichzeitig Mehrwert schaffen und Ihre Kunden bedienen.<\/p>\n\n\n\n<p>Outsourcing kann Ihnen dabei helfen, qualifizierte Fachkr\u00e4fte f\u00fcr Dienstleistungen wie Buchhaltung und Rechnungswesen, Social-Media-Marketing, Steuererstellung, Kundensupport und alles, was die Kultur in Ihrem Unternehmen und vor allem die Leistung beeinflussen w\u00fcrde, zu finden. Talente sind weltweit verf\u00fcgbar, und Outsourcing ist der beste Weg, sie zu bekommen. Sie k\u00f6nnen nach Partnern suchen, die Ihren spezifischen Anforderungen entsprechen. Diese k\u00f6nnen sowohl nearshore als auch offshore ans\u00e4ssig sein.<\/p>\n\n\n\n<p>Die Wahl eines Outsourcing-Partners h\u00e4ngt von Faktoren wie Erfahrung, Standort, Zeitzone, Kommunikations- und Sprachkenntnissen, kultureller Affinit\u00e4t, Expansionsm\u00f6glichkeiten usw. ab. Wichtige aufstrebende Destinationen gewinnen immer mehr an Aufmerksamkeit, insbesondere in S\u00fcdosteuropa. Polen, Bulgarien, Albanien und die Ukraine sind Outsourcing-Destinationen mit einer gl\u00e4nzenden Zukunft.<\/p>\n","protected":false},"excerpt":{"rendered":"<p>Der Planet hat Talent. Ja, danke, Captain Obvious! Dennoch tun Unternehmen auf der ganzen Welt so, als ob talentierte Mitarbeiter eine vom Aussterben bedrohte Spezies w\u00e4ren. Neben den \u00fcblichen Gr\u00fcnden wie der Verrentung von Arbeitskr\u00e4ften geben einige Experten den Unternehmen aufgrund ihrer Erwartungen die Schuld daran. Die Wettbewerbsf\u00e4higkeit moderner Unternehmen hat sich von Gesch\u00e4ftsstrategien auf [&hellip;]<\/p>\n","protected":false},"author":2,"featured_media":40905,"parent":0,"menu_order":32,"comment_status":"closed","ping_status":"closed","template":"","meta":{"_uag_custom_page_level_css":"","_genesis_hide_title":false,"_genesis_hide_breadcrumbs":false,"_genesis_hide_singular_image":false,"_genesis_hide_footer_widgets":false,"_genesis_custom_body_class":"","_genesis_custom_post_class":"","_genesis_layout":"","_themeisle_gutenberg_block_has_review":false,"footnotes":""},"featured_image_src":"https:\/\/invest-in-albania.org\/wp-content\/uploads\/talent-outsource.jpg","featured_image_src_square":"https:\/\/invest-in-albania.org\/wp-content\/uploads\/talent-outsource.jpg","uagb_featured_image_src":{"full":["https:\/\/invest-in-albania.org\/wp-content\/uploads\/talent-outsource.jpg",1280,720,false],"thumbnail":["https:\/\/invest-in-albania.org\/wp-content\/uploads\/talent-outsource-280x195.jpg",280,195,true],"medium":["https:\/\/invest-in-albania.org\/wp-content\/uploads\/talent-outsource-300x169.jpg",300,169,true],"medium_large":["https:\/\/invest-in-albania.org\/wp-content\/uploads\/talent-outsource-768x432.jpg",768,432,true],"large":["https:\/\/invest-in-albania.org\/wp-content\/uploads\/talent-outsource-1024x576.jpg",1024,576,true],"1536x1536":["https:\/\/invest-in-albania.org\/wp-content\/uploads\/talent-outsource.jpg",1280,720,false],"2048x2048":["https:\/\/invest-in-albania.org\/wp-content\/uploads\/talent-outsource.jpg",1280,720,false],"single-featured-image":["https:\/\/invest-in-albania.org\/wp-content\/uploads\/talent-outsource.jpg",684,385,false],"blog-featured-image":["https:\/\/invest-in-albania.org\/wp-content\/uploads\/talent-outsource.jpg",516,290,false],"home-featured":["https:\/\/invest-in-albania.org\/wp-content\/uploads\/talent-outsource.jpg",380,214,false],"gb-block-post-grid-landscape":["https:\/\/invest-in-albania.org\/wp-content\/uploads\/talent-outsource.jpg",600,338,false],"gb-block-post-grid-square":["https:\/\/invest-in-albania.org\/wp-content\/uploads\/talent-outsource.jpg",600,338,false]},"uagb_author_info":{"display_name":"Vjollca Shehu","author_link":"https:\/\/invest-in-albania.org\/de\/author\/iia\/"},"uagb_comment_info":0,"uagb_excerpt":"Der Planet hat Talent. Ja, danke, Captain Obvious! Dennoch tun Unternehmen auf der ganzen Welt so, als ob talentierte Mitarbeiter eine vom Aussterben bedrohte Spezies w\u00e4ren. Neben den \u00fcblichen Gr\u00fcnden wie der Verrentung von Arbeitskr\u00e4ften geben einige Experten den Unternehmen aufgrund ihrer Erwartungen die Schuld daran. Die Wettbewerbsf\u00e4higkeit moderner Unternehmen hat sich von Gesch\u00e4ftsstrategien auf&hellip;","_links":{"self":[{"href":"https:\/\/invest-in-albania.org\/de\/wp-json\/wp\/v2\/pages\/60039"}],"collection":[{"href":"https:\/\/invest-in-albania.org\/de\/wp-json\/wp\/v2\/pages"}],"about":[{"href":"https:\/\/invest-in-albania.org\/de\/wp-json\/wp\/v2\/types\/page"}],"author":[{"embeddable":true,"href":"https:\/\/invest-in-albania.org\/de\/wp-json\/wp\/v2\/users\/2"}],"replies":[{"embeddable":true,"href":"https:\/\/invest-in-albania.org\/de\/wp-json\/wp\/v2\/comments?post=60039"}],"version-history":[{"count":1,"href":"https:\/\/invest-in-albania.org\/de\/wp-json\/wp\/v2\/pages\/60039\/revisions"}],"predecessor-version":[{"id":60040,"href":"https:\/\/invest-in-albania.org\/de\/wp-json\/wp\/v2\/pages\/60039\/revisions\/60040"}],"wp:featuredmedia":[{"embeddable":true,"href":"https:\/\/invest-in-albania.org\/de\/wp-json\/wp\/v2\/media\/40905"}],"wp:attachment":[{"href":"https:\/\/invest-in-albania.org\/de\/wp-json\/wp\/v2\/media?parent=60039"}],"curies":[{"name":"wp","href":"https:\/\/api.w.org\/{rel}","templated":true}]}}